{"id":929,"date":"2019-04-13T19:06:18","date_gmt":"2019-04-13T18:06:18","guid":{"rendered":"https:\/\/denisbarrett.com\/?page_id=929"},"modified":"2020-12-19T20:16:25","modified_gmt":"2020-12-19T20:16:25","slug":"further-information","status":"publish","type":"page","link":"https:\/\/denisbarrett.com\/pt\/further-information\/","title":{"rendered":"Outras informa\u00e7\u00f5es:"},"content":{"rendered":"<p>Descrevemos com mais detalhes os Servi\u00e7os de leil\u00e3o que oferecemos e por que voc\u00ea deve considerar o uso de DABAuctions para todos os seus requisitos privados, comerciais ou corporativos para maximiza\u00e7\u00e3o de ativos.  <\/p>\n\n\n\n<p><a href=\"https:\/\/denisbarrett.com\/pt\/a-sustainable-method-of-clearance\/\">Um m\u00e9todo sustent\u00e1vel de libera\u00e7\u00e3o:<\/a><\/p>\n\n\n\n<p><a href=\"https:\/\/denisbarrett.com\/pt\/questions-answered\/\">Fatos pouco conhecidos<\/a>:<\/p>\n\n\n\n<p><a href=\"https:\/\/denisbarrett.com\/pt\/what-we-do\/\">O que n\u00f3s fazemos<\/a>:<\/p>\n\n\n\n<p><a href=\"https:\/\/denisbarrett.com\/pt\/off-site-auction\/\">Leil\u00f5es fora do local<\/a>:<\/p>\n\n\n\n<p><a href=\"https:\/\/denisbarrett.com\/pt\/benefits-of-using-dabauction\/\">Benef\u00edcios de usar leil\u00f5es DAB<\/a>:<\/p>\n\n\n\n<p><a href=\"https:\/\/denisbarrett.com\/pt\/selling-process\/\">Processo de Venda<\/a>:<\/p>\n\n\n\n<p><a href=\"https:\/\/denisbarrett.com\/pt\/selling-with-dabauction-is-a-simple-and-straightforward-process\/\">Venda com leil\u00f5es DAB<\/a>:<\/p>\n\n\n\n<p><a href=\"https:\/\/denisbarrett.com\/pt\/whats-the-best-way-to-sell-stock-10-questions-to-help-you-decide\/\">Melhor maneira de vender a\u00e7\u00f5es? 10 perguntas respondidas<\/a>:<\/p>\n\n\n\n<div class=\"wp-block-image\"><figure class=\"aligncenter\"><img loading=\"lazy\" decoding=\"async\" width=\"1024\" height=\"134\" src=\"https:\/\/denisbarrett.com\/wp-content\/uploads\/2019\/09\/Logo-Jpeg-1024x134.jpg\" alt=\"\" class=\"wp-image-1229\"\/><\/figure><\/div>\n\n\n\n<p class=\"has-text-align-left\">Denis A. Barrett Auctioneers dedica-se ao servi\u00e7o e satisfa\u00e7\u00e3o do cliente. Atrav\u00e9s de nossas diferentes divis\u00f5es, oferecemos uma gama completa de servi\u00e7os para atender nossa ampla gama de clientes. voc\u00ea tem alguma pergunta ou coment\u00e1rio ou se gostaria de discutir em mais detalhes sobre algum de nossos servi\u00e7os ou como podemos benefici\u00e1-lo, n\u00e3o hesite em nos contatar usando os detalhes abaixo.<\/p>\n\n\n\n<h6 class=\"wp-block-heading\">Contate-Nos:<\/h6>\n\n\n\n<p><strong>Entre em contato conosco hoje!<\/strong><\/p>\n\n\n\n<p>Para agendar Denis para seu pr\u00f3ximo leil\u00e3o ou evento, escreva para ele em info@denisbarrett.com ou ligue para +353 (0) 21 427 8455<\/p>\n\n\n\n<p>Voc\u00ea tamb\u00e9m pode manter contato via&nbsp;<a href=\"https:\/\/ie.linkedin.com\/in\/denis-barrett-05675213\">LinkedIn<\/a>,&nbsp;<a href=\"https:\/\/www.facebook.com\/DenisBarrettAuctioneers\/?ref=bookmarks\">Facebook<\/a>&nbsp;e&nbsp;<a href=\"https:\/\/twitter.com\/DenisABarrett\">Twitter<\/a>.<\/p>","protected":false},"excerpt":{"rendered":"<p>We have outlined further on the Auction Services we provide and why you should consider using DABAuctions for all your Private, Commercial or Corporate Requirements for Asset Maximisation. A Sustainable Method of Clearance: Little Known Facts: What We Do: OffSite Auctions: Benefits of using DAB Auctions: Selling Process: Selling With DAB Auctions: Best Way To [&hellip;]<\/p>\n","protected":false},"author":1,"featured_media":0,"parent":0,"menu_order":0,"comment_status":"closed","ping_status":"closed","template":"","meta":{"_et_pb_use_builder":"","_et_pb_old_content":"","_et_gb_content_width":"1080","footnotes":""},"class_list":["post-929","page","type-page","status-publish","hentry"],"brizy_media":[],"_links":{"self":[{"href":"https:\/\/denisbarrett.com\/pt\/wp-json\/wp\/v2\/pages\/929","targetHints":{"allow":["GET"]}}],"collection":[{"href":"https:\/\/denisbarrett.com\/pt\/wp-json\/wp\/v2\/pages"}],"about":[{"href":"https:\/\/denisbarrett.com\/pt\/wp-json\/wp\/v2\/types\/page"}],"author":[{"embeddable":true,"href":"https:\/\/denisbarrett.com\/pt\/wp-json\/wp\/v2\/users\/1"}],"replies":[{"embeddable":true,"href":"https:\/\/denisbarrett.com\/pt\/wp-json\/wp\/v2\/comments?post=929"}],"version-history":[{"count":5,"href":"https:\/\/denisbarrett.com\/pt\/wp-json\/wp\/v2\/pages\/929\/revisions"}],"predecessor-version":[{"id":1713,"href":"https:\/\/denisbarrett.com\/pt\/wp-json\/wp\/v2\/pages\/929\/revisions\/1713"}],"wp:attachment":[{"href":"https:\/\/denisbarrett.com\/pt\/wp-json\/wp\/v2\/media?parent=929"}],"curies":[{"name":"wp","href":"https:\/\/api.w.org\/{rel}","templated":true}]}}