{"id":820,"date":"2019-04-12T11:00:39","date_gmt":"2019-04-12T10:00:39","guid":{"rendered":"https:\/\/denisbarrett.com\/?page_id=820"},"modified":"2019-07-22T14:27:28","modified_gmt":"2019-07-22T13:27:28","slug":"agri-experience","status":"publish","type":"page","link":"https:\/\/denisbarrett.com\/pt\/agri-experience\/","title":{"rendered":"Nossa experi\u00eancia:"},"content":{"rendered":"<ul class=\"wp-block-list\"><li>Denis Barrett \u00e9 um leiloeiro e avaliador profissionalmente qualificado h\u00e1 cerca de 20 anos, sendo conhecido por seu trabalho como leiloeiro profissional em todo o mundo. Ele conduziu Elite Livestock Sales na Irlanda e na Alemanha. \u00c9 oficialmente reconhecido como leiloeiro pela \u201cIrish Holstein Friesian Association\u201d, \u201cIrish Limousin Society\u201d, \u201cIrish Charolais Cattle Society\u201d e \u201cIrish Simmental Society\u201d. Denis tamb\u00e9m conduziu leil\u00f5es em nome da \u201cIrish Belgian Blue Cattle Society\u201d.<\/li><li>Usamos \u201cLeil\u00f5es de Webcast ao Vivo\u201d e \u201cLeil\u00f5es Somente Online\u201d para maximizar a exposi\u00e7\u00e3o do Gado ou Planta e Equipamento Agr\u00edcola ou Planta e Maquin\u00e1rio Pesado atrav\u00e9s do qual estamos comercializando\u00a0<a href=\"http:\/\/www.dabbid.com\/\">www.dabbid.com<\/a> que \u00e9 o nosso meio de leil\u00e3o online.<\/li><li>Denis \u00e9 um avaliador aprovado pelo Departamento de Agricultura desde que o \u201cEsquema de Avalia\u00e7\u00e3o de Mercado Agr\u00edcola\u201d foi introduzido em 2001. Ele \u00e9 consultor da FBD Insurance \u201cLivestock Claims Division\u201d. Ele ganhou v\u00e1rias competi\u00e7\u00f5es de Showmanship e Stock Judging de toda a Irlanda e representou a Irlanda em competi\u00e7\u00f5es internacionais para ambos os itens acima.<\/li><li>Denis \u00e9 um vibrante profissional de leil\u00f5es que prospera com os clientes que o contratam. Seu interesse pelo m\u00e9todo de leil\u00e3o de marketing come\u00e7ou cedo e continuou a florescer ao longo de sua carreira profissional.<\/li><li>Formado pelo World Wide College of Auctioneering, Denis fez de seu amor falar sobre tudo e qualquer coisa uma profiss\u00e3o plenamente realizada. Apaixonado por cada cliente com quem trabalha, prestar\u00e1 servi\u00e7o e conhecimento insuper\u00e1veis dos itens e organiza\u00e7\u00f5es.<\/li><li>Constantemente referido como \u201cvibrante\u201d e \u201cmestre leiloeiro\u201d, Denis ilumina a multid\u00e3o com sua energia positiva, precis\u00e3o e sua capacidade de manter o p\u00fablico, seja grande ou pequeno, completamente envolvido.<\/li><\/ul>\n\n\n\n<div class=\"wp-block-image\"><figure class=\"aligncenter\"><img loading=\"lazy\" decoding=\"async\" width=\"300\" height=\"169\" src=\"https:\/\/denisbarrett.com\/wp-content\/uploads\/2016\/11\/dabagri2-300x169.png\" alt=\"dabagri2\" class=\"wp-image-355\" srcset=\"https:\/\/denisbarrett.com\/wp-content\/uploads\/2016\/11\/dabagri2-300x169.png 300w, https:\/\/denisbarrett.com\/wp-content\/uploads\/2016\/11\/dabagri2.png 525w\" sizes=\"(max-width: 300px) 100vw, 300px\" \/><\/figure><\/div>\n\n\n\n<p>Ele adaptar\u00e1 seus servi\u00e7os para atender \u00e0s suas necessidades, garantindo que seu leil\u00e3o seja tudo o que voc\u00ea deseja. Interessado em adicionar Denis \u00e0 sua equipe de leil\u00f5es? Entre em contato com ele agora.<\/p>\n\n\n\n<div class=\"wp-block-image\"><figure class=\"aligncenter\"><img loading=\"lazy\" decoding=\"async\" width=\"300\" height=\"200\" src=\"https:\/\/denisbarrett.com\/wp-content\/uploads\/2016\/11\/IMG_2148-300x200.jpg\" alt=\"img_2148\" class=\"wp-image-356\" srcset=\"https:\/\/denisbarrett.com\/wp-content\/uploads\/2016\/11\/IMG_2148-300x200.jpg 300w, https:\/\/denisbarrett.com\/wp-content\/uploads\/2016\/11\/IMG_2148-768x512.jpg 768w, https:\/\/denisbarrett.com\/wp-content\/uploads\/2016\/11\/IMG_2148-1024x683.jpg 1024w, https:\/\/denisbarrett.com\/wp-content\/uploads\/2016\/11\/IMG_2148.jpg 1800w\" sizes=\"(max-width: 300px) 100vw, 300px\" \/><\/figure><\/div>\n\n\n\n<p><strong><em>CONTACTAR:<\/em><\/strong><\/p>\n\n\n\n<p>Para agendar Denis para o seu pr\u00f3ximo leil\u00e3o ou evento, envie-lhe uma mensagem para info@denisbarrett.com ou, por que n\u00e3o, ligue para +353 (0)86 4109848.<\/p>\n\n\n\n<p>Voc\u00ea tamb\u00e9m pode manter contato via&nbsp;<a href=\"https:\/\/ie.linkedin.com\/in\/denis-barrett-05675213\">LinkedIn<\/a>,&nbsp;<a href=\"https:\/\/www.facebook.com\/DenisBarrettAuctioneers\/?ref=bookmarks\">Facebook<\/a>&nbsp;e&nbsp;<a href=\"https:\/\/twitter.com\/DenisABarrett\">Twitter<\/a>.<\/p>","protected":false},"excerpt":{"rendered":"<p>Denis Barrett is a professionally qualified Auctioneer and Valuer of some 20 years standing well-known for his work as a professional Auctioneer throughout the world. He has conducted Elite Livestock Sales in Ireland and Germany. He is officially recognized as an Auctioneer for the \u201cIrish Holstein Friesian Association\u201d, \u00a0\u201cIrish Limousin Society\u201d, \u00a0\u201cIrish Charolais Cattle Society\u201d [&hellip;]<\/p>\n","protected":false},"author":1,"featured_media":0,"parent":0,"menu_order":0,"comment_status":"closed","ping_status":"closed","template":"","meta":{"_et_pb_use_builder":"","_et_pb_old_content":"","_et_gb_content_width":"","footnotes":""},"class_list":["post-820","page","type-page","status-publish","hentry"],"brizy_media":[],"_links":{"self":[{"href":"https:\/\/denisbarrett.com\/pt\/wp-json\/wp\/v2\/pages\/820","targetHints":{"allow":["GET"]}}],"collection":[{"href":"https:\/\/denisbarrett.com\/pt\/wp-json\/wp\/v2\/pages"}],"about":[{"href":"https:\/\/denisbarrett.com\/pt\/wp-json\/wp\/v2\/types\/page"}],"author":[{"embeddable":true,"href":"https:\/\/denisbarrett.com\/pt\/wp-json\/wp\/v2\/users\/1"}],"replies":[{"embeddable":true,"href":"https:\/\/denisbarrett.com\/pt\/wp-json\/wp\/v2\/comments?post=820"}],"version-history":[{"count":4,"href":"https:\/\/denisbarrett.com\/pt\/wp-json\/wp\/v2\/pages\/820\/revisions"}],"predecessor-version":[{"id":1062,"href":"https:\/\/denisbarrett.com\/pt\/wp-json\/wp\/v2\/pages\/820\/revisions\/1062"}],"wp:attachment":[{"href":"https:\/\/denisbarrett.com\/pt\/wp-json\/wp\/v2\/media?parent=820"}],"curies":[{"name":"wp","href":"https:\/\/api.w.org\/{rel}","templated":true}]}}