{"id":590,"date":"2018-11-17T18:48:14","date_gmt":"2018-11-17T18:48:14","guid":{"rendered":"https:\/\/denisbarrett.com\/?page_id=590"},"modified":"2020-04-18T14:05:09","modified_gmt":"2020-04-18T13:05:09","slug":"property-management-maintenance-2","status":"publish","type":"page","link":"https:\/\/denisbarrett.com\/pt\/property-management-maintenance-2\/","title":{"rendered":"Gest\u00e3o e manuten\u00e7\u00e3o de propriedades"},"content":{"rendered":"<p>Limitamos nossos servi\u00e7os de gest\u00e3o e manuten\u00e7\u00e3o de propriedades a REIT Structures (Real Estate Investments Trusts), Institui\u00e7\u00f5es de Cr\u00e9dito e Especialistas em Reestrutura\u00e7\u00e3o de Propriedades.<\/p>\n\n\n\n<p>Contacte-nos hoje para discutir os seus requisitos de gest\u00e3o de propriedades: Operamos a n\u00edvel nacional e internacional utilizando os nossos parceiros e contactos noutros sectores para garantir que s\u00f3 ter\u00e1 que lidar com um ponto de contacto e, assim, garantir a continuidade atrav\u00e9s de diferentes jurisdi\u00e7\u00f5es e mesmo sectores.<\/p>\n\n\n\n<figure class=\"wp-block-image size-large\"><img decoding=\"async\" src=\"https:\/\/denisbarrett.com\/wp-content\/uploads\/2020\/04\/Small-DAB_GENERAL_LOGO-copy.png\" alt=\"\" class=\"wp-image-2107\"\/><\/figure>\n\n\n\n<p class=\"has-text-align-center\"><strong>Contate-Nos:<\/strong><\/p>\n\n\n\n<p class=\"has-text-align-center\">Ligue: +353 (0) 86 4109848<\/p>\n\n\n\n<p class=\"has-text-align-center\">O email:&nbsp;<a href=\"mailto:info@denisbarrett.com\">info@denisbarrett.com<\/a><\/p>\n\n\n\n<p class=\"has-text-align-center\">Voc\u00ea tamb\u00e9m pode manter contato via\u00a0<a rel=\"noreferrer noopener\" href=\"https:\/\/ie.linkedin.com\/in\/denis-barrett-05675213\" target=\"_blank\">LinkedIn<\/a>,\u00a0<a rel=\"noreferrer noopener\" href=\"https:\/\/www.facebook.com\/denis.barrett\" target=\"_blank\">Facebook<\/a>\u00a0e\u00a0<a rel=\"noreferrer noopener\" href=\"https:\/\/twitter.com\/DenisABarrett\" target=\"_blank\">Twitter<\/a><\/p>","protected":false},"excerpt":{"rendered":"<p>We limit our property management &amp; maintenance services to REIT Structures (Real Estate Investments Trusts), Lending Institutions &amp; Property Restructuring Specialists. Contact us today to discuss your property management requirements: We operate on a national and international level utilising our partners and contacts in other sectors to ensure you will only have to deal with [&hellip;]<\/p>\n","protected":false},"author":1,"featured_media":0,"parent":0,"menu_order":0,"comment_status":"closed","ping_status":"closed","template":"","meta":{"_et_pb_use_builder":"","_et_pb_old_content":"","_et_gb_content_width":"","footnotes":""},"class_list":["post-590","page","type-page","status-publish","hentry"],"brizy_media":[],"_links":{"self":[{"href":"https:\/\/denisbarrett.com\/pt\/wp-json\/wp\/v2\/pages\/590","targetHints":{"allow":["GET"]}}],"collection":[{"href":"https:\/\/denisbarrett.com\/pt\/wp-json\/wp\/v2\/pages"}],"about":[{"href":"https:\/\/denisbarrett.com\/pt\/wp-json\/wp\/v2\/types\/page"}],"author":[{"embeddable":true,"href":"https:\/\/denisbarrett.com\/pt\/wp-json\/wp\/v2\/users\/1"}],"replies":[{"embeddable":true,"href":"https:\/\/denisbarrett.com\/pt\/wp-json\/wp\/v2\/comments?post=590"}],"version-history":[{"count":3,"href":"https:\/\/denisbarrett.com\/pt\/wp-json\/wp\/v2\/pages\/590\/revisions"}],"predecessor-version":[{"id":2285,"href":"https:\/\/denisbarrett.com\/pt\/wp-json\/wp\/v2\/pages\/590\/revisions\/2285"}],"wp:attachment":[{"href":"https:\/\/denisbarrett.com\/pt\/wp-json\/wp\/v2\/media?parent=590"}],"curies":[{"name":"wp","href":"https:\/\/api.w.org\/{rel}","templated":true}]}}