{"id":577,"date":"2018-11-17T18:28:08","date_gmt":"2018-11-17T18:28:08","guid":{"rendered":"https:\/\/denisbarrett.com\/?page_id=577"},"modified":"2020-12-19T20:19:11","modified_gmt":"2020-12-19T20:19:11","slug":"selling-with-dabauction-is-a-simple-and-straightforward-process","status":"publish","type":"page","link":"https:\/\/denisbarrett.com\/pt\/selling-with-dabauction-is-a-simple-and-straightforward-process\/","title":{"rendered":"Vender com DABauction \u00e9 um processo simples e direto"},"content":{"rendered":"<p>Um representante de vendas da Dabbid.com conduzir\u00e1 uma inspe\u00e7\u00e3o e avalia\u00e7\u00e3o de seu estoque.<\/p>\n<ul>\n<li>Ap\u00f3s a assinatura do seu contrato, Dabbid.com cuidar\u00e1 de tudo, incluindo transporte, reforma e reparo de estoque.<\/li>\n<li>Anunciamos o seu estoque em todo o mundo em sites de com\u00e9rcio especializados, brochuras de leil\u00f5es e em nosso site.<\/li>\n<li>Um leil\u00e3o m\u00e9dio atrai compradores de toda a Irlanda e da Europa Continental, garantindo que seu estoque obtenha o verdadeiro valor de mercado.<\/li>\n<\/ul>\n<p>Recolhemos os rendimentos do leil\u00e3o e pagamos-lhe no prazo de 14 dias.<\/p>\n<p>Se voc\u00ea tiver uma quantidade consider\u00e1vel de a\u00e7\u00f5es para vender, o Dabbid.com oferece um servi\u00e7o de leil\u00e3o externo por motivos como Cessa\u00e7\u00e3o de Negocia\u00e7\u00e3o ou Leil\u00f5es de Retirada.<\/p>\n<p>Vender seu estoque com Dabbid.com garante que voc\u00ea alcance um p\u00fablico global.<\/p>\n<p>N\u00e3o encontrou o que deseja? Entre em contato diretamente por meio de nossa p\u00e1gina de contato ou contate-nos confidencialmente para discutir qualquer um de seus requisitos de reestrutura\u00e7\u00e3o estrat\u00e9gica e recupera\u00e7\u00e3o corporativa. Para agendar uma consulta conosco, ent\u00e3o&nbsp;<a href=\"http:\/\/www.dabbid.com\/contact\/\">Deixe-nos uma mensagem<\/a>! para info@denisbarrett.com ou porque n\u00e3o ligar para +353 (0) 86 410 9848.<\/p>\n<p>Voc\u00ea tamb\u00e9m pode manter contato via&nbsp;<a href=\"https:\/\/ie.linkedin.com\/in\/denis-barrett-05675213\">LinkedIn<\/a>,&nbsp;<a href=\"http:\/\/dabbid%20auction%20specialists\/\">Facebook<\/a>&nbsp;e&nbsp;<a href=\"https:\/\/twitter.com\/dabbidauction\">Twitter<\/a>.<\/p>","protected":false},"excerpt":{"rendered":"<p>A Dabbid.com Sales Representative will conduct an inspection and appraisal of your stock. Upon signature of your contract, Dabbid.com will take care of everything including transportation, refurbishment and repair of stock. We advertise your stock around the world in specialised trade websites, auction brochures and on our website. An average auction attracts Buyers from over [&hellip;]<\/p>\n","protected":false},"author":1,"featured_media":0,"parent":0,"menu_order":0,"comment_status":"closed","ping_status":"closed","template":"","meta":{"_et_pb_use_builder":"","_et_pb_old_content":"","_et_gb_content_width":"1080","footnotes":""},"class_list":["post-577","page","type-page","status-publish","hentry"],"brizy_media":[],"_links":{"self":[{"href":"https:\/\/denisbarrett.com\/pt\/wp-json\/wp\/v2\/pages\/577","targetHints":{"allow":["GET"]}}],"collection":[{"href":"https:\/\/denisbarrett.com\/pt\/wp-json\/wp\/v2\/pages"}],"about":[{"href":"https:\/\/denisbarrett.com\/pt\/wp-json\/wp\/v2\/types\/page"}],"author":[{"embeddable":true,"href":"https:\/\/denisbarrett.com\/pt\/wp-json\/wp\/v2\/users\/1"}],"replies":[{"embeddable":true,"href":"https:\/\/denisbarrett.com\/pt\/wp-json\/wp\/v2\/comments?post=577"}],"version-history":[{"count":5,"href":"https:\/\/denisbarrett.com\/pt\/wp-json\/wp\/v2\/pages\/577\/revisions"}],"predecessor-version":[{"id":2966,"href":"https:\/\/denisbarrett.com\/pt\/wp-json\/wp\/v2\/pages\/577\/revisions\/2966"}],"wp:attachment":[{"href":"https:\/\/denisbarrett.com\/pt\/wp-json\/wp\/v2\/media?parent=577"}],"curies":[{"name":"wp","href":"https:\/\/api.w.org\/{rel}","templated":true}]}}