{"id":575,"date":"2018-11-17T18:26:42","date_gmt":"2018-11-17T18:26:42","guid":{"rendered":"https:\/\/denisbarrett.com\/?page_id=575"},"modified":"2020-12-19T20:19:47","modified_gmt":"2020-12-19T20:19:47","slug":"whats-the-best-way-to-sell-stock-10-questions-to-help-you-decide","status":"publish","type":"page","link":"https:\/\/denisbarrett.com\/pt\/whats-the-best-way-to-sell-stock-10-questions-to-help-you-decide\/","title":{"rendered":"Qual \u00e9 a melhor forma de vender a\u00e7\u00f5es? 10 perguntas para ajud\u00e1-lo a decidir."},"content":{"rendered":"<p>Se voc\u00ea precisa vender a\u00e7\u00f5es, existem muitas op\u00e7\u00f5es para descarte:<\/p>\n<p>leil\u00f5es, servi\u00e7os de listagem online, venda privada, revendedores, corretores e muito mais. Pode tornar a decis\u00e3o de como vender uma tarefa esmagadora. Fazer essas perguntas o ajudar\u00e1 a decidir qual op\u00e7\u00e3o tornar\u00e1 isso mais f\u00e1cil para voc\u00ea e obter\u00e1 os melhores resultados poss\u00edveis:<\/p>\n<ol>\n<li><strong>Qual \u00e9 o motivo No1 pelo qual devo usar este m\u00e9todo de venda?&nbsp;&nbsp;<\/strong>Diferentes m\u00e9todos de vendas t\u00eam diferentes benef\u00edcios: r\u00e1pido, f\u00e1cil, baixo custo inicial e m\u00e1ximo retorno. Fa\u00e7a esta pergunta para ter certeza de encontrar um m\u00e9todo adequado aos seus objetivos de neg\u00f3cios e uma empresa que o ajudar\u00e1 a tra\u00e7ar um plano para alcan\u00e7\u00e1-los.<\/li>\n<li><strong>O que est\u00e1 inclu\u00eddo em sua taxa ou comiss\u00e3o?&nbsp;<\/strong>O custo e o tempo envolvidos na venda podem aumentar rapidamente e reduzir seus retornos l\u00edquidos - armazenamento, estoque. inspe\u00e7\u00f5es, fotos, publicidade, cobran\u00e7a de pagamentos e muito mais. Descubra exatamente o que voc\u00ea ganha com o seu dinheiro e se h\u00e1 custos ocultos ou extras envolvidos. Uma solu\u00e7\u00e3o de servi\u00e7o completo pode economizar tempo e dinheiro. Se voc\u00ea est\u00e1 disposto a investir tempo e deseja controlar o processo de vendas, uma plataforma de autoatendimento apenas on-line tamb\u00e9m pode funcionar bem, ou uma combina\u00e7\u00e3o de ambos.<\/li>\n<li><strong>Voc\u00ea pode me ajudar com coisas como remessa de estoque, seguro, conserto, etc?&nbsp;<\/strong>Descubra quais s\u00e3o os outros servi\u00e7os oferecidos que ajudar\u00e3o a tornar o processo mais f\u00e1cil e a obter melhores retornos de seu estoque.<\/li>\n<li><strong>Como voc\u00ea conseguir\u00e1 o melhor pre\u00e7o poss\u00edvel para meu estoque?<\/strong>O marketing \u00e9 a chave para uma venda bem-sucedida. Se voc\u00ea deseja o melhor retorno para seus valiosos ativos, certifique-se de que seu estoque seja exposto \u00e0s pessoas certas nos setores certos da ind\u00fastria por meio de um plano de marketing e publicidade bem pensado e direcionado. Ou se voc\u00ea estiver vendendo de forma privada, certifique-se de usar uma plataforma de servi\u00e7o que seja direcionada e atenda ao seu setor - em vez de apenas an\u00fancios de tipo geral.<\/li>\n<li><strong>Os compradores em potencial poder\u00e3o inspecionar e testar meu estoque?<\/strong>Os compradores que podem tocar, sentir, inspecionar e testar seu estoque conforme sua conveni\u00eancia ter\u00e3o mais confian\u00e7a no que voc\u00ea est\u00e1 vendendo e t\u00eam maior probabilidade de comprar mais perto do pre\u00e7o que voc\u00ea procura. Se voc\u00ea decidir vender de forma privada, tente se tornar dispon\u00edvel e certifique-se de postar descri\u00e7\u00f5es detalhadas junto com muitas fotos de alta resolu\u00e7\u00e3o para compradores em potencial. Todos os nossos leil\u00f5es t\u00eam 3 dias de visualiza\u00e7\u00e3o aberta, mas tamb\u00e9m fazemos hor\u00e1rios fora do hor\u00e1rio e agendamentos de fim de semana para facilitar as pessoas.<\/li>\n<li><strong>Quantos compradores voc\u00ea normalmente atrai?<\/strong>Compradores mais interessados significam melhores retornos para seu estoque. Temos o prazer de mostrar nossos n\u00fameros e nossos resultados de vendas reais e n\u00fameros espec\u00edficos de compradores ativos e \/ ou visitantes \u00fanicos do site, etc.<\/li>\n<li><strong>\u00c9 f\u00e1cil para as pessoas comprarem minhas a\u00e7\u00f5es?&nbsp;<\/strong>Voc\u00ea alcan\u00e7ar\u00e1 mais compradores vendendo seu estoque para um p\u00fablico global e oferecendo uma escolha de m\u00e9todos de compra f\u00e1ceis (incluindo a compra em um local f\u00edsico ou online, bem como oferecendo op\u00e7\u00f5es de pagamento f\u00e1ceis, como dinheiro, cart\u00f5es de d\u00e9bito \/ cr\u00e9dito ou cheque visado bem como outros servi\u00e7os como transporte). Dar \u00e0s pessoas op\u00e7\u00f5es diferentes cria mais demanda e permite que compradores de diferentes regi\u00f5es comprem seu estoque.<\/li>\n<li><strong>Voc\u00ea pode me dizer quando \u00e9 meu estoque. ser\u00e1 vendido e quando receberei o pagamento?<\/strong><br \/>\nO estoque ocioso n\u00e3o est\u00e1 rendendo dinheiro e pode custar-lhe dinheiro tamb\u00e9m em armazenamento, seguro e valoriza\u00e7\u00e3o de despesas. Descubra se suas a\u00e7\u00f5es ser\u00e3o vendidas em uma data de validade acordada e se voc\u00ea receber\u00e1 os lucros em um prazo razo\u00e1vel. Se o tempo n\u00e3o for um problema para voc\u00ea, usar nossa plataforma online de autoatendimento significa que voc\u00ea est\u00e1 protegido se um comprador deixar de pagar quando suas a\u00e7\u00f5es forem vendidas.<\/li>\n<li><strong>Voc\u00ea pode me mostrar que tipo de resultados voc\u00ea teve no passado?<\/strong>O sucesso \u00e9 medido por n\u00fameros, ent\u00e3o pe\u00e7a para v\u00ea-los. Mas a reputa\u00e7\u00e3o tamb\u00e9m conta, portanto, refer\u00eancias e nomes de clientes anteriores devem estar dispon\u00edveis para voc\u00ea. Verifique tamb\u00e9m nossa se\u00e7\u00e3o de estudos de caso.<\/li>\n<li><strong>Quanta experi\u00eancia voc\u00ea tem com o setor em que trabalho?&nbsp;<\/strong>voc\u00ea quer uma empresa experiente e experiente, que entenda seu neg\u00f3cio, venda muito do seu tipo de a\u00e7\u00f5es e tenha boas rela\u00e7\u00f5es com o setor far\u00e1 toda a diferen\u00e7a quando se trata de obter os retornos que voc\u00ea deseja e precisa, ent\u00e3o n\u00e3o hesite em entrevist\u00e1-los extensivamente.<\/li>\n<\/ol>\n<p>N\u00e3o encontrou o que deseja? Contate diretamente por meio de nosso&nbsp;<a title=\"Contate-Nos\" href=\"http:\/\/www.dabbid.com\/contact\/\">Contate-Nos <\/a>ou Entre em contato conosco confidencialmente para discutir quaisquer requisitos fora de sua reestrutura\u00e7\u00e3o estrat\u00e9gica e recupera\u00e7\u00e3o corporativa. Para agendar uma consulta conosco, ent\u00e3o&nbsp;<a href=\"http:\/\/www.dabbid.com\/contact\/\">Deixe-nos uma mensagem<\/a>! para info @ denisbarrettcom ou porque n\u00e3o ligar para +353 (0) 86 410 9848.<\/p>\n<p>Voc\u00ea tamb\u00e9m pode manter contato via&nbsp;<a href=\"https:\/\/ie.linkedin.com\/in\/denis-barrett-05675213\">LinkedIn<\/a>,&nbsp;<a href=\"http:\/\/dabbid%20auction%20specialists\/\">Facebook<\/a>&nbsp;e&nbsp;<a href=\"https:\/\/twitter.com\/dabbidauction\">Twitter<\/a>.<\/p>","protected":false},"excerpt":{"rendered":"<p>If you need to sell stock, there are a lot of options out there for disposal: auctions, online listing services, private sale, dealers, brokers and more. It can make deciding how to sell an overwhelming task. Asking these questions will help you decide which option will make it easiest for you, and get you the [&hellip;]<\/p>\n","protected":false},"author":1,"featured_media":0,"parent":0,"menu_order":0,"comment_status":"closed","ping_status":"closed","template":"","meta":{"_et_pb_use_builder":"","_et_pb_old_content":"","_et_gb_content_width":"1080","footnotes":""},"class_list":["post-575","page","type-page","status-publish","hentry"],"brizy_media":[],"_links":{"self":[{"href":"https:\/\/denisbarrett.com\/pt\/wp-json\/wp\/v2\/pages\/575","targetHints":{"allow":["GET"]}}],"collection":[{"href":"https:\/\/denisbarrett.com\/pt\/wp-json\/wp\/v2\/pages"}],"about":[{"href":"https:\/\/denisbarrett.com\/pt\/wp-json\/wp\/v2\/types\/page"}],"author":[{"embeddable":true,"href":"https:\/\/denisbarrett.com\/pt\/wp-json\/wp\/v2\/users\/1"}],"replies":[{"embeddable":true,"href":"https:\/\/denisbarrett.com\/pt\/wp-json\/wp\/v2\/comments?post=575"}],"version-history":[{"count":3,"href":"https:\/\/denisbarrett.com\/pt\/wp-json\/wp\/v2\/pages\/575\/revisions"}],"predecessor-version":[{"id":1433,"href":"https:\/\/denisbarrett.com\/pt\/wp-json\/wp\/v2\/pages\/575\/revisions\/1433"}],"wp:attachment":[{"href":"https:\/\/denisbarrett.com\/pt\/wp-json\/wp\/v2\/media?parent=575"}],"curies":[{"name":"wp","href":"https:\/\/api.w.org\/{rel}","templated":true}]}}