{"id":573,"date":"2018-11-17T18:24:52","date_gmt":"2018-11-17T18:24:52","guid":{"rendered":"https:\/\/denisbarrett.com\/?page_id=573"},"modified":"2020-12-19T20:18:43","modified_gmt":"2020-12-19T20:18:43","slug":"selling-process","status":"publish","type":"page","link":"https:\/\/denisbarrett.com\/pt\/selling-process\/","title":{"rendered":"Processo de Venda"},"content":{"rendered":"<p>Processo - Como vendemos e as etapas:<\/p>\n<p>Do local de trabalho ao leil\u00e3o ao local de trabalho! Como Dabbid.com vende a\u00e7\u00f5es.<\/p>\n<p>Cada a\u00e7\u00e3o que vendemos tem uma hist\u00f3ria por tr\u00e1s, e provavelmente muito mais pela frente. Passar por nossos leil\u00f5es sem reserva \u00e9 apenas um breve cap\u00edtulo na vida de um estoque. Se voc\u00ea j\u00e1 se perguntou o que acontece nesse cap\u00edtulo, d\u00ea uma olhada no estoque de caminhos. leva de ser consignado por um vendedor a ser colocado para trabalhar por um novo propriet\u00e1rio.<\/p>\n<p>\u00c9 hora de vender<\/p>\n<p>Em algum ponto, voc\u00ea toma a decis\u00e3o de vender a\u00e7\u00f5es, em vez de deix\u00e1-las inativas, sem gerar dinheiro. Talvez voc\u00ea tenha conclu\u00eddo um grande trabalho, iniciado um tipo diferente de projeto ou talvez esteja planejando se aposentar e encerrar seu neg\u00f3cio. Quaisquer que sejam seus motivos, depois de pesar suas op\u00e7\u00f5es de venda de a\u00e7\u00f5es, voc\u00ea decide que um leil\u00e3o sem reservas de servi\u00e7o completo da Dabbid.com \u00e9 a melhor solu\u00e7\u00e3o.<\/p>\n<p>Discuta suas op\u00e7\u00f5es de venda.<\/p>\n<p>Seu representante Dabbid.com se reunir\u00e1 com voc\u00ea para discutir o que voc\u00ea est\u00e1 vendendo e quando deseja vend\u00ea-lo. Eles s\u00e3o pessoas experientes que possuem um conhecimento e uma perspectiva \u00fanicos tanto do seu neg\u00f3cio quanto do mercado global. Eles avaliar\u00e3o o valor de seus ativos, discutir\u00e3o suas v\u00e1rias op\u00e7\u00f5es e far\u00e3o recomenda\u00e7\u00f5es que atendam \u00e0s suas necessidades e situa\u00e7\u00f5es espec\u00edficas. Uma vez que voc\u00ea tenha um acordo em vigor, voc\u00ea est\u00e1 pronto para as corridas.<\/p>\n<p>Marketing para o mundo.<\/p>\n<p>Somos uma empresa de leil\u00f5es de servi\u00e7o completo - isso significa que cuidamos de tudo para voc\u00ea: armazenamento de seu estoque, marketing, tratamento de todas as consultas e inspe\u00e7\u00f5es do comprador, venda de seu estoque no dia do leil\u00e3o e coleta dos lucros para voc\u00ea.<\/p>\n<p>O marketing come\u00e7a imediatamente e rapidamente entra em alta velocidade. O estoque vendido \u00e9 postado em nosso site multil\u00edngue. An\u00fancios impressos, mala direta, e-mail e outras m\u00eddias exp\u00f5em seu estoque a compradores em potencial em todo o mundo e se concentram em onde seu estoque est\u00e1 em demanda.<\/p>\n<p>Preparando seu estoque para vender.<\/p>\n<p>Quanto antes voc\u00ea enviar seu estoque para nossos sites de leil\u00e3o seguros, mais cedo ter\u00e1 muito menos com que se preocupar. O estoque \u00e9 verificado no escrit\u00f3rio do p\u00e1tio. Se voc\u00ea decidiu fazer alguma limpeza, reparo ou pintura antes do dia do leil\u00e3o, n\u00e3o h\u00e1 problema, n\u00f3s cuidaremos disso.<\/p>\n<p>Em seguida, coletamos fotos de alta resolu\u00e7\u00e3o e informa\u00e7\u00f5es detalhadas do estoque - qualquer detalhe que ajude os compradores em potencial - e carregamos essas informa\u00e7\u00f5es em nosso site (geralmente em 24-48 horas). Saber que o estoque vem com um t\u00edtulo claro \u00e9 importante para a maioria dos compradores, ent\u00e3o tamb\u00e9m verificamos quando podemos.<\/p>\n<p>As inspe\u00e7\u00f5es de estoque come\u00e7am.<\/p>\n<p>O estoque \u00e9 ent\u00e3o movido para a \u201clinha pronta\u201d no sal\u00e3o principal do leil\u00e3o, onde voc\u00ea ver\u00e1 estoque semelhante perfeitamente alinhado e agrupado por categoria. Isso torna mais f\u00e1cil para os compradores em potencial testar, inspecionar e comparar itens semelhantes em um local conveniente.<\/p>\n<p>A maioria das pessoas opta por testar o estoque antes de fazer o lance - especialmente em itens de alto valor. Permitir esse tipo de acesso aberto e transparente beneficia ambas as partes - d\u00e1 aos compradores confian\u00e7a no que est\u00e3o licitando e os vendedores se beneficiam de mais interesse e demanda por seus itens.<\/p>\n<p>Dia do leil\u00e3o.<\/p>\n<p>Nossos leil\u00f5es s\u00e3o eventos grandes e emocionantes que atraem centenas de pessoas de todo o pa\u00eds. Temos o estoque de que as pessoas precisam - e vendemos tudo em leil\u00e3o p\u00fablico sem reserva, sem lances m\u00ednimos ou pre\u00e7os de reserva. Esse compromisso faz toda a diferen\u00e7a no dia do leil\u00e3o, como voc\u00ea pode ver neste v\u00eddeo:<\/p>\n<p>Videoclipe de John Berry e talvez algumas entrevistas:<\/p>\n<p>Nossos leil\u00f5es tamb\u00e9m s\u00e3o realizados ao vivo, com licita\u00e7\u00e3o presencial e online. \u00c9 uma opera\u00e7\u00e3o altamente organizada, e nossa equipe dedicada de atendimento ao cliente, leiloeiros, apanhadores de lances, servi\u00e7os de Internet e equipe de suporte tem um objetivo em mente - ajudar as pessoas a comprar e vender o equipamento de que precisam da maneira mais f\u00e1cil e eficiente poss\u00edvel.<\/p>\n<p>O estoque de papelaria \u00e9 vendido no sagu\u00e3o principal por meio de telas para exibir fotos adicionais e o leil\u00e3o on-line ao vivo. O objetivo \u00e9 garantir que os compradores se sintam confort\u00e1veis e possam ver exatamente o que est\u00e3o fazendo, seja no site ou online.<\/p>\n<p>Vendido!<\/p>\n<p>Os licitantes competem oferecendo lances cada vez mais altos para cada item. Quando o lance mais alto \u00e9 colocado, o leiloeiro anuncia &quot;Vendido!&quot; e seu estoque oficialmente tem um novo dono. O n\u00famero do licitante do comprador e o pre\u00e7o de venda s\u00e3o registrados e combinados com o n\u00famero do lote para que as contas possam ser liquidadas ap\u00f3s o leil\u00e3o, e \u00e9 para o pr\u00f3ximo item.<\/p>\n<p>Para um novo cap\u00edtulo.<\/p>\n<p>Ap\u00f3s o leil\u00e3o, os compradores pagam por suas compras e organizam a coleta ou o envio de seu novo estoque de nossas instala\u00e7\u00f5es e para onde precisam, e os vendedores recebem o produto da venda dentro de tr\u00eas semanas do leil\u00e3o.<\/p>\n<p>Se voc\u00ea precisar vender a\u00e7\u00f5es, entre em contato com seu representante local Dabbid.com e descubra como podemos ajud\u00e1-lo.<\/p>\n<p>N\u00e3o encontrou o que deseja? Contate diretamente por meio de nosso&nbsp;<a title=\"Contate-Nos\" href=\"http:\/\/www.dabbid.com\/contact\/\">Contate-Nos <\/a>ou Entre em contato conosco confidencialmente para discutir quaisquer requisitos fora de sua reestrutura\u00e7\u00e3o estrat\u00e9gica e recupera\u00e7\u00e3o corporativa. Para agendar uma consulta conosco, ent\u00e3o&nbsp;<a href=\"http:\/\/www.dabbid.com\/contact\/\">Deixe-nos uma mensagem<\/a>! para info@denisbarrett.com ou porque n\u00e3o ligar para +353 (0) 86 410 9848<\/p>\n<p>Voc\u00ea tamb\u00e9m pode manter contato via&nbsp;<a href=\"https:\/\/ie.linkedin.com\/in\/denis-barrett-05675213\">LinkedIn<\/a>,&nbsp;<a href=\"http:\/\/dabbid%20auction%20specialists\/\">Facebook<\/a>&nbsp;e&nbsp;<a href=\"https:\/\/twitter.com\/dabbidauction\">Twitter<\/a>.<\/p>","protected":false},"excerpt":{"rendered":"<p>Process \u2013 How we sell &amp; The Steps: From job site to auction to job site! How Dabbid.com sells stock. Every piece of stock that we sell has a story behind it, and probably plenty more ahead of it. Passing through our unreserved auctions is just one short chapter in the life of a piece [&hellip;]<\/p>\n","protected":false},"author":1,"featured_media":0,"parent":0,"menu_order":0,"comment_status":"closed","ping_status":"closed","template":"","meta":{"_et_pb_use_builder":"","_et_pb_old_content":"","_et_gb_content_width":"1080","footnotes":""},"class_list":["post-573","page","type-page","status-publish","hentry"],"brizy_media":[],"_links":{"self":[{"href":"https:\/\/denisbarrett.com\/pt\/wp-json\/wp\/v2\/pages\/573","targetHints":{"allow":["GET"]}}],"collection":[{"href":"https:\/\/denisbarrett.com\/pt\/wp-json\/wp\/v2\/pages"}],"about":[{"href":"https:\/\/denisbarrett.com\/pt\/wp-json\/wp\/v2\/types\/page"}],"author":[{"embeddable":true,"href":"https:\/\/denisbarrett.com\/pt\/wp-json\/wp\/v2\/users\/1"}],"replies":[{"embeddable":true,"href":"https:\/\/denisbarrett.com\/pt\/wp-json\/wp\/v2\/comments?post=573"}],"version-history":[{"count":3,"href":"https:\/\/denisbarrett.com\/pt\/wp-json\/wp\/v2\/pages\/573\/revisions"}],"predecessor-version":[{"id":1431,"href":"https:\/\/denisbarrett.com\/pt\/wp-json\/wp\/v2\/pages\/573\/revisions\/1431"}],"wp:attachment":[{"href":"https:\/\/denisbarrett.com\/pt\/wp-json\/wp\/v2\/media?parent=573"}],"curies":[{"name":"wp","href":"https:\/\/api.w.org\/{rel}","templated":true}]}}