{"id":569,"date":"2018-11-17T18:22:01","date_gmt":"2018-11-17T18:22:01","guid":{"rendered":"https:\/\/denisbarrett.com\/?page_id=569"},"modified":"2020-12-19T20:17:50","modified_gmt":"2020-12-19T20:17:50","slug":"off-site-auction","status":"publish","type":"page","link":"https:\/\/denisbarrett.com\/pt\/off-site-auction\/","title":{"rendered":"Leil\u00e3o fora do local"},"content":{"rendered":"<p>Deixe-nos trazer o leil\u00e3o para voc\u00ea ...<\/p>\n<p>Esta \u00e9 uma das nossas especialidades.<\/p>\n<p>Se voc\u00ea n\u00e3o estiver satisfeito em realizar o leil\u00e3o em suas instala\u00e7\u00f5es, se algu\u00e9m n\u00e3o quiser colocar em nosso local de leil\u00e3o permanente, n\u00e3o h\u00e1 problema, podemos alugar um im\u00f3vel adequado para tipo fora de estoque. Nada \u00e9 um problema e somos especialistas em encontrar solu\u00e7\u00f5es vi\u00e1veis para voc\u00ea.<\/p>\n<p>Cuidamos de tudo do in\u00edcio ao fim. Quer esteja em Leil\u00e3o de Aposentadoria, Insolv\u00eancia ou Cessa\u00e7\u00e3o de Negocia\u00e7\u00e3o, podemos adequar-lhe a solu\u00e7\u00e3o adequada \u00e0s suas necessidades.<\/p>\n<p>Benef\u00edcios do servi\u00e7o de leil\u00e3o fora do local Dabbid.com:<\/p>\n<ul>\n<li>Publicidade mundial de seu estoque. em uma variedade de m\u00eddias, incluindo publica\u00e7\u00f5es comerciais, revistas, jornais, portais da web, sites comerciais, bem como brochuras de leil\u00f5es enviadas para nossa extensa lista de mala direta de clientes em todo o mundo.<\/li>\n<li>Um servi\u00e7o profissional de leil\u00f5es que inclui leiloeiros, apanhadores de lances, equipe de administra\u00e7\u00e3o do Dabbid.com, cat\u00e1logo de leil\u00f5es e licita\u00e7\u00e3o gratuita pela Internet.<\/li>\n<li>Todo o seu estoque foi vendido em um curto per\u00edodo de tempo.<\/li>\n<li>Economizando custos de transporte, pois suas m\u00e1quinas n\u00e3o precisam ser transportadas para o estaleiro Dabbid.com.<\/li>\n<\/ul>\n<p>Se voc\u00ea estiver interessado em vender seu estoque usando o servi\u00e7o externo Dabbid.com<br \/>\nligue para +353 (0) 86 410 9848.<\/p>\n<p>Voc\u00ea tamb\u00e9m pode manter contato via&nbsp;<a href=\"https:\/\/ie.linkedin.com\/in\/denis-barrett-05675213\">LinkedIn<\/a>,&nbsp;<a href=\"http:\/\/dabbid%20auction%20specialists\/\">Facebook<\/a>&nbsp;e&nbsp;<a href=\"https:\/\/twitter.com\/dabbidauction\">Twitter<\/a>.<\/p>\n<p><strong>&nbsp;<\/strong><strong>Nenhum evento para grande ou pequeno<\/strong><\/p>","protected":false},"excerpt":{"rendered":"<p>Let us bring the auction to you\u2026 This is one of our specialities. If you\u2019re not happy to hold the auction on your premises, any don\u2019t want to put into our permanent auction site, no problem, we can lease a property suitable for type off stock. Nothing is a problem and we are experts at [&hellip;]<\/p>\n","protected":false},"author":1,"featured_media":0,"parent":0,"menu_order":0,"comment_status":"closed","ping_status":"closed","template":"","meta":{"_et_pb_use_builder":"","_et_pb_old_content":"","_et_gb_content_width":"1080","footnotes":""},"class_list":["post-569","page","type-page","status-publish","hentry"],"brizy_media":[],"_links":{"self":[{"href":"https:\/\/denisbarrett.com\/pt\/wp-json\/wp\/v2\/pages\/569","targetHints":{"allow":["GET"]}}],"collection":[{"href":"https:\/\/denisbarrett.com\/pt\/wp-json\/wp\/v2\/pages"}],"about":[{"href":"https:\/\/denisbarrett.com\/pt\/wp-json\/wp\/v2\/types\/page"}],"author":[{"embeddable":true,"href":"https:\/\/denisbarrett.com\/pt\/wp-json\/wp\/v2\/users\/1"}],"replies":[{"embeddable":true,"href":"https:\/\/denisbarrett.com\/pt\/wp-json\/wp\/v2\/comments?post=569"}],"version-history":[{"count":4,"href":"https:\/\/denisbarrett.com\/pt\/wp-json\/wp\/v2\/pages\/569\/revisions"}],"predecessor-version":[{"id":2965,"href":"https:\/\/denisbarrett.com\/pt\/wp-json\/wp\/v2\/pages\/569\/revisions\/2965"}],"wp:attachment":[{"href":"https:\/\/denisbarrett.com\/pt\/wp-json\/wp\/v2\/media?parent=569"}],"curies":[{"name":"wp","href":"https:\/\/api.w.org\/{rel}","templated":true}]}}