{"id":565,"date":"2018-11-17T18:20:26","date_gmt":"2018-11-17T18:20:26","guid":{"rendered":"https:\/\/denisbarrett.com\/?page_id=565"},"modified":"2020-12-19T20:16:59","modified_gmt":"2020-12-19T20:16:59","slug":"questions-answered","status":"publish","type":"page","link":"https:\/\/denisbarrett.com\/pt\/questions-answered\/","title":{"rendered":"Perguntas respondidas"},"content":{"rendered":"<p>Quer sua empresa seja grande ou pequena, ou voc\u00ea tenha um buld\u00f4zer de uma frota de caminh\u00f5es - voc\u00ea pode vender com Dabbid.com. Temos conduzido leil\u00f5es p\u00fablicos ao vivo sem reserva desde 1998 e somos reconhecidos em todo o mundo como uma planta industrial pesada l\u00edder e leiloeiro de m\u00e1quinas, propriedades e gado - ajudando milhares de vendedores em todo o mundo todos os anos.<\/p>\n<p>6 fatos sobre nossos leil\u00f5es<\/p>\n<p>1. Vendemos a\u00e7\u00f5es para todos os setores.<\/p>\n<p>Vendemos mais estoque usado do que qualquer outra empresa, e muito disso \u00e9 maquin\u00e1rio agr\u00edcola tradicional e estoque. Mas tamb\u00e9m vendemos milhares de itens usados em outros setores - bem como terras agr\u00edcolas, \u00e1reas de desenvolvimento, silvicultura, casa e gado.<\/p>\n<p>Se voc\u00ea pode ver - n\u00f3s podemos vend\u00ea-lo para voc\u00ea.<\/p>\n<p>2. Conduzimos leil\u00f5es p\u00fablicos ao vivo e apenas online, reservados e n\u00e3o reservados.<\/p>\n<p>Conduzimos leil\u00f5es p\u00fablicos ao vivo, reservados e n\u00e3o reservados, com licita\u00e7\u00f5es no local e online. Todos os leil\u00f5es de Denis A. Barrett Auctions &amp; Dabbid.com s\u00e3o tratados separadamente.<\/p>\n<p>A maioria dos leil\u00f5es realizados por Denis A. Barrett s\u00e3o leil\u00f5es &quot;no mercado&quot;, o que significa que o item \u00e9 vendido apenas para o licitante mais alto, mas o vendedor tem a palavra final Sim \/ N\u00e3o sobre o &quot;Pre\u00e7o alcan\u00e7ado&quot; no outono do martelo.&nbsp;<\/p>\n<p>Mas a maioria dos leil\u00f5es \u00e9 realizada por meio de Leil\u00f5es Dabbid.com sem reserva. Isso significa que n\u00e3o h\u00e1 lances m\u00ednimos ou pre\u00e7os de reserva e todos os itens s\u00e3o vendidos ao licitante com lance mais alto no dia do leil\u00e3o.<\/p>\n<p><strong>Leil\u00f5es sem reserva s\u00e3o melhores para compradores e vendedores:<\/strong><\/p>\n<ul>\n<li>Atrai mais licitantes<\/li>\n<li>Cria um valor de mercado justo global<\/li>\n<li>D\u00e1 confian\u00e7a aos compradores interessados<\/li>\n<li>Cria mais competi\u00e7\u00e3o pelo estoque.<\/li>\n<li>Resulta em melhores retornos<\/li>\n<li>Oferece certeza de venda<\/li>\n<\/ul>\n<p>3. Usamos tecnologia antes de qualquer outra pessoa.<\/p>\n<p>Denis A. Barrett Auctions e Dabbid.com t\u00eam usado tecnologia de licita\u00e7\u00e3o online desde 2004 e tem usado licita\u00e7\u00e3o online para todas as nossas vendas de gado de ra\u00e7a pura desde 2013. - tradicional, online ou o melhor de ambos.<\/p>\n<p>4. Ajudamos empresas de todos os tamanhos.<\/p>\n<p>Denis A. Barrett Auctions e Dabbid.com podem ajud\u00e1-lo a vender um ou 100 itens em estoque. Ajudamos empresas de todos os tamanhos e tratamos todos os clientes da mesma forma - desde operadores propriet\u00e1rios a grandes multinacionais.<\/p>\n<p>5. Os leil\u00f5es s\u00e3o a primeira escolha para muitos vendedores.<\/p>\n<p>A maioria dos clientes Denis A. Barrett Auctions e Dabbid.com representam neg\u00f3cios em andamento e pr\u00f3speros - eles vendem em nossos leil\u00f5es quando precisam renovar seus itens de estoque ou frotas ou quando mudam o foco de seus neg\u00f3cios.<\/p>\n<p>6. Temos operado em todo o mundo.<\/p>\n<p>Denis A. Barrett Auctions e Dabbid.com Auctions, atrav\u00e9s dos quais o fundador Denis Barrett conduziu leil\u00f5es, em todo o mundo - incluindo Irlanda e Reino Unido, Europa continental, M\u00e9dio Oriente, China, The Philphinesndia e Kuwait. Tamb\u00e9m realizamos leil\u00f5es em fazendas, no local, ou alugamos um im\u00f3vel para o seu leil\u00e3o.<\/p>\n<p>N\u00e3o encontrou o que deseja? Contate diretamente por meio de nosso&nbsp;<a href=\"https:\/\/denisbarrett.com\/pt\/contact-us\/\">Contate-Nos<\/a>&nbsp;ou Contate-nos confidencialmente para discutir qualquer um de seus requisitos de reestrutura\u00e7\u00e3o estrat\u00e9gica e recupera\u00e7\u00e3o corporativa.<\/p>\n<p>Para agendar uma consulta conosco, ent\u00e3o&nbsp;<a href=\"https:\/\/denisbarrett.com\/pt\/contact-us\/\">Deixe-nos uma mensagem<\/a>! ou porque n\u00e3o ligar, +353 (0) 86 410 9848<\/p>\n<p>Voc\u00ea tamb\u00e9m pode manter contato via&nbsp;<a href=\"https:\/\/ie.linkedin.com\/in\/denis-barrett-05675213\">LinkedIn<\/a>,&nbsp;<a href=\"https:\/\/www.facebook.com\/DabbidOnlineAuctions\/\">Facebook<\/a>&nbsp;e&nbsp;<a href=\"https:\/\/twitter.com\/dabbidauction\">Twitter<\/a>.<\/p>\n<p style=\"text-align: center;\"><a href=\"https:\/\/denisbarrett.com\/pt\/further-information\/\">Voltar para a p\u00e1gina de mais informa\u00e7\u00f5es:<\/a><\/p>\n\n\n<p><\/p>","protected":false},"excerpt":{"rendered":"<p>Whether your company is big or small, or you have one dozer of a fleet of trucks \u2013 you can sell with Dabbid.com We\u2019ve been conducting live unreserved public auctions since 1998 and are recognised&nbsp;around the world as a leading industrial heavy plant &amp; machinery, property and livestock auctioneer \u2013 helping thousands of sellers around [&hellip;]<\/p>\n","protected":false},"author":1,"featured_media":0,"parent":0,"menu_order":0,"comment_status":"closed","ping_status":"closed","template":"","meta":{"_et_pb_use_builder":"","_et_pb_old_content":"","_et_gb_content_width":"1080","footnotes":""},"class_list":["post-565","page","type-page","status-publish","hentry"],"brizy_media":[],"_links":{"self":[{"href":"https:\/\/denisbarrett.com\/pt\/wp-json\/wp\/v2\/pages\/565","targetHints":{"allow":["GET"]}}],"collection":[{"href":"https:\/\/denisbarrett.com\/pt\/wp-json\/wp\/v2\/pages"}],"about":[{"href":"https:\/\/denisbarrett.com\/pt\/wp-json\/wp\/v2\/types\/page"}],"author":[{"embeddable":true,"href":"https:\/\/denisbarrett.com\/pt\/wp-json\/wp\/v2\/users\/1"}],"replies":[{"embeddable":true,"href":"https:\/\/denisbarrett.com\/pt\/wp-json\/wp\/v2\/comments?post=565"}],"version-history":[{"count":5,"href":"https:\/\/denisbarrett.com\/pt\/wp-json\/wp\/v2\/pages\/565\/revisions"}],"predecessor-version":[{"id":1714,"href":"https:\/\/denisbarrett.com\/pt\/wp-json\/wp\/v2\/pages\/565\/revisions\/1714"}],"wp:attachment":[{"href":"https:\/\/denisbarrett.com\/pt\/wp-json\/wp\/v2\/media?parent=565"}],"curies":[{"name":"wp","href":"https:\/\/api.w.org\/{rel}","templated":true}]}}