{"id":558,"date":"2018-11-17T18:10:11","date_gmt":"2018-11-17T18:10:11","guid":{"rendered":"https:\/\/denisbarrett.com\/?page_id=558"},"modified":"2020-12-19T20:18:15","modified_gmt":"2020-12-19T20:18:15","slug":"benefits-of-using-dabauction","status":"publish","type":"page","link":"https:\/\/denisbarrett.com\/pt\/benefits-of-using-dabauction\/","title":{"rendered":"Benef\u00edcios de usar DABauction:"},"content":{"rendered":"<p>Benef\u00edcios de vender com DABauction:<\/p>\n<p>Compradores mundiais: os leil\u00f5es atraem compradores de todo o mundo.<\/p>\n<p>Licita\u00e7\u00e3o ao vivo pela Internet:&nbsp;<a href=\"http:\/\/live.dabbid.com\/\" target=\"_blank\" rel=\"noopener noreferrer\">live.dabbid.com<\/a>&nbsp;fornece acesso a um banco de dados global de milhares de clientes online. Este servi\u00e7o de licita\u00e7\u00e3o gratuita pela Internet permite que os compradores licitem, em tempo real, durante qualquer venda do Dabbid.com. Em m\u00e9dia, os compradores online respondem por mais de 15% de vendas em cada leil\u00e3o. Com tantos clientes on-line interessados, os vendedores podem ter certeza de que seu estoque alcan\u00e7ar\u00e1 o verdadeiro valor de mercado global.<\/p>\n<p>Publicidade extensa: cada leil\u00e3o \u00e9 comercializado com habilidade e todos os lotes s\u00e3o anunciados para o p\u00fablico relevante em jornais e revistas comerciais e tamb\u00e9m em v\u00e1rios 3<sup>rd<\/sup>&nbsp;sites de festas.<\/p>\n<p>Dabbid.com n\u00e3o se concentra em compradores locais \/ nacionais. Nosso amplo conhecimento da ind\u00fastria garante que os itens dos vendedores sejam anunciados em mercados globais onde a demanda \u00e9 maior. Alertas de e-mail enviados a milhares de compradores e todos os invent\u00e1rios aparecem no site Dabbid.com. Isso cria uma demanda ideal para todos os lotes \u00e0 venda.<\/p>\n<p>Representantes de vendas especializados: Os representantes de vendas est\u00e3o dispon\u00edveis para oferecer conselhos sobre remessas, pois conhecem em primeira m\u00e3o a demanda dos diferentes tipos de estoque e podem antecipar facilmente os mercados atuais.<\/p>\n<p>Excelentes Instala\u00e7\u00f5es: Instala\u00e7\u00f5es confort\u00e1veis, limpas e aquecidas.<\/p>\n<p>Exporta\u00e7\u00e3o de altas vendas: os compradores internacionais de Dabbid.com garantem que mais de 15% de lotes s\u00e3o exportados de cada site ap\u00f3s cada leil\u00e3o, eliminando as desvantagens de vender apenas em mercados locais.<\/p>\n<p>Compradores, n\u00e3o navegadores: a pol\u00edtica sem reservas de Dabbid.com atrai compradores genu\u00ednos, em oposi\u00e7\u00e3o aos leil\u00f5es reservados, que impedem os compradores de operar dentro de um or\u00e7amento.<\/p>\n<p>Taxas competitivas: Dabbid.com se esfor\u00e7a para ter as taxas do vendedor mais competitivas para torn\u00e1-lo acess\u00edvel para os vendedores consignar qualquer tipo de estoque ou estoque. para Leil\u00e3o uma e outra vez.<\/p>\n<p>Servi\u00e7o de Log\u00edstica: O Servi\u00e7o de Log\u00edstica da Dabbid.com pode providenciar uma coleta e transporte r\u00e1pido e acess\u00edvel diretamente para o Local do Leil\u00e3o.<\/p>\n<p>Servi\u00e7o de limpeza \/ reparo: Dabbid.com oferece um servi\u00e7o de reparo e reforma em cada local de leil\u00e3o. Muitos vendedores aproveitam este servi\u00e7o, pois as m\u00e1quinas de boa qualidade podem ter pre\u00e7os mais altos para martelos.<\/p>\n<p>Pagamento r\u00e1pido: Dabbid.com pode virar planta e estoque. em dinheiro rapidamente, com o m\u00ednimo esfor\u00e7o dos vendedores.<\/p>\n<p>N\u00e3o encontrou o que deseja? Contate diretamente por meio de nosso&nbsp;<a title=\"Contate-Nos\" href=\"http:\/\/www.dabbid.com\/contact\/\">Contate-Nos<\/a>ou Entre em contato conosco confidencialmente para discutir quaisquer requisitos fora de sua reestrutura\u00e7\u00e3o estrat\u00e9gica e recupera\u00e7\u00e3o corporativa. Para agendar uma consulta conosco, ent\u00e3o&nbsp;<a href=\"http:\/\/www.dabbid.com\/contact\/\">Deixe-nos uma mensagem<\/a>! ou porque n\u00e3o ligar, +353 (0) 86 410 9848<\/p>\n<p>Conecte-se conosco via&nbsp;<a href=\"https:\/\/ie.linkedin.com\/in\/denis-barrett-05675213\">LinkedIn<\/a>,&nbsp;<a href=\"https:\/\/www.facebook.com\/DabbidOnlineAuctions\/\">Facebook<\/a>&nbsp;e&nbsp;<a href=\"https:\/\/twitter.com\/dabbidauction\">Twitter<\/a>.<\/p>","protected":false},"excerpt":{"rendered":"<p>Benefits of Selling with DABauction: Worldwide Buyers: Auctions attracts Buyers from around the globe. Live Internet Bidding:&nbsp;live.dabbid.com&nbsp;provides access to a global database of thousands of online customers. This Free Internet Bidding Service allows buyers to bid, in real-time, during any Dabbid.com sale. On average, online buyers account for over 15% of sales at each Auction. [&hellip;]<\/p>\n","protected":false},"author":1,"featured_media":0,"parent":0,"menu_order":0,"comment_status":"closed","ping_status":"closed","template":"","meta":{"_et_pb_use_builder":"","_et_pb_old_content":"","_et_gb_content_width":"1080","footnotes":""},"class_list":["post-558","page","type-page","status-publish","hentry"],"brizy_media":[],"_links":{"self":[{"href":"https:\/\/denisbarrett.com\/pt\/wp-json\/wp\/v2\/pages\/558","targetHints":{"allow":["GET"]}}],"collection":[{"href":"https:\/\/denisbarrett.com\/pt\/wp-json\/wp\/v2\/pages"}],"about":[{"href":"https:\/\/denisbarrett.com\/pt\/wp-json\/wp\/v2\/types\/page"}],"author":[{"embeddable":true,"href":"https:\/\/denisbarrett.com\/pt\/wp-json\/wp\/v2\/users\/1"}],"replies":[{"embeddable":true,"href":"https:\/\/denisbarrett.com\/pt\/wp-json\/wp\/v2\/comments?post=558"}],"version-history":[{"count":2,"href":"https:\/\/denisbarrett.com\/pt\/wp-json\/wp\/v2\/pages\/558\/revisions"}],"predecessor-version":[{"id":1430,"href":"https:\/\/denisbarrett.com\/pt\/wp-json\/wp\/v2\/pages\/558\/revisions\/1430"}],"wp:attachment":[{"href":"https:\/\/denisbarrett.com\/pt\/wp-json\/wp\/v2\/media?parent=558"}],"curies":[{"name":"wp","href":"https:\/\/api.w.org\/{rel}","templated":true}]}}