{"id":552,"date":"2018-11-17T18:02:59","date_gmt":"2018-11-17T18:02:59","guid":{"rendered":"https:\/\/denisbarrett.com\/?page_id=552"},"modified":"2020-12-19T20:17:25","modified_gmt":"2020-12-19T20:17:25","slug":"what-we-do","status":"publish","type":"page","link":"https:\/\/denisbarrett.com\/pt\/what-we-do\/","title":{"rendered":"O que n\u00f3s fazemos"},"content":{"rendered":"<p>Nosso processo de leil\u00e3o:<\/p>\n<p>Denis A. Barrett Auctions &amp; Dabbid.com vende mais estoque usado do que qualquer outra empresa, incluindo estoque de constru\u00e7\u00e3o, estoque agr\u00edcola, maquin\u00e1rio e muito mais. Realizamos centenas de leil\u00f5es p\u00fablicos sem reserva a cada ano, vendendo bilh\u00f5es de d\u00f3lares em a\u00e7\u00f5es pesadas para pessoas f\u00edsicas e empresas de todos os tamanhos; tamb\u00e9m operamos um mercado online seguro chamado Dabbid.com, para pessoas que preferem comprar e vender de forma privada.<\/p>\n<p><img loading=\"lazy\" decoding=\"async\" class=\"size-full wp-image-1703 aligncenter\" src=\"https:\/\/denisbarrett.com\/wp-content\/uploads\/2020\/04\/Dabbid.jpg\" alt=\"\" width=\"230\" height=\"174\"><\/p>\n<p><span style=\"font-size: inherit;\">Saiba mais sobre como vender seu <a href=\"https:\/\/denisbarrett.com\/pt\/selling-process\/\">estoque<\/a> por meio de leil\u00f5es Denis A. Barrett e leil\u00f5es Dabbid.com, ou entre em contato conosco para discutir suas op\u00e7\u00f5es.<\/span><\/p>\n<div class=\"entry-content\">\n<p><em><span style=\"color: #ff0000;\">Apenas uma nota: <\/span><\/em><\/p>\n<p><em><span style=\"color: #ff0000;\"><span style=\"color: #000000;\">Embora a empresa tenha sido estabelecida desde 2003, Denis Barrett, o fundador do neg\u00f3cio, est\u00e1 no ramo de leil\u00f5es h\u00e1 mais de 22 anos e conduziu mais de 1.100 leil\u00f5es em todo o mundo e ele entende o seu neg\u00f3cio. Temos experi\u00eancia em vender todos os tipos de Ativos \/ Estoque e temos rela\u00e7\u00f5es excepcionalmente boas com a ind\u00fastria em todo o mundo que far\u00e3o toda a diferen\u00e7a quando se trata de obter os retornos que voc\u00ea deseja e precisa -<\/span> Ent\u00e3o, por favor, nos entreviste extensivamente.<\/span><\/em><\/p>\n<p><strong>N\u00f3s tomamos conta de tudo.<\/strong><\/p>\n<p>Quando voc\u00ea precisa de sua casa reformada ou de pagar seus impostos, voc\u00ea liga para um profissional - porque isso economiza tempo e dinheiro a longo prazo e proporciona o melhor resultado.<\/p>\n<p>O mesmo se aplica \u00e0 venda de a\u00e7\u00f5es. Fazemos isso h\u00e1 mais de 22 anos. Somos conhecidos como especialistas - e oferecemos solu\u00e7\u00f5es de servi\u00e7o completo que ajudam pessoas como voc\u00ea.<\/p>\n<p style=\"text-align: center;\">Menos complica\u00e7\u00f5es, melhores retornos.<\/p>\n<p>Quando voc\u00ea vende seu estoque com <span style=\"font-size: inherit;\">Leil\u00f5es e Dabbid de Denis A. Barrett<\/span>.com, voc\u00ea tem toda uma equipe de especialistas trabalhando para voc\u00ea - vendas, marketing, servi\u00e7os de Internet, atendimento ao cliente, contabilidade e muito mais.<\/p>\n<p>Nosso servi\u00e7o completo economiza tempo e dinheiro, para que voc\u00ea possa se concentrar em administrar seus neg\u00f3cios enquanto trabalhamos para obter o m\u00e1ximo de retorno.<\/p>\n<p>O servi\u00e7o sem complica\u00e7\u00f5es, que economiza tempo e dinheiro inclui:<\/p>\n<ul>\n<li>Armazenamento seguro gratuito<\/li>\n<li>Fotos de alta resolu\u00e7\u00e3o e listagens on-line detalhadas<\/li>\n<li>Marketing abrangente, multicanal e multil\u00edngue<\/li>\n<li>Cuidado, cust\u00f3dia e controle<\/li>\n<li>Inqu\u00e9ritos e inspe\u00e7\u00f5es do comprador<\/li>\n<li>Organizando e conduzindo o leil\u00e3o<\/li>\n<li>Acordos p\u00f3s-venda<\/li>\n<\/ul>\n<p>Todos os clientes - estejam eles vendendo um ou cem itens - s\u00e3o tratados com o mesmo servi\u00e7o cort\u00eas e profissional de pessoas que entendem do seu setor e do seu neg\u00f3cio.<\/p>\n<p><strong>Como comercializamos seu estoque.<\/strong><\/p>\n<p>H\u00e1 uma grande diferen\u00e7a entre uma simples listagem online e marketing ativo. Quando voc\u00ea vende com <span style=\"font-size: inherit;\">Leil\u00f5es e Dabbid de Denis A. Barrett<\/span>.com, voc\u00ea alcan\u00e7a todos os compradores em potencial - locais e internacionais, experientes on-line e mais tradicionais - para obter os melhores resultados.<\/p>\n<p>Temos um enorme banco de dados de compradores qualificados e os direcionamos com marketing multicanal e multil\u00edngue, incluindo:<\/p>\n<ul>\n<li>Listagens detalhadas em dabbid.com - nosso site multil\u00edngue l\u00edder do setor<\/li>\n<li>Publicidade na internet<\/li>\n<li>Email e mala direta<\/li>\n<li>Brochuras coloridas do leil\u00e3o<\/li>\n<li>Publicidade em publica\u00e7\u00f5es da ind\u00fastria - impressa e online<\/li>\n<li>Publicidade local - jornais e r\u00e1dio<\/li>\n<li>RP e m\u00eddia social<\/li>\n<\/ul>\n<p><strong>Deixe que Denis A. Barrett Auctions &amp; Dabbid.com traga os compradores at\u00e9 voc\u00ea<\/strong><\/p>\n<p>Quando voc\u00ea vende com Denis A. Barrett Auctions e Dabbid.com, voc\u00ea se beneficia dos servi\u00e7os de um dos maiores e mais experientes departamentos de marketing do setor, proporcionando exposi\u00e7\u00e3o de seu estoque a compradores em todo o mundo.<\/p>\n<p>Voc\u00ea tamb\u00e9m se beneficia de tudo o que fazemos para atrair compradores:<\/p>\n<ul>\n<li>Leil\u00f5es estritamente sem reserva<\/li>\n<li>Site otimizado para mecanismo de pesquisa, multil\u00edngue, com informa\u00e7\u00f5es detalhadas do estoque<\/li>\n<li>Sites de leil\u00e3o de primeira classe, com estoque. dispon\u00edvel para testar e inspecionar<\/li>\n<li>L\u00edder do setor, on-line f\u00e1cil de usar <a href=\"https:\/\/dabbid.hibid.com\/auctions\/\" target=\"_blank\" rel=\"noopener noreferrer\">plataforma de licita\u00e7\u00e3o<\/a><\/li>\n<li>Limpe o t\u00edtulo ou ofereceremos ao comprador um reembolso<\/li>\n<li>Financiamento de leil\u00e3o de at\u00e9 100% dispon\u00edvel<\/li>\n<li>Financiamento, frete, seguro e outros servi\u00e7os<\/li>\n<\/ul>\n<p>N\u00e3o encontrou o que deseja? Contate diretamente por meio de nosso&nbsp;<a href=\"https:\/\/denisbarrett.com\/pt\/contact-us\/\">Contate-Nos<\/a> ou Contate-nos confidencialmente para discutir qualquer um de seus requisitos de reestrutura\u00e7\u00e3o estrat\u00e9gica e recupera\u00e7\u00e3o corporativa.<\/p>\n<p>Para agendar uma consulta conosco, ent\u00e3o <a href=\"https:\/\/denisbarrett.com\/pt\/contact-us\/\">Deixe-nos uma mensagem<\/a>! ou porque n\u00e3o ligar, +353 (0) 86 410 9848<\/p>\n<p>Voc\u00ea tamb\u00e9m pode manter contato via&nbsp;<a href=\"https:\/\/ie.linkedin.com\/in\/denis-barrett-05675213\">LinkedIn<\/a>,&nbsp;<a href=\"https:\/\/www.facebook.com\/DabbidOnlineAuctions\/\">Facebook<\/a>&nbsp;e&nbsp;<a href=\"https:\/\/twitter.com\/dabbidauction\">Twitter<\/a>.<\/p>\n<p style=\"text-align: center;\"><a href=\"https:\/\/denisbarrett.com\/pt\/further-information\/\">Voltar para a p\u00e1gina de mais informa\u00e7\u00f5es:<\/a><\/p>\n<\/div>","protected":false},"excerpt":{"rendered":"<p>Our Auction Process: Denis A. Barrett Auctions &amp; Dabbid.com sells more used stock than any other company, including construction stock, farm stock, machinery and much more. We conduct hundreds of unreserved public auctions each year, selling billions of dollars of heavy stock for private individuals and companies of all sizes; we also operate a secure [&hellip;]<\/p>\n","protected":false},"author":1,"featured_media":0,"parent":0,"menu_order":0,"comment_status":"closed","ping_status":"closed","template":"","meta":{"_et_pb_use_builder":"","_et_pb_old_content":"","_et_gb_content_width":"1080","footnotes":""},"class_list":["post-552","page","type-page","status-publish","hentry"],"brizy_media":[],"_links":{"self":[{"href":"https:\/\/denisbarrett.com\/pt\/wp-json\/wp\/v2\/pages\/552","targetHints":{"allow":["GET"]}}],"collection":[{"href":"https:\/\/denisbarrett.com\/pt\/wp-json\/wp\/v2\/pages"}],"about":[{"href":"https:\/\/denisbarrett.com\/pt\/wp-json\/wp\/v2\/types\/page"}],"author":[{"embeddable":true,"href":"https:\/\/denisbarrett.com\/pt\/wp-json\/wp\/v2\/users\/1"}],"replies":[{"embeddable":true,"href":"https:\/\/denisbarrett.com\/pt\/wp-json\/wp\/v2\/comments?post=552"}],"version-history":[{"count":9,"href":"https:\/\/denisbarrett.com\/pt\/wp-json\/wp\/v2\/pages\/552\/revisions"}],"predecessor-version":[{"id":2964,"href":"https:\/\/denisbarrett.com\/pt\/wp-json\/wp\/v2\/pages\/552\/revisions\/2964"}],"wp:attachment":[{"href":"https:\/\/denisbarrett.com\/pt\/wp-json\/wp\/v2\/media?parent=552"}],"curies":[{"name":"wp","href":"https:\/\/api.w.org\/{rel}","templated":true}]}}