{"id":477,"date":"2018-02-20T08:23:34","date_gmt":"2018-02-20T08:23:34","guid":{"rendered":"https:\/\/denisbarrett.com\/?page_id=477"},"modified":"2020-12-19T20:13:30","modified_gmt":"2020-12-19T20:13:30","slug":"delicia-philanthropic-auctions","status":"publish","type":"page","link":"https:\/\/denisbarrett.com\/pt\/delicia-philanthropic-auctions\/","title":{"rendered":"Filantr\u00f3pico"},"content":{"rendered":"<p>Delicia Philanthropic \u00e9 a nossa Divis\u00e3o de Consultoria e Leil\u00e3o de Benef\u00edcios<\/p>\n\n\n\n<p>Delicia Philanthropic \u00e9 a Divis\u00e3o de Consultoria e Leil\u00e3o de Benef\u00edcios do Grupo Denis A. Barrett Leil\u00e3o. \u00c9 aqui que retribu\u00edmos, garantindo que as organiza\u00e7\u00f5es para as quais trabalhamos gerem o m\u00e1ximo de receita poss\u00edvel para garantir o financiamento de suas necessidades e desejos.<\/p>\n\n\n\n<p>Voc\u00ea est\u00e1 pronto para arrecadar mais para sua organiza\u00e7\u00e3o sem fins lucrativos?&nbsp;<\/p>\n\n\n\n<p>Veja como Delicia Philanthropic Services pode ajud\u00e1-lo!<\/p>\n\n\n\n<p>Podemos oferecer conselhos e suporte em qualquer est\u00e1gio, mas descobrimos que quanto mais cedo estivermos envolvidos, maior ser\u00e1 o benef\u00edcio que podemos ser.<\/p>\n\n\n\n<p class=\"has-text-align-center has-background\" style=\"background-color:#d2b766\">Sobre:<\/p>\n\n\n\n<p>Ao realizar um evento que exige um leiloeiro, voc\u00ea pode \u00e0s vezes encontrar ouro com a ajuda de pessoas bem-intencionadas, mas lembre-se, voc\u00ea s\u00f3 tem uma chance, sua reputa\u00e7\u00e3o est\u00e1 em jogo e, para ser franco, &quot;\u00e0s vezes&quot; nunca vale a pena apostar.<\/p>\n\n\n\n<p>Com mais de 22 anos de experi\u00eancia neste campo, deixe-me tirar a incerteza e a preocupa\u00e7\u00e3o de seus ombros e deix\u00e1-lo desfrutar de um Leil\u00e3o de sucesso. Se voc\u00ea precisa que algu\u00e9m se levante em uma sala lotada e extraia dinheiro (da maneira mais agrad\u00e1vel poss\u00edvel) da multid\u00e3o reunida ... Denis Barrett \u00e9 o seu homem. \u201d<\/p>\n\n\n\n<p>Denis Barrett, um vibrante profissional de leil\u00f5es, prospera com os clientes e institui\u00e7\u00f5es de caridade que ap\u00f3ia, o p\u00fablico e a emo\u00e7\u00e3o de arrecadar fundos. Denis \u00e9 um homem din\u00e2mico cuja paix\u00e3o \u00e9 viver a vida ao m\u00e1ximo e proporcionar positividade a todos que encontra. Seu interesse em arrecada\u00e7\u00e3o de fundos come\u00e7ou cedo e continuou a florescer ao longo de sua carreira profissional.<\/p>\n\n\n\n<p>Formado pelo World Wide College of Auctioneering, Denis fez seu amor por falar sobre tudo e qualquer coisa, uma profiss\u00e3o plenamente realizada. Apaixonado por cada cliente e institui\u00e7\u00e3o de caridade com que trabalha, prestar\u00e1 servi\u00e7o e conhecimento inigual\u00e1veis dos itens e das organiza\u00e7\u00f5es.<\/p>\n\n\n\n<p>Constantemente referido como \u201cvibrante\u201d e um verdadeiro artista, Denis ilumina a multid\u00e3o com sua energia positiva, sua precis\u00e3o e sua capacidade de manter o p\u00fablico, seja grande ou pequeno, completamente envolvido.&nbsp;&nbsp;<\/p>\n\n\n\n<div class=\"wp-block-group is-layout-flow wp-block-group-is-layout-flow\"><div class=\"wp-block-group__inner-container\"><\/div><\/div>\n\n\n\n<div class=\"wp-block-group\"><div class=\"wp-block-group__inner-container is-layout-flow wp-block-group-is-layout-flow\">\n<div class=\"wp-block-group\"><div class=\"wp-block-group__inner-container is-layout-flow wp-block-group-is-layout-flow\">\n<div class=\"wp-block-group\"><div class=\"wp-block-group__inner-container is-layout-flow wp-block-group-is-layout-flow\">\n<div class=\"wp-block-group has-background\" style=\"background-color:#d2b766\"><div class=\"wp-block-group__inner-container is-layout-flow wp-block-group-is-layout-flow\">\n<p class=\"has-text-align-center\">Porque?<\/p>\n\n\n\n<ul class=\"wp-block-list\"><li>Na Delicia amamos o que fazemos e o fazemos bem!<\/li><li>Delicia realiza leil\u00f5es de benef\u00edcios de todos os tipos - inclusive online.<\/li><li>Delicia torna seus leil\u00f5es divertidos!<\/li><li>Delicia acredita no valor dos leil\u00f5es de arrecada\u00e7\u00e3o de fundos.<\/li><li>Delicia homenageia sua organiza\u00e7\u00e3o e a representa profissionalmente.<\/li><li>Delicia se comporta como profissional.<\/li><li>Delicia participa de educa\u00e7\u00e3o continuada.<\/li><\/ul>\n\n\n\n<p>Como leiloeiro profissional de arrecada\u00e7\u00e3o de fundos, Denis gera mais receita e tamb\u00e9m torna a noite agrad\u00e1vel e memor\u00e1vel para seus convidados.<\/p>\n\n\n\n<p class=\"has-text-align-center\">Deixe-o ajud\u00e1-lo a tornar seu pr\u00f3ximo leil\u00e3o o mais lucrativo de todos!<\/p>\n<\/div><\/div>\n<\/div><\/div>\n<\/div><\/div>\n\n\n\n<div class=\"wp-block-group is-layout-flow wp-block-group-is-layout-flow\"><div class=\"wp-block-group__inner-container\"><\/div><\/div>\n<\/div><\/div>\n\n\n\n<p><\/p>\n\n\n\n<p>Consultoria em leil\u00e3o de benef\u00edcios:<\/p>\n\n\n\n<p class=\"has-text-align-center\"><em>Seu planejamento deve ser dedicado \u00e0 sua organiza\u00e7\u00e3o sem fins lucrativos.<\/em> <em>Deixe-nos mostrar como lidamos com o resto.<\/em><\/p>\n\n\n\n<p>Processar:<\/p>\n\n\n\n<p>Se voc\u00ea est\u00e1 se perguntando &quot;Por onde come\u00e7amos?&quot;<\/p>\n\n\n\n<p>Est\u00e1 bem aqui.<\/p>\n\n\n\n<p>Planejar um benef\u00edcio de arrecada\u00e7\u00e3o de fundos ou um leil\u00e3o silencioso de caridade pode ser opressor, e \u00e9 f\u00e1cil come\u00e7ar a organizar antes de sentir que est\u00e1 fazendo mais malabarismos do que um polvo poderia suportar. Soa familiar? Talvez n\u00e3o a parte do polvo, mas o resto?<\/p>\n\n\n\n<p>Felizmente, existe algu\u00e9m que pode tirar o estresse de planejar um leil\u00e3o de arrecada\u00e7\u00e3o de fundos de seus ombros, e voc\u00ea o encontrou. Delicia \u00e9 mais do que um leiloeiro para arrecada\u00e7\u00e3o de fundos ou um planejador de eventos de benef\u00edcios de caridade, mas tamb\u00e9m um recurso. Combinamos o melhor dos leil\u00f5es silenciosos e ao vivo e do planejamento de eventos de arrecada\u00e7\u00e3o de fundos para criar eventos de alta qualidade e um ambiente que deixa seus convidados animados para apoiar sua causa todos os anos.<\/p>\n\n\n\n<p>Noite de leil\u00e3o de arrecada\u00e7\u00e3o de fundos<\/p>\n\n\n\n<p>Com o conhecimento de como criar sua lista de convidados de benef\u00edcios de caridade, treine seus volunt\u00e1rios e conecte-se com os doadores mais generosos. Delicia oferece leiloeiros e assistentes de arrecada\u00e7\u00e3o de fundos premiados para entreter seus convidados para todo o benef\u00edcio de caridade. \u00c9 aqui que poder\u00edamos dizer algo como colocar a DIVERS\u00c3O na arrecada\u00e7\u00e3o de fundos, mas vamos nos abster, porque isso pode ser extravagante. Em vez disso, apenas prometeremos encantar e entreter seus convidados, usando nossa habilidade estrat\u00e9gica para criar o clima para as doa\u00e7\u00f5es mais generosas.<\/p>\n\n\n\n<p>Alugue Delicia para seu pr\u00f3ximo leil\u00e3o. Adorar\u00edamos trabalhar com voc\u00ea.<\/p>\n\n\n\n<p>Consultando:<\/p>\n\n\n\n<p>Somos Delicia, a sua consulta inicial \u00e9 gratuita. A arrecada\u00e7\u00e3o de fundos \u00e0s vezes pode parecer confusa, at\u00e9 mesmo assustadora ... mas n\u00e3o precisa ser. Entre em contato com a equipe Delicia para se encontrar com voc\u00ea e discutir o seu evento e necessidades espec\u00edficas. Voc\u00ea aprender\u00e1 como nossos servi\u00e7os o ajudar\u00e3o a alcan\u00e7ar seus objetivos.<\/p>\n\n\n\n<p>N\u00e3o fa\u00e7a isso sozinho - aproveite a experi\u00eancia e conhecimento do Delicia. Eles far\u00e3o seu evento funcionar sem problemas e aumentar\u00e3o seus resultados financeiros.<\/p>\n\n\n\n<p>Ao contratar Delicia para conduzir seu leil\u00e3o de arrecada\u00e7\u00e3o de fundos, voc\u00ea receber\u00e1 ampla consultoria pr\u00e9-leil\u00e3o. Quer o seu evento seja um novo empreendimento ou uma tradi\u00e7\u00e3o da comunidade, eles trabalham com voc\u00ea para maximizar o potencial de receita do seu evento, garantindo um evento divertido, divertido e emocionante.<\/p>\n\n\n\n<p>Voc\u00ea pode esperar solu\u00e7\u00f5es criativas para os desafios que seu comit\u00ea de planejamento enfrenta. Sua organiza\u00e7\u00e3o receber\u00e1 orienta\u00e7\u00e3o desde o planejamento inicial at\u00e9 o encerramento p\u00f3s-evento. Eles trabalham exclusivamente com associa\u00e7\u00f5es, funda\u00e7\u00f5es, institui\u00e7\u00f5es de caridade e outras organiza\u00e7\u00f5es sem fins lucrativos. Eles trabalham com voc\u00ea para garantir que seu pr\u00f3ximo leil\u00e3o seja o mais bem-sucedido de todos os tempos!<\/p>\n\n\n\n<p>Demora entre 6 a 12 meses de trabalho \u00e1rduo e planejamento para colocar em um leil\u00e3o de benef\u00edcios bem-sucedido. N\u00e3o faz sentido contratar uma equipe profissional de leil\u00f5es de benef\u00edcios para ajud\u00e1-lo a planejar o evento e conduzir o leil\u00e3o ao vivo?<\/p>\n\n\n\n<p>Muitas organiza\u00e7\u00f5es trabalham um ano inteiro para criar uma noite m\u00e1gica. Eles obt\u00eam itens fant\u00e1sticos para o leil\u00e3o, persuadem pessoas importantes a comparecer ao evento e ent\u00e3o passam a noite para algu\u00e9m que n\u00e3o est\u00e1 qualificado para conduzir o leil\u00e3o.<\/p>\n\n\n\n<p>N\u00e3o cometa esse erro !! Sua organiza\u00e7\u00e3o - e os clientes que ela atende - dependem do sucesso de seu leil\u00e3o. N\u00e3o espere at\u00e9 o \u00faltimo minuto para entrar em contato com a equipe Delicia! O momento, a estrutura e o fluxo de seu evento s\u00e3o extremamente cruciais. Cada evento anda na corda bamba entre uma &quot;festa&quot; e uma &quot;arrecada\u00e7\u00e3o de fundos&quot;. Encontrar o equil\u00edbrio certo garante que seus convidados se divirtam enquanto voc\u00ea gera os euros de que sua organiza\u00e7\u00e3o precisa.<\/p>\n\n\n\n<p>\u00c1reas de Consultoria:<\/p>\n\n\n\n<ul class=\"wp-block-list\"><li>Calend\u00e1rio \/ cronogramas de planejamento de leil\u00e3o<\/li><li>Desenvolvendo seu tema<\/li><li>Local do leil\u00e3o e de quanto espa\u00e7o voc\u00ea precisa para seu evento<\/li><li>N\u00famero correto de itens de leil\u00e3o ao vivo e silencioso<\/li><li>Jogos de leil\u00e3o e outras ideias para aumentar a receita<\/li><li>Ideias de aquisi\u00e7\u00e3o de item - o que vende - parte de aquisi\u00e7\u00e3o - itens de fator surpreendente<\/li><li>Desenvolvimento de p\u00fablico<\/li><li>Leil\u00e3o silencioso<\/li><li>Itens<\/li><li>Exibi\u00e7\u00e3o<\/li><li>Espa\u00e7o necess\u00e1rio<\/li><li>Hora de fechamento adequada e ordem<\/li><li>Tabuleiro grande<\/li><li>Configura\u00e7\u00e3o da sala<\/li><\/ul>\n\n\n\n<p>Servi\u00e7os adicionais:<\/p>\n\n\n\n<p class=\"has-text-align-center\">\u201cLEIL\u00d5ES DE ARRECADA\u00c7\u00c3O AO VIVO N\u00c3O S\u00c3O IGUAIS A QUALQUER OUTRO EVENTO DE CARIDADE\u201d<\/p>\n\n\n\n<p>Eles oferecem desafios \u00fanicos, uma vez que o objetivo n\u00e3o \u00e9 apenas vender itens, mas tamb\u00e9m deixar o p\u00fablico animado com a miss\u00e3o da sua organiza\u00e7\u00e3o. N\u00f3s inspiramos o p\u00fablico para que d\u00ea lances altos e com frequ\u00eancia!<\/p>\n\n\n\n<p>Escolher a equipe certa para motivar seus convidados a abrirem seus tal\u00f5es de cheques se pagar\u00e1! Como leiloeiros profissionais, geraremos mais receita, comunicaremos sua miss\u00e3o e tornaremos a noite mais agrad\u00e1vel para seus convidados. As organiza\u00e7\u00f5es acreditam que economizar\u00e3o dinheiro usando um volunt\u00e1rio ou uma celebridade local para realizar o leil\u00e3o. Embora usar um volunt\u00e1rio em vez de um leiloeiro pago possa parecer uma op\u00e7\u00e3o menos dispendiosa, sua organiza\u00e7\u00e3o perder\u00e1 receita. Os novatos deixam dinheiro na mesa porque n\u00e3o conseguem maximizar os lances.<\/p>\n\n\n\n<p>Da mesma forma, Delicia tamb\u00e9m fornece homens de anel profissionais (assistentes de leiloeiro) em vez de contar com volunt\u00e1rios. Os homens do ringue profissionais s\u00e3o treinados para ajudar e se comunicar adequadamente com seus convidados durante o leil\u00e3o ao vivo. Eles s\u00e3o estimuladores do leil\u00e3o e s\u00e3o membros valiosos da equipe do leil\u00e3o. Eles sabem como fazer com que o convidado d\u00ea um lance mais algumas vezes em um item, o que aumenta muito o dinheiro arrecadado durante o leil\u00e3o ao vivo. Por essas raz\u00f5es, as contribui\u00e7\u00f5es feitas por homens de anel profissionais em um leil\u00e3o de benef\u00edcios s\u00e3o mais valiosas para os esfor\u00e7os de arrecada\u00e7\u00e3o de fundos do que uma equipe volunt\u00e1ria de observadores de licita\u00e7\u00f5es em seu evento.<\/p>\n\n\n\n<p>Os funcion\u00e1rios da Delicia s\u00e3o leiloeiros e homens do ringue eficazes. Entendemos o ambiente de arrecada\u00e7\u00e3o de fundos melhor do que um volunt\u00e1rio ou celebridade. <\/p>\n\n\n\n<p>Se voc\u00ea quiser levar sua arrecada\u00e7\u00e3o de fundos a outro n\u00edvel, considere adicionar um leil\u00e3o online ao evento ao vivo.<\/p>\n\n\n\n<p>Licita\u00e7\u00e3o online:<\/p>\n\n\n\n<p>Benef\u00edcios de adicionar um leil\u00e3o online ao seu evento!<\/p>\n\n\n\n<p>Ao adicionar um leil\u00e3o online ao seu evento ao vivo, voc\u00ea pode anunciar o evento, homenagear seus patrocinadores e dar lances ausentes semanas antes de sua gala - aumentando assim o conhecimento de sua organiza\u00e7\u00e3o e arrecadando mais dinheiro! A maioria dos licitantes considera suas compras em leil\u00f5es online fora de suas ofertas anuais habituais.<\/p>\n\n\n\n<p>Leil\u00f5es de arrecada\u00e7\u00e3o de fundos online beneficiam institui\u00e7\u00f5es de caridade, licitantes e patrocinadores:<\/p>\n\n\n\n<p>\u2022 Organiza\u00e7\u00f5es sem fins lucrativos \/ institui\u00e7\u00f5es de caridade se beneficiam porque alcan\u00e7am um p\u00fablico mais amplo, arrecadando mais dinheiro e conscientizando sua causa.<\/p>\n\n\n\n<p>\u2022 Os licitantes se beneficiam ao poder licitar e comprar itens conforme sua conveni\u00eancia e, ao mesmo tempo, apoiar suas causas favoritas. O leil\u00e3o online os conecta ao seu leil\u00e3o, mesmo que eles n\u00e3o possam comparecer \u00e0 sua festa!<\/p>\n\n\n\n<p>\u2022 Patrocinadores se beneficiam com a publicidade em seu site. Um leil\u00e3o online gera muito tr\u00e1fego para o site e as empresas se beneficiam da exposi\u00e7\u00e3o online positiva.<\/p>\n\n\n\n<p>Eventos Apenas Online<\/p>\n\n\n\n<p>Se sua organiza\u00e7\u00e3o n\u00e3o possui os recursos necess\u00e1rios para realizar um evento de gala, considere um leil\u00e3o apenas online. Conduzir um leil\u00e3o online com Delicia pode ser um mecanismo aut\u00f4nomo de arrecada\u00e7\u00e3o de fundos que atrai compradores de todo o mundo e educa um amplo p\u00fablico sobre sua causa.<\/p>","protected":false},"excerpt":{"rendered":"<p>Delicia Philanthropic is our Benefits Consulting &amp; Auction Division Delicia Philanthropic is the Benefits Consulting &amp; Auction Division of the Denis A. Barrett Auction Group. This is where we give back through ensuring the organisations we work for generate as much Revenue as possible to ensure fund there needs and desires. Are you ready to [&hellip;]<\/p>\n","protected":false},"author":1,"featured_media":0,"parent":0,"menu_order":0,"comment_status":"closed","ping_status":"closed","template":"","meta":{"_et_pb_use_builder":"","_et_pb_old_content":"","_et_gb_content_width":"1080","footnotes":""},"class_list":["post-477","page","type-page","status-publish","hentry"],"brizy_media":[],"_links":{"self":[{"href":"https:\/\/denisbarrett.com\/pt\/wp-json\/wp\/v2\/pages\/477","targetHints":{"allow":["GET"]}}],"collection":[{"href":"https:\/\/denisbarrett.com\/pt\/wp-json\/wp\/v2\/pages"}],"about":[{"href":"https:\/\/denisbarrett.com\/pt\/wp-json\/wp\/v2\/types\/page"}],"author":[{"embeddable":true,"href":"https:\/\/denisbarrett.com\/pt\/wp-json\/wp\/v2\/users\/1"}],"replies":[{"embeddable":true,"href":"https:\/\/denisbarrett.com\/pt\/wp-json\/wp\/v2\/comments?post=477"}],"version-history":[{"count":13,"href":"https:\/\/denisbarrett.com\/pt\/wp-json\/wp\/v2\/pages\/477\/revisions"}],"predecessor-version":[{"id":2962,"href":"https:\/\/denisbarrett.com\/pt\/wp-json\/wp\/v2\/pages\/477\/revisions\/2962"}],"wp:attachment":[{"href":"https:\/\/denisbarrett.com\/pt\/wp-json\/wp\/v2\/media?parent=477"}],"curies":[{"name":"wp","href":"https:\/\/api.w.org\/{rel}","templated":true}]}}