{"id":2565,"date":"2020-05-28T18:10:06","date_gmt":"2020-05-28T17:10:06","guid":{"rendered":"https:\/\/denisbarrett.com\/?page_id=2565"},"modified":"2020-12-25T14:07:27","modified_gmt":"2020-12-25T14:07:27","slug":"seller-information","status":"publish","type":"page","link":"https:\/\/denisbarrett.com\/pt\/seller-information\/","title":{"rendered":"Informa\u00e7\u00f5es do vendedor"},"content":{"rendered":"<p>Como Vender \u201cThe DAB Livestock Auction Hub Way\u201d<\/p>\n\n\n\n<p>O DAB Livestock Auction Hub criou um mercado nacional de gado onde os pre\u00e7os s\u00e3o descobertos, atrav\u00e9s de licita\u00e7\u00f5es, independentemente das condi\u00e7\u00f5es clim\u00e1ticas locais ou da demanda. Por meio de sua rede de marketing em todo o pa\u00eds, o DAB Livestock Auction Hub pode atender vendedores e compradores em todos os Estados Unidos.<\/p>\n\n\n\n<p>O gado \u00e9 vendido sob contrato para entrega imediata ou futura, o que atender \u00e0s suas necessidades e expectativas do mercado. Ao contr\u00e1rio dos m\u00e9todos convencionais de comercializa\u00e7\u00e3o, voc\u00ea tem a oportunidade de oferecer seu gado, em leil\u00e3o, a mais de 2.500 compradores registrados enquanto ainda est\u00e3o em sua fazenda ou propriedade e exibidos em seu ambiente natural.<\/p>\n\n\n\n<p>Para iniciar o processo, visite nosso&nbsp;<a href=\"https:\/\/denisbarrett.com\/pt\/find-a-representative\/\">P\u00e1gina Encontre um Representante<\/a> e procure o representante ou representantes mais pr\u00f3ximos de voc\u00ea. Ou voc\u00ea pode nos ligar e n\u00f3s o ajudaremos a encontrar um representante perto de voc\u00ea.<\/p>\n\n\n\n<p>Voc\u00ea tem tr\u00eas op\u00e7\u00f5es de marketing por meio de leil\u00f5es e vendas de linhagem de Denis A. Barrett.<\/p>\n\n\n\n<ul class=\"wp-block-list\"><li>Nossos Leil\u00f5es de Produ\u00e7\u00e3o de Pedigree:<ul><li>Isso \u00e9 para estoque registrado, n\u00e3o registrado para gado leiteiro e de cria\u00e7\u00e3o e reposi\u00e7\u00e3o.&nbsp;<\/li><\/ul><\/li><\/ul>\n\n\n\n<ul class=\"wp-block-list\"><li>Leil\u00e3o de gado online: (OLA)<\/li><\/ul>\n\n\n\n<ul class=\"wp-block-list\"><li>Isto \u00e9 mais adequado para gado n\u00e3o reprodutor - desmamados, dep\u00f3sitos, bois gordos, vacas de descarte, novilhas desmamadas e a\u00e7ougueiras.<\/li><\/ul>\n\n\n\n<ul class=\"wp-block-list\"><li>Aceita cargas individuais e em grupo.<\/li><\/ul>\n\n\n\n<p>Todas as informa\u00e7\u00f5es s\u00e3o correlacionadas a partir de fontes confi\u00e1veis - consulte tamb\u00e9m as diretrizes que nossos representantes utilizam nas inspe\u00e7\u00f5es de animais.<\/p>\n\n\n\n<p>Importamos os dados dos animais da Animal Identification and Movements (AIM), Irish Cattle Breeding Federation (ICBF) para a plataforma DAB Livestock Hub.<\/p>\n\n\n\n<p>Os v\u00eddeos s\u00e3o gravados na fazenda e carregados no sistema DAB Livestock Hub.<\/p>\n\n\n\n<p>Pesos confirmados s\u00e3o inseridos, usando as pr\u00f3prias balan\u00e7as dos vendedores, mas os pesos s\u00e3o confirmados por um inspetor do Livestock Hub, Vet, Consultor Teagasc etc. tamb\u00e9m pode ser usado.<\/p>\n\n\n\n<p>Os pesos estimados s\u00e3o inseridos, a menos que o vendedor tenha uma balan\u00e7a. Se apenas os pesos estimados fossem fornecidos, os pesos seriam verificados atrav\u00e9s do sistema acima ou atrav\u00e9s do FRS ou similar e o pre\u00e7o por quilo alterado com base no peso real.<\/p>\n\n\n\n<p>Os compradores ent\u00e3o coletariam os animais ou providenciariam para que os animais fossem coletados na fazenda ou propriedade. O Centro de Gado estaria presente para o carregamento ou o Transportador de Gado de Confian\u00e7a. Os movimentos do CMMS \/ AIM seriam tratados neste ponto.<\/p>\n\n\n\n<p>O DAB Livestock Auction Hub realiza leil\u00f5es de produ\u00e7\u00e3o ao longo do ano e vendas Farm to Farm - Daily Marketplace \/ Buy Now diariamente. Os leil\u00f5es de v\u00eddeo s\u00e3o transmitidos ao vivo pela Internet a partir do escrit\u00f3rio e est\u00fadio do DAB Livestock Auction Hub.<\/p>\n\n\n\n<p>O gado \u00e9 colocado \u00e0 venda na p\u00e1gina Farm to Farm - Daily Marketplace Buy Now todos os dias da semana e todas as semanas do ano.<\/p>\n\n\n\n<p>Quando voc\u00ea consigna seu gado, um representante do centro de leil\u00f5es DAB Livestock vai at\u00e9 sua fazenda ou propriedade para filmar seu gado e preparar um contrato de remessa descrevendo o gado e estabelecendo os termos e condi\u00e7\u00f5es da venda.<\/p>\n\n\n\n<p>Voc\u00ea tamb\u00e9m assina um formul\u00e1rio de autoriza\u00e7\u00e3o que nos permite importar os dados dos animais de Identifica\u00e7\u00e3o e Movimentos de Animais (AIM), Federa\u00e7\u00e3o Irlandesa de Cria\u00e7\u00e3o de Gado (ICBF) para a plataforma DAB Livestock Hub. Todas as informa\u00e7\u00f5es relevantes s\u00e3o impressas em um cat\u00e1logo de vendas que est\u00e1 dispon\u00edvel para os compradores verem na vers\u00e3o impressa ou online.&nbsp;<\/p>\n\n\n\n<p>Se voc\u00ea optar por vender em leil\u00f5es ao vivo e de v\u00eddeo de produ\u00e7\u00e3o catalogada, o cat\u00e1logo ser\u00e1 enviado pelo correio ou por e-mail aos compradores em potencial pelo menos uma semana antes do leil\u00e3o. Tamb\u00e9m est\u00e1 dispon\u00edvel na Internet uma semana antes do leil\u00e3o. O filme \u00e9 editado para transmiss\u00e3o no dia da venda e tamb\u00e9m est\u00e1 dispon\u00edvel na internet para que os compradores vejam o gado antes do leil\u00e3o.&nbsp;<\/p>\n\n\n\n<p>Se voc\u00ea optar por vender em nosso <u><strong><a rel=\"noreferrer noopener\" href=\"https:\/\/livedenisbarrett.com\/\" target=\"_blank\">Plataforma de leil\u00e3o de gado<\/a><\/strong><\/u> o cat\u00e1logo e o v\u00eddeo est\u00e3o dispon\u00edveis na internet ou por e-mail dois dias antes do leil\u00e3o.&nbsp;<\/p>\n\n\n\n<p>Se voc\u00ea optar por vender seu gado na p\u00e1gina Farm to Farm - Daily Marketplace \/ Buy Now, o cat\u00e1logo e o v\u00eddeo estar\u00e3o dispon\u00edveis na internet para os compradores no dia em que voc\u00ea os colocar \u00e0 venda.<\/p>\n\n\n\n<p>Ap\u00f3s a venda do seu gado, o representante do centro de leil\u00f5es DAB Livestock coordenar\u00e1 os detalhes de entrega entre voc\u00ea e o comprador. O Representante do Centro de Leil\u00f5es DAB Pecu\u00e1ria estar\u00e1 na entrega para supervisionar a triagem e o embarque do gado.<\/p>\n\n\n\n<p>Assim que o pagamento for recebido, imediatamente transferimos o dinheiro para a conta do vendedor.&nbsp;<\/p>\n\n\n\n<p>Vantagens de vender \u201cA maneira do centro de leil\u00f5es de gado DAB\u201d<\/p>\n\n\n\n<ul class=\"wp-block-list\"><li>O gado \u00e9 vendido ainda na quinta ou explora\u00e7\u00e3o.<\/li><li>O gado \u00e9 mostrado aos compradores em seu ambiente natural.<\/li><li>N\u00e3o h\u00e1 estresse adicionado ao gado, portanto, encolhe menos.<\/li><li>O gado \u00e9 apresentado a mais de 8.500 compradores cadastrados.<\/li><li>Os vendedores podem estabelecer uma reputa\u00e7\u00e3o para seu gado no mercado nacional.<\/li><li>Os vendedores podem aproveitar os programas de \u201cValor Agregado\u201d que geram pr\u00eamios para seu gado.<\/li><li>Os vendedores n\u00e3o t\u00eam despesas com caminh\u00f5es.<\/li><li>Os vendedores determinam as condi\u00e7\u00f5es de pesagem.<\/li><li>Os vendedores podem vender sob contrato para entrega futura e aproveitar as atuais condi\u00e7\u00f5es de mercado.<\/li><li>Os vendedores lidam diretamente com o representante do centro de leil\u00f5es DAB Livestock.&nbsp;<\/li><li>Os vendedores s\u00e3o pagos por seu gado pelo DAB Livestock Auction Hub por meio de uma conta de cliente vinculada.<\/li><\/ul>\n\n\n\n<p>Combinamos um servi\u00e7o tradicional e profissional com a mais recente tecnologia e m\u00e9todos de marketing modernos, por isso, sejam quais forem as suas necessidades de gado ou podemos ajud\u00e1-lo.<\/p>\n\n\n\n<p>Denis A. Barrett Auctioneers dedica-se ao servi\u00e7o e satisfa\u00e7\u00e3o do cliente. Atrav\u00e9s de nossas diferentes divis\u00f5es, oferecemos uma gama completa de servi\u00e7os para atender nossa ampla gama de clientes. voc\u00ea tem alguma pergunta ou coment\u00e1rio ou se gostaria de discutir em mais detalhes sobre algum de nossos servi\u00e7os ou como podemos benefici\u00e1-lo, n\u00e3o hesite em nos contatar usando os detalhes abaixo.<\/p>\n\n\n\n<figure class=\"wp-block-image\"><img loading=\"lazy\" decoding=\"async\" width=\"1024\" height=\"134\" src=\"https:\/\/denisbarrett.com\/wp-content\/uploads\/2019\/09\/Logo-Jpeg-1024x134.jpg\" alt=\"\" class=\"wp-image-1229\"\/><\/figure>\n\n\n\n<p class=\"has-text-align-center\"><strong>Contate-Nos:<\/strong><\/p>\n\n\n\n<p class=\"has-text-align-center\">Ligue: +353 (0) 86 410 9848<\/p>\n\n\n\n<p class=\"has-text-align-center\">O email:&nbsp;<a href=\"mailto:info@denisbarrett.com\">info@denisbarrett.com<\/a><\/p>\n\n\n\n<p class=\"has-text-align-center\">Voc\u00ea tamb\u00e9m pode manter contato via&nbsp;<a rel=\"noreferrer noopener\" href=\"https:\/\/ie.linkedin.com\/in\/denis-barrett-05675213\" target=\"_blank\">LinkedIn<\/a>,&nbsp;<a rel=\"noreferrer noopener\" href=\"https:\/\/www.facebook.com\/denis.barrett\" target=\"_blank\">Facebook<\/a>&nbsp;e&nbsp;<a rel=\"noreferrer noopener\" href=\"https:\/\/twitter.com\/DenisABarrett\" target=\"_blank\">Twitter.<\/a><\/p>","protected":false},"excerpt":{"rendered":"<p>How To Sell\u2028\u201cThe DAB Livestock Auction Hub Way\u201d DAB Livestock Auction Hub has created a national livestock market where prices are discovered, through competitive bidding, without regard to local climate conditions or demand. Through its nationwide marketing network, DAB Livestock Auction Hub can serve sellers and buyers throughout the United States. Cattle are sold on [&hellip;]<\/p>\n","protected":false},"author":1,"featured_media":0,"parent":0,"menu_order":0,"comment_status":"closed","ping_status":"closed","template":"","meta":{"_et_pb_use_builder":"","_et_pb_old_content":"","_et_gb_content_width":"1080","footnotes":""},"class_list":["post-2565","page","type-page","status-publish","hentry"],"brizy_media":[],"_links":{"self":[{"href":"https:\/\/denisbarrett.com\/pt\/wp-json\/wp\/v2\/pages\/2565","targetHints":{"allow":["GET"]}}],"collection":[{"href":"https:\/\/denisbarrett.com\/pt\/wp-json\/wp\/v2\/pages"}],"about":[{"href":"https:\/\/denisbarrett.com\/pt\/wp-json\/wp\/v2\/types\/page"}],"author":[{"embeddable":true,"href":"https:\/\/denisbarrett.com\/pt\/wp-json\/wp\/v2\/users\/1"}],"replies":[{"embeddable":true,"href":"https:\/\/denisbarrett.com\/pt\/wp-json\/wp\/v2\/comments?post=2565"}],"version-history":[{"count":3,"href":"https:\/\/denisbarrett.com\/pt\/wp-json\/wp\/v2\/pages\/2565\/revisions"}],"predecessor-version":[{"id":3440,"href":"https:\/\/denisbarrett.com\/pt\/wp-json\/wp\/v2\/pages\/2565\/revisions\/3440"}],"wp:attachment":[{"href":"https:\/\/denisbarrett.com\/pt\/wp-json\/wp\/v2\/media?parent=2565"}],"curies":[{"name":"wp","href":"https:\/\/api.w.org\/{rel}","templated":true}]}}