{"id":2563,"date":"2020-05-28T18:04:34","date_gmt":"2020-05-28T17:04:34","guid":{"rendered":"https:\/\/denisbarrett.com\/?page_id=2563"},"modified":"2020-12-19T19:54:06","modified_gmt":"2020-12-19T19:54:06","slug":"buyer-information","status":"publish","type":"page","link":"https:\/\/denisbarrett.com\/pt\/buyer-information\/","title":{"rendered":"Informa\u00e7\u00e3o do Comprador"},"content":{"rendered":"<p>Como comprar \u201cThe DAB Livestock Auction Hub Way\u201d<\/p>\n\n\n\n<p>Por meio de sua rede de comercializa\u00e7\u00e3o em todo o pa\u00eds, o DAB Livestock Auction Hub oferece lotes de carga e lotes individuais de gado em leil\u00e3o e na Internet. De produtores em toda a Ilha da Irlanda, Reino Unido e Europa continental, a compradores em toda a Ilha da Irlanda, Reino Unido e Europa continental.<\/p>\n\n\n\n<p>Os Leil\u00f5es s\u00e3o realizados ao vivo, com um leiloeiro, j\u00e1 que o gado \u00e9 vendido para compradores que licitam no recinto ou na internet. Os compradores podem estar presentes no recinto do leil\u00e3o (se aplic\u00e1vel) ou ver o leil\u00e3o ou na Internet a partir do conforto do seu escrit\u00f3rio, casa ou onde quer que estejam.<\/p>\n\n\n\n<p>O DAB Livestock Auction Hub tamb\u00e9m oferece listagens di\u00e1rias de gado \u00e0 venda na Internet na \u201cDaily Market Place Page\u201d.<\/p>\n\n\n\n<p>Ao contr\u00e1rio dos m\u00e9todos convencionais de marketing, os compradores t\u00eam a oportunidade de ver e comprar gado, mostrado em seu ambiente natural. O gado \u00e9 despachado diretamente da fazenda ou propriedade do vendedor para o destino do comprador, o que reduz bastante o estresse e potenciais problemas de sa\u00fade.<\/p>\n\n\n\n<p>Para iniciar o processo, v\u00e1 para o&nbsp;<a href=\"https:\/\/livedenisbarrett.com\/register.html\">Registre-se para obter um n\u00famero de comprador<\/a>&nbsp;p\u00e1gina ou ligue para Laurelcrest House em +353 (0) 410 9848 e a equipe ir\u00e1 ajud\u00e1-lo a registrar-se para um n\u00famero de comprador.<\/p>\n\n\n\n<p>Voc\u00ea tem tr\u00eas op\u00e7\u00f5es de compra<\/p>\n\n\n\n<p><strong>\u201cThe DAB Livestock Auction Hub Way\u201d<\/strong><\/p>\n\n\n\n<ul class=\"wp-block-list\"><li>Nossos Leil\u00f5es de Produ\u00e7\u00e3o de Pedigree:<ul><li>Isso \u00e9 para estoque registrado, n\u00e3o registrado para gado leiteiro e de cria\u00e7\u00e3o e reposi\u00e7\u00e3o.&nbsp;<\/li><\/ul><\/li><\/ul>\n\n\n\n<ul class=\"wp-block-list\"><li>Leil\u00e3o de gado online: (OLA)<\/li><\/ul>\n\n\n\n<ul class=\"wp-block-list\"><li>Isto \u00e9 mais adequado para gado n\u00e3o reprodutor - desmamados, dep\u00f3sitos, bois gordos, vacas de descarte, novilhas desmamadas e a\u00e7ougueiras.<\/li><\/ul>\n\n\n\n<ul class=\"wp-block-list\"><li>Aceita cargas individuais e em grupo.<\/li><\/ul>\n\n\n\n<p>Todas as informa\u00e7\u00f5es s\u00e3o correlacionadas a partir de fontes confi\u00e1veis - consulte tamb\u00e9m as diretrizes que nossos representantes utilizam nas inspe\u00e7\u00f5es de animais.<\/p>\n\n\n\n<p>Importamos os dados dos animais da Animal Identification and Movements (AIM), Irish Cattle Breeding Federation (ICBF) para a plataforma DAB Livestock Hub.<\/p>\n\n\n\n<p>Os v\u00eddeos s\u00e3o gravados na fazenda e carregados no sistema DAB Livestock Hub.<\/p>\n\n\n\n<p>Pesos confirmados s\u00e3o inseridos, usando as pr\u00f3prias balan\u00e7as dos vendedores, mas os pesos s\u00e3o confirmados por um inspetor do Livestock Hub, Vet, Consultor Teagasc etc. tamb\u00e9m pode ser usado.<\/p>\n\n\n\n<p>Os pesos estimados s\u00e3o inseridos, a menos que o vendedor tenha uma balan\u00e7a. Se apenas os pesos estimados fossem fornecidos, os pesos seriam verificados atrav\u00e9s do sistema acima ou atrav\u00e9s do FRS ou similar e o pre\u00e7o por quilo alterado com base no peso real.<\/p>\n\n\n\n<p>Os compradores ent\u00e3o coletariam os animais ou providenciariam para que os animais fossem coletados na fazenda ou propriedade. O Centro de Gado estaria presente para o carregamento ou o Transportador de Gado de Confian\u00e7a. Os movimentos do CMMS \/ AIM seriam tratados neste ponto.<\/p>\n\n\n\n<p>O DAB Livestock Auction Hub realiza leil\u00f5es de produ\u00e7\u00e3o ao longo do ano e vendas Farm to Farm - Daily Marketplace \/ Buy Now diariamente. Os leil\u00f5es de v\u00eddeo s\u00e3o transmitidos ao vivo pela Internet a partir do escrit\u00f3rio e est\u00fadio do DAB Livestock Auction Hub.<\/p>\n\n\n\n<p>O gado \u00e9 colocado \u00e0 venda na p\u00e1gina Farm to Farm - Daily Marketplace Buy Now todos os dias da semana e todas as semanas do ano.<\/p>\n\n\n\n<p>Os leil\u00f5es de v\u00eddeo s\u00e3o transmitidos ao vivo do escrit\u00f3rio do DAB Livestock Auction Hub e do est\u00fadio adjacente ao Aeroporto Internacional de Cork.<\/p>\n\n\n\n<p>Quando o gado \u00e9 consignado, um Representante do Centro de Leil\u00e3o de Gado DAB vai at\u00e9 a fazenda ou propriedade do produtor para filmar o gado e preparar um contrato de remessa descrevendo o gado e estabelecendo os termos e condi\u00e7\u00f5es da venda. Isso inclui a descri\u00e7\u00e3o, localiza\u00e7\u00e3o atual, data de entrega, condi\u00e7\u00f5es de pesagem, programas de vacina\u00e7\u00e3o, etc. Essas informa\u00e7\u00f5es s\u00e3o compiladas em um cat\u00e1logo que \u00e9 disponibilizado aos compradores em potencial.&nbsp;<\/p>\n\n\n\n<p><strong>O leil\u00e3o de v\u00eddeo de produ\u00e7\u00e3o&nbsp;<\/strong>o cat\u00e1logo \u00e9 enviado pelo correio ou por e-mail (prefer\u00eancia do comprador) pelo menos uma semana antes do leil\u00e3o. Ele est\u00e1 dispon\u00edvel na Internet uma semana antes do leil\u00e3o. O v\u00eddeo do gado tamb\u00e9m est\u00e1 dispon\u00edvel na internet para que os compradores vejam o gado antes do leil\u00e3o.<\/p>\n\n\n\n<p>O&nbsp;<strong>Leil\u00e3o de gado<\/strong>&nbsp;O cat\u00e1logo e o v\u00eddeo do gado est\u00e3o dispon\u00edveis na internet e por e-mail dois dias antes do leil\u00e3o.<\/p>\n\n\n\n<p>O&nbsp;<strong>Marketplace di\u00e1rio \/ p\u00e1gina Compre agora<\/strong>&nbsp;O cat\u00e1logo e o v\u00eddeo est\u00e3o dispon\u00edveis na internet no dia em que o gado \u00e9 colocado \u00e0 venda.<\/p>\n\n\n\n<p>Depois que o gado \u00e9 vendido, um Representante do Centro de Leil\u00e3o de Gado DAB contata todas as partes para organizar o peso final, pagamentos e entrega, etc.<\/p>\n\n\n\n<p>O comprador \u00e9 respons\u00e1vel pela contrata\u00e7\u00e3o de caminh\u00f5es para transporte do gado at\u00e9 o destino.&nbsp;<\/p>\n\n\n\n<p>Vantagens de comprar<\/p>\n\n\n\n<p>\u201cThe DAB Livestock Auction Hub Way\u201d<\/p>\n\n\n\n<ul class=\"wp-block-list\"><li>Os compradores est\u00e3o expostos a um grande n\u00famero de gado com pouco tempo e despesas incorridas.<\/li><li>Os compradores podem comprar gado fresco do pa\u00eds, portanto, menos estresse e problemas de sa\u00fade.<\/li><li>Os compradores podem ver as vacas e touros dos quais os bezerros s\u00e3o produzidos.<\/li><li>Os confinamentos podem comprar sob contrato para entrega imediata ou futura, para atender ao espa\u00e7o do curral.<\/li><li>Uma opera\u00e7\u00e3o com sobreano pode vender e substituir por bezerros no mesmo mercado.<\/li><li>As condi\u00e7\u00f5es de pesagem s\u00e3o pr\u00e9-determinadas.<\/li><li>As datas de entrega s\u00e3o definidas com anteced\u00eancia, portanto, o transporte \u00e9 pr\u00e9-agendado.<\/li><li>Representantes do centro de leil\u00f5es DAB Livestock est\u00e3o presentes em cada entrega. O comprador \u00e9 bem-vindo, mas n\u00e3o \u00e9 obrigado a estar presente, o que economiza tempo e dinheiro.<\/li><li>Os compradores podem visualizar e comprar um grande n\u00famero de gado em programas de \u201cvalor agregado\u201d, como programas de vacina\u00e7\u00e3o, verifica\u00e7\u00e3o de origem e idade e WHPR. \u00a0<\/li><\/ul>\n\n\n\n<p>Registro do comprador<\/p>\n\n\n\n<p>Use o formul\u00e1rio \u201cregistro online\u201d abaixo para preencher um requerimento. Sua aceita\u00e7\u00e3o de nossos termos e condi\u00e7\u00f5es constituir\u00e1 uma assinatura online, e um n\u00famero de comprador pode ser emitido.<\/p>\n\n\n\n<p>Em ambos os casos, notifique sua institui\u00e7\u00e3o financeira de que Denis A. Barrett Auctions &amp; Pedigree sale ou Hub DAB Livestock Auction Hub Livestock ligar\u00e1 para verificar sua refer\u00eancia e, mais importante, autorizar sua pessoa de contato a liberar suas informa\u00e7\u00f5es para DAB Livestock Auction Hub. Para obter mais informa\u00e7\u00f5es, ligue para +353 (0) 86 410 9848.<\/p>\n\n\n\n<p><strong>Clique aqui para obter uma c\u00f3pia de nossos \u201cTermos e Condi\u00e7\u00f5es Padr\u00e3o\u201d<\/strong><\/p>\n\n\n\n<p><a rel=\"noreferrer noopener\" href=\"https:\/\/livedenisbarrett.com\/\" target=\"_blank\"><strong>Clique aqui para se registrar online<\/strong><\/a><\/p>\n\n\n\n<p>Combinamos um servi\u00e7o tradicional e profissional com a mais recente tecnologia e m\u00e9todos de marketing modernos, por isso, sejam quais forem as suas necessidades de gado ou podemos ajud\u00e1-lo.<\/p>\n\n\n\n<p>Denis A. Barrett Auctioneers dedica-se ao servi\u00e7o e satisfa\u00e7\u00e3o do cliente. Atrav\u00e9s de nossas diferentes divis\u00f5es, oferecemos uma gama completa de servi\u00e7os para atender nossa ampla gama de clientes. voc\u00ea tem alguma pergunta ou coment\u00e1rio ou se gostaria de discutir em mais detalhes sobre algum de nossos servi\u00e7os ou como podemos benefici\u00e1-lo, n\u00e3o hesite em nos contatar usando os detalhes abaixo.<\/p>\n\n\n\n<figure class=\"wp-block-image\"><img loading=\"lazy\" decoding=\"async\" width=\"1024\" height=\"134\" src=\"https:\/\/denisbarrett.com\/wp-content\/uploads\/2019\/09\/Logo-Jpeg-1024x134.jpg\" alt=\"\" class=\"wp-image-1229\"\/><\/figure>\n\n\n\n<p class=\"has-text-align-center\"><strong>Contate-Nos:<\/strong><\/p>\n\n\n\n<p class=\"has-text-align-center\">Ligue: +353 (0) 86 410 9848<\/p>\n\n\n\n<p class=\"has-text-align-center\">O email:&nbsp;<a href=\"mailto:info@denisbarrett.com\">info@denisbarrett.com<\/a><\/p>\n\n\n\n<p class=\"has-text-align-center\">Voc\u00ea tamb\u00e9m pode manter contato via&nbsp;<a rel=\"noreferrer noopener\" href=\"https:\/\/ie.linkedin.com\/in\/denis-barrett-05675213\" target=\"_blank\">LinkedIn<\/a>,&nbsp;<a rel=\"noreferrer noopener\" href=\"https:\/\/www.facebook.com\/denis.barrett\" target=\"_blank\">Facebook<\/a>&nbsp;e&nbsp;<a rel=\"noreferrer noopener\" href=\"https:\/\/twitter.com\/DenisABarrett\" target=\"_blank\">Twitter.<\/a><\/p>","protected":false},"excerpt":{"rendered":"<p>How To Buy\u2028&nbsp;\u201cThe DAB Livestock Auction Hub Way\u201d Through its nationwide marketing network, DAB Livestock Auction Hub offers load lots and individual lots of cattle at auction and on the Internet. From producers throughout the Island of Ireland, The UK and mainland Europe to buyers throughout the Island of Ireland, The UK and mainland Europe. [&hellip;]<\/p>\n","protected":false},"author":1,"featured_media":0,"parent":0,"menu_order":0,"comment_status":"closed","ping_status":"closed","template":"","meta":{"_et_pb_use_builder":"","_et_pb_old_content":"","_et_gb_content_width":"1080","footnotes":""},"class_list":["post-2563","page","type-page","status-publish","hentry"],"brizy_media":[],"_links":{"self":[{"href":"https:\/\/denisbarrett.com\/pt\/wp-json\/wp\/v2\/pages\/2563","targetHints":{"allow":["GET"]}}],"collection":[{"href":"https:\/\/denisbarrett.com\/pt\/wp-json\/wp\/v2\/pages"}],"about":[{"href":"https:\/\/denisbarrett.com\/pt\/wp-json\/wp\/v2\/types\/page"}],"author":[{"embeddable":true,"href":"https:\/\/denisbarrett.com\/pt\/wp-json\/wp\/v2\/users\/1"}],"replies":[{"embeddable":true,"href":"https:\/\/denisbarrett.com\/pt\/wp-json\/wp\/v2\/comments?post=2563"}],"version-history":[{"count":2,"href":"https:\/\/denisbarrett.com\/pt\/wp-json\/wp\/v2\/pages\/2563\/revisions"}],"predecessor-version":[{"id":2941,"href":"https:\/\/denisbarrett.com\/pt\/wp-json\/wp\/v2\/pages\/2563\/revisions\/2941"}],"wp:attachment":[{"href":"https:\/\/denisbarrett.com\/pt\/wp-json\/wp\/v2\/media?parent=2563"}],"curies":[{"name":"wp","href":"https:\/\/api.w.org\/{rel}","templated":true}]}}