{"id":235,"date":"2016-11-07T08:13:01","date_gmt":"2016-11-07T08:13:01","guid":{"rendered":"https:\/\/denisbarrett.com\/?page_id=235"},"modified":"2016-11-07T08:13:02","modified_gmt":"2016-11-07T08:13:02","slug":"faq","status":"publish","type":"page","link":"https:\/\/denisbarrett.com\/pt\/faq\/","title":{"rendered":"Perguntas frequentes (FAQ)"},"content":{"rendered":"<p>\u00c9 aqui que voc\u00ea deve responder \u00e0s perguntas mais comuns que os clientes em potencial podem ter. \u00c9 uma boa ideia incluir itens como sua pol\u00edtica de devolu\u00e7\u00e3o, informa\u00e7\u00f5es sobre a garantia do produto, envio e devolu\u00e7\u00f5es, etc. Confira os exemplos abaixo.<\/p>\n<hr \/>\n<h3>Qual \u00e9 a sua pol\u00edtica de devolu\u00e7\u00e3o?<\/h3>\n<p>Devolva qualquer um de nossos produtos \u2013 sem perguntas \u2013 dentro de 30 dias ap\u00f3s a compra. N\u00f3s at\u00e9 pagamos o frete de retorno.<\/p>\n<hr \/>\n<h3>Voc\u00eas enviam cheques e caixas postais?<\/h3>\n<p>Sim, enviaremos seu pacote para qualquer lugar que aceite entregas.<\/p>\n<hr \/>\n<h3>Voc\u00ea tem atendimento ao cliente?<\/h3>\n<p>\u00c9 claro! Nossos representantes de atendimento ao cliente amig\u00e1veis e experientes est\u00e3o dispon\u00edveis para responder \u00e0s suas perguntas 24\/7\/365.<\/p>","protected":false},"excerpt":{"rendered":"<p>This is where you should answer the most common questions prospective customers might have. It\u2019s a good idea to cover things like your return policy, product warranty info, shipping and returns, etc. Check out the examples below. What\u2019s your return policy? Return any of our products&#8211;no questions asked&#8211;within 30 days of purchase. We even pay [&hellip;]<\/p>\n","protected":false},"author":1,"featured_media":0,"parent":0,"menu_order":0,"comment_status":"closed","ping_status":"closed","template":"","meta":{"_et_pb_use_builder":"","_et_pb_old_content":"","_et_gb_content_width":"","footnotes":""},"class_list":["post-235","page","type-page","status-publish","hentry"],"brizy_media":[],"_links":{"self":[{"href":"https:\/\/denisbarrett.com\/pt\/wp-json\/wp\/v2\/pages\/235","targetHints":{"allow":["GET"]}}],"collection":[{"href":"https:\/\/denisbarrett.com\/pt\/wp-json\/wp\/v2\/pages"}],"about":[{"href":"https:\/\/denisbarrett.com\/pt\/wp-json\/wp\/v2\/types\/page"}],"author":[{"embeddable":true,"href":"https:\/\/denisbarrett.com\/pt\/wp-json\/wp\/v2\/users\/1"}],"replies":[{"embeddable":true,"href":"https:\/\/denisbarrett.com\/pt\/wp-json\/wp\/v2\/comments?post=235"}],"version-history":[{"count":1,"href":"https:\/\/denisbarrett.com\/pt\/wp-json\/wp\/v2\/pages\/235\/revisions"}],"predecessor-version":[{"id":279,"href":"https:\/\/denisbarrett.com\/pt\/wp-json\/wp\/v2\/pages\/235\/revisions\/279"}],"wp:attachment":[{"href":"https:\/\/denisbarrett.com\/pt\/wp-json\/wp\/v2\/media?parent=235"}],"curies":[{"name":"wp","href":"https:\/\/api.w.org\/{rel}","templated":true}]}}