{"id":2078,"date":"2020-04-17T08:15:55","date_gmt":"2020-04-17T07:15:55","guid":{"rendered":"https:\/\/denisbarrett.com\/?page_id=2078"},"modified":"2021-01-04T10:51:15","modified_gmt":"2021-01-04T10:51:15","slug":"about-our-rural-professional-services-department","status":"publish","type":"page","link":"https:\/\/denisbarrett.com\/pt\/about-our-rural-professional-services-department\/","title":{"rendered":"Sobre DAB RPS"},"content":{"rendered":"<p>A equipe de Denis A. Barrett Auctions Rural Professional possui o conhecimento e a experi\u00eancia para auxili\u00e1-lo em todas e quaisquer quest\u00f5es relacionadas ao seu im\u00f3vel rural.<\/p>\n\n\n\n<div class=\"wp-block-image\"><figure class=\"aligncenter size-large\"><img loading=\"lazy\" decoding=\"async\" width=\"1024\" height=\"228\" src=\"https:\/\/denisbarrett.com\/wp-content\/uploads\/2020\/04\/agri-1-1024x228-1.jpg\" alt=\"Text Box: Picture\" class=\"wp-image-2083\" srcset=\"https:\/\/denisbarrett.com\/wp-content\/uploads\/2020\/04\/agri-1-1024x228-1.jpg 1024w, https:\/\/denisbarrett.com\/wp-content\/uploads\/2020\/04\/agri-1-1024x228-1-300x67.jpg 300w, https:\/\/denisbarrett.com\/wp-content\/uploads\/2020\/04\/agri-1-1024x228-1-768x171.jpg 768w\" sizes=\"(max-width: 1024px) 100vw, 1024px\" \/><\/figure><\/div>\n\n\n\n<p>Nossas gamas de servi\u00e7os incluem:<\/p>\n\n\n\n<p>Vendas<\/p>\n\n\n\n<p>Arrendamento<\/p>\n\n\n\n<p>Propriedade rural \/ gest\u00e3o de terras<\/p>\n\n\n\n<p>Loca\u00e7\u00f5es residenciais<\/p>\n\n\n\n<p>Acordos de agricultura sob contrato<\/p>\n\n\n\n<p>Avalia\u00e7\u00f5es para todos os tipos de propriedades rurais<\/p>\n\n\n\n<p>Quest\u00f5es de planejamento e desenvolvimento<\/p>\n\n\n\n<p>Renov\u00e1veis<\/p>\n\n\n\n<p>O departamento de Denis A. Barrett Rural Professional tem a experi\u00eancia e os conhecimentos necess\u00e1rios para todas as quest\u00f5es relacionadas com a propriedade rural. Temos orgulho de fornecer um n\u00edvel incompar\u00e1vel de atendimento ao cliente, o que \u00e9 uma parte essencial de nossa invej\u00e1vel reputa\u00e7\u00e3o de excel\u00eancia.<\/p>\n\n\n\n<p>Com um hist\u00f3rico comprovado, nossa equipe Rural Professional \u00e9 composta por verdadeiros especialistas em seus respectivos campos. Cada membro de nossa equipe \u00e9 altamente qualificado para entender suas necessidades e encontrar as melhores maneiras de ajud\u00e1-lo a atingir seus objetivos. Podemos oferecer um servi\u00e7o totalmente personalizado e sob medida com uma qualidade que voc\u00ea n\u00e3o encontrar\u00e1 em nenhum outro lugar.<\/p>\n\n\n\n<div class=\"wp-block-columns is-layout-flex wp-container-core-columns-is-layout-9d6595d7 wp-block-columns-is-layout-flex\">\n<div class=\"wp-block-column is-layout-flow wp-block-column-is-layout-flow\">\n<p class=\"has-text-align-center has-background\" style=\"background-color:#d2b766\"><strong><a href=\"https:\/\/denisbarrett.com\/wp-admin\/post.php?post=941&amp;action=edit\">Propriedades de pesquisa<\/a><\/strong><\/p>\n<\/div>\n\n\n\n<div class=\"wp-block-column is-layout-flow wp-block-column-is-layout-flow\">\n<p class=\"has-text-align-center has-background\" style=\"background-color:#d2b766\"><strong><a href=\"https:\/\/denisbarrett.com\/pt\/contact-us\/\">Solicite uma Avalia\u00e7\u00e3o<\/a><\/strong><\/p>\n<\/div>\n<\/div>\n\n\n\n<p><\/p>\n\n\n\n<p>Denis A. Barrett Auction Group \u00e9 dedicado \u00e0 Comunidade Rural. Atrav\u00e9s de nossas diferentes divis\u00f5es, oferecemos uma gama completa de servi\u00e7os para atender nossa ampla gama de clientes.<\/p>\n\n\n\n<div class=\"wp-block-image\"><figure class=\"aligncenter size-large\"><img loading=\"lazy\" decoding=\"async\" width=\"1024\" height=\"134\" src=\"https:\/\/denisbarrett.com\/wp-content\/uploads\/2019\/09\/Logo-Jpeg-1024x134.jpg\" alt=\"\" class=\"wp-image-1229\"\/><\/figure><\/div>\n\n\n\n<p class=\"has-text-align-center\"><strong>Contate-Nos:<\/strong><\/p>\n\n\n\n<p class=\"has-text-align-center\">Ligue: +353 (0) 86 410 9848<\/p>\n\n\n\n<p class=\"has-text-align-center\">O email:&nbsp;<a href=\"mailto:info@denisbarrett.com\">info@denisbarrett.com<\/a><\/p>\n\n\n\n<p class=\"has-text-align-center\">Voc\u00ea tamb\u00e9m pode manter contato via&nbsp;<a rel=\"noreferrer noopener\" href=\"https:\/\/ie.linkedin.com\/in\/denis-barrett-05675213\" target=\"_blank\">LinkedIn<\/a>,&nbsp;<a rel=\"noreferrer noopener\" href=\"https:\/\/www.facebook.com\/denis.barrett\" target=\"_blank\">Facebook<\/a>&nbsp;e&nbsp;<a rel=\"noreferrer noopener\" href=\"https:\/\/twitter.com\/DenisABarrett\" target=\"_blank\">Twitter.<\/a><\/p>","protected":false},"excerpt":{"rendered":"<p>Denis A. Barrett Auctions Rural Professional team has the knowledge and experience to assist you with any and all issues relating to your rural property. Our ranges of services include: Sales Lettings Rural Property \/ Land management Residential Tenancies Contract Farming Agreements Valuations for all types of rural properties Planning &amp; development matters Renewables Denis [&hellip;]<\/p>\n","protected":false},"author":1,"featured_media":1001,"parent":0,"menu_order":0,"comment_status":"closed","ping_status":"closed","template":"","meta":{"_et_pb_use_builder":"","_et_pb_old_content":"","_et_gb_content_width":"1080","footnotes":""},"class_list":["post-2078","page","type-page","status-publish","has-post-thumbnail","hentry"],"brizy_media":[],"_links":{"self":[{"href":"https:\/\/denisbarrett.com\/pt\/wp-json\/wp\/v2\/pages\/2078","targetHints":{"allow":["GET"]}}],"collection":[{"href":"https:\/\/denisbarrett.com\/pt\/wp-json\/wp\/v2\/pages"}],"about":[{"href":"https:\/\/denisbarrett.com\/pt\/wp-json\/wp\/v2\/types\/page"}],"author":[{"embeddable":true,"href":"https:\/\/denisbarrett.com\/pt\/wp-json\/wp\/v2\/users\/1"}],"replies":[{"embeddable":true,"href":"https:\/\/denisbarrett.com\/pt\/wp-json\/wp\/v2\/comments?post=2078"}],"version-history":[{"count":6,"href":"https:\/\/denisbarrett.com\/pt\/wp-json\/wp\/v2\/pages\/2078\/revisions"}],"predecessor-version":[{"id":3689,"href":"https:\/\/denisbarrett.com\/pt\/wp-json\/wp\/v2\/pages\/2078\/revisions\/3689"}],"wp:featuredmedia":[{"embeddable":true,"href":"https:\/\/denisbarrett.com\/pt\/wp-json\/wp\/v2\/media\/1001"}],"wp:attachment":[{"href":"https:\/\/denisbarrett.com\/pt\/wp-json\/wp\/v2\/media?parent=2078"}],"curies":[{"name":"wp","href":"https:\/\/api.w.org\/{rel}","templated":true}]}}