{"id":2076,"date":"2020-04-17T08:13:08","date_gmt":"2020-04-17T07:13:08","guid":{"rendered":"https:\/\/denisbarrett.com\/?page_id=2076"},"modified":"2021-01-04T10:50:34","modified_gmt":"2021-01-04T10:50:34","slug":"rural-professional-other-services","status":"publish","type":"page","link":"https:\/\/denisbarrett.com\/pt\/rural-professional-other-services\/","title":{"rendered":"Outros servi\u00e7os de RP"},"content":{"rendered":"<p>A gest\u00e3o de terras \u00e9 extremamente variada e acreditamos que, por administrarmos terras nesta regi\u00e3o desde 2003, temos um bom entendimento do que \u00e9 necess\u00e1rio para ajudar nossos clientes. Nossa equipe de profissionais rurais trabalha com clientes que v\u00e3o desde propriet\u00e1rios de terras privadas e agricultores aos tradicionais. Tamb\u00e9m lidamos regularmente com quest\u00f5es de locadores e inquilinos para loca\u00e7\u00f5es residenciais e agr\u00edcolas. Identificamos os principais objetivos; maximizando a renda anual, as implica\u00e7\u00f5es fiscais e o fluxo de caixa.<\/p>\n\n\n\n<figure class=\"wp-block-image size-large\"><img loading=\"lazy\" decoding=\"async\" width=\"1024\" height=\"228\" src=\"https:\/\/denisbarrett.com\/wp-content\/uploads\/2020\/04\/agri-1-1024x228-1.jpg\" alt=\"\" class=\"wp-image-2083\" srcset=\"https:\/\/denisbarrett.com\/wp-content\/uploads\/2020\/04\/agri-1-1024x228-1.jpg 1024w, https:\/\/denisbarrett.com\/wp-content\/uploads\/2020\/04\/agri-1-1024x228-1-300x67.jpg 300w, https:\/\/denisbarrett.com\/wp-content\/uploads\/2020\/04\/agri-1-1024x228-1-768x171.jpg 768w\" sizes=\"(max-width: 1024px) 100vw, 1024px\" \/><\/figure>\n\n\n\n<p>Seja qual for o aspecto da gest\u00e3o da terra com o qual voc\u00ea precise de ajuda, a equipe de Denis A. Barrett Rural Professional est\u00e1 \u00e0 disposi\u00e7\u00e3o para ajudar a tornar o gerenciamento de sua propriedade mais f\u00e1cil e lucrativo.<\/p>\n\n\n\n<p>Oferecemos regularmente nossos conselhos especializados aos clientes sobre quest\u00f5es como:<\/p>\n\n\n\n<ul class=\"wp-block-list\"><li>Renova\u00e7\u00f5es de loca\u00e7\u00e3o<\/li><li>Arrendamento de terras<\/li><li>Ordem de Compra Compuls\u00f3ria (CPO<\/li><li>Submiss\u00f5es do plano de desenvolvimento do condado para o zoneamento de terras<\/li><li>Sindicatos de propriedade para comprar terras, fazendas e propriedades<\/li><li>Direitos de pagamento de fazenda \u00fanica<\/li><li>Agroneg\u00f3cios<\/li><li>Fazendas de vento<\/li><li>Avalia\u00e7\u00f5es de aluguel, incluindo arbitragens<\/li><li>Gest\u00e3o e administra\u00e7\u00e3o cotidiana de im\u00f3veis<\/li><li>Contato com o locat\u00e1rio e resolu\u00e7\u00e3o de disputas<\/li><li>Aluguel e cobran\u00e7a ou pagamento de taxas de servi\u00e7o<\/li><li>Gest\u00e3o de atrasos, previs\u00e3o de fluxo de caixa e contabilidade<\/li><li>Licita\u00e7\u00e3o e supervis\u00e3o de trabalhos de manuten\u00e7\u00e3o<\/li><\/ul>\n\n\n\n<p>Por que n\u00f3s?<\/p>\n\n\n\n<p>Denis A. Barrett Property Solutions &amp; Auction Marketing Group tem lidado com quest\u00f5es relacionadas \u00e0 gest\u00e3o de terras por mais de 20 anos e nossa equipe de profissionais rurais tem d\u00e9cadas de experi\u00eancia em encontrar resultados favor\u00e1veis para nossos clientes. Trabalhamos em estreita colabora\u00e7\u00e3o com uma gama de profissionais, incluindo advogados e contadores, o que significa que podemos ajud\u00e1-lo em qualquer apoio de que necessite.<\/p>\n\n\n\n<p class=\"has-text-align-center has-background\" style=\"background-color:#d2b766\"><strong><a href=\"https:\/\/denisbarrett.com\/pt\/contact-us\/\">Solicite uma Consulta<\/a><\/strong><\/p>\n\n\n\n<p>Denis A. Barrett Property Solutions &amp; Auction Marketing Group \u00e9 dedicado \u00e0 comunidade rural. Atrav\u00e9s de nossas diferentes divis\u00f5es, oferecemos uma gama completa de servi\u00e7os para atender nossa ampla gama de clientes.<\/p>\n\n\n\n<figure class=\"wp-block-image size-large\"><img loading=\"lazy\" decoding=\"async\" width=\"1024\" height=\"120\" src=\"https:\/\/denisbarrett.com\/wp-content\/uploads\/2020\/04\/DAB_GENERAL_LOGO-1-1024x120.png\" alt=\"\" class=\"wp-image-2062\" srcset=\"https:\/\/denisbarrett.com\/wp-content\/uploads\/2020\/04\/DAB_GENERAL_LOGO-1-1024x120.png 1024w, https:\/\/denisbarrett.com\/wp-content\/uploads\/2020\/04\/DAB_GENERAL_LOGO-1-300x35.png 300w, https:\/\/denisbarrett.com\/wp-content\/uploads\/2020\/04\/DAB_GENERAL_LOGO-1-768x90.png 768w, https:\/\/denisbarrett.com\/wp-content\/uploads\/2020\/04\/DAB_GENERAL_LOGO-1-1536x179.png 1536w, https:\/\/denisbarrett.com\/wp-content\/uploads\/2020\/04\/DAB_GENERAL_LOGO-1-2048x239.png 2048w\" sizes=\"(max-width: 1024px) 100vw, 1024px\" \/><\/figure>\n\n\n\n<p class=\"has-text-align-center\"><strong>Contate-Nos:<\/strong><\/p>\n\n\n\n<p class=\"has-text-align-center\">Ligue: +353 (0) 86 410 9848<\/p>\n\n\n\n<p class=\"has-text-align-center\">O email:&nbsp;<a href=\"mailto:info@denisbarrett.com\">info@denisbarrett.com<\/a><\/p>\n\n\n\n<p class=\"has-text-align-center\">Voc\u00ea tamb\u00e9m pode manter contato via&nbsp;<a rel=\"noreferrer noopener\" href=\"https:\/\/ie.linkedin.com\/in\/denis-barrett-05675213\" target=\"_blank\">LinkedIn<\/a>,&nbsp;<a rel=\"noreferrer noopener\" href=\"https:\/\/www.facebook.com\/denis.barrett\" target=\"_blank\">Facebook<\/a>&nbsp;e&nbsp;<a rel=\"noreferrer noopener\" href=\"https:\/\/twitter.com\/DenisABarrett\" target=\"_blank\">Twitter.<\/a><\/p>","protected":false},"excerpt":{"rendered":"<p>Land management is extremely varied and we believe that because we have been managing land in this region since 2003 we have a good understanding of what is needed to help our clients. Our Rural Professional team work with clients ranging from private landowners and farmers to traditional. We also regularly deal with landlord and [&hellip;]<\/p>\n","protected":false},"author":1,"featured_media":2100,"parent":0,"menu_order":0,"comment_status":"closed","ping_status":"closed","template":"","meta":{"_et_pb_use_builder":"off","_et_pb_old_content":"<!-- wp:paragraph -->\n<p>Land management is extremely varied and we believe that because we have been managing land in this region since 2003 we have a good understanding of what is needed to help our clients. Our Rural Professional team work with clients ranging from private landowners and farmers to traditional. We also regularly deal with landlord and tenant issues for both residential and agricultural tenancies. We identify key objectives; maximising annual income, tax implications and cash flow.<\/p>\n<!-- \/wp:paragraph -->\n\n<!-- wp:image {\"id\":2083,\"sizeSlug\":\"large\"} -->\n<figure class=\"wp-block-image size-large\"><img src=\"https:\/\/denisbarrett.com\/wp-content\/uploads\/2020\/04\/agri-1-1024x228-1.jpg\" alt=\"\" class=\"wp-image-2083\"\/><\/figure>\n<!-- \/wp:image -->\n\n<!-- wp:paragraph -->\n<p>Whatever aspect of land management you require assistance with, Denis A. Barrett Rural Professional team are on hand to help make managing your property easier and more profitable.<\/p>\n<!-- \/wp:paragraph -->\n\n<!-- wp:paragraph -->\n<p>We regularly offer our specialist advice to clients on issues such as:<\/p>\n<!-- \/wp:paragraph -->\n\n<!-- wp:list -->\n<ul><li>Tenancy renewals<\/li><li>Land Lettings<\/li><li>Compulsory Purchase Order (CPO<\/li><li>County Development Plan Submissions for Land Zoning<\/li><li>Property Syndicates to purchase land, farms and property<\/li><li>Single Farm Payment Entitlements<\/li><li>Agri-Businesses<\/li><li>Wind Farms<\/li><li>Rent reviews including Arbitrations<\/li><li>Management and day-to-day property administration<\/li><li>Tenant liaison and dispute resolution<\/li><li>Rent and service charge collection or payment<\/li><li>Arrears management, cash flow forecasting and accounting<\/li><li>Tender and supervision of maintenance works<\/li><\/ul>\n<!-- \/wp:list -->\n\n<!-- wp:paragraph -->\n<p>Why Us?<\/p>\n<!-- \/wp:paragraph -->\n\n<!-- wp:paragraph -->\n<p>Denis A. Barrett Property Solutions &amp; Auction Marketing Group has been dealing with issues surrounding land management for over 20 years and our Rural Professional team has decades of experience in finding favourable outcomes for our clients. We work closely with a range of professionals including solicitors and accountants meaning whatever support you need, we can help.<\/p>\n<!-- \/wp:paragraph -->\n\n<!-- wp:paragraph {\"align\":\"center\",\"style\":{\"color\":{\"background\":\"#d2b766\"}}} -->\n<p class=\"has-text-align-center has-background\" style=\"background-color:#d2b766\"><strong><a href=\"https:\/\/denisbarrett.com\/contact-us\/\">Request a Consultation<\/a><\/strong><\/p>\n<!-- \/wp:paragraph -->\n\n<!-- wp:paragraph -->\n<p>Denis A. Barrett Property Solutions &amp; Auction Marketing Group is dedicated to the Rural Community. We through our different&nbsp;divisions&nbsp;offer a full spectrum of services to&nbsp;serve&nbsp;our wide array of clients.<\/p>\n<!-- \/wp:paragraph -->\n\n<!-- wp:image {\"id\":2062,\"sizeSlug\":\"large\"} -->\n<figure class=\"wp-block-image size-large\"><img src=\"https:\/\/denisbarrett.com\/wp-content\/uploads\/2020\/04\/DAB_GENERAL_LOGO-1-1024x120.png\" alt=\"\" class=\"wp-image-2062\"\/><\/figure>\n<!-- \/wp:image -->\n\n<!-- wp:paragraph {\"align\":\"center\"} -->\n<p class=\"has-text-align-center\"><strong>Contact Us:<\/strong><\/p>\n<!-- \/wp:paragraph -->\n\n<!-- wp:paragraph {\"align\":\"center\"} -->\n<p class=\"has-text-align-center\">Call:&nbsp;&nbsp;&nbsp; +353 (0) 86 410 9848<\/p>\n<!-- \/wp:paragraph -->\n\n<!-- wp:paragraph {\"align\":\"center\"} -->\n<p class=\"has-text-align-center\">Email:&nbsp;<a href=\"mailto:info@denisbarrett.com\">info@denisbarrett.com<\/a><\/p>\n<!-- \/wp:paragraph -->\n\n<!-- wp:paragraph {\"align\":\"center\"} -->\n<p class=\"has-text-align-center\">You can also stay in touch via&nbsp;<a rel=\"noreferrer noopener\" href=\"https:\/\/ie.linkedin.com\/in\/denis-barrett-05675213\" target=\"_blank\">LinkedIn<\/a>,&nbsp;<a rel=\"noreferrer noopener\" href=\"https:\/\/www.facebook.com\/denis.barrett\" target=\"_blank\">Facebook<\/a>&nbsp;and&nbsp;<a rel=\"noreferrer noopener\" href=\"https:\/\/twitter.com\/DenisABarrett\" target=\"_blank\">Twitter.<\/a><\/p>\n<!-- \/wp:paragraph -->","_et_gb_content_width":"1080","footnotes":""},"class_list":["post-2076","page","type-page","status-publish","has-post-thumbnail","hentry"],"brizy_media":[],"_links":{"self":[{"href":"https:\/\/denisbarrett.com\/pt\/wp-json\/wp\/v2\/pages\/2076","targetHints":{"allow":["GET"]}}],"collection":[{"href":"https:\/\/denisbarrett.com\/pt\/wp-json\/wp\/v2\/pages"}],"about":[{"href":"https:\/\/denisbarrett.com\/pt\/wp-json\/wp\/v2\/types\/page"}],"author":[{"embeddable":true,"href":"https:\/\/denisbarrett.com\/pt\/wp-json\/wp\/v2\/users\/1"}],"replies":[{"embeddable":true,"href":"https:\/\/denisbarrett.com\/pt\/wp-json\/wp\/v2\/comments?post=2076"}],"version-history":[{"count":8,"href":"https:\/\/denisbarrett.com\/pt\/wp-json\/wp\/v2\/pages\/2076\/revisions"}],"predecessor-version":[{"id":3688,"href":"https:\/\/denisbarrett.com\/pt\/wp-json\/wp\/v2\/pages\/2076\/revisions\/3688"}],"wp:featuredmedia":[{"embeddable":true,"href":"https:\/\/denisbarrett.com\/pt\/wp-json\/wp\/v2\/media\/2100"}],"wp:attachment":[{"href":"https:\/\/denisbarrett.com\/pt\/wp-json\/wp\/v2\/media?parent=2076"}],"curies":[{"name":"wp","href":"https:\/\/api.w.org\/{rel}","templated":true}]}}