{"id":2073,"date":"2020-04-17T08:09:34","date_gmt":"2020-04-17T07:09:34","guid":{"rendered":"https:\/\/denisbarrett.com\/?page_id=2073"},"modified":"2020-12-19T20:09:30","modified_gmt":"2020-12-19T20:09:30","slug":"rural-professional-services-valautions","status":"publish","type":"page","link":"https:\/\/denisbarrett.com\/pt\/rural-professional-services-valautions\/","title":{"rendered":"Avalia\u00e7\u00f5es"},"content":{"rendered":"<p>Denis A. Barrett Rural Professional \u00e9 uma equipe de Avaliadores Registrados no IPAV com cobertura de seguro de responsabilidade profissional v\u00e1lido. Oferecemos assessoria em avalia\u00e7\u00e3o e avalia\u00e7\u00e3o para uma ampla gama de clientes na Irlanda, Europa e Reino Unido, incluindo pessoas f\u00edsicas, institui\u00e7\u00f5es de cr\u00e9dito, especialistas em recupera\u00e7\u00e3o e reestrutura\u00e7\u00e3o de empresas, PMEs, empresas multinacionais e escrit\u00f3rios de advocacia internacionais.<\/p>\n\n\n\n<figure class=\"wp-block-image size-large\"><img loading=\"lazy\" decoding=\"async\" width=\"800\" height=\"550\" src=\"https:\/\/denisbarrett.com\/wp-content\/uploads\/2020\/04\/IMG_3862.jpg\" alt=\"\" class=\"wp-image-2228\" srcset=\"https:\/\/denisbarrett.com\/wp-content\/uploads\/2020\/04\/IMG_3862.jpg 800w, https:\/\/denisbarrett.com\/wp-content\/uploads\/2020\/04\/IMG_3862-300x206.jpg 300w, https:\/\/denisbarrett.com\/wp-content\/uploads\/2020\/04\/IMG_3862-768x528.jpg 768w\" sizes=\"(max-width: 800px) 100vw, 800px\" \/><\/figure>\n\n\n\n<p>Nossa experiente equipe de avaliadores registrados opera de acordo com os Padr\u00f5es de Avalia\u00e7\u00e3o IPAV (Livro Azul), Padr\u00f5es Internacionais de Relat\u00f3rios Financeiros (IFRS), juntamente com as muitas d\u00e9cadas de experi\u00eancia em nossa equipe Profissional Rural, nossas avalia\u00e7\u00f5es s\u00e3o apoiadas pelo mais recente software de avalia\u00e7\u00e3o e avalia\u00e7\u00e3o. Realizamos avalia\u00e7\u00f5es formais para;<\/p>\n\n\n\n<p>Fornecemos avalia\u00e7\u00f5es para uma variedade de finalidades, incluindo:<\/p>\n\n\n\n<ul class=\"wp-block-list\"><li>Venda e compra<\/li><li>Transfer\u00eancia de terra<\/li><li>Pedido obrigat\u00f3rio de compra (CPO)<\/li><li>Testemunha especializada \/ Disputa \/ Matrimonial<\/li><li>Tributa\u00e7\u00e3o<\/li><li>Matrimonial<\/li><li>Seguro<\/li><li>Fus\u00f5es e aquisi\u00e7\u00f5es<\/li><li>Empr\u00e9stimo garantido<\/li><li>Privatiza\u00e7\u00e3o \/ desnacionaliza\u00e7\u00e3o<\/li><li>Impostos e taxas de importa\u00e7\u00e3o \/ exporta\u00e7\u00e3o<\/li><li>Transfer\u00eancia entre empresas<\/li><li>Venda e reloca\u00e7\u00e3o<\/li><li>Recupera\u00e7\u00e3o \/ insolv\u00eancia corporativa<\/li><\/ul>\n\n\n\n<p class=\"has-text-align-center has-background\" style=\"background-color:#d2b766\"><strong>Solicite uma avalia\u00e7\u00e3o hoje <\/strong><\/p>\n\n\n\n<p>Denis A. Barrett Property Solutions &amp; Auction Marketing Group \u00e9 dedicado \u00e0 comunidade rural. Atrav\u00e9s de nossas diferentes divis\u00f5es, oferecemos uma gama completa de servi\u00e7os para atender nossa ampla gama de clientes.<\/p>\n\n\n\n<div class=\"wp-block-image\"><figure class=\"aligncenter size-large\"><img decoding=\"async\" src=\"https:\/\/denisbarrett.com\/wp-content\/uploads\/2020\/04\/Small-DAB_GENERAL_LOGO-copy.png\" alt=\"\" class=\"wp-image-2107\"\/><\/figure><\/div>\n\n\n\n<p class=\"has-text-align-center\"><strong>Contate-Nos:<\/strong><\/p>\n\n\n\n<p class=\"has-text-align-center\">Ligue: +353 (0) 86 410 9848<\/p>\n\n\n\n<p class=\"has-text-align-center\">O email:&nbsp;<a href=\"mailto:info@denisbarrett.com\">info@denisbarrett.com<\/a><\/p>\n\n\n\n<p class=\"has-text-align-center\">Voc\u00ea tamb\u00e9m pode manter contato via&nbsp;<a rel=\"noreferrer noopener\" href=\"https:\/\/ie.linkedin.com\/in\/denis-barrett-05675213\" target=\"_blank\">LinkedIn<\/a>,&nbsp;<a rel=\"noreferrer noopener\" href=\"https:\/\/www.facebook.com\/denis.barrett\" target=\"_blank\">Facebook<\/a>&nbsp;e&nbsp;<a rel=\"noreferrer noopener\" href=\"https:\/\/twitter.com\/DenisABarrett\" target=\"_blank\">Twitter.<\/a><\/p>","protected":false},"excerpt":{"rendered":"<p>Denis A. Barrett Rural Professional are a team of &nbsp;IPAV Registered Valuers with professional valid indemnity insurance cover. We provide valuation and appraisal advice to a wide range of clients across Ireland, Europe and the UK, to include private individuals, lending institutions, corporate recovery and restructuring specialists, SMEs, multi-national companies and International Law firms. Our [&hellip;]<\/p>\n","protected":false},"author":1,"featured_media":2084,"parent":0,"menu_order":0,"comment_status":"closed","ping_status":"closed","template":"","meta":{"_et_pb_use_builder":"","_et_pb_old_content":"","_et_gb_content_width":"1080","footnotes":""},"class_list":["post-2073","page","type-page","status-publish","has-post-thumbnail","hentry"],"brizy_media":[],"_links":{"self":[{"href":"https:\/\/denisbarrett.com\/pt\/wp-json\/wp\/v2\/pages\/2073","targetHints":{"allow":["GET"]}}],"collection":[{"href":"https:\/\/denisbarrett.com\/pt\/wp-json\/wp\/v2\/pages"}],"about":[{"href":"https:\/\/denisbarrett.com\/pt\/wp-json\/wp\/v2\/types\/page"}],"author":[{"embeddable":true,"href":"https:\/\/denisbarrett.com\/pt\/wp-json\/wp\/v2\/users\/1"}],"replies":[{"embeddable":true,"href":"https:\/\/denisbarrett.com\/pt\/wp-json\/wp\/v2\/comments?post=2073"}],"version-history":[{"count":5,"href":"https:\/\/denisbarrett.com\/pt\/wp-json\/wp\/v2\/pages\/2073\/revisions"}],"predecessor-version":[{"id":2956,"href":"https:\/\/denisbarrett.com\/pt\/wp-json\/wp\/v2\/pages\/2073\/revisions\/2956"}],"wp:featuredmedia":[{"embeddable":true,"href":"https:\/\/denisbarrett.com\/pt\/wp-json\/wp\/v2\/media\/2084"}],"wp:attachment":[{"href":"https:\/\/denisbarrett.com\/pt\/wp-json\/wp\/v2\/media?parent=2073"}],"curies":[{"name":"wp","href":"https:\/\/api.w.org\/{rel}","templated":true}]}}