{"id":2071,"date":"2020-04-17T08:07:29","date_gmt":"2020-04-17T07:07:29","guid":{"rendered":"https:\/\/denisbarrett.com\/?page_id=2071"},"modified":"2021-09-21T15:02:15","modified_gmt":"2021-09-21T14:02:15","slug":"rural-professional-services-sales","status":"publish","type":"page","link":"https:\/\/denisbarrett.com\/pt\/rural-professional-services-sales\/","title":{"rendered":"Venda de Terras"},"content":{"rendered":"<p>A equipe de Denis A. Barrett Rural Professional tem vendido e comprado com sucesso todos os tipos de propriedades, fazendas, terras e propriedades rurais desde 2003.<\/p>\n\n\n\n<div class=\"wp-block-image\"><figure class=\"aligncenter size-large\"><img loading=\"lazy\" decoding=\"async\" width=\"500\" height=\"332\" src=\"https:\/\/denisbarrett.com\/wp-content\/uploads\/2020\/04\/EQUINE-.jpg\" alt=\"\" class=\"wp-image-2098\" srcset=\"https:\/\/denisbarrett.com\/wp-content\/uploads\/2020\/04\/EQUINE-.jpg 500w, https:\/\/denisbarrett.com\/wp-content\/uploads\/2020\/04\/EQUINE--300x199.jpg 300w\" sizes=\"(max-width: 500px) 100vw, 500px\" \/><\/figure><\/div>\n\n\n\n<p><\/p>\n\n\n\n<p>A nossa equipa especializada de profissionais imobili\u00e1rios oferece aconselhamento personalizado sobre as melhores formas de vender o seu im\u00f3vel, sejam quais forem os seus objectivos. Oferecemos uma variedade de op\u00e7\u00f5es, incluindo venda por tratado privado, leil\u00e3o ou licita\u00e7\u00e3o, todas apoiadas por avalia\u00e7\u00f5es profissionais credenciadas.<\/p>\n\n\n\n<p>Trabalhamos diretamente com os advogados em seu nome at\u00e9 a conclus\u00e3o, tornando o processo o mais f\u00e1cil poss\u00edvel para voc\u00ea e garantindo uma transa\u00e7\u00e3o tranquila.<\/p>\n\n\n\n<div class=\"wp-block-columns is-layout-flex wp-container-core-columns-is-layout-9d6595d7 wp-block-columns-is-layout-flex\">\n<div class=\"wp-block-column is-layout-flow wp-block-column-is-layout-flow\">\n<p class=\"has-text-align-center has-background\" style=\"background-color:#d2b766\"><strong><a href=\"https:\/\/denisbarrett.com\/pt\/property-auctions\/\">Leil\u00f5es de propriedade<\/a><\/strong><\/p>\n<\/div>\n\n\n\n<div class=\"wp-block-column is-layout-flow wp-block-column-is-layout-flow\">\n<p class=\"has-text-align-center has-background\" style=\"background-color:#d2b766\"><strong><a href=\"https:\/\/denisbarrett.com\/pt\/properties-for-sale-by-private-treaty\/\">Tratado Privado<\/a><\/strong><\/p>\n<\/div>\n\n\n\n<div class=\"wp-block-column is-layout-flow wp-block-column-is-layout-flow\">\n<p class=\"has-text-align-center has-background\" style=\"background-color:#d2b766\"><strong>Propriedades<\/strong><\/p>\n<\/div>\n<\/div>\n\n\n\n<p><strong>Venda e compra de propriedade rural<\/strong><\/p>\n\n\n\n<p>Com mais de 20 anos de experi\u00eancia na compra e venda de propriedades rurais, Denis A. Barrett Auctions tem um excelente hist\u00f3rico em ajudar propriet\u00e1rios de im\u00f3veis a encontrar as maneiras mais eficazes de comercializar e vender suas propriedades.<\/p>\n\n\n\n<p>Realizamos leil\u00f5es de propriedade coletiva regularmente e temos um hist\u00f3rico de sucesso na venda em leil\u00e3o. Com uma extensa lista de mala direta e o uso dos melhores m\u00e9todos de marketing, garantimos que os terrenos ou propriedades de nossos clientes alcan\u00e7ar\u00e3o um amplo p\u00fablico de compradores potenciais adequados.<\/p>\n\n\n\n<p>Nossos anos de experi\u00eancia nos tornam altamente competentes em encontrar terrenos e propriedades e negociar uma compra em nome de nossos clientes e agir em seus melhores interesses.<\/p>\n\n\n\n<p><strong>Por que leil\u00f5es de Denis A. Barrett?<\/strong><\/p>\n\n\n\n<p>Temos uma gama de profissionais altamente experientes na nossa equipa Rural Professional. Nosso conhecimento superior das condi\u00e7\u00f5es do mercado local significa que podemos oferecer as avalia\u00e7\u00f5es mais precisas, selecionar as formas mais eficazes de comercializar seu terreno ou propriedade e ajudar a apresentar seus ativos da melhor maneira poss\u00edvel para maximizar o pre\u00e7o de venda final.<\/p>\n\n\n\n<p>Denis A. Barrett Auction Group \u00e9 dedicado \u00e0 Comunidade Rural. Atrav\u00e9s de nossas diferentes divis\u00f5es, oferecemos uma gama completa de servi\u00e7os para atender nossa ampla gama de clientes.<\/p>\n\n\n\n<p class=\"has-text-align-center has-background\" style=\"background-color:#d2b766\"><a href=\"https:\/\/denisbarrett.com\/pt\/property-sales-2\/\"><strong>V\u00e1 ao nosso Departamento de Propriedade<\/strong><\/a><\/p>\n\n\n\n<p><\/p>\n\n\n\n<figure class=\"wp-block-image size-large\"><img loading=\"lazy\" decoding=\"async\" width=\"1024\" height=\"120\" src=\"https:\/\/denisbarrett.com\/wp-content\/uploads\/2020\/04\/DAB_GENERAL_LOGO-1-1024x120.png\" alt=\"\" class=\"wp-image-2062\" srcset=\"https:\/\/denisbarrett.com\/wp-content\/uploads\/2020\/04\/DAB_GENERAL_LOGO-1-1024x120.png 1024w, https:\/\/denisbarrett.com\/wp-content\/uploads\/2020\/04\/DAB_GENERAL_LOGO-1-300x35.png 300w, https:\/\/denisbarrett.com\/wp-content\/uploads\/2020\/04\/DAB_GENERAL_LOGO-1-768x90.png 768w, https:\/\/denisbarrett.com\/wp-content\/uploads\/2020\/04\/DAB_GENERAL_LOGO-1-1536x179.png 1536w, https:\/\/denisbarrett.com\/wp-content\/uploads\/2020\/04\/DAB_GENERAL_LOGO-1-2048x239.png 2048w\" sizes=\"(max-width: 1024px) 100vw, 1024px\" \/><\/figure>\n\n\n\n<p class=\"has-text-align-center\"><strong>Contate-Nos:<\/strong><\/p>\n\n\n\n<p class=\"has-text-align-center\">Ligue: +353 (0) 86 410 9848<\/p>\n\n\n\n<p class=\"has-text-align-center\">O email:&nbsp;<a href=\"mailto:info@denisbarrett.com\">info@denisbarrett.com<\/a><\/p>\n\n\n\n<p class=\"has-text-align-center\">Voc\u00ea tamb\u00e9m pode manter contato via&nbsp;<a rel=\"noreferrer noopener\" href=\"https:\/\/ie.linkedin.com\/in\/denis-barrett-05675213\" target=\"_blank\">LinkedIn<\/a>,&nbsp;<a rel=\"noreferrer noopener\" href=\"https:\/\/www.facebook.com\/denis.barrett\" target=\"_blank\">Facebook<\/a>&nbsp;e&nbsp;<a rel=\"noreferrer noopener\" href=\"https:\/\/twitter.com\/DenisABarrett\" target=\"_blank\">Twitter.<\/a><\/p>","protected":false},"excerpt":{"rendered":"<p>The Denis A. Barrett Rural Professional team has been successfully selling and purchasing all types of estates, farms, land and rural properties since 2003. Our expert team of property professionals offer personalised advice on the best ways to sell your property, whatever your objectives. We offer a range of options, including sale by private treaty, [&hellip;]<\/p>\n","protected":false},"author":1,"featured_media":2083,"parent":0,"menu_order":0,"comment_status":"closed","ping_status":"closed","template":"","meta":{"_et_pb_use_builder":"off","_et_pb_old_content":"<!-- wp:paragraph -->\n<p>The Denis A. Barrett Rural Professional team has been successfully selling and purchasing all types of estates, farms, land and rural properties since 2003.<\/p>\n<!-- \/wp:paragraph -->\n\n<!-- wp:image {\"align\":\"center\",\"id\":2098,\"sizeSlug\":\"large\"} -->\n<div class=\"wp-block-image\"><figure class=\"aligncenter size-large\"><img src=\"https:\/\/denisbarrett.com\/wp-content\/uploads\/2020\/04\/EQUINE-.jpg\" alt=\"\" class=\"wp-image-2098\"\/><\/figure><\/div>\n<!-- \/wp:image -->\n\n<!-- wp:paragraph -->\n<p><\/p>\n<!-- \/wp:paragraph -->\n\n<!-- wp:paragraph -->\n<p>Our expert team of property professionals offer personalised advice on the best ways to sell your property, whatever your objectives. We offer a range of options, including sale by private treaty, auction or tender, all supported by accredited, professional valuations.<\/p>\n<!-- \/wp:paragraph -->\n\n<!-- wp:paragraph -->\n<p>We liaise directly with solicitors on your behalf all the way through to completion making the process as easy as possible for you and ensuring a smooth transaction.<\/p>\n<!-- \/wp:paragraph -->\n\n<!-- wp:columns -->\n<div class=\"wp-block-columns\"><!-- wp:column -->\n<div class=\"wp-block-column\"><!-- wp:paragraph {\"align\":\"center\",\"style\":{\"color\":{\"background\":\"#d2b766\"}}} -->\n<p class=\"has-text-align-center has-background\" style=\"background-color:#d2b766\"><strong><a href=\"https:\/\/denisbarrett.com\/property-auctions\/\">Property Auctions<\/a><\/strong><\/p>\n<!-- \/wp:paragraph --><\/div>\n<!-- \/wp:column -->\n\n<!-- wp:column -->\n<div class=\"wp-block-column\"><!-- wp:paragraph {\"align\":\"center\",\"style\":{\"color\":{\"background\":\"#d2b766\"}}} -->\n<p class=\"has-text-align-center has-background\" style=\"background-color:#d2b766\"><strong><a href=\"https:\/\/denisbarrett.com\/properties-for-sale-by-private-treaty\/\">Private Treaty<\/a><\/strong><\/p>\n<!-- \/wp:paragraph --><\/div>\n<!-- \/wp:column -->\n\n<!-- wp:column -->\n<div class=\"wp-block-column\"><!-- wp:paragraph {\"align\":\"center\",\"style\":{\"color\":{\"background\":\"#d2b766\"}}} -->\n<p class=\"has-text-align-center has-background\" style=\"background-color:#d2b766\"><strong><a href=\"https:\/\/denisbarrett.com\/properties-on-the-market\/\">Search Properties<\/a><\/strong><\/p>\n<!-- \/wp:paragraph --><\/div>\n<!-- \/wp:column --><\/div>\n<!-- \/wp:columns -->\n\n<!-- wp:paragraph -->\n<p><strong>Selling &amp; Buying Rural Property<\/strong><\/p>\n<!-- \/wp:paragraph -->\n\n<!-- wp:paragraph -->\n<p>With over 20 years\u2019 experience buying and selling rural property, Denis A. Barrett Auctions has an excellent track record in helping property owners find the most effective ways to market and sell their property.<\/p>\n<!-- \/wp:paragraph -->\n\n<!-- wp:paragraph -->\n<p>We regularly hold collective property auctions and have a successful track record for sale by auction. With an extensive mailing list and use of the very best marketing methods, we ensure our clients\u2019 land or property will reach a wide audience of appropriate potential buyers.<\/p>\n<!-- \/wp:paragraph -->\n\n<!-- wp:paragraph -->\n<p>Our years of experience make us highly adept at finding land and properties and negotiating a purchase on behalf of our clients and acting in their best interests.<\/p>\n<!-- \/wp:paragraph -->\n\n<!-- wp:paragraph -->\n<p><strong>Why Denis A. Barrett Auctions?<\/strong><\/p>\n<!-- \/wp:paragraph -->\n\n<!-- wp:paragraph -->\n<p>We have a range of highly experienced professionals within our Rural Professional team. Our superior knowledge of local market conditions means we can offer the most accurate valuations, select the most effective ways to market your land or property and help present your assets in the best possible way to maximise the final sale price.<\/p>\n<!-- \/wp:paragraph -->\n\n<!-- wp:paragraph -->\n<p>Denis A. Barrett Auction Group is dedicated to the Rural Community. We through our different&nbsp;divisions&nbsp;offer a full spectrum of services to&nbsp;serve&nbsp;our wide array of clients.<\/p>\n<!-- \/wp:paragraph -->\n\n<!-- wp:paragraph {\"align\":\"center\",\"style\":{\"color\":{\"background\":\"#d2b766\"}}} -->\n<p class=\"has-text-align-center has-background\" style=\"background-color:#d2b766\"><a href=\"https:\/\/denisbarrett.com\/property-sales-2\/\"><strong>Go to our Property Department<\/strong><\/a><\/p>\n<!-- \/wp:paragraph -->\n\n<!-- wp:paragraph -->\n<p><\/p>\n<!-- \/wp:paragraph -->\n\n<!-- wp:image {\"id\":2062,\"sizeSlug\":\"large\"} -->\n<figure class=\"wp-block-image size-large\"><img src=\"https:\/\/denisbarrett.com\/wp-content\/uploads\/2020\/04\/DAB_GENERAL_LOGO-1-1024x120.png\" alt=\"\" class=\"wp-image-2062\"\/><\/figure>\n<!-- \/wp:image -->\n\n<!-- wp:paragraph {\"align\":\"center\"} -->\n<p class=\"has-text-align-center\"><strong>Contact Us:<\/strong><\/p>\n<!-- \/wp:paragraph -->\n\n<!-- wp:paragraph {\"align\":\"center\"} -->\n<p class=\"has-text-align-center\">Call:&nbsp;&nbsp;&nbsp; +353 (0) 86 410 9848<\/p>\n<!-- \/wp:paragraph -->\n\n<!-- wp:paragraph {\"align\":\"center\"} -->\n<p class=\"has-text-align-center\">Email:&nbsp;<a href=\"mailto:info@denisbarrett.com\">info@denisbarrett.com<\/a><\/p>\n<!-- \/wp:paragraph -->\n\n<!-- wp:paragraph {\"align\":\"center\"} -->\n<p class=\"has-text-align-center\">You can also stay in touch via&nbsp;<a rel=\"noreferrer noopener\" href=\"https:\/\/ie.linkedin.com\/in\/denis-barrett-05675213\" target=\"_blank\">LinkedIn<\/a>,&nbsp;<a rel=\"noreferrer noopener\" href=\"https:\/\/www.facebook.com\/denis.barrett\" target=\"_blank\">Facebook<\/a>&nbsp;and&nbsp;<a rel=\"noreferrer noopener\" href=\"https:\/\/twitter.com\/DenisABarrett\" target=\"_blank\">Twitter.<\/a><\/p>\n<!-- \/wp:paragraph -->","_et_gb_content_width":"1080","footnotes":""},"class_list":["post-2071","page","type-page","status-publish","has-post-thumbnail","hentry"],"brizy_media":[],"_links":{"self":[{"href":"https:\/\/denisbarrett.com\/pt\/wp-json\/wp\/v2\/pages\/2071","targetHints":{"allow":["GET"]}}],"collection":[{"href":"https:\/\/denisbarrett.com\/pt\/wp-json\/wp\/v2\/pages"}],"about":[{"href":"https:\/\/denisbarrett.com\/pt\/wp-json\/wp\/v2\/types\/page"}],"author":[{"embeddable":true,"href":"https:\/\/denisbarrett.com\/pt\/wp-json\/wp\/v2\/users\/1"}],"replies":[{"embeddable":true,"href":"https:\/\/denisbarrett.com\/pt\/wp-json\/wp\/v2\/comments?post=2071"}],"version-history":[{"count":10,"href":"https:\/\/denisbarrett.com\/pt\/wp-json\/wp\/v2\/pages\/2071\/revisions"}],"predecessor-version":[{"id":4609,"href":"https:\/\/denisbarrett.com\/pt\/wp-json\/wp\/v2\/pages\/2071\/revisions\/4609"}],"wp:featuredmedia":[{"embeddable":true,"href":"https:\/\/denisbarrett.com\/pt\/wp-json\/wp\/v2\/media\/2083"}],"wp:attachment":[{"href":"https:\/\/denisbarrett.com\/pt\/wp-json\/wp\/v2\/media?parent=2071"}],"curies":[{"name":"wp","href":"https:\/\/api.w.org\/{rel}","templated":true}]}}