{"id":2035,"date":"2020-04-18T12:05:37","date_gmt":"2020-04-18T11:05:37","guid":{"rendered":"https:\/\/denisbarrett.com\/?page_id=2035"},"modified":"2021-01-04T10:56:00","modified_gmt":"2021-01-04T10:56:00","slug":"special-sales-surplus-stock-auctions","status":"publish","type":"page","link":"https:\/\/denisbarrett.com\/pt\/special-sales-surplus-stock-auctions\/","title":{"rendered":"Estoque especial \/ excedente"},"content":{"rendered":"<p>Denis A. Barrett Auctions s\u00e3o leiloeiros especializados com um rico hist\u00f3rico de realiza\u00e7\u00e3o de leil\u00f5es. Ao longo de quase duas d\u00e9cadas, trabalhamos com pessoas de todo o mundo para ajud\u00e1-las a obter o melhor pre\u00e7o por tudo, desde o gado at\u00e9 a casa.<\/p>\n\n\n\n<div class=\"wp-block-image\"><figure class=\"aligncenter size-large\"><img loading=\"lazy\" decoding=\"async\" width=\"230\" height=\"174\" src=\"https:\/\/denisbarrett.com\/wp-content\/uploads\/2020\/04\/Dabbid.jpg\" alt=\"\" class=\"wp-image-1703\"\/><\/figure><\/div>\n\n\n\n<p>Denis Barrett, o fundador da empresa, \u00e9 reconhecido em todo o mundo e \u00e9 contratado para realizar leil\u00f5es p\u00fablicos, com Euro Auctions, em toda a Europa e no Oriente M\u00e9dio, tamb\u00e9m com UAI Auctioneers inc.in Subic Bay nas Filipinas e \u00e9 leiloeiro l\u00edder para KCA Auctions no Kuwait . Denis \u00e9 um leiloeiro l\u00edder premiado, constantemente referido como \u201cleiloeiro mestre vibrante\u201d.&nbsp;<\/p>\n\n\n\n<div class=\"wp-block-image\"><figure class=\"aligncenter size-large\"><img loading=\"lazy\" decoding=\"async\" width=\"302\" height=\"202\" src=\"https:\/\/denisbarrett.com\/wp-content\/uploads\/2020\/04\/Sur-Picture1.jpg\" alt=\"\" class=\"wp-image-2047\" srcset=\"https:\/\/denisbarrett.com\/wp-content\/uploads\/2020\/04\/Sur-Picture1.jpg 302w, https:\/\/denisbarrett.com\/wp-content\/uploads\/2020\/04\/Sur-Picture1-300x201.jpg 300w\" sizes=\"(max-width: 302px) 100vw, 302px\" \/><\/figure><\/div>\n\n\n\n<p>Devido \u00e0 nossa rede global e reputa\u00e7\u00e3o, nos tornamos a equipe de refer\u00eancia como servi\u00e7os corporativos fornecidos, ajudando as empresas a criar liquidez a partir de ativos excedentes. Por meio deste departamento, realizamos anualmente uma ampla variedade de leil\u00f5es de estoque excedente e de ativos especializados coletivos.<\/p>\n\n\n\n<p>Se voc\u00ea precisar de ajuda para entender o valor de um ativo, temos uma rede global de parceiros coup para auxiliar na avalia\u00e7\u00e3o de qualquer classe de ativo. <\/p>\n\n\n\n<p class=\"has-text-align-center has-background\" style=\"background-color:#d2b766\"><strong><a href=\"https:\/\/denisbarrett.com\/pt\/strategic-restructuring\/\">Para saber mais, acesse nossa Divis\u00e3o de Servi\u00e7os Corporativos<\/a><\/strong>:<\/p>\n\n\n\n<p>Denis A. Barrett Auction Group dedica-se ao servi\u00e7o e satisfa\u00e7\u00e3o do cliente. Atrav\u00e9s de nossas diferentes divis\u00f5es, oferecemos uma gama completa de servi\u00e7os para atender nossa ampla gama de clientes.<\/p>\n\n\n\n<figure class=\"wp-block-image size-large\"><img decoding=\"async\" src=\"https:\/\/denisbarrett.com\/wp-content\/uploads\/2020\/04\/Small-DAB_GENERAL_LOGO-copy.png\" alt=\"\" class=\"wp-image-2107\"\/><\/figure>\n\n\n\n<p class=\"has-text-align-center\"><strong>Contate-Nos:<\/strong><\/p>\n\n\n\n<p class=\"has-text-align-center\">Ligue: +353 (0) 86 410 9848<\/p>\n\n\n\n<p class=\"has-text-align-center\">O email:&nbsp;<a href=\"mailto:info@denisbarrett.com\">info@denisbarrett.com<\/a><\/p>\n\n\n\n<p class=\"has-text-align-center\">Voc\u00ea tamb\u00e9m pode manter contato via&nbsp;<a rel=\"noreferrer noopener\" href=\"https:\/\/ie.linkedin.com\/in\/denis-barrett-05675213\" target=\"_blank\">LinkedIn<\/a>,&nbsp;<a rel=\"noreferrer noopener\" href=\"https:\/\/www.facebook.com\/denis.barrett\" target=\"_blank\">Facebook<\/a>&nbsp;e&nbsp;<a rel=\"noreferrer noopener\" href=\"https:\/\/twitter.com\/DenisABarrett\" target=\"_blank\">Twitter.<\/a><\/p>","protected":false},"excerpt":{"rendered":"<p>Denis A. Barrett Auctions are specialist auctioneers with a rich history of conducting auctions. Over almost two decades we have worked with the people all over the world to help them realize the best price for everything from their livestock to their home. Denis Barrett the company\u2019s founder is recognized as around the world and [&hellip;]<\/p>\n","protected":false},"author":1,"featured_media":2047,"parent":0,"menu_order":0,"comment_status":"closed","ping_status":"closed","template":"","meta":{"_et_pb_use_builder":"","_et_pb_old_content":"","_et_gb_content_width":"1080","footnotes":""},"class_list":["post-2035","page","type-page","status-publish","has-post-thumbnail","hentry"],"brizy_media":[],"_links":{"self":[{"href":"https:\/\/denisbarrett.com\/pt\/wp-json\/wp\/v2\/pages\/2035","targetHints":{"allow":["GET"]}}],"collection":[{"href":"https:\/\/denisbarrett.com\/pt\/wp-json\/wp\/v2\/pages"}],"about":[{"href":"https:\/\/denisbarrett.com\/pt\/wp-json\/wp\/v2\/types\/page"}],"author":[{"embeddable":true,"href":"https:\/\/denisbarrett.com\/pt\/wp-json\/wp\/v2\/users\/1"}],"replies":[{"embeddable":true,"href":"https:\/\/denisbarrett.com\/pt\/wp-json\/wp\/v2\/comments?post=2035"}],"version-history":[{"count":5,"href":"https:\/\/denisbarrett.com\/pt\/wp-json\/wp\/v2\/pages\/2035\/revisions"}],"predecessor-version":[{"id":3695,"href":"https:\/\/denisbarrett.com\/pt\/wp-json\/wp\/v2\/pages\/2035\/revisions\/3695"}],"wp:featuredmedia":[{"embeddable":true,"href":"https:\/\/denisbarrett.com\/pt\/wp-json\/wp\/v2\/media\/2047"}],"wp:attachment":[{"href":"https:\/\/denisbarrett.com\/pt\/wp-json\/wp\/v2\/media?parent=2035"}],"curies":[{"name":"wp","href":"https:\/\/api.w.org\/{rel}","templated":true}]}}