{"id":2032,"date":"2020-04-16T21:03:03","date_gmt":"2020-04-16T20:03:03","guid":{"rendered":"https:\/\/denisbarrett.com\/?page_id=2032"},"modified":"2020-12-19T19:57:03","modified_gmt":"2020-12-19T19:57:03","slug":"machinery-auctions","status":"publish","type":"page","link":"https:\/\/denisbarrett.com\/pt\/machinery-auctions\/","title":{"rendered":"Leil\u00f5es de m\u00e1quinas"},"content":{"rendered":"<p>Denis A. Barrett Auctions s\u00e3o leiloeiros especializados com um rico hist\u00f3rico de realiza\u00e7\u00e3o de leil\u00f5es. Ao longo de quase duas d\u00e9cadas de s\u00e9culos, trabalhamos com pessoas em todo o mundo para ajud\u00e1-las a obter o melhor pre\u00e7o por tudo, desde o gado at\u00e9 a casa.<\/p>\n\n\n\n<figure class=\"wp-block-image size-full\"><img loading=\"lazy\" decoding=\"async\" width=\"960\" height=\"636\" src=\"https:\/\/denisbarrett.com\/wp-content\/uploads\/2020\/04\/IMG_4621.jpg\" alt=\"\" class=\"wp-image-2194\" srcset=\"https:\/\/denisbarrett.com\/wp-content\/uploads\/2020\/04\/IMG_4621.jpg 960w, https:\/\/denisbarrett.com\/wp-content\/uploads\/2020\/04\/IMG_4621-300x199.jpg 300w, https:\/\/denisbarrett.com\/wp-content\/uploads\/2020\/04\/IMG_4621-768x509.jpg 768w\" sizes=\"(max-width: 960px) 100vw, 960px\" \/><\/figure>\n\n\n\n<p>Denis Barrett, o fundador da empresa, \u00e9 reconhecido em todo o mundo e \u00e9 contratado para realizar leil\u00f5es p\u00fablicos, com Euro Auctions, em toda a Europa e no Oriente M\u00e9dio, tamb\u00e9m com UAI Auctioneers inc.in Subic Bay nas Filipinas e \u00e9 leiloeiro l\u00edder para KCA Auctions no Kuwait . Denis \u00e9 um leiloeiro l\u00edder premiado, constantemente referido como \u201cleiloeiro mestre vibrante\u201d.<\/p>\n\n\n\n<figure class=\"wp-block-image size-large\"><img loading=\"lazy\" decoding=\"async\" width=\"1024\" height=\"567\" src=\"https:\/\/denisbarrett.com\/wp-content\/uploads\/2020\/04\/IMG_4594-1024x567.jpg\" alt=\"\" class=\"wp-image-2195\" srcset=\"https:\/\/denisbarrett.com\/wp-content\/uploads\/2020\/04\/IMG_4594-1024x567.jpg 1024w, https:\/\/denisbarrett.com\/wp-content\/uploads\/2020\/04\/IMG_4594-300x166.jpg 300w, https:\/\/denisbarrett.com\/wp-content\/uploads\/2020\/04\/IMG_4594-768x425.jpg 768w, https:\/\/denisbarrett.com\/wp-content\/uploads\/2020\/04\/IMG_4594.jpg 1242w\" sizes=\"(max-width: 1024px) 100vw, 1024px\" \/><\/figure>\n\n\n\n<p>Ao trabalhar com fazendeiros e propriet\u00e1rios de terras em nossas outras divis\u00f5es, significa que operamos leil\u00f5es regulares de maquin\u00e1rio utilizando as instala\u00e7\u00f5es de um comerciante de maquin\u00e1rio aposentado. Nossa reputa\u00e7\u00e3o local tamb\u00e9m nos deu a confian\u00e7a de propriet\u00e1rios de terras locais para realizar vendas em suas terras, incluindo vendas de dispers\u00e3o, palha em p\u00e9, grama e vendas de silagem.<\/p>\n\n\n\n<div class=\"wp-block-columns is-layout-flex wp-container-core-columns-is-layout-9d6595d7 wp-block-columns-is-layout-flex\">\n<div class=\"wp-block-column is-layout-flow wp-block-column-is-layout-flow\">\n<div class=\"wp-block-image\"><figure class=\"aligncenter size-medium\"><img loading=\"lazy\" decoding=\"async\" width=\"300\" height=\"225\" src=\"https:\/\/denisbarrett.com\/wp-content\/uploads\/2020\/04\/IMG_3685-300x225.jpg\" alt=\"\" class=\"wp-image-2192\" srcset=\"https:\/\/denisbarrett.com\/wp-content\/uploads\/2020\/04\/IMG_3685-300x225.jpg 300w, https:\/\/denisbarrett.com\/wp-content\/uploads\/2020\/04\/IMG_3685-1024x768.jpg 1024w, https:\/\/denisbarrett.com\/wp-content\/uploads\/2020\/04\/IMG_3685-768x576.jpg 768w, https:\/\/denisbarrett.com\/wp-content\/uploads\/2020\/04\/IMG_3685.jpg 1280w\" sizes=\"(max-width: 300px) 100vw, 300px\" \/><\/figure><\/div>\n<\/div>\n\n\n\n<div class=\"wp-block-column is-layout-flow wp-block-column-is-layout-flow\">\n<div class=\"wp-block-image\"><figure class=\"aligncenter size-medium\"><img loading=\"lazy\" decoding=\"async\" width=\"300\" height=\"225\" src=\"https:\/\/denisbarrett.com\/wp-content\/uploads\/2020\/04\/c9555383-27e4-462f-8880-8db77690fa89-300x225.jpg\" alt=\"\" class=\"wp-image-2193\" srcset=\"https:\/\/denisbarrett.com\/wp-content\/uploads\/2020\/04\/c9555383-27e4-462f-8880-8db77690fa89-300x225.jpg 300w, https:\/\/denisbarrett.com\/wp-content\/uploads\/2020\/04\/c9555383-27e4-462f-8880-8db77690fa89-1024x768.jpg 1024w, https:\/\/denisbarrett.com\/wp-content\/uploads\/2020\/04\/c9555383-27e4-462f-8880-8db77690fa89-768x576.jpg 768w, https:\/\/denisbarrett.com\/wp-content\/uploads\/2020\/04\/c9555383-27e4-462f-8880-8db77690fa89-1536x1152.jpg 1536w, https:\/\/denisbarrett.com\/wp-content\/uploads\/2020\/04\/c9555383-27e4-462f-8880-8db77690fa89.jpg 1600w\" sizes=\"(max-width: 300px) 100vw, 300px\" \/><\/figure><\/div>\n<\/div>\n<\/div>\n\n\n\n<p>Denis A. Barrett Auction Group dedica-se ao servi\u00e7o e satisfa\u00e7\u00e3o do cliente. Atrav\u00e9s de nossas diferentes divis\u00f5es, oferecemos uma gama completa de servi\u00e7os para atender nossa ampla gama de clientes.<\/p>\n\n\n\n<div class=\"wp-block-image\"><figure class=\"aligncenter size-large\"><img decoding=\"async\" src=\"https:\/\/denisbarrett.com\/wp-content\/uploads\/2020\/04\/DAB_GENERAL_LOGO-1024x120.png\" alt=\"\" class=\"wp-image-1915\"\/><\/figure><\/div>\n\n\n\n<h3 class=\"has-text-align-center wp-block-heading\"><strong>Contate-Nos<\/strong>:<\/h3>\n\n\n\n<p class=\"has-text-align-center\">Ligue: +353 (0) 86 410 9848<\/p>\n\n\n\n<p class=\"has-text-align-center\">O email:&nbsp;<a href=\"mailto:info@denisbarrett.com\">info@denisbarrett.com<\/a><\/p>\n\n\n\n<p class=\"has-text-align-center\">Voc\u00ea tamb\u00e9m pode manter contato via&nbsp;<a rel=\"noreferrer noopener\" href=\"https:\/\/ie.linkedin.com\/in\/denis-barrett-05675213\" target=\"_blank\">LinkedIn<\/a>,&nbsp;<a rel=\"noreferrer noopener\" href=\"https:\/\/www.facebook.com\/denis.barrett\" target=\"_blank\">Facebook<\/a>&nbsp;e&nbsp;<a rel=\"noreferrer noopener\" href=\"https:\/\/twitter.com\/DenisABarrett\" target=\"_blank\">Twitter.<\/a><\/p>","protected":false},"excerpt":{"rendered":"<p>Denis A. Barrett Auctions are specialist auctioneers with a rich history of conducting auctions. Over almost two decades centuries we have worked with people all over the world to help them realize the best price for everything from their livestock to their home. Denis Barrett the company\u2019s founder is recognized as around the world and [&hellip;]<\/p>\n","protected":false},"author":1,"featured_media":2194,"parent":0,"menu_order":0,"comment_status":"closed","ping_status":"closed","template":"","meta":{"_et_pb_use_builder":"","_et_pb_old_content":"","_et_gb_content_width":"1080","footnotes":""},"class_list":["post-2032","page","type-page","status-publish","has-post-thumbnail","hentry"],"brizy_media":[],"_links":{"self":[{"href":"https:\/\/denisbarrett.com\/pt\/wp-json\/wp\/v2\/pages\/2032","targetHints":{"allow":["GET"]}}],"collection":[{"href":"https:\/\/denisbarrett.com\/pt\/wp-json\/wp\/v2\/pages"}],"about":[{"href":"https:\/\/denisbarrett.com\/pt\/wp-json\/wp\/v2\/types\/page"}],"author":[{"embeddable":true,"href":"https:\/\/denisbarrett.com\/pt\/wp-json\/wp\/v2\/users\/1"}],"replies":[{"embeddable":true,"href":"https:\/\/denisbarrett.com\/pt\/wp-json\/wp\/v2\/comments?post=2032"}],"version-history":[{"count":6,"href":"https:\/\/denisbarrett.com\/pt\/wp-json\/wp\/v2\/pages\/2032\/revisions"}],"predecessor-version":[{"id":2946,"href":"https:\/\/denisbarrett.com\/pt\/wp-json\/wp\/v2\/pages\/2032\/revisions\/2946"}],"wp:featuredmedia":[{"embeddable":true,"href":"https:\/\/denisbarrett.com\/pt\/wp-json\/wp\/v2\/media\/2194"}],"wp:attachment":[{"href":"https:\/\/denisbarrett.com\/pt\/wp-json\/wp\/v2\/media?parent=2032"}],"curies":[{"name":"wp","href":"https:\/\/api.w.org\/{rel}","templated":true}]}}