{"id":2026,"date":"2020-04-16T21:37:12","date_gmt":"2020-04-16T20:37:12","guid":{"rendered":"https:\/\/denisbarrett.com\/?page_id=2026"},"modified":"2021-01-04T10:54:48","modified_gmt":"2021-01-04T10:54:48","slug":"about-our-auction-department","status":"publish","type":"page","link":"https:\/\/denisbarrett.com\/pt\/about-our-auction-department\/","title":{"rendered":"Sobre leil\u00f5es DAB"},"content":{"rendered":"<p>A leiloeira \u00e9 o cerne da Denis A. Barrett Auctions. A empresa tem uma paix\u00e3o inabal\u00e1vel pelo M\u00e9todo de Leil\u00e3o P\u00fablico de Marketing. Nossa equipe lida com uma ampla variedade de leil\u00f5es em todos os setores do nosso neg\u00f3cio. Isso inclui leil\u00f5es de gado, vendas coletivas de m\u00e1quinas, vendas de dispers\u00e3o no local, leil\u00f5es de estoque excedente e leil\u00f5es de propriedade coletiva e de terras, tanto nacional quanto internacionalmente.&nbsp;<\/p>\n\n\n\n<figure class=\"wp-block-image size-full is-resized\"><img loading=\"lazy\" decoding=\"async\" src=\"https:\/\/denisbarrett.com\/wp-content\/uploads\/2020\/04\/auctions.jpg\" alt=\"\" class=\"wp-image-2028\" width=\"676\" height=\"475\"\/><\/figure>\n\n\n\n<p>\u00c9 a cren\u00e7a \u00e1vida da empresa que o Leil\u00e3o P\u00fablico \u00e9 o m\u00e9todo preeminente de marketing para determinar o verdadeiro valor de mercado de um ativo em um determinado dia, quando alinhado com estrat\u00e9gias de marketing cuidadosamente planejadas.<\/p>\n\n\n\n<div class=\"wp-block-group\"><div class=\"wp-block-group__inner-container is-layout-flow wp-block-group-is-layout-flow\">\n<div class=\"wp-block-columns is-layout-flex wp-container-core-columns-is-layout-9d6595d7 wp-block-columns-is-layout-flex\">\n<div class=\"wp-block-column is-layout-flow wp-block-column-is-layout-flow\">\n<div class=\"wp-block-image\"><figure class=\"aligncenter size-large is-resized\"><img loading=\"lazy\" decoding=\"async\" src=\"https:\/\/denisbarrett.com\/wp-content\/uploads\/2020\/04\/auction-calendar.jpg\" alt=\"\" class=\"wp-image-2029\" width=\"375\" height=\"225\" srcset=\"https:\/\/denisbarrett.com\/wp-content\/uploads\/2020\/04\/auction-calendar.jpg 375w, https:\/\/denisbarrett.com\/wp-content\/uploads\/2020\/04\/auction-calendar-300x180.jpg 300w\" sizes=\"(max-width: 375px) 100vw, 375px\" \/><\/figure><\/div>\n\n\n\n<p class=\"has-text-align-center\"><strong>Calend\u00e1rio de Leil\u00e3o<\/strong> <\/p>\n<\/div>\n\n\n\n<div class=\"wp-block-column is-layout-flow wp-block-column-is-layout-flow\">\n<div class=\"wp-block-image\"><figure class=\"aligncenter size-large is-resized\"><img loading=\"lazy\" decoding=\"async\" src=\"https:\/\/denisbarrett.com\/wp-content\/uploads\/2020\/04\/Val-1-images.jpeg\" alt=\"\" class=\"wp-image-2030\" width=\"375\" height=\"225\"\/><\/figure><\/div>\n\n\n\n<p class=\"has-text-align-center\"><strong>Solicite uma avalia\u00e7\u00e3o<\/strong><\/p>\n<\/div>\n<\/div>\n<\/div><\/div>\n\n\n\n<p>Realizamos regularmente os seguintes tipos de leil\u00f5es:<\/p>\n\n\n\n<p><a href=\"https:\/\/denisbarrett.com\/pt\/divisions\/dab-agri-com\/\">Gado<\/a><\/p>\n\n\n\n<p><a href=\"https:\/\/denisbarrett.com\/pt\/machinery-auctions\/\">Maquin\u00e1rio<\/a><\/p>\n\n\n\n<p><a href=\"https:\/\/denisbarrett.com\/pt\/strategic-restructuring\/\">Estoque Excedente<\/a><\/p>\n\n\n\n<p><a href=\"https:\/\/denisbarrett.com\/pt\/property-auctions\/\">Terreno, Propriedade Comercial e Residencial<\/a><\/p>\n\n\n\n<p>Dentro de cada um desses tipos de leil\u00f5es, h\u00e1 v\u00e1rias subcategorias diferentes, cada uma das quais \u00e9 o foco de leil\u00f5es individuais ao longo do ano.<\/p>\n\n\n\n<figure class=\"wp-block-image size-large\"><img loading=\"lazy\" decoding=\"async\" width=\"1024\" height=\"681\" src=\"https:\/\/denisbarrett.com\/wp-content\/uploads\/2020\/04\/delicia-benefits-1024x681-1.jpg\" alt=\"Text Box: Picture 18\" class=\"wp-image-2041\" srcset=\"https:\/\/denisbarrett.com\/wp-content\/uploads\/2020\/04\/delicia-benefits-1024x681-1.jpg 1024w, https:\/\/denisbarrett.com\/wp-content\/uploads\/2020\/04\/delicia-benefits-1024x681-1-300x200.jpg 300w, https:\/\/denisbarrett.com\/wp-content\/uploads\/2020\/04\/delicia-benefits-1024x681-1-768x511.jpg 768w\" sizes=\"(max-width: 1024px) 100vw, 1024px\" \/><\/figure>\n\n\n\n<p>Nossa equipe de especialistas tem o conhecimento e a experi\u00eancia para colocar seus itens na frente dos potenciais compradores mais adequados, ajudando voc\u00ea a alcan\u00e7ar o melhor pre\u00e7o de venda poss\u00edvel.<\/p>\n\n\n\n<p>A equipe de Leil\u00f5es de Denis A. Barrett \u00e9 composta por especialistas do setor com uma forte reputa\u00e7\u00e3o de profissionalismo. Cada membro de nossa equipe tem uma paix\u00e3o genu\u00edna por alcan\u00e7ar os melhores resultados para nossos clientes. Nossa equipe est\u00e1 perfeitamente posicionada para entender e responder \u00e0s suas necessidades espec\u00edficas e oferecer um servi\u00e7o personalizado e totalmente personalizado.<\/p>\n\n\n\n<p>Trabalhamos em estreita colabora\u00e7\u00e3o com especialistas de marketing que elaboram nossas estrat\u00e9gias de marketing e planos t\u00e1ticos para cada leil\u00e3o, garantindo assim que estamos capturando e direcionando todos os clientes relevantes.<\/p>\n\n\n\n<p>Temos uma rede global de parceiros juntamente com um banco de dados internacional de compradores com liquidez imediata para todos os tipos de propriedades ou ativos.<\/p>\n\n\n\n<div class=\"wp-block-group\"><div class=\"wp-block-group__inner-container is-layout-flow wp-block-group-is-layout-flow\">\n<div class=\"wp-block-group has-background\" style=\"background-color:#d2b766\"><div class=\"wp-block-group__inner-container is-layout-flow wp-block-group-is-layout-flow\">\n<p class=\"has-text-align-center has-very-dark-gray-color has-text-color\"><strong>O Gavel Vai Viajar <\/strong><\/p>\n\n\n\n<div class=\"wp-block-columns is-layout-flex wp-container-core-columns-is-layout-9d6595d7 wp-block-columns-is-layout-flex\">\n<div class=\"wp-block-column is-layout-flow wp-block-column-is-layout-flow\">\n<p class=\"has-text-align-left\">Denis \u00e9 um leiloeiro mestre premiado, com cerca de 20 anos de experi\u00eancia na venda de todos os tipos de ativos. Cada vez mais, Denis est\u00e1 se tornando conhecido como o leiloeiro internacional &quot;preferido&quot; em todo o mundo, todos os tipos de leil\u00f5es, incluindo Leil\u00f5es de Benef\u00edcios, Leil\u00f5es de Carros Cl\u00e1ssicos, Leil\u00f5es de M\u00e1quinas e Plantas Pesadas, Leil\u00f5es de Elite Bloodstock e Gado, e j\u00e1 conduziu Leil\u00f5es no Kuwait, Dubai , Reino Unido, Alemanha, Espanha e Filipinas.<\/p>\n<\/div>\n\n\n\n<div class=\"wp-block-column is-layout-flow wp-block-column-is-layout-flow\">\n<div class=\"wp-block-image\"><figure class=\"aligncenter size-medium\"><img loading=\"lazy\" decoding=\"async\" width=\"300\" height=\"300\" src=\"https:\/\/denisbarrett.com\/wp-content\/uploads\/2019\/11\/denis_barrett-300x300.png\" alt=\"\" class=\"wp-image-1313\" srcset=\"https:\/\/denisbarrett.com\/wp-content\/uploads\/2019\/11\/denis_barrett-300x300.png 300w, https:\/\/denisbarrett.com\/wp-content\/uploads\/2019\/11\/denis_barrett-150x150.png 150w, https:\/\/denisbarrett.com\/wp-content\/uploads\/2019\/11\/denis_barrett.png 600w\" sizes=\"(max-width: 300px) 100vw, 300px\" \/><\/figure><\/div>\n\n\n\n<p><\/p>\n<\/div>\n<\/div>\n<\/div><\/div>\n<\/div><\/div>\n\n\n\n<p><\/p>\n\n\n\n<p><strong>N\u00f3s&nbsp;<\/strong>temos entregado resultados desde que inauguramos em 2003. Nosso objetivo \u00e9 fornecer uma experi\u00eancia superior, compilada com um valor tremendo para nossos clientes<\/p>\n\n\n\n<p><strong>Denis Barrett, o fundador da empresa <\/strong>tem mais de 22 anos de experi\u00eancia no&nbsp;<strong>Ind\u00fastria de leil\u00f5es&nbsp;<\/strong>e conduziu<strong>&nbsp;mais de 1.100 leil\u00f5es em todo o mundo.<\/strong><\/p>\n\n\n\n<p>Para melhor compreender a variedade dos leil\u00f5es que Denis A. Barrett atende, por favor consulte o nosso calend\u00e1rio de leil\u00f5es que detalha os nomes e datas de todas as nossas vendas e o aconselhar\u00e1 sobre como pode solicitar ou descarregar um cat\u00e1logo.<\/p>\n\n\n\n<figure class=\"wp-block-image size-large\"><img loading=\"lazy\" decoding=\"async\" width=\"1024\" height=\"134\" src=\"https:\/\/denisbarrett.com\/wp-content\/uploads\/2019\/09\/Logo-Jpeg-1024x134.jpg\" alt=\"\" class=\"wp-image-1229\"\/><\/figure>\n\n\n\n<h3 class=\"has-text-align-center wp-block-heading\"><strong>Contate-Nos<\/strong>:<\/h3>\n\n\n\n<p class=\"has-text-align-center\">Ligue: +353 (0) 86 410 9848<\/p>\n\n\n\n<p class=\"has-text-align-center\">O email:&nbsp;<a href=\"mailto:info@denisbarrett.com\">info@denisbarrett.com<\/a>&nbsp;<\/p>\n\n\n\n<p class=\"has-text-align-center\">Voc\u00ea tamb\u00e9m pode manter contato via&nbsp;<a href=\"https:\/\/ie.linkedin.com\/in\/denis-barrett-05675213\">LinkedIn<\/a>,&nbsp;<a href=\"https:\/\/www.facebook.com\/DenisBarrettAuctioneers\/?ref=bookmarks\">Facebook<\/a>&nbsp;e&nbsp;<a href=\"https:\/\/twitter.com\/DenisABarrett\">Twitter<\/a>.<\/p>","protected":false},"excerpt":{"rendered":"<p>Auctioneering is at the very heart of Denis A. Barrett Auctions. The firm has an unwavering passion for the Public Auction Method of Marketing. Our team handle a wide variety of auctions across every sector of our business. This includes livestock auctions, collective machinery sales, on-site dispersal sales, surplus stock auctions and collective property and [&hellip;]<\/p>\n","protected":false},"author":1,"featured_media":0,"parent":0,"menu_order":0,"comment_status":"closed","ping_status":"closed","template":"","meta":{"_et_pb_use_builder":"","_et_pb_old_content":"","_et_gb_content_width":"1080","footnotes":""},"class_list":["post-2026","page","type-page","status-publish","hentry"],"brizy_media":[],"_links":{"self":[{"href":"https:\/\/denisbarrett.com\/pt\/wp-json\/wp\/v2\/pages\/2026","targetHints":{"allow":["GET"]}}],"collection":[{"href":"https:\/\/denisbarrett.com\/pt\/wp-json\/wp\/v2\/pages"}],"about":[{"href":"https:\/\/denisbarrett.com\/pt\/wp-json\/wp\/v2\/types\/page"}],"author":[{"embeddable":true,"href":"https:\/\/denisbarrett.com\/pt\/wp-json\/wp\/v2\/users\/1"}],"replies":[{"embeddable":true,"href":"https:\/\/denisbarrett.com\/pt\/wp-json\/wp\/v2\/comments?post=2026"}],"version-history":[{"count":4,"href":"https:\/\/denisbarrett.com\/pt\/wp-json\/wp\/v2\/pages\/2026\/revisions"}],"predecessor-version":[{"id":3693,"href":"https:\/\/denisbarrett.com\/pt\/wp-json\/wp\/v2\/pages\/2026\/revisions\/3693"}],"wp:attachment":[{"href":"https:\/\/denisbarrett.com\/pt\/wp-json\/wp\/v2\/media?parent=2026"}],"curies":[{"name":"wp","href":"https:\/\/api.w.org\/{rel}","templated":true}]}}