{"id":1786,"date":"2020-04-15T13:55:18","date_gmt":"2020-04-15T12:55:18","guid":{"rendered":"https:\/\/denisbarrett.com\/?page_id=1786"},"modified":"2020-04-17T12:42:04","modified_gmt":"2020-04-17T11:42:04","slug":"have-gavel-will-travel","status":"publish","type":"page","link":"https:\/\/denisbarrett.com\/pt\/have-gavel-will-travel\/","title":{"rendered":"Have Gavel - Vai Viajar"},"content":{"rendered":"<p>Denis \u00e9 um leiloeiro mestre premiado, com cerca de 20 anos de experi\u00eancia na venda de todos os tipos de ativos. Cada vez mais, Denis est\u00e1 se tornando conhecido como o leiloeiro internacional &#039;go-to&#039; em todo o mundo, incluindo leil\u00f5es de benef\u00edcios, leil\u00f5es de carros cl\u00e1ssicos, leil\u00f5es de m\u00e1quinas e plantas pesadas, leil\u00f5es de estoques de sangue e gado de elite, e j\u00e1 conduziu leil\u00f5es em Dubai, Reino Unido, Alemanha, Espanha e Filipinas.<\/p>\n\n\n\n<figure class=\"wp-block-image size-large\"><img loading=\"lazy\" decoding=\"async\" width=\"1024\" height=\"682\" src=\"https:\/\/denisbarrett.com\/wp-content\/uploads\/2020\/04\/59e375ec-1f0d-4a4d-9eaf-e74ab9de16bb-1024x682.jpg\" alt=\"\" class=\"wp-image-2114\" srcset=\"https:\/\/denisbarrett.com\/wp-content\/uploads\/2020\/04\/59e375ec-1f0d-4a4d-9eaf-e74ab9de16bb-1024x682.jpg 1024w, https:\/\/denisbarrett.com\/wp-content\/uploads\/2020\/04\/59e375ec-1f0d-4a4d-9eaf-e74ab9de16bb-300x200.jpg 300w, https:\/\/denisbarrett.com\/wp-content\/uploads\/2020\/04\/59e375ec-1f0d-4a4d-9eaf-e74ab9de16bb-768x512.jpg 768w, https:\/\/denisbarrett.com\/wp-content\/uploads\/2020\/04\/59e375ec-1f0d-4a4d-9eaf-e74ab9de16bb-1536x1023.jpg 1536w, https:\/\/denisbarrett.com\/wp-content\/uploads\/2020\/04\/59e375ec-1f0d-4a4d-9eaf-e74ab9de16bb.jpg 1600w\" sizes=\"(max-width: 1024px) 100vw, 1024px\" \/><\/figure>\n\n\n\n<p>Constantemente referido como \u201cvibrante\u201d e \u201cmestre leiloeiro\u201d, Denis ilumina a multid\u00e3o com sua energia positiva, sua precis\u00e3o e sua capacidade de manter o p\u00fablico, seja ele grande ou pequeno, completamente envolvido.<\/p>\n\n\n\n<p>Ele ajustar\u00e1 seus servi\u00e7os para atender \u00e0s necessidades de sua organiza\u00e7\u00e3o, garantindo que sua apresenta\u00e7\u00e3o de leil\u00e3o seja tudo o que voc\u00ea gostaria que fosse. Interessado em adicionar Denis \u00e0 sua equipe de leil\u00e3o<\/p>\n\n\n\n<p class=\"has-text-align-center\"><a href=\"https:\/\/denisbarrett.com\/pt\/contract-auctioneer\/\">Mais sobre leil\u00f5es de contrato:<\/a><\/p>\n\n\n\n<figure class=\"wp-block-image size-large\"><img loading=\"lazy\" decoding=\"async\" width=\"1024\" height=\"683\" src=\"https:\/\/denisbarrett.com\/wp-content\/uploads\/2020\/03\/HeavyEquipmentAuctioneer-1024x683.jpg\" alt=\"\" class=\"wp-image-1595\" srcset=\"https:\/\/denisbarrett.com\/wp-content\/uploads\/2020\/03\/HeavyEquipmentAuctioneer-1024x683.jpg 1024w, https:\/\/denisbarrett.com\/wp-content\/uploads\/2020\/03\/HeavyEquipmentAuctioneer-300x200.jpg 300w, https:\/\/denisbarrett.com\/wp-content\/uploads\/2020\/03\/HeavyEquipmentAuctioneer-768x512.jpg 768w, https:\/\/denisbarrett.com\/wp-content\/uploads\/2020\/03\/HeavyEquipmentAuctioneer-1536x1024.jpg 1536w, https:\/\/denisbarrett.com\/wp-content\/uploads\/2020\/03\/HeavyEquipmentAuctioneer-2048x1365.jpg 2048w, https:\/\/denisbarrett.com\/wp-content\/uploads\/2020\/03\/HeavyEquipmentAuctioneer-1600x1067.jpg 1600w\" sizes=\"(max-width: 1024px) 100vw, 1024px\" \/><\/figure>\n\n\n\n<div class=\"wp-block-image\"><figure class=\"aligncenter size-large\"><img loading=\"lazy\" decoding=\"async\" width=\"1024\" height=\"134\" src=\"https:\/\/denisbarrett.com\/wp-content\/uploads\/2019\/09\/Logo-Jpeg-1024x134.jpg\" alt=\"\" class=\"wp-image-1229\"\/><\/figure><\/div>\n\n\n\n<p class=\"has-text-align-center\"><strong>Contate-Nos:<\/strong><\/p>\n\n\n\n<p class=\"has-text-align-center\">Ligue: +353 (0) 86 410 9848<\/p>\n\n\n\n<p class=\"has-text-align-center\">O email:&nbsp;<a href=\"mailto:info@denisbarrett.com\">info@denisbarrett.com<\/a><\/p>\n\n\n\n<p class=\"has-text-align-center\">Voc\u00ea tamb\u00e9m pode manter contato via\u00a0<a rel=\"noreferrer noopener\" href=\"https:\/\/ie.linkedin.com\/in\/denis-barrett-05675213\" target=\"_blank\">LinkedIn<\/a>,\u00a0<a rel=\"noreferrer noopener\" href=\"https:\/\/www.facebook.com\/denis.barrett\" target=\"_blank\">Facebook<\/a>\u00a0e\u00a0<a rel=\"noreferrer noopener\" href=\"https:\/\/twitter.com\/DenisABarrett\" target=\"_blank\">Twitter.<\/a><\/p>","protected":false},"excerpt":{"rendered":"<p>Denis is an award-winning master Auctioneer, with some 20 years of experience selling all types of assets. Increasingly Denis is becoming known as the \u2018go-to\u2019 International Auctioneer around the world all types of auctions including, Benefit Auctions, Classic Car Auctions, Heavy Plant and Machinery Auctions, Elite Bloodstock &amp; Livestock Auctions, and has conducted Auctions in [&hellip;]<\/p>\n","protected":false},"author":1,"featured_media":0,"parent":0,"menu_order":0,"comment_status":"closed","ping_status":"closed","template":"","meta":{"_et_pb_use_builder":"on","_et_pb_old_content":"<!-- wp:heading {\"level\":3} -->\n<h3>Have Gavel Will Travel<\/h3>\n<!-- \/wp:heading -->\n\n<!-- wp:paragraph -->\n<p>Denis is an award-winning master Auctioneer, with some 20 years of experience selling all types of assets. Increasingly Denis is becoming known as the \u2018go-to\u2019 International Auctioneer around the world all types of auctions including, Benefit Auctions, Classic Car Auctions, Heavy Plant and Machinery Auctions, Elite Bloodstock &amp; Livestock Auctions, and has conducted Auctions in Dubai, The UK, Germany, Spain and The Philippines.<\/p>\n<!-- \/wp:paragraph -->\n\n<!-- wp:paragraph -->\n<p>Constantly referred to as \u201cvibrant\u201d and a \u201cmaster auctioneer\u201d, Denis lights up the crowd with his positive energy, his accuracy and his ability to keep the audience whether large or small, completely engaged.<\/p>\n<!-- \/wp:paragraph -->\n\n<!-- wp:paragraph -->\n<p>He will tailor his services to meet your organization\u2019s needs ensuring your auction presentation is everything you wanted it to be. Interested in adding Denis to your auction team? Contact him.<\/p>\n<!-- \/wp:paragraph -->\n\n<!-- wp:paragraph -->\n<p>Contact Us on<\/p>\n<!-- \/wp:paragraph -->\n\n<!-- wp:paragraph -->\n<p>Email:&nbsp;<a href=\"mailto:info@denisbarrett.com\">info@denisbarrett.com<\/a>&nbsp;or Call:&nbsp;&nbsp;&nbsp; +353 (0) 86 410 9848<\/p>\n<!-- \/wp:paragraph -->\n\n<!-- wp:paragraph -->\n<p><a href=\"https:\/\/denisbarrett.com\/contract-auctioneer\/\">More on Contract Auctions:<\/a> <\/p>\n<!-- \/wp:paragraph -->\n\n<!-- wp:paragraph {\"align\":\"center\"} -->\n<p class=\"has-text-align-center\">You can also stay in touch via&nbsp;<a rel=\"noreferrer noopener\" href=\"https:\/\/ie.linkedin.com\/in\/denis-barrett-05675213\" target=\"_blank\">LinkedIn<\/a>,&nbsp;<a rel=\"noreferrer noopener\" href=\"https:\/\/www.facebook.com\/denis.barrett\" target=\"_blank\">Facebook<\/a>&nbsp;and&nbsp;<a rel=\"noreferrer noopener\" href=\"https:\/\/twitter.com\/DenisABarrett\" target=\"_blank\">Twitter.<\/a><\/p>\n<!-- \/wp:paragraph -->","_et_gb_content_width":"","footnotes":""},"class_list":["post-1786","page","type-page","status-publish","hentry"],"brizy_media":[],"_links":{"self":[{"href":"https:\/\/denisbarrett.com\/pt\/wp-json\/wp\/v2\/pages\/1786","targetHints":{"allow":["GET"]}}],"collection":[{"href":"https:\/\/denisbarrett.com\/pt\/wp-json\/wp\/v2\/pages"}],"about":[{"href":"https:\/\/denisbarrett.com\/pt\/wp-json\/wp\/v2\/types\/page"}],"author":[{"embeddable":true,"href":"https:\/\/denisbarrett.com\/pt\/wp-json\/wp\/v2\/users\/1"}],"replies":[{"embeddable":true,"href":"https:\/\/denisbarrett.com\/pt\/wp-json\/wp\/v2\/comments?post=1786"}],"version-history":[{"count":4,"href":"https:\/\/denisbarrett.com\/pt\/wp-json\/wp\/v2\/pages\/1786\/revisions"}],"predecessor-version":[{"id":2115,"href":"https:\/\/denisbarrett.com\/pt\/wp-json\/wp\/v2\/pages\/1786\/revisions\/2115"}],"wp:attachment":[{"href":"https:\/\/denisbarrett.com\/pt\/wp-json\/wp\/v2\/media?parent=1786"}],"curies":[{"name":"wp","href":"https:\/\/api.w.org\/{rel}","templated":true}]}}