{"id":1711,"date":"2020-04-07T18:39:59","date_gmt":"2020-04-07T17:39:59","guid":{"rendered":"https:\/\/denisbarrett.com\/?page_id=1711"},"modified":"2020-12-19T20:15:05","modified_gmt":"2020-12-19T20:15:05","slug":"a-sustainable-method-of-clearance","status":"publish","type":"page","link":"https:\/\/denisbarrett.com\/pt\/a-sustainable-method-of-clearance\/","title":{"rendered":"Um m\u00e9todo sustent\u00e1vel de libera\u00e7\u00e3o:"},"content":{"rendered":"<p>O descarte e a redistribui\u00e7\u00e3o de ativos custam \u00e0s organiza\u00e7\u00f5es uma receita, tempo e recursos significativos. Freq\u00fcentemente, os processos para lidar com esses ativos excedentes s\u00e3o fragmentados, n\u00e3o transparentes e executados com v\u00e1rios graus de sucesso. Aqui em Denis A. Barrett Auctions &amp; Dabbid.com, podemos resolver todo o problema do excedente de ativos vendendo em seu nome, gerando receita m\u00e1xima para cada ativo para fornecer um desconto da receita gerada. mas, o mais importante, trabalhamos de forma hol\u00edstica para oferecer economias de custo significativas e com o benef\u00edcio adicional de ajudar as organiza\u00e7\u00f5es a atingir as metas de Responsabilidade Social Corporativa e sustentabilidade.<\/p>\n\n\n\n<p>ALIENA\u00c7\u00c3O DE ATIVOS VIA LEIL\u00c3O P\u00daBLICO<\/p>\n\n\n\n<p>Os ativos se tornam excedentes por v\u00e1rios motivos dentro das organiza\u00e7\u00f5es, n\u00e3o necessariamente porque n\u00e3o podem mais ser usados. Vender seus ativos em leil\u00e3o oferece a eles uma nova vida, permitindo sua reutiliza\u00e7\u00e3o em vez de se tornarem lixo, apoiando os objetivos de sustentabilidade.<\/p>\n\n\n\n<p>AJUDANDO VOC\u00ca A FAZER BEM<\/p>\n\n\n\n<p>O que vem imediatamente \u00e0 mente ao considerar a venda de ativos por meio de leil\u00e3o \u00e9 a receita gerada. Mas, na verdade, vender com Denis A. Barrett Auctions e Dabbid.com via leil\u00e3o oferece muito mais do que apenas um r\u00e1pido aumento financeiro.<\/p>\n\n\n\n<p>Trabalhando com muitas organiza\u00e7\u00f5es de grande porte, reconhecemos a import\u00e2ncia de agregar valor a cada parceria. Trabalhar conosco como uma forma de descartar seus ativos excedentes complementa seus objetivos de sustentabilidade.<\/p>\n\n\n\n<p>Denis a. A Barrett Auctions &amp; Dabbid.com prioriza a efici\u00eancia e a sustentabilidade e nos esfor\u00e7amos para minimizar o nosso impacto ambiental, tendo em mente a nossa pegada de carbono, bem como garantindo a efici\u00eancia no armazenamento e transporte de ativos. Podemos ajud\u00e1-lo a gerenciar com responsabilidade o impacto social, ambiental e econ\u00f4mico do processo de descarte de ativos;<\/p>\n\n\n\n<p>Oferecendo um m\u00e9todo comprovado de desviar os res\u00edduos do aterro, ao mesmo tempo que alimenta uma s\u00e9rie de cadeias de abastecimento a jusante<\/p>\n\n\n\n<p>Ajudando a desenvolver comunidades de neg\u00f3cios locais e globais<\/p>\n\n\n\n<p>Apoiar a cria\u00e7\u00e3o de empresas<\/p>\n\n\n\n<p>Apoiar grupos comunit\u00e1rios, empresas sociais e institui\u00e7\u00f5es de caridade<\/p>\n\n\n\n<p>Ao mesmo tempo, devolvendo a voc\u00ea o capital n\u00e3o realizado mantido em seus ativos.<\/p>\n\n\n\n<p>Tudo isso ao mesmo tempo em que auxilia as organiza\u00e7\u00f5es a atingir suas metas de Responsabilidade Social Corporativa e sustentabilidade.<\/p>\n\n\n\n<p>N\u00e3o encontrou o que deseja? Contate diretamente por meio de nosso&nbsp;<a href=\"https:\/\/denisbarrett.com\/pt\/contact-us\/\">Contate-Nos<\/a>&nbsp;ou Contate-nos confidencialmente para discutir qualquer um de seus requisitos de reestrutura\u00e7\u00e3o estrat\u00e9gica e recupera\u00e7\u00e3o corporativa.<\/p>\n\n\n\n<p>Para agendar uma consulta conosco, ent\u00e3o&nbsp;<a href=\"https:\/\/denisbarrett.com\/pt\/contact-us\/\">Deixe-nos uma mensagem<\/a>! ou porque n\u00e3o ligar, +353 (0) 86 410 9848<\/p>\n\n\n\n<p>Voc\u00ea tamb\u00e9m pode manter contato via&nbsp;<a href=\"https:\/\/ie.linkedin.com\/in\/denis-barrett-05675213\">LinkedIn<\/a>,&nbsp;<a href=\"https:\/\/www.facebook.com\/DabbidOnlineAuctions\/\">Facebook<\/a>&nbsp;e&nbsp;<a href=\"https:\/\/twitter.com\/dabbidauction\">Twitter<\/a>.<\/p>\n\n\n\n<p class=\"has-text-align-center\"><a href=\"https:\/\/denisbarrett.com\/pt\/further-information\/\">Voltar para a p\u00e1gina de mais informa\u00e7\u00f5es:<\/a><\/p>","protected":false},"excerpt":{"rendered":"<p>Asset disposal and redeployment costs organisations significant revenue, time, and resource. Often the processes for dealing with these surplus assets are fragmented, non-transparent and are executed with varying degrees of success. Here at Denis A. Barrett Auctions &amp; Dabbid.com, we can resolve the entire surplus asset problem by selling on your behalf driving maximum revenue [&hellip;]<\/p>\n","protected":false},"author":1,"featured_media":0,"parent":0,"menu_order":0,"comment_status":"closed","ping_status":"closed","template":"","meta":{"_et_pb_use_builder":"","_et_pb_old_content":"","_et_gb_content_width":"1080","footnotes":""},"class_list":["post-1711","page","type-page","status-publish","hentry"],"brizy_media":[],"_links":{"self":[{"href":"https:\/\/denisbarrett.com\/pt\/wp-json\/wp\/v2\/pages\/1711","targetHints":{"allow":["GET"]}}],"collection":[{"href":"https:\/\/denisbarrett.com\/pt\/wp-json\/wp\/v2\/pages"}],"about":[{"href":"https:\/\/denisbarrett.com\/pt\/wp-json\/wp\/v2\/types\/page"}],"author":[{"embeddable":true,"href":"https:\/\/denisbarrett.com\/pt\/wp-json\/wp\/v2\/users\/1"}],"replies":[{"embeddable":true,"href":"https:\/\/denisbarrett.com\/pt\/wp-json\/wp\/v2\/comments?post=1711"}],"version-history":[{"count":4,"href":"https:\/\/denisbarrett.com\/pt\/wp-json\/wp\/v2\/pages\/1711\/revisions"}],"predecessor-version":[{"id":1802,"href":"https:\/\/denisbarrett.com\/pt\/wp-json\/wp\/v2\/pages\/1711\/revisions\/1802"}],"wp:attachment":[{"href":"https:\/\/denisbarrett.com\/pt\/wp-json\/wp\/v2\/media?parent=1711"}],"curies":[{"name":"wp","href":"https:\/\/api.w.org\/{rel}","templated":true}]}}