{"id":1342,"date":"2019-11-17T15:57:27","date_gmt":"2019-11-17T15:57:27","guid":{"rendered":"https:\/\/denisbarrett.com\/?page_id=1342"},"modified":"2020-12-19T20:20:19","modified_gmt":"2020-12-19T20:20:19","slug":"the-barrett-advantage","status":"publish","type":"page","link":"https:\/\/denisbarrett.com\/pt\/the-barrett-advantage\/","title":{"rendered":"A Vantagem Barrett"},"content":{"rendered":"<p><strong>&quot;LEIL\u00c3O&quot;<\/strong>&nbsp;\u00e9 uma palavra estimulante. Nenhuma palavra iguala seu poder de produzir instantaneamente compradores s\u00e9rios com dinheiro nas m\u00e3os.<\/p>\n\n\n\n<ul class=\"wp-block-list\"><li><strong>Leil\u00f5es n\u00e3o s\u00e3o vendas de emerg\u00eancia.<\/strong>&nbsp;Os leil\u00f5es s\u00e3o uma t\u00e9cnica comprovada para a venda de propriedades em um per\u00edodo de tempo reduzido com o valor de mercado real.&nbsp;<\/li><li><strong>Os leil\u00f5es t\u00eam uma rica hist\u00f3ria de sucesso que se estende por mais de 3 s\u00e9culos.<\/strong>&nbsp;Mais de \u20ac 150 bilh\u00f5es em im\u00f3veis s\u00e3o vendidos em todo o mundo todos os anos por meio do m\u00e9todo de leil\u00e3o de marketing.<\/li><\/ul>\n\n\n\n<p>Denis A. Barrett Auctions &amp; Property Marketing Group, com mais de 2 d\u00e9cadas de superioridade em leil\u00f5es e experi\u00eancia em mais de 1200 leil\u00f5es p\u00fablicos, \u00e9 sin\u00f4nimo de excel\u00eancia e sucesso no marketing de leil\u00f5es e venda de todos os tipos de ativos. <\/p>\n\n\n\n<p><strong>Vendedores progressivos nos procuram porque <\/strong>Denis A. Barrett Leil\u00f5es e Grupo de Marketing de Propriedades<strong>os leil\u00f5es FUNCIONAM !! Porque?<\/strong><\/p>\n\n\n\n<ol class=\"wp-block-list\"><li>Servi\u00e7o, experi\u00eancia e atendimento incompar\u00e1veis<\/li><li>Atender com classe, dignidade, integridade e profissionalismo<\/li><li>A premiada proeza de marketing de nossa empresa (mais de 5.000 compradores visitam nosso site mensalmente!) Garante programas de publicidade totalmente individualizados e altamente estruturados que saturam o mercado (campanhas de m\u00eddia social direcionadas a laser, campanhas publicit\u00e1rias do Google altamente produtivas e direcionadas, comunicados \u00e0 imprensa , marketing digital, m\u00eddia impressa, sinaliza\u00e7\u00e3o, TV, envio de e-mail direcionado, etc.).<\/li><li>Contratos bem elaborados que s\u00e3o orientados para o fechamento, que equivalem a uma taxa de fechamento pr\u00f3xima de 100%.<\/li><li>Nossa estrutura permite a voc\u00ea, vendedor, o controle total de toda a transa\u00e7\u00e3o.<\/li><\/ol>\n\n\n\n<p>Muito simplesmente, Denis A. Barrett Auctions &amp; Property Marketing Group tem padr\u00f5es impec\u00e1veis e reputa\u00e7\u00e3o de excel\u00eancia. Produzimos eventos emocionantes onde os licitantes licitam competitivamente para comprar sua propriedade.<\/p>\n\n\n\n<p>CLIENTES SATISFEITOS s\u00e3o resultado direto do nosso COMPROMISSO COM A EXCEL\u00caNCIA.<\/p>\n\n\n\n<p>Esta \u00e9 a nossa promessa para voc\u00ea.<\/p>\n\n\n\n<p>Denis A. Barrett<\/p>\n\n\n\n<p>Propriet\u00e1rio \/ Diretor Administrativo <br><\/p>","protected":false},"excerpt":{"rendered":"<p>\u201cAUCTION\u201d&nbsp;is a stimulating word. No word equals its power to instantly produce serious buyers with money in hand. Auctions are not distress sales.&nbsp;Auctions are a proven technique for selling property in a&nbsp;compressed time frame&nbsp;at&nbsp;true market value.&nbsp; Auctions have a rich history of success that spans over 3 centuries.&nbsp;Over \u20ac150 billion of real estate is sold [&hellip;]<\/p>\n","protected":false},"author":1,"featured_media":0,"parent":0,"menu_order":0,"comment_status":"closed","ping_status":"closed","template":"","meta":{"_et_pb_use_builder":"","_et_pb_old_content":"","_et_gb_content_width":"1080","footnotes":""},"class_list":["post-1342","page","type-page","status-publish","hentry"],"brizy_media":[],"_links":{"self":[{"href":"https:\/\/denisbarrett.com\/pt\/wp-json\/wp\/v2\/pages\/1342","targetHints":{"allow":["GET"]}}],"collection":[{"href":"https:\/\/denisbarrett.com\/pt\/wp-json\/wp\/v2\/pages"}],"about":[{"href":"https:\/\/denisbarrett.com\/pt\/wp-json\/wp\/v2\/types\/page"}],"author":[{"embeddable":true,"href":"https:\/\/denisbarrett.com\/pt\/wp-json\/wp\/v2\/users\/1"}],"replies":[{"embeddable":true,"href":"https:\/\/denisbarrett.com\/pt\/wp-json\/wp\/v2\/comments?post=1342"}],"version-history":[{"count":2,"href":"https:\/\/denisbarrett.com\/pt\/wp-json\/wp\/v2\/pages\/1342\/revisions"}],"predecessor-version":[{"id":1424,"href":"https:\/\/denisbarrett.com\/pt\/wp-json\/wp\/v2\/pages\/1342\/revisions\/1424"}],"wp:attachment":[{"href":"https:\/\/denisbarrett.com\/pt\/wp-json\/wp\/v2\/media?parent=1342"}],"curies":[{"name":"wp","href":"https:\/\/api.w.org\/{rel}","templated":true}]}}