{"id":820,"date":"2019-04-12T11:00:39","date_gmt":"2019-04-12T10:00:39","guid":{"rendered":"https:\/\/denisbarrett.com\/?page_id=820"},"modified":"2019-07-22T14:27:28","modified_gmt":"2019-07-22T13:27:28","slug":"agri-experience","status":"publish","type":"page","link":"https:\/\/denisbarrett.com\/it\/agri-experience\/","title":{"rendered":"La nostra esperienza:"},"content":{"rendered":"<ul class=\"wp-block-list\"><li>Denis Barrett \u00e8 un banditore e valutatore professionalmente qualificato da circa 20 anni, noto per il suo lavoro come banditore professionista in tutto il mondo. Ha condotto le vendite di bestiame Elite in Irlanda e Germania. \u00c8 ufficialmente riconosciuto come Banditore per la &quot;Irish Holstein Friesian Association&quot;, la &quot;Irish Limousin Society&quot;, la &quot;Irish Charolais Cattle Society&quot; e la &quot;Irish Simmental Society&quot;. Denis ha anche condotto Aste per conto della \u201cIrish Belgian Blue Cattle Society\u201d.<\/li><li>Utilizziamo &quot;Aste webcast dal vivo&quot; e &quot;Aste solo online&quot; per massimizzare l&#039;esposizione del bestiame o degli impianti e delle attrezzature agricole o degli impianti e dei macchinari pesanti che stiamo commercializzando\u00a0<a href=\"http:\/\/www.dabbid.com\/\">www.dabbid.com<\/a> che \u00e8 il nostro mezzo di asta online.<\/li><li>Denis \u00e8 un perito approvato dal Dipartimento dell&#039;agricoltura da quando \u00e8 stato introdotto il &quot;Schema di valutazione del mercato in azienda&quot; nel 2001. \u00c8 consulente di FBD Insurance &quot;Livestock Claims Division&quot;. Ha vinto numerose competizioni All-Ireland Showmanship e Stock Judging e ha rappresentato l&#039;Irlanda alle competizioni internazionali per entrambi i suddetti.<\/li><li>Denis \u00e8 un vivace professionista delle aste che prospera grazie ai clienti che lo trattengono. Il suo interesse per il metodo di vendita all&#039;asta \u00e8 iniziato in tenera et\u00e0 e ha continuato a fiorire durante la sua carriera professionale.<\/li><li>Laureato al World Wide College of Auctioneering, Denis ha fatto del suo amore per parlare di tutto e di pi\u00f9 una professione pienamente realizzata. Appassionato di ogni cliente con cui lavora, fornir\u00e0 un servizio e una conoscenza insuperabili degli articoli e delle organizzazioni.<\/li><li>Denis costantemente definito &quot;vibrante&quot; e &quot;maestro banditore&quot;, Denis illumina la folla con la sua energia positiva, la sua accuratezza e la sua capacit\u00e0 di mantenere il pubblico, grande o piccolo, completamente coinvolto.<\/li><\/ul>\n\n\n\n<div class=\"wp-block-image\"><figure class=\"aligncenter\"><img loading=\"lazy\" decoding=\"async\" width=\"300\" height=\"169\" src=\"https:\/\/denisbarrett.com\/wp-content\/uploads\/2016\/11\/dabagri2-300x169.png\" alt=\"dabagri2\" class=\"wp-image-355\" srcset=\"https:\/\/denisbarrett.com\/wp-content\/uploads\/2016\/11\/dabagri2-300x169.png 300w, https:\/\/denisbarrett.com\/wp-content\/uploads\/2016\/11\/dabagri2.png 525w\" sizes=\"(max-width: 300px) 100vw, 300px\" \/><\/figure><\/div>\n\n\n\n<p>Personalizzer\u00e0 i suoi servizi per soddisfare le tue esigenze assicurando che la tua asta sia tutto ci\u00f2 che volevi che fosse. Sei interessato ad aggiungere Denis al tuo team di aste? Contattalo ora.<\/p>\n\n\n\n<div class=\"wp-block-image\"><figure class=\"aligncenter\"><img loading=\"lazy\" decoding=\"async\" width=\"300\" height=\"200\" src=\"https:\/\/denisbarrett.com\/wp-content\/uploads\/2016\/11\/IMG_2148-300x200.jpg\" alt=\"img_2148\" class=\"wp-image-356\" srcset=\"https:\/\/denisbarrett.com\/wp-content\/uploads\/2016\/11\/IMG_2148-300x200.jpg 300w, https:\/\/denisbarrett.com\/wp-content\/uploads\/2016\/11\/IMG_2148-768x512.jpg 768w, https:\/\/denisbarrett.com\/wp-content\/uploads\/2016\/11\/IMG_2148-1024x683.jpg 1024w, https:\/\/denisbarrett.com\/wp-content\/uploads\/2016\/11\/IMG_2148.jpg 1800w\" sizes=\"(max-width: 300px) 100vw, 300px\" \/><\/figure><\/div>\n\n\n\n<p><strong><em>CONTATTARE:<\/em><\/strong><\/p>\n\n\n\n<p>Per programmare Denis per la tua prossima asta o evento, scrivigli all&#039;indirizzo info@denisbarrett.com o, perch\u00e9 no, chiamalo +353 (0)86 4109848.<\/p>\n\n\n\n<p>Puoi anche rimanere in contatto tramite&nbsp;<a href=\"https:\/\/ie.linkedin.com\/in\/denis-barrett-05675213\">LinkedIn<\/a>,&nbsp;<a href=\"https:\/\/www.facebook.com\/DenisBarrettAuctioneers\/?ref=bookmarks\">Facebook<\/a>&nbsp;e&nbsp;<a href=\"https:\/\/twitter.com\/DenisABarrett\">Twitter<\/a>.<\/p>","protected":false},"excerpt":{"rendered":"<p>Denis Barrett is a professionally qualified Auctioneer and Valuer of some 20 years standing well-known for his work as a professional Auctioneer throughout the world. He has conducted Elite Livestock Sales in Ireland and Germany. He is officially recognized as an Auctioneer for the \u201cIrish Holstein Friesian Association\u201d, \u00a0\u201cIrish Limousin Society\u201d, \u00a0\u201cIrish Charolais Cattle Society\u201d [&hellip;]<\/p>\n","protected":false},"author":1,"featured_media":0,"parent":0,"menu_order":0,"comment_status":"closed","ping_status":"closed","template":"","meta":{"_et_pb_use_builder":"","_et_pb_old_content":"","_et_gb_content_width":"","footnotes":""},"class_list":["post-820","page","type-page","status-publish","hentry"],"brizy_media":[],"_links":{"self":[{"href":"https:\/\/denisbarrett.com\/it\/wp-json\/wp\/v2\/pages\/820","targetHints":{"allow":["GET"]}}],"collection":[{"href":"https:\/\/denisbarrett.com\/it\/wp-json\/wp\/v2\/pages"}],"about":[{"href":"https:\/\/denisbarrett.com\/it\/wp-json\/wp\/v2\/types\/page"}],"author":[{"embeddable":true,"href":"https:\/\/denisbarrett.com\/it\/wp-json\/wp\/v2\/users\/1"}],"replies":[{"embeddable":true,"href":"https:\/\/denisbarrett.com\/it\/wp-json\/wp\/v2\/comments?post=820"}],"version-history":[{"count":4,"href":"https:\/\/denisbarrett.com\/it\/wp-json\/wp\/v2\/pages\/820\/revisions"}],"predecessor-version":[{"id":1062,"href":"https:\/\/denisbarrett.com\/it\/wp-json\/wp\/v2\/pages\/820\/revisions\/1062"}],"wp:attachment":[{"href":"https:\/\/denisbarrett.com\/it\/wp-json\/wp\/v2\/media?parent=820"}],"curies":[{"name":"parola chiave","href":"https:\/\/api.w.org\/{rel}","templated":true}]}}