{"id":575,"date":"2018-11-17T18:26:42","date_gmt":"2018-11-17T18:26:42","guid":{"rendered":"https:\/\/denisbarrett.com\/?page_id=575"},"modified":"2020-12-19T20:19:47","modified_gmt":"2020-12-19T20:19:47","slug":"whats-the-best-way-to-sell-stock-10-questions-to-help-you-decide","status":"publish","type":"page","link":"https:\/\/denisbarrett.com\/it\/whats-the-best-way-to-sell-stock-10-questions-to-help-you-decide\/","title":{"rendered":"Qual \u00e8 il modo migliore per vendere azioni? 10 domande per aiutarti a decidere."},"content":{"rendered":"<p>Se hai bisogno di vendere azioni, ci sono molte opzioni disponibili per lo smaltimento:<\/p>\n<p>aste, servizi di quotazione online, vendita privata, rivenditori, broker e altro ancora. Pu\u00f2 decidere come vendere un compito travolgente. Fare queste domande ti aiuter\u00e0 a decidere quale opzione ti semplificher\u00e0 e ti dar\u00e0 i migliori risultati possibili:<\/p>\n<ol>\n<li><strong>Qual \u00e8 il motivo numero 1 per cui dovrei usare questo metodo di vendita?&nbsp;&nbsp;<\/strong>Diversi metodi di vendita hanno diversi vantaggi: veloce, facile, bassi costi iniziali, massimi rendimenti. Poni questa domanda per assicurarti di trovare un metodo che si adatti ai tuoi obiettivi di business e un&#039;azienda che ti aiuti a mettere insieme un piano per raggiungerli.<\/li>\n<li><strong>Cosa \u00e8 incluso nella tua quota o commissione?&nbsp;<\/strong>Il costo e il tempo coinvolti nella vendita possono sommarsi rapidamente e ridurre i tuoi rendimenti netti: stoccaggio, stock. sopralluoghi, foto, pubblicit\u00e0, incasso pagamenti e altro ancora. Scopri esattamente cosa ottieni per i tuoi soldi e se ci sono costi nascosti o extra. Una soluzione a servizio completo pu\u00f2 farti risparmiare tempo e denaro. Se sei disposto a investire tempo e desideri il controllo del processo di vendita, anche una piattaforma online self-service pu\u00f2 funzionare bene o una combinazione di entrambi.<\/li>\n<li><strong>Potete aiutarmi con cose come la spedizione delle scorte, l&#039;assicurazione, la riparazione, ecc?&nbsp;<\/strong>Scopri quali altri servizi sono offerti che ti aiuteranno a semplificare il processo e a ottenere migliori ritorni sul tuo stock.<\/li>\n<li><strong>Come farai a farmi ottenere il miglior prezzo possibile per il mio stock?<\/strong>Il marketing \u00e8 la chiave per una vendita di successo. Se desideri il miglior ritorno per le tue risorse preziose, assicurati che le tue azioni siano esposte alle persone giuste nei giusti settori industriali attraverso un piano di marketing e pubblicit\u00e0 ben congegnato e mirato. Oppure, se vendi privatamente, assicurati di utilizzare una piattaforma di servizi mirata e adatta al tuo settore, anzich\u00e9 solo annunci generici di tipo classificato.<\/li>\n<li><strong>I potenziali acquirenti saranno in grado di ispezionare e testare il mio stock?<\/strong>Gli acquirenti che possono toccare, sentire, ispezionare e testare le tue azioni a loro piacimento avranno pi\u00f9 fiducia in ci\u00f2 che vendi e sono pi\u00f9 propensi ad acquistare pi\u00f9 vicino al prezzo che stai cercando. Se decidi di vendere privatamente, prova a renderti disponibile e assicurati di pubblicare descrizioni dettagliate insieme a tante foto ad alta risoluzione per i potenziali acquirenti. Tutte le nostre aste hanno 3 giorni di visite aperte, ma facciamo anche appuntamenti fuori orario e nel fine settimana per facilitare le persone.<\/li>\n<li><strong>Quanti acquirenti attiri in genere?<\/strong>Un acquirente pi\u00f9 interessato significa migliori ritorni sul tuo stock. Siamo lieti di mostrarvi le nostre cifre e i nostri effettivi risultati di vendita e numeri specifici di acquirenti attivi e\/o visitatori unici del sito web, ecc.<\/li>\n<li><strong>\u00c8 facile per le persone acquistare le mie azioni?&nbsp;<\/strong>Raggiungerai pi\u00f9 acquirenti vendendo le tue azioni a un pubblico globale e offrendo una scelta di metodi di acquisto facili (compreso l&#039;acquisto in un luogo fisico o online, oltre a offrire opzioni di pagamento facili, come contanti, carte di debito\/credito o assegni certificati cos\u00ec come altri servizi come la spedizione). Dare alle persone diverse opzioni crea pi\u00f9 domanda e consente agli acquirenti di diverse regioni di acquistare il tuo stock.<\/li>\n<li><strong>Puoi dirmi quando il mio magazzino. sar\u00e0 venduto, e quando verr\u00f2 pagato?<\/strong><br \/>\nLe scorte inutilizzate non ti fanno guadagnare denaro e potrebbero costarti anche denaro in deposito, assicurazione e persino ammortamento. Scopri se le tue azioni saranno vendute entro una data fissa concordata e se otterrai i proventi in un lasso di tempo ragionevole. Se il tempo non \u00e8 un problema per te, l&#039;utilizzo della nostra piattaforma online self-service significa che sei protetto se un acquirente \u00e8 inadempiente al pagamento quando le tue azioni vengono vendute.<\/li>\n<li><strong>Puoi mostrarmi che tipo di risultati hai avuto in passato ha avuto in passato?<\/strong>Il successo si misura con i numeri, quindi chiedi di vederli. Ma anche la reputazione conta, quindi i riferimenti e i nomi dei clienti passati dovrebbero essere disponibili per te. Controlla anche la nostra sezione di casi di studio.<\/li>\n<li><strong>Quanta esperienza hai con il settore in cui lavoro?&nbsp;<\/strong>vuoi un&#039;azienda esperta e ben informata, che capisca la tua attivit\u00e0, venda molto del tuo tipo di azioni e abbia buone relazioni con il settore far\u00e0 la differenza quando si tratta di ottenere i rendimenti che desideri e di cui hai bisogno, quindi non esitare a intervistarli ampiamente.<\/li>\n<\/ol>\n<p>Non trovi quello che vuoi? Raggiungi direttamente il nostro&nbsp;<a title=\"Contattaci\" href=\"http:\/\/www.dabbid.com\/contact\/\">Contattaci <\/a>o Contattaci in modo confidenziale per discutere di eventuali esigenze di ristrutturazione strategica e recupero aziendale. Per fissare un consulto con noi, allora&nbsp;<a href=\"http:\/\/www.dabbid.com\/contact\/\">mandaci un messaggio<\/a>! a info@denisbarrettcom o perch\u00e9 no chiama +353 (0) 86 410 9848.<\/p>\n<p>Puoi anche rimanere in contatto tramite&nbsp;<a href=\"https:\/\/ie.linkedin.com\/in\/denis-barrett-05675213\">LinkedIn<\/a>,&nbsp;<a href=\"http:\/\/dabbid%20auction%20specialists\/\">Facebook<\/a>&nbsp;e&nbsp;<a href=\"https:\/\/twitter.com\/dabbidauction\">Twitter<\/a>.<\/p>","protected":false},"excerpt":{"rendered":"<p>If you need to sell stock, there are a lot of options out there for disposal: auctions, online listing services, private sale, dealers, brokers and more. It can make deciding how to sell an overwhelming task. Asking these questions will help you decide which option will make it easiest for you, and get you the [&hellip;]<\/p>\n","protected":false},"author":1,"featured_media":0,"parent":0,"menu_order":0,"comment_status":"closed","ping_status":"closed","template":"","meta":{"_et_pb_use_builder":"","_et_pb_old_content":"","_et_gb_content_width":"1080","footnotes":""},"class_list":["post-575","page","type-page","status-publish","hentry"],"brizy_media":[],"_links":{"self":[{"href":"https:\/\/denisbarrett.com\/it\/wp-json\/wp\/v2\/pages\/575","targetHints":{"allow":["GET"]}}],"collection":[{"href":"https:\/\/denisbarrett.com\/it\/wp-json\/wp\/v2\/pages"}],"about":[{"href":"https:\/\/denisbarrett.com\/it\/wp-json\/wp\/v2\/types\/page"}],"author":[{"embeddable":true,"href":"https:\/\/denisbarrett.com\/it\/wp-json\/wp\/v2\/users\/1"}],"replies":[{"embeddable":true,"href":"https:\/\/denisbarrett.com\/it\/wp-json\/wp\/v2\/comments?post=575"}],"version-history":[{"count":3,"href":"https:\/\/denisbarrett.com\/it\/wp-json\/wp\/v2\/pages\/575\/revisions"}],"predecessor-version":[{"id":1433,"href":"https:\/\/denisbarrett.com\/it\/wp-json\/wp\/v2\/pages\/575\/revisions\/1433"}],"wp:attachment":[{"href":"https:\/\/denisbarrett.com\/it\/wp-json\/wp\/v2\/media?parent=575"}],"curies":[{"name":"parola chiave","href":"https:\/\/api.w.org\/{rel}","templated":true}]}}