{"id":477,"date":"2018-02-20T08:23:34","date_gmt":"2018-02-20T08:23:34","guid":{"rendered":"https:\/\/denisbarrett.com\/?page_id=477"},"modified":"2020-12-19T20:13:30","modified_gmt":"2020-12-19T20:13:30","slug":"delicia-philanthropic-auctions","status":"publish","type":"page","link":"https:\/\/denisbarrett.com\/it\/delicia-philanthropic-auctions\/","title":{"rendered":"Filantropico"},"content":{"rendered":"<p>Delicia Philanthropic \u00e8 la nostra divisione di consulenza e aste sui vantaggi<\/p>\n\n\n\n<p>Delicia Philanthropic \u00e8 la divisione Benefits Consulting &amp; Auction del Denis A. Barrett Auction Group. \u00c8 qui che restituiamo garantendo che le organizzazioni per cui lavoriamo generino il maggior numero di entrate possibile per garantire il finanziamento di esigenze e desideri.<\/p>\n\n\n\n<p>Sei pronto a raccogliere di pi\u00f9 per la tua organizzazione no profit?&nbsp;<\/p>\n\n\n\n<p>Guarda come Delicia Philanthropic Services pu\u00f2 aiutarti!<\/p>\n\n\n\n<p>Siamo in grado di offrire consulenza e supporto in qualsiasi fase, ma scopriamo che prima siamo coinvolti, maggiore sar\u00e0 il vantaggio che possiamo trarne.<\/p>\n\n\n\n<p class=\"has-text-align-center has-background\" style=\"background-color:#d2b766\">Di:<\/p>\n\n\n\n<p>Quando si organizza un evento che richiede un banditore, a volte \u00e8 possibile ottenere oro con l&#039;assistenza di persone ben intenzionate, ma ricorda, hai solo una possibilit\u00e0, la tua reputazione \u00e8 in gioco e ad essere sinceri `` a volte &#039;&#039; non vale mai la pena scommettere.<\/p>\n\n\n\n<p>Con oltre 22 anni di esperienza in questo campo, lascia che ti tolga l&#039;incertezza e la preoccupazione dalle tue spalle e ti lascio a goderti un&#039;asta di successo. Se hai bisogno di qualcuno che si alzi in una stanza affollata ed estrapoli denaro (nel modo pi\u00f9 carino possibile) dalla folla riunita ... Denis Barrett \u00e8 il tuo uomo. &quot;<\/p>\n\n\n\n<p>Denis Barrett, un vivace professionista delle aste, prospera grazie ai clienti e agli enti di beneficenza che sostiene, al pubblico e al brivido della raccolta fondi. Denis \u00e8 un uomo dinamico la cui passione \u00e8 vivere la vita al massimo e fornire positivit\u00e0 a tutti quelli che incontra. Il suo interesse per la raccolta fondi \u00e8 iniziato in tenera et\u00e0 e ha continuato a fiorire durante la sua carriera professionale.<\/p>\n\n\n\n<p>Laureato al World Wide College of Auctioneering, Denis ha fatto del suo amore per parlare di tutto e di pi\u00f9 una professione pienamente realizzata. Appassionato di ogni cliente e di beneficenza con cui lavora, fornir\u00e0 un servizio e una conoscenza insuperabili degli articoli e delle organizzazioni.<\/p>\n\n\n\n<p>Definito costantemente &quot;vibrante&quot; e un vero intrattenitore, Denis illumina la folla con la sua energia positiva, la sua accuratezza e la sua capacit\u00e0 di mantenere il pubblico, grande o piccolo, completamente coinvolto.&nbsp;&nbsp;<\/p>\n\n\n\n<div class=\"wp-block-group is-layout-flow wp-block-group-is-layout-flow\"><div class=\"wp-block-group__inner-container\"><\/div><\/div>\n\n\n\n<div class=\"wp-block-group\"><div class=\"wp-block-group__inner-container is-layout-flow wp-block-group-is-layout-flow\">\n<div class=\"wp-block-group\"><div class=\"wp-block-group__inner-container is-layout-flow wp-block-group-is-layout-flow\">\n<div class=\"wp-block-group\"><div class=\"wp-block-group__inner-container is-layout-flow wp-block-group-is-layout-flow\">\n<div class=\"wp-block-group has-background\" style=\"background-color:#d2b766\"><div class=\"wp-block-group__inner-container is-layout-flow wp-block-group-is-layout-flow\">\n<p class=\"has-text-align-center\">Perch\u00e9?<\/p>\n\n\n\n<ul class=\"wp-block-list\"><li>In Delicia amiamo quello che facciamo e lo facciamo bene!<\/li><li>Delicia conduce aste di beneficienza di tutti i tipi, anche online.<\/li><li>Delicia rende divertenti le tue aste!<\/li><li>Delicia crede nel valore delle aste di raccolta fondi.<\/li><li>Delicia onora la tua organizzazione e la rappresenta professionalmente.<\/li><li>Delicia si comporta come professionisti.<\/li><li>Delicia partecipa alla formazione continua.<\/li><\/ul>\n\n\n\n<p>In qualit\u00e0 di banditore professionista di raccolta fondi, Denis genera maggiori entrate e rende la serata piacevole e memorabile per i tuoi ospiti.<\/p>\n\n\n\n<p class=\"has-text-align-center\">Lascia che ti aiuti a rendere la tua prossima asta la pi\u00f9 redditizia di sempre!<\/p>\n<\/div><\/div>\n<\/div><\/div>\n<\/div><\/div>\n\n\n\n<div class=\"wp-block-group is-layout-flow wp-block-group-is-layout-flow\"><div class=\"wp-block-group__inner-container\"><\/div><\/div>\n<\/div><\/div>\n\n\n\n<p><\/p>\n\n\n\n<p>Consulenza per aste vantaggiose:<\/p>\n\n\n\n<p class=\"has-text-align-center\"><em>La tua pianificazione dovrebbe essere dedicata alla tua organizzazione non profit.<\/em> <em>Lascia che ti mostriamo come gestiamo il resto.<\/em><\/p>\n\n\n\n<p>Processi:<\/p>\n\n\n\n<p>Se ti stai chiedendo &quot;Da dove iniziamo?&quot;<\/p>\n\n\n\n<p>\u00c8 proprio qui.<\/p>\n\n\n\n<p>Pianificare una raccolta fondi o un&#039;asta silenziosa di beneficenza pu\u00f2 essere travolgente ed \u00e8 facile organizzarsi a malapena prima di pensare di destreggiarsi pi\u00f9 di quanto un polpo potrebbe gestire. Suona familiare? Forse non la parte del polpo, ma il resto?<\/p>\n\n\n\n<p>Fortunatamente, c&#039;\u00e8 qualcuno l\u00e0 fuori che pu\u00f2 toglierti lo stress di pianificare un&#039;asta per la raccolta fondi e l&#039;hai trovato. Delicia \u00e8 pi\u00f9 di un banditore di raccolte fondi o di un organizzatore di eventi di beneficenza, ma anche una risorsa. Combiniamo il meglio delle aste dal vivo e silenziose e della pianificazione di eventi di raccolta fondi per creare eventi di fascia alta e un ambiente che ogni anno lasci i tuoi ospiti entusiasti di sostenere la tua causa.<\/p>\n\n\n\n<p>Serata d&#039;aste per la raccolta fondi<\/p>\n\n\n\n<p>Con la conoscenza di come creare la lista degli invitati dei tuoi benefici di beneficenza, forma i tuoi volontari e connettiti con i donatori pi\u00f9 generosi. Delicia fornisce premiati banditori di raccolta fondi e assistenti per intrattenere i tuoi ospiti per l&#039;intero beneficio di beneficenza. Qui \u00e8 dove potremmo dire qualcosa come se mettiamo il DIVERTIMENTO nella raccolta di fondi, ma ci asterremo, perch\u00e9 potrebbe essere scadente. Invece, ci limiteremo a promettere di affascinare e intrattenere i tuoi ospiti, usando la nostra abilit\u00e0 strategica per creare l&#039;atmosfera per le donazioni pi\u00f9 generose.<\/p>\n\n\n\n<p>Assumi Delicia per la tua prossima asta Ci piacerebbe lavorare con te.<\/p>\n\n\n\n<p>Consulenza:<\/p>\n\n\n\n<p>Siamo Delicia, la tua prima consulenza \u00e8 gratuita. La raccolta di fondi a volte pu\u00f2 sembrare confusa, persino spaventosa ... ma non \u00e8 necessario. Contatta il team di Delicia per incontrarti e discutere del tuo evento e delle tue esigenze specifiche. Imparerai come i nostri servizi ti aiuteranno a raggiungere i tuoi obiettivi.<\/p>\n\n\n\n<p>Non farlo da solo: approfitta dell&#039;esperienza e della competenza di Delicia. Faranno s\u00ec che il tuo evento si svolga senza intoppi e aumenter\u00e0 i tuoi profitti.<\/p>\n\n\n\n<p>Quando assumi Delicia per condurre la tua asta di raccolta fondi, riceverai un&#039;ampia consulenza pre-asta. Che il tuo evento sia una nuova impresa o una tradizione della comunit\u00e0, lavorano con te per massimizzare il potenziale di reddito del tuo evento assicurando al contempo un evento divertente, divertente ed emozionante.<\/p>\n\n\n\n<p>Puoi aspettarti soluzioni creative alle sfide che il tuo comitato di pianificazione deve affrontare. La tua organizzazione ricever\u00e0 indicazioni dalla pianificazione iniziale fino alla conclusione post evento. Lavorano esclusivamente con associazioni, fondazioni, enti di beneficenza e altre organizzazioni senza scopo di lucro. Lavorano con te per assicurarti che la tua prossima asta abbia il maggior successo di sempre!<\/p>\n\n\n\n<p>Occorrono dai 6 ai 12 mesi di duro lavoro e pianificazione per organizzare un&#039;asta di beneficienza di successo. Non ha senso assumere un team di aste professionali per assistervi nella pianificazione dell&#039;evento e nella conduzione dell&#039;asta dal vivo?<\/p>\n\n\n\n<p>Molte organizzazioni lavorano un anno intero per creare una serata magica. Ottengono fantastici oggetti all&#039;asta, convincono persone di spicco a partecipare al loro evento e poi affidano la serata a qualcuno che non \u00e8 qualificato per condurre l&#039;asta.<\/p>\n\n\n\n<p>Non commettere questo errore !! La tua organizzazione e i clienti che serve dipendono dal successo della tua asta. Non aspettare l&#039;ultimo minuto per contattare il team Delicia! I tempi, la struttura e il flusso del tuo evento sono estremamente cruciali. Ogni evento cammina sul filo del rasoio tra una &quot;festa&quot; e una &quot;raccolta di fondi&quot;. Trovare il giusto equilibrio assicura che i tuoi ospiti si divertano mentre generi l&#039;euro di cui la tua organizzazione ha bisogno.<\/p>\n\n\n\n<p>Aree di consulenza:<\/p>\n\n\n\n<ul class=\"wp-block-list\"><li>Calendario \/ tempistiche di pianificazione dell&#039;asta<\/li><li>Sviluppare il tuo tema<\/li><li>Sede dell&#039;asta e quanto spazio ti serve per il tuo evento<\/li><li>Numero corretto di oggetti d&#039;asta live e silenziosi<\/li><li>Giochi all&#039;asta e altre idee per aumentare le entrate<\/li><li>Idee per l&#039;acquisizione di oggetti - cosa vende - festa di acquisizione - articoli con fattore wow<\/li><li>Sviluppo del pubblico<\/li><li>Asta silenziosa<\/li><li>Elementi<\/li><li>Schermo<\/li><li>Spazio necessario<\/li><li>Orario e ordine di chiusura adeguati<\/li><li>Tavola grande<\/li><li>Configurazione della stanza<\/li><\/ul>\n\n\n\n<p>Servizi aggiuntivi:<\/p>\n\n\n\n<p class=\"has-text-align-center\">&quot;LE ASTE DI RACCOLTA FONDI IN DIRETTA NON SONO COME QUALSIASI ALTRO EVENTO DI BENEFICENZA&quot;<\/p>\n\n\n\n<p>Offrono sfide uniche poich\u00e9 l&#039;obiettivo non \u00e8 semplicemente vendere oggetti, ma anche entusiasmare il pubblico per la missione della tua organizzazione. Ispiriamo il pubblico in modo che faccia offerte alte e spesso!<\/p>\n\n\n\n<p>Scegliere la squadra giusta per motivare i tuoi ospiti ad aprire i loro libretti degli assegni si ripagher\u00e0 da solo! In qualit\u00e0 di banditori professionisti, genereremo pi\u00f9 entrate, comunicheremo la tua missione e renderemo la serata pi\u00f9 piacevole per i tuoi ospiti. Le organizzazioni ritengono che risparmieranno denaro utilizzando un volontario o una celebrit\u00e0 locale per condurre l&#039;asta. Sebbene l&#039;utilizzo di un volontario piuttosto che di un banditore pagato possa sembrare un&#039;opzione meno costosa, la tua organizzazione perder\u00e0 entrate. I novizi lasciano soldi sul tavolo perch\u00e9 non sono in grado di massimizzare le offerte.<\/p>\n\n\n\n<p>Allo stesso modo, Delicia fornisce anche ring ring professionisti (assistenti banditori) invece di fare affidamento su volontari. Gli uomini professionisti del ring sono addestrati su come assistere e comunicare adeguatamente con i tuoi ospiti durante l&#039;asta dal vivo. Sono stimolatori delle aste e sono membri preziosi del team delle aste. Sanno come invogliare l&#039;ospite a fare un&#039;offerta ancora qualche volta su un oggetto che aumenta notevolmente i soldi raccolti durante l&#039;asta dal vivo. Per questi motivi, i contributi di professionisti del ring in un&#039;asta di beneficenza sono pi\u00f9 preziosi per gli sforzi di raccolta fondi rispetto a uno staff volontario di assistenti alle offerte al tuo evento.<\/p>\n\n\n\n<p>Lo staff di Delicia \u00e8 un efficace banditore e ring men. Comprendiamo l&#039;ambiente della raccolta fondi meglio di un volontario o di una celebrit\u00e0. <\/p>\n\n\n\n<p>Se vuoi portare la tua raccolta fondi a un altro livello, prendi in considerazione l&#039;aggiunta di un&#039;asta online all&#039;evento dal vivo.<\/p>\n\n\n\n<p>Offerte online:<\/p>\n\n\n\n<p>Vantaggi dell&#039;aggiunta di un&#039;asta online al tuo evento!<\/p>\n\n\n\n<p>Quando aggiungi un&#039;asta online al tuo evento dal vivo, puoi pubblicizzare l&#039;evento, onorare i tuoi sponsor e accettare offerte assenti settimane prima del gala, aumentando cos\u00ec la consapevolezza della tua organizzazione e raccogliendo pi\u00f9 soldi! La maggior parte degli offerenti considera i propri acquisti all&#039;asta online al di fuori delle consuete donazioni annuali.<\/p>\n\n\n\n<p>Le aste di raccolta fondi online avvantaggiano enti di beneficenza, offerenti e sponsor:<\/p>\n\n\n\n<p>\u2022 Le organizzazioni non profit \/ enti di beneficenza beneficiano perch\u00e9 raggiungono un pubblico pi\u00f9 ampio, raccogliendo pi\u00f9 denaro e sensibilizzazione per la tua causa.<\/p>\n\n\n\n<p>\u2022 Gli offerenti traggono vantaggio dalla possibilit\u00e0 di fare offerte e acquistare articoli a loro piacimento e, allo stesso tempo, sostenere le loro cause preferite. L&#039;asta online li collega alla tua asta anche se non possono partecipare alla tua festa!<\/p>\n\n\n\n<p>\u2022 Gli sponsor traggono vantaggio dalla pubblicit\u00e0 sul tuo sito. Un&#039;asta online genera molto traffico sul sito Web e le aziende beneficiano dell&#039;esposizione online positiva.<\/p>\n\n\n\n<p>Eventi solo online<\/p>\n\n\n\n<p>Se la tua organizzazione non dispone delle risorse necessarie per organizzare un evento di gala, prendi in considerazione un&#039;asta solo online. Condurre un&#039;asta online con Delicia pu\u00f2 essere un meccanismo di raccolta fondi autonomo che attira acquirenti da tutto il mondo e istruisce un vasto pubblico sulla tua causa.<\/p>","protected":false},"excerpt":{"rendered":"<p>Delicia Philanthropic is our Benefits Consulting &amp; Auction Division Delicia Philanthropic is the Benefits Consulting &amp; Auction Division of the Denis A. Barrett Auction Group. This is where we give back through ensuring the organisations we work for generate as much Revenue as possible to ensure fund there needs and desires. Are you ready to [&hellip;]<\/p>\n","protected":false},"author":1,"featured_media":0,"parent":0,"menu_order":0,"comment_status":"closed","ping_status":"closed","template":"","meta":{"_et_pb_use_builder":"","_et_pb_old_content":"","_et_gb_content_width":"1080","footnotes":""},"class_list":["post-477","page","type-page","status-publish","hentry"],"brizy_media":[],"_links":{"self":[{"href":"https:\/\/denisbarrett.com\/it\/wp-json\/wp\/v2\/pages\/477","targetHints":{"allow":["GET"]}}],"collection":[{"href":"https:\/\/denisbarrett.com\/it\/wp-json\/wp\/v2\/pages"}],"about":[{"href":"https:\/\/denisbarrett.com\/it\/wp-json\/wp\/v2\/types\/page"}],"author":[{"embeddable":true,"href":"https:\/\/denisbarrett.com\/it\/wp-json\/wp\/v2\/users\/1"}],"replies":[{"embeddable":true,"href":"https:\/\/denisbarrett.com\/it\/wp-json\/wp\/v2\/comments?post=477"}],"version-history":[{"count":13,"href":"https:\/\/denisbarrett.com\/it\/wp-json\/wp\/v2\/pages\/477\/revisions"}],"predecessor-version":[{"id":2962,"href":"https:\/\/denisbarrett.com\/it\/wp-json\/wp\/v2\/pages\/477\/revisions\/2962"}],"wp:attachment":[{"href":"https:\/\/denisbarrett.com\/it\/wp-json\/wp\/v2\/media?parent=477"}],"curies":[{"name":"parola chiave","href":"https:\/\/api.w.org\/{rel}","templated":true}]}}