{"id":2565,"date":"2020-05-28T18:10:06","date_gmt":"2020-05-28T17:10:06","guid":{"rendered":"https:\/\/denisbarrett.com\/?page_id=2565"},"modified":"2020-12-25T14:07:27","modified_gmt":"2020-12-25T14:07:27","slug":"seller-information","status":"publish","type":"page","link":"https:\/\/denisbarrett.com\/it\/seller-information\/","title":{"rendered":"Informazioni del venditore"},"content":{"rendered":"<p>Come vendere &quot;The DAB Livestock Auction Hub Way&quot;<\/p>\n\n\n\n<p>DAB Livestock Auction Hub ha creato un mercato nazionale del bestiame in cui i prezzi vengono scoperti, attraverso offerte competitive, indipendentemente dalle condizioni climatiche locali o dalla domanda. Attraverso la sua rete di marketing nazionale, DAB Livestock Auction Hub pu\u00f2 servire venditori e acquirenti in tutti gli Stati Uniti.<\/p>\n\n\n\n<p>I bovini vengono venduti su contratto per consegne immediate o future, a seconda di quale soddisfa le vostre esigenze e le aspettative del mercato. A differenza dei metodi di marketing convenzionali, hai l&#039;opportunit\u00e0 di offrire il tuo bestiame, all&#039;asta, a oltre 2.500 acquirenti registrati mentre sei ancora nella tua fattoria o azienda e mostrato nel loro ambiente naturale.<\/p>\n\n\n\n<p>Per iniziare il processo, visita il nostro&nbsp;<a href=\"https:\/\/denisbarrett.com\/it\/find-a-representative\/\">Trova una pagina di rappresentanza<\/a> e cerca il rappresentante o i rappresentanti pi\u00f9 vicini a te. Oppure puoi chiamarci e ti aiuteremo a trovare un rappresentante vicino a te.<\/p>\n\n\n\n<p>Hai tre opzioni nel marketing tramite Denis A. Barrett Auctions &amp; Pedigree Sales.<\/p>\n\n\n\n<ul class=\"wp-block-list\"><li>Le nostre aste di produzione di pedigree:<ul><li>Questo \u00e8 per il bestiame registrato, non registrato sia per l&#039;allevamento e la sostituzione di prodotti lattiero-caseari e bovini.&nbsp;<\/li><\/ul><\/li><\/ul>\n\n\n\n<ul class=\"wp-block-list\"><li>Asta di bestiame online: (OLA)<\/li><\/ul>\n\n\n\n<ul class=\"wp-block-list\"><li>Questo \u00e8 pi\u00f9 adatto per non allevare bovini - svezzamenti, magazzini, giovenchi grassi, vacche da macello, giovenche svezzate e da macellaio.<\/li><\/ul>\n\n\n\n<ul class=\"wp-block-list\"><li>Si accettano carichi singoli e di gruppo.<\/li><\/ul>\n\n\n\n<p>Tutte le informazioni sono correlate da fonti affidabili - si prega di consultare anche le linee guida che i nostri rappresentanti utilizzano nelle ispezioni sugli animali.<\/p>\n\n\n\n<p>Importiamo i dati sugli animali da Animal Identification and Movements (AIM), Irish Cattle Breeding Federation (ICBF) nella piattaforma DAB Livestock Hub.<\/p>\n\n\n\n<p>I video vengono registrati presso la fattoria e caricati sul sistema DAB Livestock Hub.<\/p>\n\n\n\n<p>I pesi confermati vengono inseriti, utilizzando le bilance del venditore, ma i pesi sono confermati da un ispettore dell&#039;hub di bestiame, veterinario, consulente Teagasc ecc. potrebbe anche essere usato.<\/p>\n\n\n\n<p>I pesi stimati vengono inseriti, a meno che il venditore non disponga di una bilancia.Se fossero forniti solo pesi stimati, i pesi sarebbero accertati tramite il sistema sopra o tramite FRS o simili e il prezzo al chilo modificato in base al peso effettivo.<\/p>\n\n\n\n<p>Gli acquirenti avrebbero quindi ritirato gli animali o avrebbero fatto in modo che gli animali ritirassero gli animali nella fattoria o nell&#039;azienda. Il Livestock Hub sarebbe presente per il carico o per un Trusted Livestock Haulier. A questo punto verranno trattati i movimenti CMMS \/ AIM.<\/p>\n\n\n\n<p>DAB Livestock Auction Hub organizza aste di produzione durante tutto l&#039;anno e vendite Farm to Farm - Mercato giornaliero \/ Acquista ora ogni giorno. Le aste video vengono trasmesse in diretta su Internet dall&#039;ufficio e dallo studio di DAB Livestock Auction Hub.<\/p>\n\n\n\n<p>I bovini sono offerti in vendita nella pagina Farm to Farm - Daily Marketplace Acquista ora tutti i giorni della settimana e ogni settimana dell&#039;anno.<\/p>\n\n\n\n<p>Quando consegni il tuo bestiame, un rappresentante del polo dell&#039;asta di bestiame DAB verr\u00e0 nella tua fattoria o azienda per filmare il tuo bestiame e preparare un contratto di spedizione che descrive il bestiame e indica i termini e le condizioni della vendita.<\/p>\n\n\n\n<p>Firmi anche un modulo di autorizzazione per consentirci di importare i dati sugli animali da Animal Identification and Movements (AIM), Irish Cattle Breeding Federation (ICBF) alla piattaforma DAB Livestock Hub. Tutte le informazioni rilevanti vengono stampate in un catalogo di vendita che \u00e8 disponibile per gli acquirenti per la visualizzazione in formato cartaceo o online.&nbsp;<\/p>\n\n\n\n<p>Se scegli di vendere su aste live e video con produzione catalogata, il catalogo viene inviato per posta o e-mail ai potenziali acquirenti almeno una settimana prima dell&#039;asta. \u00c8 anche disponibile su Internet una settimana prima dell&#039;asta. Il film \u00e8 montato per essere trasmesso il giorno della vendita ed \u00e8 anche disponibile su Internet per consentire agli acquirenti di vedere il bestiame prima dell&#039;asta.&nbsp;<\/p>\n\n\n\n<p>Se scegli di vendere sul nostro <u><strong><a rel=\"noreferrer noopener\" href=\"https:\/\/livedenisbarrett.com\/\" target=\"_blank\">Piattaforma di aste di bestiame<\/a><\/strong><\/u> il catalogo e il video sono disponibili su Internet o via e-mail due giorni prima dell&#039;asta.&nbsp;<\/p>\n\n\n\n<p>Se scegli di vendere il tuo bestiame dalla fattoria alla fattoria - Mercato giornaliero \/ Pagina Acquista ora, il catalogo e il video sono disponibili su Internet agli acquirenti il giorno in cui li metti in vendita.<\/p>\n\n\n\n<p>Dopo la vendita del tuo bestiame, il rappresentante dell&#039;hub di aste di bestiame DAB coordiner\u00e0 i dettagli della consegna tra te e l&#039;acquirente. Il rappresentante del polo dell&#039;asta di bestiame DAB sar\u00e0 alla consegna per supervisionare lo smistamento e il carico del bestiame.<\/p>\n\n\n\n<p>Una volta ricevuto il pagamento, il denaro dell&#039;ETF viene immediatamente trasferito all&#039;account del venditore.&nbsp;<\/p>\n\n\n\n<p>Vantaggi della vendita &quot;The DAB Livestock Auction Hub Way&quot;<\/p>\n\n\n\n<ul class=\"wp-block-list\"><li>I bovini vengono venduti mentre sono ancora nella fattoria o nell&#039;azienda.<\/li><li>I bovini vengono mostrati agli acquirenti nel loro ambiente naturale.<\/li><li>Non vi \u00e8 alcuno stress aggiuntivo sul bestiame, quindi, meno restringimento.<\/li><li>I bovini vengono presentati a oltre 8.500 acquirenti registrati.<\/li><li>I venditori possono stabilire una reputazione per il loro bestiame su un mercato nazionale.<\/li><li>I venditori possono trarre vantaggio dai programmi &quot;a valore aggiunto&quot; che generano premi per il loro bestiame.<\/li><li>I venditori non hanno le spese di autotrasporto.<\/li><li>I venditori determinano le condizioni di pesatura.<\/li><li>I venditori possono vendere su contratto per consegne future e trarre vantaggio dalle attuali condizioni di mercato.<\/li><li>I venditori trattano direttamente con il rappresentante dell&#039;hub di aste di bestiame DAB.&nbsp;<\/li><li>I venditori vengono pagati per il loro bestiame da DAB Livestock Auction Hub tramite un conto cliente vincolato.<\/li><\/ul>\n\n\n\n<p>Combiniamo un servizio tradizionale e professionale con le pi\u00f9 recenti tecnologie e metodi di marketing moderni, quindi, qualunque siano le tue esigenze di bestiame o possiamo aiutarti.<\/p>\n\n\n\n<p>Denis A. Barrett Auctioneers si dedica al servizio clienti e alla soddisfazione del cliente. Attraverso le nostre diverse divisioni offriamo una gamma completa di servizi per servire la nostra vasta gamma di clienti. hai domande o commenti o se desideri discutere in modo pi\u00f9 dettagliato di uno qualsiasi dei nostri servizi o di come possiamo avvantaggiarti, non esitare a contattarci utilizzando i dettagli di seguito.<\/p>\n\n\n\n<figure class=\"wp-block-image\"><img loading=\"lazy\" decoding=\"async\" width=\"1024\" height=\"134\" src=\"https:\/\/denisbarrett.com\/wp-content\/uploads\/2019\/09\/Logo-Jpeg-1024x134.jpg\" alt=\"\" class=\"wp-image-1229\"\/><\/figure>\n\n\n\n<p class=\"has-text-align-center\"><strong>Contattaci:<\/strong><\/p>\n\n\n\n<p class=\"has-text-align-center\">Chiama: +353 (0) 86 410 9848<\/p>\n\n\n\n<p class=\"has-text-align-center\">E-mail:&nbsp;<a href=\"mailto:info@denisbarrett.com\">info@denisbarrett.com<\/a><\/p>\n\n\n\n<p class=\"has-text-align-center\">Puoi anche rimanere in contatto tramite&nbsp;<a rel=\"noreferrer noopener\" href=\"https:\/\/ie.linkedin.com\/in\/denis-barrett-05675213\" target=\"_blank\">LinkedIn<\/a>,&nbsp;<a rel=\"noreferrer noopener\" href=\"https:\/\/www.facebook.com\/denis.barrett\" target=\"_blank\">Facebook<\/a>&nbsp;e&nbsp;<a rel=\"noreferrer noopener\" href=\"https:\/\/twitter.com\/DenisABarrett\" target=\"_blank\">Twitter.<\/a><\/p>","protected":false},"excerpt":{"rendered":"<p>How To Sell\u2028\u201cThe DAB Livestock Auction Hub Way\u201d DAB Livestock Auction Hub has created a national livestock market where prices are discovered, through competitive bidding, without regard to local climate conditions or demand. Through its nationwide marketing network, DAB Livestock Auction Hub can serve sellers and buyers throughout the United States. Cattle are sold on [&hellip;]<\/p>\n","protected":false},"author":1,"featured_media":0,"parent":0,"menu_order":0,"comment_status":"closed","ping_status":"closed","template":"","meta":{"_et_pb_use_builder":"","_et_pb_old_content":"","_et_gb_content_width":"1080","footnotes":""},"class_list":["post-2565","page","type-page","status-publish","hentry"],"brizy_media":[],"_links":{"self":[{"href":"https:\/\/denisbarrett.com\/it\/wp-json\/wp\/v2\/pages\/2565","targetHints":{"allow":["GET"]}}],"collection":[{"href":"https:\/\/denisbarrett.com\/it\/wp-json\/wp\/v2\/pages"}],"about":[{"href":"https:\/\/denisbarrett.com\/it\/wp-json\/wp\/v2\/types\/page"}],"author":[{"embeddable":true,"href":"https:\/\/denisbarrett.com\/it\/wp-json\/wp\/v2\/users\/1"}],"replies":[{"embeddable":true,"href":"https:\/\/denisbarrett.com\/it\/wp-json\/wp\/v2\/comments?post=2565"}],"version-history":[{"count":3,"href":"https:\/\/denisbarrett.com\/it\/wp-json\/wp\/v2\/pages\/2565\/revisions"}],"predecessor-version":[{"id":3440,"href":"https:\/\/denisbarrett.com\/it\/wp-json\/wp\/v2\/pages\/2565\/revisions\/3440"}],"wp:attachment":[{"href":"https:\/\/denisbarrett.com\/it\/wp-json\/wp\/v2\/media?parent=2565"}],"curies":[{"name":"parola chiave","href":"https:\/\/api.w.org\/{rel}","templated":true}]}}