{"id":2563,"date":"2020-05-28T18:04:34","date_gmt":"2020-05-28T17:04:34","guid":{"rendered":"https:\/\/denisbarrett.com\/?page_id=2563"},"modified":"2020-12-19T19:54:06","modified_gmt":"2020-12-19T19:54:06","slug":"buyer-information","status":"publish","type":"page","link":"https:\/\/denisbarrett.com\/it\/buyer-information\/","title":{"rendered":"Informazioni sull&#039;acquirente"},"content":{"rendered":"<p>Come acquistare &quot;The DAB Livestock Auction Hub Way&quot;<\/p>\n\n\n\n<p>Attraverso la sua rete di marketing nazionale, DAB Livestock Auction Hub offre lotti di carico e singoli lotti di bestiame all&#039;asta e su Internet. Dai produttori dell&#039;isola d&#039;Irlanda, del Regno Unito e dell&#039;Europa continentale agli acquirenti dell&#039;isola d&#039;Irlanda, del Regno Unito e dell&#039;Europa continentale.<\/p>\n\n\n\n<p>Le aste sono condotte dal vivo, con un banditore, poich\u00e9 il bestiame viene venduto agli acquirenti che fanno offerte sul sito dell&#039;asta o su Internet. Gli acquirenti possono essere presenti sul sito dell&#039;asta (se applicabile) o visualizzare l&#039;asta o su Internet comodamente dal loro ufficio, da casa o ovunque si trovino.<\/p>\n\n\n\n<p>DAB Livestock Auction Hub offre anche elenchi giornalieri di bestiame in vendita su Internet sulla &quot;Daily Market Place Page&quot;.<\/p>\n\n\n\n<p>A differenza dei metodi di marketing convenzionali, gli acquirenti hanno l&#039;opportunit\u00e0 di visualizzare e acquistare il bestiame, mostrato nel loro ambiente naturale. Il bestiame viene spedito direttamente dalla fattoria o dall&#039;azienda del venditore alla destinazione dell&#039;acquirente, il che riduce notevolmente lo stress e i potenziali problemi di salute.<\/p>\n\n\n\n<p>Per iniziare il processo, vai su&nbsp;<a href=\"https:\/\/livedenisbarrett.com\/register.html\">Registrati per un numero acquirente<\/a>&nbsp;o chiama Laurelcrest House al +353 (0) 410 9848 e il personale ti assister\u00e0 nella registrazione per un numero acquirente.<\/p>\n\n\n\n<p>Hai tre opzioni per l&#039;acquisto<\/p>\n\n\n\n<p><strong>&quot;The DAB Livestock Auction Hub Way&quot;<\/strong><\/p>\n\n\n\n<ul class=\"wp-block-list\"><li>Le nostre aste di produzione di pedigree:<ul><li>Questo \u00e8 per il bestiame registrato, non registrato sia per l&#039;allevamento e la sostituzione di prodotti lattiero-caseari e bovini.&nbsp;<\/li><\/ul><\/li><\/ul>\n\n\n\n<ul class=\"wp-block-list\"><li>Asta di bestiame online: (OLA)<\/li><\/ul>\n\n\n\n<ul class=\"wp-block-list\"><li>Questo \u00e8 pi\u00f9 adatto per non allevare bovini - svezzamenti, magazzini, giovenchi grassi, vacche da macello, giovenche svezzate e da macellaio.<\/li><\/ul>\n\n\n\n<ul class=\"wp-block-list\"><li>Si accettano carichi singoli e di gruppo.<\/li><\/ul>\n\n\n\n<p>Tutte le informazioni sono correlate da fonti affidabili - si prega di consultare anche le linee guida che i nostri rappresentanti utilizzano nelle ispezioni sugli animali.<\/p>\n\n\n\n<p>Importiamo i dati sugli animali da Animal Identification and Movements (AIM), Irish Cattle Breeding Federation (ICBF) nella piattaforma DAB Livestock Hub.<\/p>\n\n\n\n<p>I video vengono registrati presso la fattoria e caricati sul sistema DAB Livestock Hub.<\/p>\n\n\n\n<p>I pesi confermati vengono inseriti, utilizzando le bilance del venditore, ma i pesi sono confermati da un ispettore dell&#039;hub di bestiame, veterinario, consulente Teagasc ecc. potrebbe anche essere usato.<\/p>\n\n\n\n<p>I pesi stimati vengono inseriti, a meno che il venditore non disponga di una bilancia.Se fossero forniti solo pesi stimati, i pesi sarebbero accertati tramite il sistema sopra o tramite FRS o simili e il prezzo al chilo modificato in base al peso effettivo.<\/p>\n\n\n\n<p>Gli acquirenti avrebbero quindi ritirato gli animali o avrebbero fatto in modo che gli animali ritirassero gli animali nella fattoria o nell&#039;azienda. Il Livestock Hub sarebbe presente per il carico o per un Trusted Livestock Haulier. A questo punto verranno trattati i movimenti CMMS \/ AIM.<\/p>\n\n\n\n<p>DAB Livestock Auction Hub organizza aste di produzione durante tutto l&#039;anno e vendite Farm to Farm - Mercato giornaliero \/ Acquista ora ogni giorno. Le aste video vengono trasmesse in diretta su Internet dall&#039;ufficio e dallo studio di DAB Livestock Auction Hub.<\/p>\n\n\n\n<p>I bovini sono offerti in vendita nella pagina Farm to Farm - Daily Marketplace Acquista ora tutti i giorni della settimana e ogni settimana dell&#039;anno.<\/p>\n\n\n\n<p>Le aste video vengono trasmesse in diretta dall&#039;ufficio e dallo studio di DAB Livestock Auction Hub adiacente all&#039;aeroporto internazionale di Cork.<\/p>\n\n\n\n<p>Quando il bestiame viene consegnato, un rappresentante del polo dell&#039;asta di bestiame DAB si reca presso la fattoria o azienda del produttore per filmare il bestiame e preparare un contratto di spedizione che descrive il bestiame e indica i termini e le condizioni di vendita. Ci\u00f2 include la descrizione, l&#039;ubicazione attuale, la data di consegna, le condizioni di pesatura, i programmi di vaccinazione, ecc. Queste informazioni vengono raccolte in un catalogo che viene messo a disposizione dei potenziali acquirenti.&nbsp;<\/p>\n\n\n\n<p><strong>Asta di video di produzione&nbsp;<\/strong>il catalogo viene spedito o inviato tramite posta elettronica (preferenza dell&#039;acquirente) almeno una settimana prima dell&#039;asta. \u00c8 disponibile su Internet una settimana prima dell&#039;asta. Il video del bestiame \u00e8 disponibile anche su Internet per consentire agli acquirenti di vedere il bestiame prima dell&#039;asta.<\/p>\n\n\n\n<p>Il&nbsp;<strong>Asta di bestiame<\/strong>&nbsp;il catalogo e il video del bestiame sono disponibili su Internet e via e-mail due giorni prima dell&#039;asta.<\/p>\n\n\n\n<p>Il&nbsp;<strong>Pagina Mercato giornaliero \/ Acquista ora<\/strong>&nbsp;il catalogo e il video sono disponibili su Internet il giorno in cui i bovini vengono messi in vendita.<\/p>\n\n\n\n<p>Dopo che il bestiame \u00e8 stato venduto, un rappresentante dell&#039;hub di aste di bestiame DAB contatta tutte le parti per organizzare la ponderazione finale, i pagamenti e la consegna ecc.<\/p>\n\n\n\n<p>L&#039;acquirente \u00e8 responsabile del noleggio di camion per trasportare il bestiame a destinazione.&nbsp;<\/p>\n\n\n\n<p>Vantaggi dell&#039;acquisto<\/p>\n\n\n\n<p>&quot;The DAB Livestock Auction Hub Way&quot;<\/p>\n\n\n\n<ul class=\"wp-block-list\"><li>Gli acquirenti sono esposti a un gran numero di bovini con poco tempo e spese sostenute.<\/li><li>Gli acquirenti possono acquistare bovini freschi di campagna, quindi, meno stress e problemi di salute.<\/li><li>Gli acquirenti possono vedere le mucche e i tori da cui vengono prodotti i vitelli.<\/li><li>Feedlots pu\u00f2 acquistare su contratto per consegna immediata o futura, per soddisfare lo spazio della penna.<\/li><li>Un&#039;azienda di un anno pu\u00f2 vendere e sostituire con vitelli sullo stesso mercato.<\/li><li>Le condizioni di pesatura sono predeterminate.<\/li><li>Le date di consegna sono fissate in anticipo, quindi il trasporto su camion \u00e8 prestabilito.<\/li><li>Ad ogni consegna \u00e8 presente un rappresentante dell&#039;hub di aste di bestiame DAB. L&#039;acquirente \u00e8 il benvenuto, ma non \u00e8 tenuto a trovarsi l\u00ec, il che consente di risparmiare tempo e denaro.<\/li><li>Gli acquirenti possono visualizzare e acquistare un gran numero di bovini nei programmi a &quot;valore aggiunto&quot;, come i programmi di vaccinazione, verifica della fonte e dell&#039;et\u00e0 e WHPR. \u00a0<\/li><\/ul>\n\n\n\n<p>Registrazione dell&#039;acquirente<\/p>\n\n\n\n<p>Utilizza il modulo di &quot;registrazione online&quot; sottostante per compilare una domanda. L&#039;accettazione dei nostri termini e condizioni costituir\u00e0 una firma online e potrebbe essere emesso un numero di acquirente.<\/p>\n\n\n\n<p>In entrambi i casi, informa il tuo istituto finanziario che Denis A. Barrett Auctions &amp; Pedigree sale o Hub DAB Livestock Auction Hub Livestock chiamer\u00e0 per verificare il tuo riferimento e, soprattutto, autorizza la tua persona di contatto a rilasciare le tue informazioni a DAB Livestock Auction Hub. Per ulteriori informazioni, chiamare +353 (0) 86 410 9848.<\/p>\n\n\n\n<p><strong>Fare clic qui per una copia dei nostri &quot;Termini e condizioni standard&quot;<\/strong><\/p>\n\n\n\n<p><a rel=\"noreferrer noopener\" href=\"https:\/\/livedenisbarrett.com\/\" target=\"_blank\"><strong>Fare clic qui per registrarsi in linea<\/strong><\/a><\/p>\n\n\n\n<p>Combiniamo un servizio tradizionale e professionale con le pi\u00f9 recenti tecnologie e metodi di marketing moderni, quindi, qualunque siano le tue esigenze di bestiame o possiamo aiutarti.<\/p>\n\n\n\n<p>Denis A. Barrett Auctioneers si dedica al servizio clienti e alla soddisfazione del cliente. Attraverso le nostre diverse divisioni offriamo una gamma completa di servizi per servire la nostra vasta gamma di clienti. hai domande o commenti o se desideri discutere in modo pi\u00f9 dettagliato di uno qualsiasi dei nostri servizi o di come possiamo avvantaggiarti, non esitare a contattarci utilizzando i dettagli di seguito.<\/p>\n\n\n\n<figure class=\"wp-block-image\"><img loading=\"lazy\" decoding=\"async\" width=\"1024\" height=\"134\" src=\"https:\/\/denisbarrett.com\/wp-content\/uploads\/2019\/09\/Logo-Jpeg-1024x134.jpg\" alt=\"\" class=\"wp-image-1229\"\/><\/figure>\n\n\n\n<p class=\"has-text-align-center\"><strong>Contattaci:<\/strong><\/p>\n\n\n\n<p class=\"has-text-align-center\">Chiama: +353 (0) 86 410 9848<\/p>\n\n\n\n<p class=\"has-text-align-center\">E-mail:&nbsp;<a href=\"mailto:info@denisbarrett.com\">info@denisbarrett.com<\/a><\/p>\n\n\n\n<p class=\"has-text-align-center\">Puoi anche rimanere in contatto tramite&nbsp;<a rel=\"noreferrer noopener\" href=\"https:\/\/ie.linkedin.com\/in\/denis-barrett-05675213\" target=\"_blank\">LinkedIn<\/a>,&nbsp;<a rel=\"noreferrer noopener\" href=\"https:\/\/www.facebook.com\/denis.barrett\" target=\"_blank\">Facebook<\/a>&nbsp;e&nbsp;<a rel=\"noreferrer noopener\" href=\"https:\/\/twitter.com\/DenisABarrett\" target=\"_blank\">Twitter.<\/a><\/p>","protected":false},"excerpt":{"rendered":"<p>How To Buy\u2028&nbsp;\u201cThe DAB Livestock Auction Hub Way\u201d Through its nationwide marketing network, DAB Livestock Auction Hub offers load lots and individual lots of cattle at auction and on the Internet. From producers throughout the Island of Ireland, The UK and mainland Europe to buyers throughout the Island of Ireland, The UK and mainland Europe. [&hellip;]<\/p>\n","protected":false},"author":1,"featured_media":0,"parent":0,"menu_order":0,"comment_status":"closed","ping_status":"closed","template":"","meta":{"_et_pb_use_builder":"","_et_pb_old_content":"","_et_gb_content_width":"1080","footnotes":""},"class_list":["post-2563","page","type-page","status-publish","hentry"],"brizy_media":[],"_links":{"self":[{"href":"https:\/\/denisbarrett.com\/it\/wp-json\/wp\/v2\/pages\/2563","targetHints":{"allow":["GET"]}}],"collection":[{"href":"https:\/\/denisbarrett.com\/it\/wp-json\/wp\/v2\/pages"}],"about":[{"href":"https:\/\/denisbarrett.com\/it\/wp-json\/wp\/v2\/types\/page"}],"author":[{"embeddable":true,"href":"https:\/\/denisbarrett.com\/it\/wp-json\/wp\/v2\/users\/1"}],"replies":[{"embeddable":true,"href":"https:\/\/denisbarrett.com\/it\/wp-json\/wp\/v2\/comments?post=2563"}],"version-history":[{"count":2,"href":"https:\/\/denisbarrett.com\/it\/wp-json\/wp\/v2\/pages\/2563\/revisions"}],"predecessor-version":[{"id":2941,"href":"https:\/\/denisbarrett.com\/it\/wp-json\/wp\/v2\/pages\/2563\/revisions\/2941"}],"wp:attachment":[{"href":"https:\/\/denisbarrett.com\/it\/wp-json\/wp\/v2\/media?parent=2563"}],"curies":[{"name":"parola chiave","href":"https:\/\/api.w.org\/{rel}","templated":true}]}}