{"id":235,"date":"2016-11-07T08:13:01","date_gmt":"2016-11-07T08:13:01","guid":{"rendered":"https:\/\/denisbarrett.com\/?page_id=235"},"modified":"2016-11-07T08:13:02","modified_gmt":"2016-11-07T08:13:02","slug":"faq","status":"publish","type":"page","link":"https:\/\/denisbarrett.com\/it\/faq\/","title":{"rendered":"Domande frequenti (FAQ)"},"content":{"rendered":"<p>Qui \u00e8 dove dovresti rispondere alle domande pi\u00f9 comuni che i potenziali clienti potrebbero avere. \u00c8 una buona idea coprire aspetti come la politica di restituzione, le informazioni sulla garanzia del prodotto, la spedizione e i resi, ecc. Dai un&#039;occhiata agli esempi seguenti.<\/p>\n<hr \/>\n<h3>Qual \u00e8 la tua politica di restituzione?<\/h3>\n<p>Restituisci uno qualsiasi dei nostri prodotti, senza fare domande, entro 30 giorni dall&#039;acquisto. Paghiamo anche la spedizione di ritorno.<\/p>\n<hr \/>\n<h3>Spedite a uffici di sorveglianza e a caselle postali?<\/h3>\n<p>S\u00ec, spediremo il tuo pacco ovunque che possa accettare consegne.<\/p>\n<hr \/>\n<h3>Hai un servizio clienti?<\/h3>\n<p>Certamente! I nostri rappresentanti del servizio clienti amichevoli e competenti sono disponibili a rispondere alle tue domande 24\/7\/365.<\/p>","protected":false},"excerpt":{"rendered":"<p>This is where you should answer the most common questions prospective customers might have. It\u2019s a good idea to cover things like your return policy, product warranty info, shipping and returns, etc. Check out the examples below. What\u2019s your return policy? Return any of our products&#8211;no questions asked&#8211;within 30 days of purchase. We even pay [&hellip;]<\/p>\n","protected":false},"author":1,"featured_media":0,"parent":0,"menu_order":0,"comment_status":"closed","ping_status":"closed","template":"","meta":{"_et_pb_use_builder":"","_et_pb_old_content":"","_et_gb_content_width":"","footnotes":""},"class_list":["post-235","page","type-page","status-publish","hentry"],"brizy_media":[],"_links":{"self":[{"href":"https:\/\/denisbarrett.com\/it\/wp-json\/wp\/v2\/pages\/235","targetHints":{"allow":["GET"]}}],"collection":[{"href":"https:\/\/denisbarrett.com\/it\/wp-json\/wp\/v2\/pages"}],"about":[{"href":"https:\/\/denisbarrett.com\/it\/wp-json\/wp\/v2\/types\/page"}],"author":[{"embeddable":true,"href":"https:\/\/denisbarrett.com\/it\/wp-json\/wp\/v2\/users\/1"}],"replies":[{"embeddable":true,"href":"https:\/\/denisbarrett.com\/it\/wp-json\/wp\/v2\/comments?post=235"}],"version-history":[{"count":1,"href":"https:\/\/denisbarrett.com\/it\/wp-json\/wp\/v2\/pages\/235\/revisions"}],"predecessor-version":[{"id":279,"href":"https:\/\/denisbarrett.com\/it\/wp-json\/wp\/v2\/pages\/235\/revisions\/279"}],"wp:attachment":[{"href":"https:\/\/denisbarrett.com\/it\/wp-json\/wp\/v2\/media?parent=235"}],"curies":[{"name":"parola chiave","href":"https:\/\/api.w.org\/{rel}","templated":true}]}}