{"id":2076,"date":"2020-04-17T08:13:08","date_gmt":"2020-04-17T07:13:08","guid":{"rendered":"https:\/\/denisbarrett.com\/?page_id=2076"},"modified":"2021-01-04T10:50:34","modified_gmt":"2021-01-04T10:50:34","slug":"rural-professional-other-services","status":"publish","type":"page","link":"https:\/\/denisbarrett.com\/it\/rural-professional-other-services\/","title":{"rendered":"Altri servizi RP"},"content":{"rendered":"<p>La gestione del territorio \u00e8 estremamente varia e crediamo che, poich\u00e9 gestiamo terreni in questa regione dal 2003, abbiamo una buona comprensione di ci\u00f2 che \u00e8 necessario per aiutare i nostri clienti. Il nostro team di professionisti rurali lavora con clienti che vanno da proprietari terrieri privati e agricoltori a quelli tradizionali. Ci occupiamo inoltre regolarmente di problematiche relative a proprietari e inquilini sia per locazioni residenziali che agricole. Identifichiamo obiettivi chiave; massimizzare il reddito annuo, le implicazioni fiscali e il flusso di cassa.<\/p>\n\n\n\n<figure class=\"wp-block-image size-large\"><img loading=\"lazy\" decoding=\"async\" width=\"1024\" height=\"228\" src=\"https:\/\/denisbarrett.com\/wp-content\/uploads\/2020\/04\/agri-1-1024x228-1.jpg\" alt=\"\" class=\"wp-image-2083\" srcset=\"https:\/\/denisbarrett.com\/wp-content\/uploads\/2020\/04\/agri-1-1024x228-1.jpg 1024w, https:\/\/denisbarrett.com\/wp-content\/uploads\/2020\/04\/agri-1-1024x228-1-300x67.jpg 300w, https:\/\/denisbarrett.com\/wp-content\/uploads\/2020\/04\/agri-1-1024x228-1-768x171.jpg 768w\" sizes=\"(max-width: 1024px) 100vw, 1024px\" \/><\/figure>\n\n\n\n<p>Qualunque sia l&#039;aspetto della gestione del territorio per il quale necessiti di assistenza, il team di Denis A. Barrett Rural Professional \u00e8 a tua disposizione per aiutarti a rendere la gestione della tua propriet\u00e0 pi\u00f9 semplice e redditizia.<\/p>\n\n\n\n<p>Offriamo regolarmente la nostra consulenza specialistica ai clienti su questioni quali:<\/p>\n\n\n\n<ul class=\"wp-block-list\"><li>Rinnovi di locazione<\/li><li>Lettings di terra<\/li><li>Ordine di acquisto obbligatorio (CPO<\/li><li>Presentazione del piano di sviluppo della contea per la zonizzazione dei terreni<\/li><li>Sindacati di propriet\u00e0 per l&#039;acquisto di terreni, fattorie e propriet\u00e0<\/li><li>Diritti al pagamento unico per azienda<\/li><li>Imprese agricole<\/li><li>Centrali eoliche<\/li><li>Recensioni degli affitti inclusi gli arbitrati<\/li><li>Gestione e amministrazione quotidiana della propriet\u00e0<\/li><li>Collegamento con l&#039;inquilino e risoluzione delle controversie<\/li><li>Riscossione o pagamento del canone di locazione e del servizio<\/li><li>Gestione degli arretrati, previsione dei flussi di cassa e contabilit\u00e0<\/li><li>Gara e supervisione dei lavori di manutenzione<\/li><\/ul>\n\n\n\n<p>Perch\u00e9 noi?<\/p>\n\n\n\n<p>Denis A. Barrett Property Solutions &amp; Auction Marketing Group si occupa di questioni relative alla gestione del territorio da oltre 20 anni e il nostro team di professionisti rurali ha decenni di esperienza nella ricerca di risultati favorevoli per i nostri clienti. Lavoriamo a stretto contatto con una vasta gamma di professionisti tra cui avvocati e contabili, il che significa che qualunque sia il supporto di cui hai bisogno, possiamo aiutarti.<\/p>\n\n\n\n<p class=\"has-text-align-center has-background\" style=\"background-color:#d2b766\"><strong><a href=\"https:\/\/denisbarrett.com\/it\/contact-us\/\">Richiedi una consulenza<\/a><\/strong><\/p>\n\n\n\n<p>Denis A. Barrett Property Solutions &amp; Auction Marketing Group \u00e8 dedicato alla comunit\u00e0 rurale. Attraverso le nostre diverse divisioni offriamo una gamma completa di servizi per servire la nostra vasta gamma di clienti.<\/p>\n\n\n\n<figure class=\"wp-block-image size-large\"><img loading=\"lazy\" decoding=\"async\" width=\"1024\" height=\"120\" src=\"https:\/\/denisbarrett.com\/wp-content\/uploads\/2020\/04\/DAB_GENERAL_LOGO-1-1024x120.png\" alt=\"\" class=\"wp-image-2062\" srcset=\"https:\/\/denisbarrett.com\/wp-content\/uploads\/2020\/04\/DAB_GENERAL_LOGO-1-1024x120.png 1024w, https:\/\/denisbarrett.com\/wp-content\/uploads\/2020\/04\/DAB_GENERAL_LOGO-1-300x35.png 300w, https:\/\/denisbarrett.com\/wp-content\/uploads\/2020\/04\/DAB_GENERAL_LOGO-1-768x90.png 768w, https:\/\/denisbarrett.com\/wp-content\/uploads\/2020\/04\/DAB_GENERAL_LOGO-1-1536x179.png 1536w, https:\/\/denisbarrett.com\/wp-content\/uploads\/2020\/04\/DAB_GENERAL_LOGO-1-2048x239.png 2048w\" sizes=\"(max-width: 1024px) 100vw, 1024px\" \/><\/figure>\n\n\n\n<p class=\"has-text-align-center\"><strong>Contattaci:<\/strong><\/p>\n\n\n\n<p class=\"has-text-align-center\">Chiama: +353 (0) 86 410 9848<\/p>\n\n\n\n<p class=\"has-text-align-center\">E-mail:&nbsp;<a href=\"mailto:info@denisbarrett.com\">info@denisbarrett.com<\/a><\/p>\n\n\n\n<p class=\"has-text-align-center\">Puoi anche rimanere in contatto tramite&nbsp;<a rel=\"noreferrer noopener\" href=\"https:\/\/ie.linkedin.com\/in\/denis-barrett-05675213\" target=\"_blank\">LinkedIn<\/a>,&nbsp;<a rel=\"noreferrer noopener\" href=\"https:\/\/www.facebook.com\/denis.barrett\" target=\"_blank\">Facebook<\/a>&nbsp;e&nbsp;<a rel=\"noreferrer noopener\" href=\"https:\/\/twitter.com\/DenisABarrett\" target=\"_blank\">Twitter.<\/a><\/p>","protected":false},"excerpt":{"rendered":"<p>Land management is extremely varied and we believe that because we have been managing land in this region since 2003 we have a good understanding of what is needed to help our clients. Our Rural Professional team work with clients ranging from private landowners and farmers to traditional. We also regularly deal with landlord and [&hellip;]<\/p>\n","protected":false},"author":1,"featured_media":2100,"parent":0,"menu_order":0,"comment_status":"closed","ping_status":"closed","template":"","meta":{"_et_pb_use_builder":"off","_et_pb_old_content":"<!-- wp:paragraph -->\n<p>Land management is extremely varied and we believe that because we have been managing land in this region since 2003 we have a good understanding of what is needed to help our clients. Our Rural Professional team work with clients ranging from private landowners and farmers to traditional. We also regularly deal with landlord and tenant issues for both residential and agricultural tenancies. We identify key objectives; maximising annual income, tax implications and cash flow.<\/p>\n<!-- \/wp:paragraph -->\n\n<!-- wp:image {\"id\":2083,\"sizeSlug\":\"large\"} -->\n<figure class=\"wp-block-image size-large\"><img src=\"https:\/\/denisbarrett.com\/wp-content\/uploads\/2020\/04\/agri-1-1024x228-1.jpg\" alt=\"\" class=\"wp-image-2083\"\/><\/figure>\n<!-- \/wp:image -->\n\n<!-- wp:paragraph -->\n<p>Whatever aspect of land management you require assistance with, Denis A. Barrett Rural Professional team are on hand to help make managing your property easier and more profitable.<\/p>\n<!-- \/wp:paragraph -->\n\n<!-- wp:paragraph -->\n<p>We regularly offer our specialist advice to clients on issues such as:<\/p>\n<!-- \/wp:paragraph -->\n\n<!-- wp:list -->\n<ul><li>Tenancy renewals<\/li><li>Land Lettings<\/li><li>Compulsory Purchase Order (CPO<\/li><li>County Development Plan Submissions for Land Zoning<\/li><li>Property Syndicates to purchase land, farms and property<\/li><li>Single Farm Payment Entitlements<\/li><li>Agri-Businesses<\/li><li>Wind Farms<\/li><li>Rent reviews including Arbitrations<\/li><li>Management and day-to-day property administration<\/li><li>Tenant liaison and dispute resolution<\/li><li>Rent and service charge collection or payment<\/li><li>Arrears management, cash flow forecasting and accounting<\/li><li>Tender and supervision of maintenance works<\/li><\/ul>\n<!-- \/wp:list -->\n\n<!-- wp:paragraph -->\n<p>Why Us?<\/p>\n<!-- \/wp:paragraph -->\n\n<!-- wp:paragraph -->\n<p>Denis A. Barrett Property Solutions &amp; Auction Marketing Group has been dealing with issues surrounding land management for over 20 years and our Rural Professional team has decades of experience in finding favourable outcomes for our clients. We work closely with a range of professionals including solicitors and accountants meaning whatever support you need, we can help.<\/p>\n<!-- \/wp:paragraph -->\n\n<!-- wp:paragraph {\"align\":\"center\",\"style\":{\"color\":{\"background\":\"#d2b766\"}}} -->\n<p class=\"has-text-align-center has-background\" style=\"background-color:#d2b766\"><strong><a href=\"https:\/\/denisbarrett.com\/contact-us\/\">Request a Consultation<\/a><\/strong><\/p>\n<!-- \/wp:paragraph -->\n\n<!-- wp:paragraph -->\n<p>Denis A. Barrett Property Solutions &amp; Auction Marketing Group is dedicated to the Rural Community. We through our different&nbsp;divisions&nbsp;offer a full spectrum of services to&nbsp;serve&nbsp;our wide array of clients.<\/p>\n<!-- \/wp:paragraph -->\n\n<!-- wp:image {\"id\":2062,\"sizeSlug\":\"large\"} -->\n<figure class=\"wp-block-image size-large\"><img src=\"https:\/\/denisbarrett.com\/wp-content\/uploads\/2020\/04\/DAB_GENERAL_LOGO-1-1024x120.png\" alt=\"\" class=\"wp-image-2062\"\/><\/figure>\n<!-- \/wp:image -->\n\n<!-- wp:paragraph {\"align\":\"center\"} -->\n<p class=\"has-text-align-center\"><strong>Contact Us:<\/strong><\/p>\n<!-- \/wp:paragraph -->\n\n<!-- wp:paragraph {\"align\":\"center\"} -->\n<p class=\"has-text-align-center\">Call:&nbsp;&nbsp;&nbsp; +353 (0) 86 410 9848<\/p>\n<!-- \/wp:paragraph -->\n\n<!-- wp:paragraph {\"align\":\"center\"} -->\n<p class=\"has-text-align-center\">Email:&nbsp;<a href=\"mailto:info@denisbarrett.com\">info@denisbarrett.com<\/a><\/p>\n<!-- \/wp:paragraph -->\n\n<!-- wp:paragraph {\"align\":\"center\"} -->\n<p class=\"has-text-align-center\">You can also stay in touch via&nbsp;<a rel=\"noreferrer noopener\" href=\"https:\/\/ie.linkedin.com\/in\/denis-barrett-05675213\" target=\"_blank\">LinkedIn<\/a>,&nbsp;<a rel=\"noreferrer noopener\" href=\"https:\/\/www.facebook.com\/denis.barrett\" target=\"_blank\">Facebook<\/a>&nbsp;and&nbsp;<a rel=\"noreferrer noopener\" href=\"https:\/\/twitter.com\/DenisABarrett\" target=\"_blank\">Twitter.<\/a><\/p>\n<!-- \/wp:paragraph -->","_et_gb_content_width":"1080","footnotes":""},"class_list":["post-2076","page","type-page","status-publish","has-post-thumbnail","hentry"],"brizy_media":[],"_links":{"self":[{"href":"https:\/\/denisbarrett.com\/it\/wp-json\/wp\/v2\/pages\/2076","targetHints":{"allow":["GET"]}}],"collection":[{"href":"https:\/\/denisbarrett.com\/it\/wp-json\/wp\/v2\/pages"}],"about":[{"href":"https:\/\/denisbarrett.com\/it\/wp-json\/wp\/v2\/types\/page"}],"author":[{"embeddable":true,"href":"https:\/\/denisbarrett.com\/it\/wp-json\/wp\/v2\/users\/1"}],"replies":[{"embeddable":true,"href":"https:\/\/denisbarrett.com\/it\/wp-json\/wp\/v2\/comments?post=2076"}],"version-history":[{"count":8,"href":"https:\/\/denisbarrett.com\/it\/wp-json\/wp\/v2\/pages\/2076\/revisions"}],"predecessor-version":[{"id":3688,"href":"https:\/\/denisbarrett.com\/it\/wp-json\/wp\/v2\/pages\/2076\/revisions\/3688"}],"wp:featuredmedia":[{"embeddable":true,"href":"https:\/\/denisbarrett.com\/it\/wp-json\/wp\/v2\/media\/2100"}],"wp:attachment":[{"href":"https:\/\/denisbarrett.com\/it\/wp-json\/wp\/v2\/media?parent=2076"}],"curies":[{"name":"parola chiave","href":"https:\/\/api.w.org\/{rel}","templated":true}]}}