{"id":2071,"date":"2020-04-17T08:07:29","date_gmt":"2020-04-17T07:07:29","guid":{"rendered":"https:\/\/denisbarrett.com\/?page_id=2071"},"modified":"2021-09-21T15:02:15","modified_gmt":"2021-09-21T14:02:15","slug":"rural-professional-services-sales","status":"publish","type":"page","link":"https:\/\/denisbarrett.com\/it\/rural-professional-services-sales\/","title":{"rendered":"Vendita di terreni"},"content":{"rendered":"<p>Il team di Denis A. Barrett Rural Professional vende e acquista con successo tutti i tipi di propriet\u00e0, fattorie, terreni e propriet\u00e0 rurali dal 2003.<\/p>\n\n\n\n<div class=\"wp-block-image\"><figure class=\"aligncenter size-large\"><img loading=\"lazy\" decoding=\"async\" width=\"500\" height=\"332\" src=\"https:\/\/denisbarrett.com\/wp-content\/uploads\/2020\/04\/EQUINE-.jpg\" alt=\"\" class=\"wp-image-2098\" srcset=\"https:\/\/denisbarrett.com\/wp-content\/uploads\/2020\/04\/EQUINE-.jpg 500w, https:\/\/denisbarrett.com\/wp-content\/uploads\/2020\/04\/EQUINE--300x199.jpg 300w\" sizes=\"(max-width: 500px) 100vw, 500px\" \/><\/figure><\/div>\n\n\n\n<p><\/p>\n\n\n\n<p>Il nostro team di esperti di professionisti della propriet\u00e0 offre consigli personalizzati sui modi migliori per vendere la tua propriet\u00e0, qualunque siano i tuoi obiettivi. Offriamo una vasta gamma di opzioni, inclusa la vendita mediante trattativa privata, asta o appalto, il tutto supportato da valutazioni professionali accreditate.<\/p>\n\n\n\n<p>Collaboriamo direttamente con gli avvocati per tuo conto fino al completamento, rendendo il processo il pi\u00f9 semplice possibile per te e garantendo una transazione regolare.<\/p>\n\n\n\n<div class=\"wp-block-columns is-layout-flex wp-container-core-columns-is-layout-9d6595d7 wp-block-columns-is-layout-flex\">\n<div class=\"wp-block-column is-layout-flow wp-block-column-is-layout-flow\">\n<p class=\"has-text-align-center has-background\" style=\"background-color:#d2b766\"><strong><a href=\"https:\/\/denisbarrett.com\/it\/property-auctions\/\">Aste di propriet\u00e0<\/a><\/strong><\/p>\n<\/div>\n\n\n\n<div class=\"wp-block-column is-layout-flow wp-block-column-is-layout-flow\">\n<p class=\"has-text-align-center has-background\" style=\"background-color:#d2b766\"><strong><a href=\"https:\/\/denisbarrett.com\/it\/properties-for-sale-by-private-treaty\/\">Trattato privato<\/a><\/strong><\/p>\n<\/div>\n\n\n\n<div class=\"wp-block-column is-layout-flow wp-block-column-is-layout-flow\">\n<p class=\"has-text-align-center has-background\" style=\"background-color:#d2b766\"><strong>Propriet\u00e0<\/strong><\/p>\n<\/div>\n<\/div>\n\n\n\n<p><strong>Vendita e acquisto di propriet\u00e0 rurali<\/strong><\/p>\n\n\n\n<p>Con oltre 20 anni di esperienza nell&#039;acquisto e nella vendita di propriet\u00e0 rurali, Denis A. Barrett Auctions ha un&#039;eccellente esperienza nell&#039;aiutare i proprietari di immobili a trovare i modi pi\u00f9 efficaci per commercializzare e vendere la loro propriet\u00e0.<\/p>\n\n\n\n<p>Organizziamo regolarmente aste di propriet\u00e0 collettive e abbiamo un track record di successo per la vendita all&#039;asta. Con una vasta mailing list e l&#039;uso dei migliori metodi di marketing, garantiamo che i terreni o le propriet\u00e0 dei nostri clienti raggiungano un vasto pubblico di potenziali acquirenti appropriati.<\/p>\n\n\n\n<p>I nostri anni di esperienza ci rendono estremamente abili nel trovare terreni e propriet\u00e0 e negoziare un acquisto per conto dei nostri clienti e agire nel loro migliore interesse.<\/p>\n\n\n\n<p><strong>Perch\u00e9 Denis A. Barrett Aste?<\/strong><\/p>\n\n\n\n<p>Abbiamo una gamma di professionisti di grande esperienza all&#039;interno del nostro team di professionisti rurali. La nostra conoscenza superiore delle condizioni del mercato locale significa che possiamo offrire le valutazioni pi\u00f9 accurate, selezionare i modi pi\u00f9 efficaci per commercializzare il tuo terreno o propriet\u00e0 e aiutarti a presentare i tuoi beni nel miglior modo possibile per massimizzare il prezzo di vendita finale.<\/p>\n\n\n\n<p>Denis A. Barrett Auction Group \u00e8 dedicato alla comunit\u00e0 rurale. Attraverso le nostre diverse divisioni offriamo una gamma completa di servizi per servire la nostra vasta gamma di clienti.<\/p>\n\n\n\n<p class=\"has-text-align-center has-background\" style=\"background-color:#d2b766\"><a href=\"https:\/\/denisbarrett.com\/it\/property-sales-2\/\"><strong>Vai al nostro dipartimento immobiliare<\/strong><\/a><\/p>\n\n\n\n<p><\/p>\n\n\n\n<figure class=\"wp-block-image size-large\"><img loading=\"lazy\" decoding=\"async\" width=\"1024\" height=\"120\" src=\"https:\/\/denisbarrett.com\/wp-content\/uploads\/2020\/04\/DAB_GENERAL_LOGO-1-1024x120.png\" alt=\"\" class=\"wp-image-2062\" srcset=\"https:\/\/denisbarrett.com\/wp-content\/uploads\/2020\/04\/DAB_GENERAL_LOGO-1-1024x120.png 1024w, https:\/\/denisbarrett.com\/wp-content\/uploads\/2020\/04\/DAB_GENERAL_LOGO-1-300x35.png 300w, https:\/\/denisbarrett.com\/wp-content\/uploads\/2020\/04\/DAB_GENERAL_LOGO-1-768x90.png 768w, https:\/\/denisbarrett.com\/wp-content\/uploads\/2020\/04\/DAB_GENERAL_LOGO-1-1536x179.png 1536w, https:\/\/denisbarrett.com\/wp-content\/uploads\/2020\/04\/DAB_GENERAL_LOGO-1-2048x239.png 2048w\" sizes=\"(max-width: 1024px) 100vw, 1024px\" \/><\/figure>\n\n\n\n<p class=\"has-text-align-center\"><strong>Contattaci:<\/strong><\/p>\n\n\n\n<p class=\"has-text-align-center\">Chiama: +353 (0) 86 410 9848<\/p>\n\n\n\n<p class=\"has-text-align-center\">E-mail:&nbsp;<a href=\"mailto:info@denisbarrett.com\">info@denisbarrett.com<\/a><\/p>\n\n\n\n<p class=\"has-text-align-center\">Puoi anche rimanere in contatto tramite&nbsp;<a rel=\"noreferrer noopener\" href=\"https:\/\/ie.linkedin.com\/in\/denis-barrett-05675213\" target=\"_blank\">LinkedIn<\/a>,&nbsp;<a rel=\"noreferrer noopener\" href=\"https:\/\/www.facebook.com\/denis.barrett\" target=\"_blank\">Facebook<\/a>&nbsp;e&nbsp;<a rel=\"noreferrer noopener\" href=\"https:\/\/twitter.com\/DenisABarrett\" target=\"_blank\">Twitter.<\/a><\/p>","protected":false},"excerpt":{"rendered":"<p>The Denis A. Barrett Rural Professional team has been successfully selling and purchasing all types of estates, farms, land and rural properties since 2003. Our expert team of property professionals offer personalised advice on the best ways to sell your property, whatever your objectives. We offer a range of options, including sale by private treaty, [&hellip;]<\/p>\n","protected":false},"author":1,"featured_media":2083,"parent":0,"menu_order":0,"comment_status":"closed","ping_status":"closed","template":"","meta":{"_et_pb_use_builder":"off","_et_pb_old_content":"<!-- wp:paragraph -->\n<p>The Denis A. Barrett Rural Professional team has been successfully selling and purchasing all types of estates, farms, land and rural properties since 2003.<\/p>\n<!-- \/wp:paragraph -->\n\n<!-- wp:image {\"align\":\"center\",\"id\":2098,\"sizeSlug\":\"large\"} -->\n<div class=\"wp-block-image\"><figure class=\"aligncenter size-large\"><img src=\"https:\/\/denisbarrett.com\/wp-content\/uploads\/2020\/04\/EQUINE-.jpg\" alt=\"\" class=\"wp-image-2098\"\/><\/figure><\/div>\n<!-- \/wp:image -->\n\n<!-- wp:paragraph -->\n<p><\/p>\n<!-- \/wp:paragraph -->\n\n<!-- wp:paragraph -->\n<p>Our expert team of property professionals offer personalised advice on the best ways to sell your property, whatever your objectives. We offer a range of options, including sale by private treaty, auction or tender, all supported by accredited, professional valuations.<\/p>\n<!-- \/wp:paragraph -->\n\n<!-- wp:paragraph -->\n<p>We liaise directly with solicitors on your behalf all the way through to completion making the process as easy as possible for you and ensuring a smooth transaction.<\/p>\n<!-- \/wp:paragraph -->\n\n<!-- wp:columns -->\n<div class=\"wp-block-columns\"><!-- wp:column -->\n<div class=\"wp-block-column\"><!-- wp:paragraph {\"align\":\"center\",\"style\":{\"color\":{\"background\":\"#d2b766\"}}} -->\n<p class=\"has-text-align-center has-background\" style=\"background-color:#d2b766\"><strong><a href=\"https:\/\/denisbarrett.com\/property-auctions\/\">Property Auctions<\/a><\/strong><\/p>\n<!-- \/wp:paragraph --><\/div>\n<!-- \/wp:column -->\n\n<!-- wp:column -->\n<div class=\"wp-block-column\"><!-- wp:paragraph {\"align\":\"center\",\"style\":{\"color\":{\"background\":\"#d2b766\"}}} -->\n<p class=\"has-text-align-center has-background\" style=\"background-color:#d2b766\"><strong><a href=\"https:\/\/denisbarrett.com\/properties-for-sale-by-private-treaty\/\">Private Treaty<\/a><\/strong><\/p>\n<!-- \/wp:paragraph --><\/div>\n<!-- \/wp:column -->\n\n<!-- wp:column -->\n<div class=\"wp-block-column\"><!-- wp:paragraph {\"align\":\"center\",\"style\":{\"color\":{\"background\":\"#d2b766\"}}} -->\n<p class=\"has-text-align-center has-background\" style=\"background-color:#d2b766\"><strong><a href=\"https:\/\/denisbarrett.com\/properties-on-the-market\/\">Search Properties<\/a><\/strong><\/p>\n<!-- \/wp:paragraph --><\/div>\n<!-- \/wp:column --><\/div>\n<!-- \/wp:columns -->\n\n<!-- wp:paragraph -->\n<p><strong>Selling &amp; Buying Rural Property<\/strong><\/p>\n<!-- \/wp:paragraph -->\n\n<!-- wp:paragraph -->\n<p>With over 20 years\u2019 experience buying and selling rural property, Denis A. Barrett Auctions has an excellent track record in helping property owners find the most effective ways to market and sell their property.<\/p>\n<!-- \/wp:paragraph -->\n\n<!-- wp:paragraph -->\n<p>We regularly hold collective property auctions and have a successful track record for sale by auction. With an extensive mailing list and use of the very best marketing methods, we ensure our clients\u2019 land or property will reach a wide audience of appropriate potential buyers.<\/p>\n<!-- \/wp:paragraph -->\n\n<!-- wp:paragraph -->\n<p>Our years of experience make us highly adept at finding land and properties and negotiating a purchase on behalf of our clients and acting in their best interests.<\/p>\n<!-- \/wp:paragraph -->\n\n<!-- wp:paragraph -->\n<p><strong>Why Denis A. Barrett Auctions?<\/strong><\/p>\n<!-- \/wp:paragraph -->\n\n<!-- wp:paragraph -->\n<p>We have a range of highly experienced professionals within our Rural Professional team. Our superior knowledge of local market conditions means we can offer the most accurate valuations, select the most effective ways to market your land or property and help present your assets in the best possible way to maximise the final sale price.<\/p>\n<!-- \/wp:paragraph -->\n\n<!-- wp:paragraph -->\n<p>Denis A. Barrett Auction Group is dedicated to the Rural Community. We through our different&nbsp;divisions&nbsp;offer a full spectrum of services to&nbsp;serve&nbsp;our wide array of clients.<\/p>\n<!-- \/wp:paragraph -->\n\n<!-- wp:paragraph {\"align\":\"center\",\"style\":{\"color\":{\"background\":\"#d2b766\"}}} -->\n<p class=\"has-text-align-center has-background\" style=\"background-color:#d2b766\"><a href=\"https:\/\/denisbarrett.com\/property-sales-2\/\"><strong>Go to our Property Department<\/strong><\/a><\/p>\n<!-- \/wp:paragraph -->\n\n<!-- wp:paragraph -->\n<p><\/p>\n<!-- \/wp:paragraph -->\n\n<!-- wp:image {\"id\":2062,\"sizeSlug\":\"large\"} -->\n<figure class=\"wp-block-image size-large\"><img src=\"https:\/\/denisbarrett.com\/wp-content\/uploads\/2020\/04\/DAB_GENERAL_LOGO-1-1024x120.png\" alt=\"\" class=\"wp-image-2062\"\/><\/figure>\n<!-- \/wp:image -->\n\n<!-- wp:paragraph {\"align\":\"center\"} -->\n<p class=\"has-text-align-center\"><strong>Contact Us:<\/strong><\/p>\n<!-- \/wp:paragraph -->\n\n<!-- wp:paragraph {\"align\":\"center\"} -->\n<p class=\"has-text-align-center\">Call:&nbsp;&nbsp;&nbsp; +353 (0) 86 410 9848<\/p>\n<!-- \/wp:paragraph -->\n\n<!-- wp:paragraph {\"align\":\"center\"} -->\n<p class=\"has-text-align-center\">Email:&nbsp;<a href=\"mailto:info@denisbarrett.com\">info@denisbarrett.com<\/a><\/p>\n<!-- \/wp:paragraph -->\n\n<!-- wp:paragraph {\"align\":\"center\"} -->\n<p class=\"has-text-align-center\">You can also stay in touch via&nbsp;<a rel=\"noreferrer noopener\" href=\"https:\/\/ie.linkedin.com\/in\/denis-barrett-05675213\" target=\"_blank\">LinkedIn<\/a>,&nbsp;<a rel=\"noreferrer noopener\" href=\"https:\/\/www.facebook.com\/denis.barrett\" target=\"_blank\">Facebook<\/a>&nbsp;and&nbsp;<a rel=\"noreferrer noopener\" href=\"https:\/\/twitter.com\/DenisABarrett\" target=\"_blank\">Twitter.<\/a><\/p>\n<!-- \/wp:paragraph -->","_et_gb_content_width":"1080","footnotes":""},"class_list":["post-2071","page","type-page","status-publish","has-post-thumbnail","hentry"],"brizy_media":[],"_links":{"self":[{"href":"https:\/\/denisbarrett.com\/it\/wp-json\/wp\/v2\/pages\/2071","targetHints":{"allow":["GET"]}}],"collection":[{"href":"https:\/\/denisbarrett.com\/it\/wp-json\/wp\/v2\/pages"}],"about":[{"href":"https:\/\/denisbarrett.com\/it\/wp-json\/wp\/v2\/types\/page"}],"author":[{"embeddable":true,"href":"https:\/\/denisbarrett.com\/it\/wp-json\/wp\/v2\/users\/1"}],"replies":[{"embeddable":true,"href":"https:\/\/denisbarrett.com\/it\/wp-json\/wp\/v2\/comments?post=2071"}],"version-history":[{"count":10,"href":"https:\/\/denisbarrett.com\/it\/wp-json\/wp\/v2\/pages\/2071\/revisions"}],"predecessor-version":[{"id":4609,"href":"https:\/\/denisbarrett.com\/it\/wp-json\/wp\/v2\/pages\/2071\/revisions\/4609"}],"wp:featuredmedia":[{"embeddable":true,"href":"https:\/\/denisbarrett.com\/it\/wp-json\/wp\/v2\/media\/2083"}],"wp:attachment":[{"href":"https:\/\/denisbarrett.com\/it\/wp-json\/wp\/v2\/media?parent=2071"}],"curies":[{"name":"parola chiave","href":"https:\/\/api.w.org\/{rel}","templated":true}]}}