{"id":2026,"date":"2020-04-16T21:37:12","date_gmt":"2020-04-16T20:37:12","guid":{"rendered":"https:\/\/denisbarrett.com\/?page_id=2026"},"modified":"2021-01-04T10:54:48","modified_gmt":"2021-01-04T10:54:48","slug":"about-our-auction-department","status":"publish","type":"page","link":"https:\/\/denisbarrett.com\/it\/about-our-auction-department\/","title":{"rendered":"Informazioni sulle aste DAB"},"content":{"rendered":"<p>La vendita all&#039;asta \u00e8 al centro di Denis A. Barrett Auctions. L&#039;azienda ha una passione incrollabile per il metodo di vendita all&#039;asta pubblica. Il nostro team gestisce un&#039;ampia variet\u00e0 di aste in ogni settore della nostra attivit\u00e0. Ci\u00f2 include aste di bestiame, vendite collettive di macchinari, vendite di dispersione in loco, aste di scorte in eccedenza e aste di propriet\u00e0 collettiva e terreni sia a livello nazionale che internazionale.&nbsp;<\/p>\n\n\n\n<figure class=\"wp-block-image size-full is-resized\"><img loading=\"lazy\" decoding=\"async\" src=\"https:\/\/denisbarrett.com\/wp-content\/uploads\/2020\/04\/auctions.jpg\" alt=\"\" class=\"wp-image-2028\" width=\"676\" height=\"475\"\/><\/figure>\n\n\n\n<p>\u00c8 ferma convinzione dell&#039;azienda che l&#039;asta pubblica sia il metodo di marketing preminente per accertare il vero valore di mercato di un bene in un dato giorno, se allineato con strategie di marketing attentamente pianificate.<\/p>\n\n\n\n<div class=\"wp-block-group\"><div class=\"wp-block-group__inner-container is-layout-flow wp-block-group-is-layout-flow\">\n<div class=\"wp-block-columns is-layout-flex wp-container-core-columns-is-layout-9d6595d7 wp-block-columns-is-layout-flex\">\n<div class=\"wp-block-column is-layout-flow wp-block-column-is-layout-flow\">\n<div class=\"wp-block-image\"><figure class=\"aligncenter size-large is-resized\"><img loading=\"lazy\" decoding=\"async\" src=\"https:\/\/denisbarrett.com\/wp-content\/uploads\/2020\/04\/auction-calendar.jpg\" alt=\"\" class=\"wp-image-2029\" width=\"375\" height=\"225\" srcset=\"https:\/\/denisbarrett.com\/wp-content\/uploads\/2020\/04\/auction-calendar.jpg 375w, https:\/\/denisbarrett.com\/wp-content\/uploads\/2020\/04\/auction-calendar-300x180.jpg 300w\" sizes=\"(max-width: 375px) 100vw, 375px\" \/><\/figure><\/div>\n\n\n\n<p class=\"has-text-align-center\"><strong>Calendario aste<\/strong> <\/p>\n<\/div>\n\n\n\n<div class=\"wp-block-column is-layout-flow wp-block-column-is-layout-flow\">\n<div class=\"wp-block-image\"><figure class=\"aligncenter size-large is-resized\"><img loading=\"lazy\" decoding=\"async\" src=\"https:\/\/denisbarrett.com\/wp-content\/uploads\/2020\/04\/Val-1-images.jpeg\" alt=\"\" class=\"wp-image-2030\" width=\"375\" height=\"225\"\/><\/figure><\/div>\n\n\n\n<p class=\"has-text-align-center\"><strong>Richiedi una valutazione<\/strong><\/p>\n<\/div>\n<\/div>\n<\/div><\/div>\n\n\n\n<p>Organizziamo regolarmente i seguenti tipi di aste:<\/p>\n\n\n\n<p><a href=\"https:\/\/denisbarrett.com\/it\/divisions\/dab-agri-com\/\">Bestiame<\/a><\/p>\n\n\n\n<p><a href=\"https:\/\/denisbarrett.com\/it\/machinery-auctions\/\">Macchinari<\/a><\/p>\n\n\n\n<p><a href=\"https:\/\/denisbarrett.com\/it\/strategic-restructuring\/\">Stock in eccedenza<\/a><\/p>\n\n\n\n<p><a href=\"https:\/\/denisbarrett.com\/it\/property-auctions\/\">Terreni, immobili commerciali e residenziali<\/a><\/p>\n\n\n\n<p>All&#039;interno di ciascuno di questi tipi di aste ci sono diverse sottocategorie, ognuna delle quali \u00e8 al centro delle singole aste durante tutto l&#039;anno.<\/p>\n\n\n\n<figure class=\"wp-block-image size-large\"><img loading=\"lazy\" decoding=\"async\" width=\"1024\" height=\"681\" src=\"https:\/\/denisbarrett.com\/wp-content\/uploads\/2020\/04\/delicia-benefits-1024x681-1.jpg\" alt=\"Text Box: Picture 18\" class=\"wp-image-2041\" srcset=\"https:\/\/denisbarrett.com\/wp-content\/uploads\/2020\/04\/delicia-benefits-1024x681-1.jpg 1024w, https:\/\/denisbarrett.com\/wp-content\/uploads\/2020\/04\/delicia-benefits-1024x681-1-300x200.jpg 300w, https:\/\/denisbarrett.com\/wp-content\/uploads\/2020\/04\/delicia-benefits-1024x681-1-768x511.jpg 768w\" sizes=\"(max-width: 1024px) 100vw, 1024px\" \/><\/figure>\n\n\n\n<p>Il nostro team di esperti ha la conoscenza e l&#039;esperienza per mettere i tuoi articoli di fronte ai potenziali acquirenti pi\u00f9 appropriati, aiutandoti a ottenere il miglior prezzo di vendita possibile.<\/p>\n\n\n\n<p>Il team di Denis A. Barrett Auctions \u00e8 composto da esperti del settore con una solida reputazione di professionalit\u00e0. Ogni membro del nostro team ha una vera passione per il raggiungimento dei migliori risultati per i nostri clienti. Il nostro team \u00e8 perfettamente posizionato per comprendere e rispondere alle vostre esigenze specifiche e offrirvi un servizio completamente personalizzato e su misura.<\/p>\n\n\n\n<p>Lavoriamo a stretto contatto con specialisti di marketing che elaborano le nostre strategie di marketing e piani tattici per ogni asta, assicurandoci cos\u00ec di catturare e indirizzare tutti i clienti rilevanti.<\/p>\n\n\n\n<p>Abbiamo una rete globale di partner abbinata a un database internazionale di acquirenti pronti per contanti liquidi per tutti i tipi di propriet\u00e0 o beni.<\/p>\n\n\n\n<div class=\"wp-block-group\"><div class=\"wp-block-group__inner-container is-layout-flow wp-block-group-is-layout-flow\">\n<div class=\"wp-block-group has-background\" style=\"background-color:#d2b766\"><div class=\"wp-block-group__inner-container is-layout-flow wp-block-group-is-layout-flow\">\n<p class=\"has-text-align-center has-very-dark-gray-color has-text-color\"><strong>Avere Gavel viagger\u00e0 <\/strong><\/p>\n\n\n\n<div class=\"wp-block-columns is-layout-flex wp-container-core-columns-is-layout-9d6595d7 wp-block-columns-is-layout-flex\">\n<div class=\"wp-block-column is-layout-flow wp-block-column-is-layout-flow\">\n<p class=\"has-text-align-left\">Denis \u00e8 un pluripremiato maestro banditore, con circa 20 anni di esperienza nella vendita di tutti i tipi di beni. Denis sta diventando sempre pi\u00f9 noto come il banditore internazionale `` go-to &#039;&#039; in tutto il mondo tutti i tipi di aste tra cui, Aste vantaggiose, Aste di auto d&#039;epoca, Aste di macchinari e impianti pesanti, Aste Elite Bloodstock e Bestiame e ha condotto aste in Kuwait, Dubai , Regno Unito, Germania, Spagna e Filippine.<\/p>\n<\/div>\n\n\n\n<div class=\"wp-block-column is-layout-flow wp-block-column-is-layout-flow\">\n<div class=\"wp-block-image\"><figure class=\"aligncenter size-medium\"><img loading=\"lazy\" decoding=\"async\" width=\"300\" height=\"300\" src=\"https:\/\/denisbarrett.com\/wp-content\/uploads\/2019\/11\/denis_barrett-300x300.png\" alt=\"\" class=\"wp-image-1313\" srcset=\"https:\/\/denisbarrett.com\/wp-content\/uploads\/2019\/11\/denis_barrett-300x300.png 300w, https:\/\/denisbarrett.com\/wp-content\/uploads\/2019\/11\/denis_barrett-150x150.png 150w, https:\/\/denisbarrett.com\/wp-content\/uploads\/2019\/11\/denis_barrett.png 600w\" sizes=\"(max-width: 300px) 100vw, 300px\" \/><\/figure><\/div>\n\n\n\n<p><\/p>\n<\/div>\n<\/div>\n<\/div><\/div>\n<\/div><\/div>\n\n\n\n<p><\/p>\n\n\n\n<p><strong>Noi&nbsp;<\/strong>abbiamo fornito risultati sin dalla nostra apertura nel 2003. Il nostro obiettivo \u00e8 fornire sia un&#039;esperienza superiore compilata con un enorme valore per i nostri clienti<\/p>\n\n\n\n<p><strong>Denis Barrett il fondatore dell&#039;azienda <\/strong>ha oltre 22 anni di esperienza nel settore&nbsp;<strong>Industria delle aste&nbsp;<\/strong>e ha condotto<strong>&nbsp;oltre 1.100 aste in tutto il mondo.<\/strong><\/p>\n\n\n\n<p>Per comprendere al meglio la variet\u00e0 delle aste a cui si rivolge Denis A. Barrett Auctions, dai un&#039;occhiata al nostro calendario delle aste che dettaglia i nomi e le date di tutte le nostre vendite e ti consiglier\u00e0 su come richiedere o scaricare un catalogo.<\/p>\n\n\n\n<figure class=\"wp-block-image size-large\"><img loading=\"lazy\" decoding=\"async\" width=\"1024\" height=\"134\" src=\"https:\/\/denisbarrett.com\/wp-content\/uploads\/2019\/09\/Logo-Jpeg-1024x134.jpg\" alt=\"\" class=\"wp-image-1229\"\/><\/figure>\n\n\n\n<h3 class=\"has-text-align-center wp-block-heading\"><strong>Contattaci<\/strong>:<\/h3>\n\n\n\n<p class=\"has-text-align-center\">Chiama: +353 (0) 86 410 9848<\/p>\n\n\n\n<p class=\"has-text-align-center\">E-mail:&nbsp;<a href=\"mailto:info@denisbarrett.com\">info@denisbarrett.com<\/a>&nbsp;<\/p>\n\n\n\n<p class=\"has-text-align-center\">Puoi anche rimanere in contatto tramite&nbsp;<a href=\"https:\/\/ie.linkedin.com\/in\/denis-barrett-05675213\">LinkedIn<\/a>,&nbsp;<a href=\"https:\/\/www.facebook.com\/DenisBarrettAuctioneers\/?ref=bookmarks\">Facebook<\/a>&nbsp;e&nbsp;<a href=\"https:\/\/twitter.com\/DenisABarrett\">Twitter<\/a>.<\/p>","protected":false},"excerpt":{"rendered":"<p>Auctioneering is at the very heart of Denis A. Barrett Auctions. The firm has an unwavering passion for the Public Auction Method of Marketing. Our team handle a wide variety of auctions across every sector of our business. This includes livestock auctions, collective machinery sales, on-site dispersal sales, surplus stock auctions and collective property and [&hellip;]<\/p>\n","protected":false},"author":1,"featured_media":0,"parent":0,"menu_order":0,"comment_status":"closed","ping_status":"closed","template":"","meta":{"_et_pb_use_builder":"","_et_pb_old_content":"","_et_gb_content_width":"1080","footnotes":""},"class_list":["post-2026","page","type-page","status-publish","hentry"],"brizy_media":[],"_links":{"self":[{"href":"https:\/\/denisbarrett.com\/it\/wp-json\/wp\/v2\/pages\/2026","targetHints":{"allow":["GET"]}}],"collection":[{"href":"https:\/\/denisbarrett.com\/it\/wp-json\/wp\/v2\/pages"}],"about":[{"href":"https:\/\/denisbarrett.com\/it\/wp-json\/wp\/v2\/types\/page"}],"author":[{"embeddable":true,"href":"https:\/\/denisbarrett.com\/it\/wp-json\/wp\/v2\/users\/1"}],"replies":[{"embeddable":true,"href":"https:\/\/denisbarrett.com\/it\/wp-json\/wp\/v2\/comments?post=2026"}],"version-history":[{"count":4,"href":"https:\/\/denisbarrett.com\/it\/wp-json\/wp\/v2\/pages\/2026\/revisions"}],"predecessor-version":[{"id":3693,"href":"https:\/\/denisbarrett.com\/it\/wp-json\/wp\/v2\/pages\/2026\/revisions\/3693"}],"wp:attachment":[{"href":"https:\/\/denisbarrett.com\/it\/wp-json\/wp\/v2\/media?parent=2026"}],"curies":[{"name":"parola chiave","href":"https:\/\/api.w.org\/{rel}","templated":true}]}}