{"id":1711,"date":"2020-04-07T18:39:59","date_gmt":"2020-04-07T17:39:59","guid":{"rendered":"https:\/\/denisbarrett.com\/?page_id=1711"},"modified":"2020-12-19T20:15:05","modified_gmt":"2020-12-19T20:15:05","slug":"a-sustainable-method-of-clearance","status":"publish","type":"page","link":"https:\/\/denisbarrett.com\/it\/a-sustainable-method-of-clearance\/","title":{"rendered":"Un metodo di autorizzazione sostenibile:"},"content":{"rendered":"<p>Lo smaltimento delle risorse e la ridistribuzione costano alle organizzazioni entrate, tempo e risorse significative. Spesso i processi per trattare queste risorse in eccesso sono frammentati, non trasparenti e vengono eseguiti con diversi gradi di successo. Qui a Denis A. Barrett Auctions &amp; Dabbid.com, possiamo risolvere l&#039;intero problema delle risorse in eccedenza vendendo per tuo conto generando il massimo guadagno per ogni attivit\u00e0 per fornire uno sconto sul reddito generato. ma, cosa pi\u00f9 importante, lavoriamo in modo olistico per offrire significativi risparmi sui costi e con l&#039;ulteriore vantaggio di assistere le organizzazioni nel raggiungimento degli obiettivi di responsabilit\u00e0 sociale d&#039;impresa e sostenibilit\u00e0.<\/p>\n\n\n\n<p>CESSIONE DEL BENI TRAMITE ASTA PUBBLICA<\/p>\n\n\n\n<p>Le risorse diventano surplus per una serie di motivi all&#039;interno delle organizzazioni, non necessariamente perch\u00e9 non possono pi\u00f9 essere utilizzate. Vendere i tuoi beni tramite asta offre loro una nuova prospettiva di vita, consentendo il loro riutilizzo piuttosto che diventare rifiuti, sostenendo obiettivi di sostenibilit\u00e0.<\/p>\n\n\n\n<p>AIUTARVI A FARE DEL BENE<\/p>\n\n\n\n<p>Ci\u00f2 che viene subito in mente quando si considera la vendita di beni tramite asta sono le entrate generate. Ma in realt\u00e0, vendere con Denis A. Barrett Auctions e Dabbid.com tramite asta offre molto di pi\u00f9 di un semplice aumento finanziario.<\/p>\n\n\n\n<p>Lavorando con molte grandi organizzazioni, riconosciamo l&#039;importanza di aggiungere valore a ogni partnership. Lavorare con noi come un modo per smaltire le tue risorse in eccesso complimenta i tuoi obiettivi di sostenibilit\u00e0.<\/p>\n\n\n\n<p>Denis a. Barrett Auctions e Dabbid.com danno la priorit\u00e0 all&#039;efficienza e alla sostenibilit\u00e0 e ci sforziamo di ridurre al minimo il nostro impatto ambientale, tenendo presente la nostra impronta di carbonio e garantendo l&#039;efficienza nello stoccaggio e nel trasporto delle risorse. Possiamo aiutarvi a gestire in modo responsabile l&#039;impatto sociale, ambientale ed economico del processo di smaltimento degli asset tramite;<\/p>\n\n\n\n<p>Offre un metodo collaudato per deviare i rifiuti dalle discariche, alimentando al contempo una serie di catene di approvvigionamento a valle<\/p>\n\n\n\n<p>Aiutare a far crescere comunit\u00e0 imprenditoriali sia locali che globali<\/p>\n\n\n\n<p>Supporto all&#039;avvio di imprese<\/p>\n\n\n\n<p>Supporto a gruppi di comunit\u00e0, imprese sociali e enti di beneficenza<\/p>\n\n\n\n<p>Il tutto restituendoti il capitale non realizzato contenuto nei tuoi beni.<\/p>\n\n\n\n<p>Il tutto assistendo le organizzazioni nel raggiungimento degli obiettivi di Responsabilit\u00e0 Sociale d&#039;Impresa e sostenibilit\u00e0.<\/p>\n\n\n\n<p>Non trovi quello che vuoi? Raggiungi direttamente il nostro&nbsp;<a href=\"https:\/\/denisbarrett.com\/it\/contact-us\/\">Contattaci<\/a>&nbsp;o Contattaci in modo confidenziale per discutere le tue esigenze di ristrutturazione strategica e recupero aziendale.<\/p>\n\n\n\n<p>Per fissare un consulto con noi, allora&nbsp;<a href=\"https:\/\/denisbarrett.com\/it\/contact-us\/\">mandaci un messaggio<\/a>! o perch\u00e9 non chiamare, +353 (0) 86 410 9848<\/p>\n\n\n\n<p>Puoi anche rimanere in contatto tramite&nbsp;<a href=\"https:\/\/ie.linkedin.com\/in\/denis-barrett-05675213\">LinkedIn<\/a>,&nbsp;<a href=\"https:\/\/www.facebook.com\/DabbidOnlineAuctions\/\">Facebook<\/a>&nbsp;e&nbsp;<a href=\"https:\/\/twitter.com\/dabbidauction\">Twitter<\/a>.<\/p>\n\n\n\n<p class=\"has-text-align-center\"><a href=\"https:\/\/denisbarrett.com\/it\/further-information\/\">Torna alla pagina Ulteriori informazioni:<\/a><\/p>","protected":false},"excerpt":{"rendered":"<p>Asset disposal and redeployment costs organisations significant revenue, time, and resource. Often the processes for dealing with these surplus assets are fragmented, non-transparent and are executed with varying degrees of success. Here at Denis A. Barrett Auctions &amp; Dabbid.com, we can resolve the entire surplus asset problem by selling on your behalf driving maximum revenue [&hellip;]<\/p>\n","protected":false},"author":1,"featured_media":0,"parent":0,"menu_order":0,"comment_status":"closed","ping_status":"closed","template":"","meta":{"_et_pb_use_builder":"","_et_pb_old_content":"","_et_gb_content_width":"1080","footnotes":""},"class_list":["post-1711","page","type-page","status-publish","hentry"],"brizy_media":[],"_links":{"self":[{"href":"https:\/\/denisbarrett.com\/it\/wp-json\/wp\/v2\/pages\/1711","targetHints":{"allow":["GET"]}}],"collection":[{"href":"https:\/\/denisbarrett.com\/it\/wp-json\/wp\/v2\/pages"}],"about":[{"href":"https:\/\/denisbarrett.com\/it\/wp-json\/wp\/v2\/types\/page"}],"author":[{"embeddable":true,"href":"https:\/\/denisbarrett.com\/it\/wp-json\/wp\/v2\/users\/1"}],"replies":[{"embeddable":true,"href":"https:\/\/denisbarrett.com\/it\/wp-json\/wp\/v2\/comments?post=1711"}],"version-history":[{"count":4,"href":"https:\/\/denisbarrett.com\/it\/wp-json\/wp\/v2\/pages\/1711\/revisions"}],"predecessor-version":[{"id":1802,"href":"https:\/\/denisbarrett.com\/it\/wp-json\/wp\/v2\/pages\/1711\/revisions\/1802"}],"wp:attachment":[{"href":"https:\/\/denisbarrett.com\/it\/wp-json\/wp\/v2\/media?parent=1711"}],"curies":[{"name":"parola chiave","href":"https:\/\/api.w.org\/{rel}","templated":true}]}}