{"id":1342,"date":"2019-11-17T15:57:27","date_gmt":"2019-11-17T15:57:27","guid":{"rendered":"https:\/\/denisbarrett.com\/?page_id=1342"},"modified":"2020-12-19T20:20:19","modified_gmt":"2020-12-19T20:20:19","slug":"the-barrett-advantage","status":"publish","type":"page","link":"https:\/\/denisbarrett.com\/it\/the-barrett-advantage\/","title":{"rendered":"Il vantaggio Barrett"},"content":{"rendered":"<p><strong>&quot;ASTA&quot;<\/strong>&nbsp;\u00e8 una parola stimolante. Nessuna parola \u00e8 uguale al suo potere di produrre istantaneamente acquirenti seri con denaro in mano.<\/p>\n\n\n\n<ul class=\"wp-block-list\"><li><strong>Le aste non sono vendite di emergenza.<\/strong>&nbsp;Le aste sono una tecnica collaudata per vendere propriet\u00e0 in un arco di tempo ridotto al valore di mercato reale.&nbsp;<\/li><li><strong>Le aste hanno una ricca storia di successi che abbraccia oltre 3 secoli.<\/strong>&nbsp;Ogni anno nel mondo vengono venduti oltre 150 miliardi di euro di immobili tramite il metodo di marketing all&#039;asta.<\/li><\/ul>\n\n\n\n<p>Denis A. Barrett Auctions &amp; Property Marketing Group, con oltre 2 decenni di superiorit\u00e0 nelle aste ed esperienza di oltre 1200 aste pubbliche, \u00e8 stato sinonimo di eccellenza e successo nel marketing e nella vendita di tutti i tipi di asset. <\/p>\n\n\n\n<p><strong>I venditori progressisti ci cercano perch\u00e9 <\/strong>Denis A. Barrett Auctions &amp; Property Marketing Group<strong>LE ASTE FUNZIONANO !! Perch\u00e9?<\/strong><\/p>\n\n\n\n<ol class=\"wp-block-list\"><li>Servizio, competenza e cura impareggiabili<\/li><li>Servizio con classe, dignit\u00e0, integrit\u00e0 e professionalit\u00e0<\/li><li>La premiata abilit\u00e0 di marketing della nostra azienda (oltre 5.000 acquirenti visitano il nostro sito web mensilmente!) Garantisce programmi pubblicitari completamente personalizzati e altamente strutturati che saturano il mercato (campagne di social media mirate al laser, campagne pubblicitarie Google altamente produttive e mirate, comunicati stampa , marketing digitale, carta stampata, segnaletica, TV, e-mail mirate, ecc.).<\/li><li>Contratti strettamente elaborati orientati alla chiusura, che equivalgono a un tasso di chiusura vicino a 100%.<\/li><li>La nostra struttura permette a te, venditore, il controllo completo dell&#039;intera transazione.<\/li><\/ol>\n\n\n\n<p>Molto semplicemente, Denis A. Barrett Auctions &amp; Property Marketing Group ha standard impeccabili e reputazione di eccellenza. Produciamo eventi entusiasmanti in cui gli offerenti fanno offerte competitive per acquistare la tua propriet\u00e0.<\/p>\n\n\n\n<p>I CLIENTI SODDISFATTI sono il risultato diretto del nostro IMPEGNO per l&#039;ECCELLENZA.<\/p>\n\n\n\n<p>Questa \u00e8 la nostra promessa per te.<\/p>\n\n\n\n<p>Denis A. Barrett<\/p>\n\n\n\n<p>Proprietario \/ Amministratore delegato <br><\/p>","protected":false},"excerpt":{"rendered":"<p>\u201cAUCTION\u201d&nbsp;is a stimulating word. No word equals its power to instantly produce serious buyers with money in hand. Auctions are not distress sales.&nbsp;Auctions are a proven technique for selling property in a&nbsp;compressed time frame&nbsp;at&nbsp;true market value.&nbsp; Auctions have a rich history of success that spans over 3 centuries.&nbsp;Over \u20ac150 billion of real estate is sold [&hellip;]<\/p>\n","protected":false},"author":1,"featured_media":0,"parent":0,"menu_order":0,"comment_status":"closed","ping_status":"closed","template":"","meta":{"_et_pb_use_builder":"","_et_pb_old_content":"","_et_gb_content_width":"1080","footnotes":""},"class_list":["post-1342","page","type-page","status-publish","hentry"],"brizy_media":[],"_links":{"self":[{"href":"https:\/\/denisbarrett.com\/it\/wp-json\/wp\/v2\/pages\/1342","targetHints":{"allow":["GET"]}}],"collection":[{"href":"https:\/\/denisbarrett.com\/it\/wp-json\/wp\/v2\/pages"}],"about":[{"href":"https:\/\/denisbarrett.com\/it\/wp-json\/wp\/v2\/types\/page"}],"author":[{"embeddable":true,"href":"https:\/\/denisbarrett.com\/it\/wp-json\/wp\/v2\/users\/1"}],"replies":[{"embeddable":true,"href":"https:\/\/denisbarrett.com\/it\/wp-json\/wp\/v2\/comments?post=1342"}],"version-history":[{"count":2,"href":"https:\/\/denisbarrett.com\/it\/wp-json\/wp\/v2\/pages\/1342\/revisions"}],"predecessor-version":[{"id":1424,"href":"https:\/\/denisbarrett.com\/it\/wp-json\/wp\/v2\/pages\/1342\/revisions\/1424"}],"wp:attachment":[{"href":"https:\/\/denisbarrett.com\/it\/wp-json\/wp\/v2\/media?parent=1342"}],"curies":[{"name":"parola chiave","href":"https:\/\/api.w.org\/{rel}","templated":true}]}}