{"id":929,"date":"2019-04-13T19:06:18","date_gmt":"2019-04-13T18:06:18","guid":{"rendered":"https:\/\/denisbarrett.com\/?page_id=929"},"modified":"2020-12-19T20:16:25","modified_gmt":"2020-12-19T20:16:25","slug":"further-information","status":"publish","type":"page","link":"https:\/\/denisbarrett.com\/fr\/further-information\/","title":{"rendered":"Informations compl\u00e9mentaires:"},"content":{"rendered":"<p>Nous avons d\u00e9crit plus en d\u00e9tail les services d&#039;ench\u00e8res que nous fournissons et pourquoi vous devriez envisager d&#039;utiliser DABAuctions pour toutes vos exigences priv\u00e9es, commerciales ou d&#039;entreprise pour la maximisation des actifs.  <\/p>\n\n\n\n<p><a href=\"https:\/\/denisbarrett.com\/fr\/a-sustainable-method-of-clearance\/\">Une m\u00e9thode de d\u00e9douanement durable:<\/a><\/p>\n\n\n\n<p><a href=\"https:\/\/denisbarrett.com\/fr\/questions-answered\/\">Faits peu connus<\/a>:<\/p>\n\n\n\n<p><a href=\"https:\/\/denisbarrett.com\/fr\/what-we-do\/\">Ce que nous faisons<\/a>:<\/p>\n\n\n\n<p><a href=\"https:\/\/denisbarrett.com\/fr\/off-site-auction\/\">Ench\u00e8res hors site<\/a>:<\/p>\n\n\n\n<p><a href=\"https:\/\/denisbarrett.com\/fr\/benefits-of-using-dabauction\/\">Avantages de l&#039;utilisation des ench\u00e8res DAB<\/a>:<\/p>\n\n\n\n<p><a href=\"https:\/\/denisbarrett.com\/fr\/selling-process\/\">Processus de vente<\/a>:<\/p>\n\n\n\n<p><a href=\"https:\/\/denisbarrett.com\/fr\/selling-with-dabauction-is-a-simple-and-straightforward-process\/\">Vendre avec les ench\u00e8res DAB<\/a>:<\/p>\n\n\n\n<p><a href=\"https:\/\/denisbarrett.com\/fr\/whats-the-best-way-to-sell-stock-10-questions-to-help-you-decide\/\">Meilleur moyen de vendre des actions? 10 questions r\u00e9pondues<\/a>:<\/p>\n\n\n\n<div class=\"wp-block-image\"><figure class=\"aligncenter\"><img loading=\"lazy\" decoding=\"async\" width=\"1024\" height=\"134\" src=\"https:\/\/denisbarrett.com\/wp-content\/uploads\/2019\/09\/Logo-Jpeg-1024x134.jpg\" alt=\"\" class=\"wp-image-1229\"\/><\/figure><\/div>\n\n\n\n<p class=\"has-text-align-left\">Denis A. Barrett Auctioneers est d\u00e9di\u00e9 au service \u00e0 la client\u00e8le et \u00e0 la satisfaction du client. Gr\u00e2ce \u00e0 nos diff\u00e9rentes divisions, nous offrons une gamme compl\u00e8te de services pour servir notre large \u00e9ventail de clients. vous avez des questions ou des commentaires ou si vous souhaitez discuter plus en d\u00e9tail de l&#039;un de nos services ou de la mani\u00e8re dont nous pouvons vous b\u00e9n\u00e9ficier, n&#039;h\u00e9sitez pas \u00e0 nous contacter en utilisant les coordonn\u00e9es ci-dessous.<\/p>\n\n\n\n<h6 class=\"wp-block-heading\">Nous contacter:<\/h6>\n\n\n\n<p><strong>Contactez-nous d\u00e8s aujourd&#039;hui!<\/strong><\/p>\n\n\n\n<p>Pour programmer Denis pour votre prochaine vente aux ench\u00e8res ou \u00e9v\u00e9nement, envoyez-lui une ligne \u00e0 info@denisbarrett.com ou pourquoi pas appelez au +353 (0) 21427 8455<\/p>\n\n\n\n<p>Vous pouvez \u00e9galement rester en contact via&nbsp;<a href=\"https:\/\/ie.linkedin.com\/in\/denis-barrett-05675213\">LinkedIn<\/a>,&nbsp;<a href=\"https:\/\/www.facebook.com\/DenisBarrettAuctioneers\/?ref=bookmarks\">Facebook<\/a>&nbsp;et&nbsp;<a href=\"https:\/\/twitter.com\/DenisABarrett\">Twitter<\/a>.<\/p>","protected":false},"excerpt":{"rendered":"<p>We have outlined further on the Auction Services we provide and why you should consider using DABAuctions for all your Private, Commercial or Corporate Requirements for Asset Maximisation. A Sustainable Method of Clearance: Little Known Facts: What We Do: OffSite Auctions: Benefits of using DAB Auctions: Selling Process: Selling With DAB Auctions: Best Way To [&hellip;]<\/p>\n","protected":false},"author":1,"featured_media":0,"parent":0,"menu_order":0,"comment_status":"closed","ping_status":"closed","template":"","meta":{"_et_pb_use_builder":"","_et_pb_old_content":"","_et_gb_content_width":"1080","footnotes":""},"class_list":["post-929","page","type-page","status-publish","hentry"],"brizy_media":[],"_links":{"self":[{"href":"https:\/\/denisbarrett.com\/fr\/wp-json\/wp\/v2\/pages\/929","targetHints":{"allow":["GET"]}}],"collection":[{"href":"https:\/\/denisbarrett.com\/fr\/wp-json\/wp\/v2\/pages"}],"about":[{"href":"https:\/\/denisbarrett.com\/fr\/wp-json\/wp\/v2\/types\/page"}],"author":[{"embeddable":true,"href":"https:\/\/denisbarrett.com\/fr\/wp-json\/wp\/v2\/users\/1"}],"replies":[{"embeddable":true,"href":"https:\/\/denisbarrett.com\/fr\/wp-json\/wp\/v2\/comments?post=929"}],"version-history":[{"count":5,"href":"https:\/\/denisbarrett.com\/fr\/wp-json\/wp\/v2\/pages\/929\/revisions"}],"predecessor-version":[{"id":1713,"href":"https:\/\/denisbarrett.com\/fr\/wp-json\/wp\/v2\/pages\/929\/revisions\/1713"}],"wp:attachment":[{"href":"https:\/\/denisbarrett.com\/fr\/wp-json\/wp\/v2\/media?parent=929"}],"curies":[{"name":"wp","href":"https:\/\/api.w.org\/{rel}","templated":true}]}}