{"id":820,"date":"2019-04-12T11:00:39","date_gmt":"2019-04-12T10:00:39","guid":{"rendered":"https:\/\/denisbarrett.com\/?page_id=820"},"modified":"2019-07-22T14:27:28","modified_gmt":"2019-07-22T13:27:28","slug":"agri-experience","status":"publish","type":"page","link":"https:\/\/denisbarrett.com\/fr\/agri-experience\/","title":{"rendered":"Notre exp\u00e9rience:"},"content":{"rendered":"<ul class=\"wp-block-list\"><li>Denis Barrett est un commissaire-priseur et \u00e9valuateur professionnellement qualifi\u00e9 depuis une vingtaine d&#039;ann\u00e9es, bien connu pour son travail en tant que commissaire-priseur professionnel dans le monde entier. Il a dirig\u00e9 Elite Livestock Sales en Irlande et en Allemagne. Il est officiellement reconnu comme commissaire-priseur pour la \u00ab Irish Holstein Friesian Association \u00bb, la \u00ab Irish Limousin Society \u00bb, la \u00ab Irish Charolais Cattle Society \u00bb et la \u00ab Irish Simmental Society \u00bb. Denis a \u00e9galement dirig\u00e9 des ventes aux ench\u00e8res pour le compte de la \u00ab Irish Belgian Blue Cattle Society \u00bb.<\/li><li>Nous utilisons les \u00ab\u00a0ventes aux ench\u00e8res en direct sur le Web\u00a0\u00bb et les \u00ab\u00a0ventes aux ench\u00e8res en ligne uniquement\u00a0\u00bb pour maximiser l&#039;exposition du b\u00e9tail ou des installations et \u00e9quipements agricoles ou des installations et machines lourdes que nous commercialisons par le biais de\u00a0<a href=\"http:\/\/www.dabbid.com\/\">www.dabbid.com<\/a> qui est notre support d&#039;ench\u00e8res en ligne.<\/li><li>Denis est \u00e9valuateur agr\u00e9\u00e9 par le D\u00e9partement de l&#039;Agriculture depuis la mise en place en 2001 du &quot;On-Farm Market Valuation Scheme&quot;. Il est conseiller de FBD Insurance &quot;B\u00e9tail Claims Division&quot;. Il a remport\u00e9 de nombreuses comp\u00e9titions All-Ireland Showmanship et Stock Judging et a repr\u00e9sent\u00e9 l&#039;Irlande \u00e0 des comp\u00e9titions internationales pour les deux ci-dessus.<\/li><li>Denis est un professionnel des ench\u00e8res dynamique qui prosp\u00e8re gr\u00e2ce aux clients qui le fid\u00e9lisent. Son int\u00e9r\u00eat pour la m\u00e9thode de vente aux ench\u00e8res a commenc\u00e9 d\u00e8s son plus jeune \u00e2ge et a continu\u00e9 \u00e0 s&#039;\u00e9panouir tout au long de sa carri\u00e8re professionnelle.<\/li><li>Dipl\u00f4m\u00e9 du World Wide College of Auctioneering, Denis a fait de son amour de parler de tout et de tout un m\u00e9tier pleinement r\u00e9alis\u00e9. Passionn\u00e9 par chaque client avec lequel il travaille, il fournira un service et une connaissance in\u00e9gal\u00e9s des articles et des organisations.<\/li><li>Constamment qualifi\u00e9 de \u00abvibrant\u00bb et de \u00abma\u00eetre-commissaire-priseur\u00bb, Denis illumine la foule par son \u00e9nergie positive, sa pr\u00e9cision et sa capacit\u00e9 \u00e0 garder le public, grand ou petit, totalement engag\u00e9.<\/li><\/ul>\n\n\n\n<div class=\"wp-block-image\"><figure class=\"aligncenter\"><img loading=\"lazy\" decoding=\"async\" width=\"300\" height=\"169\" src=\"https:\/\/denisbarrett.com\/wp-content\/uploads\/2016\/11\/dabagri2-300x169.png\" alt=\"dabagri2\" class=\"wp-image-355\" srcset=\"https:\/\/denisbarrett.com\/wp-content\/uploads\/2016\/11\/dabagri2-300x169.png 300w, https:\/\/denisbarrett.com\/wp-content\/uploads\/2016\/11\/dabagri2.png 525w\" sizes=\"(max-width: 300px) 100vw, 300px\" \/><\/figure><\/div>\n\n\n\n<p>Il adaptera ses services pour r\u00e9pondre \u00e0 vos besoins en veillant \u00e0 ce que votre ench\u00e8re soit tout ce que vous vouliez qu&#039;elle soit. Int\u00e9ress\u00e9 \u00e0 ajouter Denis \u00e0 votre \u00e9quipe de vente aux ench\u00e8res ? Contactez-le d\u00e8s maintenant.<\/p>\n\n\n\n<div class=\"wp-block-image\"><figure class=\"aligncenter\"><img loading=\"lazy\" decoding=\"async\" width=\"300\" height=\"200\" src=\"https:\/\/denisbarrett.com\/wp-content\/uploads\/2016\/11\/IMG_2148-300x200.jpg\" alt=\"img_2148\" class=\"wp-image-356\" srcset=\"https:\/\/denisbarrett.com\/wp-content\/uploads\/2016\/11\/IMG_2148-300x200.jpg 300w, https:\/\/denisbarrett.com\/wp-content\/uploads\/2016\/11\/IMG_2148-768x512.jpg 768w, https:\/\/denisbarrett.com\/wp-content\/uploads\/2016\/11\/IMG_2148-1024x683.jpg 1024w, https:\/\/denisbarrett.com\/wp-content\/uploads\/2016\/11\/IMG_2148.jpg 1800w\" sizes=\"(max-width: 300px) 100vw, 300px\" \/><\/figure><\/div>\n\n\n\n<p><strong><em>CONTACTER:<\/em><\/strong><\/p>\n\n\n\n<p>Pour programmer Denis pour votre prochaine vente aux ench\u00e8res ou \u00e9v\u00e9nement, \u00e9crivez-lui \u00e0 info@denisbarrett.com ou pourquoi ne pas appeler le +353 (0)86 4109848.<\/p>\n\n\n\n<p>Vous pouvez \u00e9galement rester en contact via&nbsp;<a href=\"https:\/\/ie.linkedin.com\/in\/denis-barrett-05675213\">LinkedIn<\/a>,&nbsp;<a href=\"https:\/\/www.facebook.com\/DenisBarrettAuctioneers\/?ref=bookmarks\">Facebook<\/a>&nbsp;et&nbsp;<a href=\"https:\/\/twitter.com\/DenisABarrett\">Twitter<\/a>.<\/p>","protected":false},"excerpt":{"rendered":"<p>Denis Barrett is a professionally qualified Auctioneer and Valuer of some 20 years standing well-known for his work as a professional Auctioneer throughout the world. He has conducted Elite Livestock Sales in Ireland and Germany. He is officially recognized as an Auctioneer for the \u201cIrish Holstein Friesian Association\u201d, \u00a0\u201cIrish Limousin Society\u201d, \u00a0\u201cIrish Charolais Cattle Society\u201d [&hellip;]<\/p>\n","protected":false},"author":1,"featured_media":0,"parent":0,"menu_order":0,"comment_status":"closed","ping_status":"closed","template":"","meta":{"_et_pb_use_builder":"","_et_pb_old_content":"","_et_gb_content_width":"","footnotes":""},"class_list":["post-820","page","type-page","status-publish","hentry"],"brizy_media":[],"_links":{"self":[{"href":"https:\/\/denisbarrett.com\/fr\/wp-json\/wp\/v2\/pages\/820","targetHints":{"allow":["GET"]}}],"collection":[{"href":"https:\/\/denisbarrett.com\/fr\/wp-json\/wp\/v2\/pages"}],"about":[{"href":"https:\/\/denisbarrett.com\/fr\/wp-json\/wp\/v2\/types\/page"}],"author":[{"embeddable":true,"href":"https:\/\/denisbarrett.com\/fr\/wp-json\/wp\/v2\/users\/1"}],"replies":[{"embeddable":true,"href":"https:\/\/denisbarrett.com\/fr\/wp-json\/wp\/v2\/comments?post=820"}],"version-history":[{"count":4,"href":"https:\/\/denisbarrett.com\/fr\/wp-json\/wp\/v2\/pages\/820\/revisions"}],"predecessor-version":[{"id":1062,"href":"https:\/\/denisbarrett.com\/fr\/wp-json\/wp\/v2\/pages\/820\/revisions\/1062"}],"wp:attachment":[{"href":"https:\/\/denisbarrett.com\/fr\/wp-json\/wp\/v2\/media?parent=820"}],"curies":[{"name":"wp","href":"https:\/\/api.w.org\/{rel}","templated":true}]}}