{"id":577,"date":"2018-11-17T18:28:08","date_gmt":"2018-11-17T18:28:08","guid":{"rendered":"https:\/\/denisbarrett.com\/?page_id=577"},"modified":"2020-12-19T20:19:11","modified_gmt":"2020-12-19T20:19:11","slug":"selling-with-dabauction-is-a-simple-and-straightforward-process","status":"publish","type":"page","link":"https:\/\/denisbarrett.com\/fr\/selling-with-dabauction-is-a-simple-and-straightforward-process\/","title":{"rendered":"Vendre avec DABauction est un processus simple et direct"},"content":{"rendered":"<p>Un repr\u00e9sentant des ventes de Dabbid.com effectuera une inspection et une \u00e9valuation de votre stock.<\/p>\n<ul>\n<li>D\u00e8s la signature de votre contrat, Dabbid.com se chargera de tout, y compris le transport, la remise \u00e0 neuf et la r\u00e9paration du stock.<\/li>\n<li>Nous faisons la promotion de votre stock dans le monde entier sur des sites Web sp\u00e9cialis\u00e9s, des brochures d&#039;ench\u00e8res et sur notre site Web.<\/li>\n<li>Une vente aux ench\u00e8res moyenne attire des acheteurs de toute l&#039;Irlande et de l&#039;Europe continentale, garantissant que votre action atteint la vraie valeur marchande.<\/li>\n<\/ul>\n<p>Nous collectons le produit des ench\u00e8res et vous payons dans les 14 jours.<\/p>\n<p>Si vous avez une quantit\u00e9 consid\u00e9rable d&#039;actions \u00e0 vendre, Dabbid.com propose un service d&#039;ench\u00e8res hors site pour des raisons telles que la cessation de la n\u00e9gociation ou les ench\u00e8res de retraite.<\/p>\n<p>La vente de votre stock avec Dabbid.com vous permet d&#039;atteindre un public mondial.<\/p>\n<p>Vous ne trouvez pas ce que vous voulez? Contactez-nous directement via notre page Contactez-nous ou contactez-nous en toute confidentialit\u00e9 pour discuter de vos besoins en mati\u00e8re de restructuration strat\u00e9gique et de reprise d&#039;entreprise. Pour planifier une consultation avec nous, alors&nbsp;<a href=\"http:\/\/www.dabbid.com\/contact\/\">\u00e9crivez-nous<\/a>! \u00e0 info@denisbarrett.com ou pourquoi pas appeler le +353 (0) 86410 9848.<\/p>\n<p>Vous pouvez \u00e9galement rester en contact via&nbsp;<a href=\"https:\/\/ie.linkedin.com\/in\/denis-barrett-05675213\">LinkedIn<\/a>,&nbsp;<a href=\"http:\/\/dabbid%20auction%20specialists\/\">Facebook<\/a>&nbsp;et&nbsp;<a href=\"https:\/\/twitter.com\/dabbidauction\">Twitter<\/a>.<\/p>","protected":false},"excerpt":{"rendered":"<p>A Dabbid.com Sales Representative will conduct an inspection and appraisal of your stock. Upon signature of your contract, Dabbid.com will take care of everything including transportation, refurbishment and repair of stock. We advertise your stock around the world in specialised trade websites, auction brochures and on our website. An average auction attracts Buyers from over [&hellip;]<\/p>\n","protected":false},"author":1,"featured_media":0,"parent":0,"menu_order":0,"comment_status":"closed","ping_status":"closed","template":"","meta":{"_et_pb_use_builder":"","_et_pb_old_content":"","_et_gb_content_width":"1080","footnotes":""},"class_list":["post-577","page","type-page","status-publish","hentry"],"brizy_media":[],"_links":{"self":[{"href":"https:\/\/denisbarrett.com\/fr\/wp-json\/wp\/v2\/pages\/577","targetHints":{"allow":["GET"]}}],"collection":[{"href":"https:\/\/denisbarrett.com\/fr\/wp-json\/wp\/v2\/pages"}],"about":[{"href":"https:\/\/denisbarrett.com\/fr\/wp-json\/wp\/v2\/types\/page"}],"author":[{"embeddable":true,"href":"https:\/\/denisbarrett.com\/fr\/wp-json\/wp\/v2\/users\/1"}],"replies":[{"embeddable":true,"href":"https:\/\/denisbarrett.com\/fr\/wp-json\/wp\/v2\/comments?post=577"}],"version-history":[{"count":5,"href":"https:\/\/denisbarrett.com\/fr\/wp-json\/wp\/v2\/pages\/577\/revisions"}],"predecessor-version":[{"id":2966,"href":"https:\/\/denisbarrett.com\/fr\/wp-json\/wp\/v2\/pages\/577\/revisions\/2966"}],"wp:attachment":[{"href":"https:\/\/denisbarrett.com\/fr\/wp-json\/wp\/v2\/media?parent=577"}],"curies":[{"name":"wp","href":"https:\/\/api.w.org\/{rel}","templated":true}]}}