{"id":575,"date":"2018-11-17T18:26:42","date_gmt":"2018-11-17T18:26:42","guid":{"rendered":"https:\/\/denisbarrett.com\/?page_id=575"},"modified":"2020-12-19T20:19:47","modified_gmt":"2020-12-19T20:19:47","slug":"whats-the-best-way-to-sell-stock-10-questions-to-help-you-decide","status":"publish","type":"page","link":"https:\/\/denisbarrett.com\/fr\/whats-the-best-way-to-sell-stock-10-questions-to-help-you-decide\/","title":{"rendered":"Quelle est la meilleure fa\u00e7on de vendre des actions ? 10 questions pour vous aider \u00e0 d\u00e9cider."},"content":{"rendered":"<p>Si vous devez vendre des actions, il existe de nombreuses options d&#039;\u00e9limination :<\/p>\n<p>ench\u00e8res, services de r\u00e9f\u00e9rencement en ligne, vente priv\u00e9e, concessionnaires, courtiers et plus encore. Cela peut rendre la d\u00e9cision de vendre une t\u00e2che \u00e9crasante. Poser ces questions vous aidera \u00e0 d\u00e9cider quelle option vous facilitera la t\u00e2che et vous obtiendrez les meilleurs r\u00e9sultats possibles\u00a0:<\/p>\n<ol>\n<li><strong>Quelle est la raison n\u00b01 pour laquelle je devrais utiliser cette m\u00e9thode de vente\u00a0?&nbsp;&nbsp;<\/strong>Diff\u00e9rentes m\u00e9thodes de vente ont des avantages diff\u00e9rents : rapide, facile, faibles co\u00fbts initiaux, retours maximum. Posez cette question pour vous assurer de trouver une m\u00e9thode qui correspond \u00e0 vos objectifs commerciaux et une entreprise qui vous aidera \u00e0 \u00e9laborer un plan pour les atteindre.<\/li>\n<li><strong>Qu&#039;est-ce qui est inclus dans vos honoraires ou votre commission?&nbsp;<\/strong>Le co\u00fbt et le temps n\u00e9cessaires \u00e0 la vente peuvent s&#039;accumuler rapidement et r\u00e9duire vos retours nets \u2013 stockage, stock. inspections, photos, publicit\u00e9, encaissement des paiements et plus encore. D\u00e9couvrez exactement ce que vous obtenez pour votre argent et s&#039;il y a des co\u00fbts cach\u00e9s ou suppl\u00e9mentaires impliqu\u00e9s. Une solution de service complet peut vous faire \u00e9conomiser temps et argent. Si vous \u00eates pr\u00eat \u00e0 investir du temps et que vous souhaitez contr\u00f4ler le processus de vente, une plate-forme en libre-service uniquement en ligne peut \u00e9galement bien fonctionner, ou une combinaison des deux.<\/li>\n<li><strong>Pouvez-vous m&#039;aider avec des choses comme l&#039;exp\u00e9dition de stock, l&#039;assurance, la r\u00e9paration, etc.&nbsp;<\/strong>D\u00e9couvrez les autres services propos\u00e9s qui vous aideront \u00e0 faciliter le processus et \u00e0 obtenir de meilleurs retours sur votre stock.<\/li>\n<li><strong>Comment allez-vous m&#039;obtenir le meilleur prix possible pour mon stock ?<\/strong>Le marketing est la cl\u00e9 d&#039;une vente r\u00e9ussie. Si vous voulez le meilleur rendement pour vos actifs de valeur, assurez-vous que vos actions sont expos\u00e9es aux bonnes personnes dans les bons secteurs industriels gr\u00e2ce \u00e0 un plan de marketing et de publicit\u00e9 bien pens\u00e9 et cibl\u00e9. Ou si vous vendez en priv\u00e9, assurez-vous d&#039;utiliser une plate-forme de service qui cible et s&#039;adresse \u00e0 votre secteur, par opposition aux annonces g\u00e9n\u00e9rales de type petites annonces.<\/li>\n<li><strong>Les acheteurs potentiels pourront-ils inspecter et tester mon stock ?<\/strong>Les acheteurs qui peuvent toucher, toucher, inspecter et tester votre stock \u00e0 leur convenance auront plus confiance dans ce que vous vendez et sont plus susceptibles d&#039;acheter plus pr\u00e8s du prix que vous recherchez. Si vous d\u00e9cidez de vendre en priv\u00e9, essayez de vous rendre disponible et assurez-vous de publier des descriptions d\u00e9taill\u00e9es ainsi que de nombreuses photos en haute r\u00e9solution pour les acheteurs potentiels. Toutes nos ventes aux ench\u00e8res ont 3 jours de visites ouvertes, mais nous faisons \u00e9galement des rendez-vous apr\u00e8s les heures et le week-end pour faciliter les gens.<\/li>\n<li><strong>Combien d&#039;acheteurs attirez-vous g\u00e9n\u00e9ralement\u00a0?<\/strong>Un acheteur plus int\u00e9ress\u00e9 signifie de meilleurs retours sur votre stock. Nous sommes heureux de vous montrer nos chiffres et nos r\u00e9sultats de vente r\u00e9els et le nombre sp\u00e9cifique d&#039;acheteurs actifs et\/ou de visiteurs uniques de notre site Web, etc.<\/li>\n<li><strong>Est-il facile pour les gens d&#039;acheter mes actions ?&nbsp;<\/strong>Vous atteindrez plus d&#039;acheteurs en vendant votre stock \u00e0 un public mondial et en offrant un choix de m\u00e9thodes d&#039;achat faciles (y compris l&#039;achat dans un emplacement physique ou en ligne, ainsi que des options de paiement faciles, telles que les esp\u00e8ces, les cartes de d\u00e9bit\/cr\u00e9dit ou les ch\u00e8ques certifi\u00e9s ainsi que d&#039;autres services comme l&#039;exp\u00e9dition). Offrir aux gens diff\u00e9rentes options cr\u00e9e plus de demande et permet aux acheteurs de diff\u00e9rentes r\u00e9gions d&#039;acheter votre stock.<\/li>\n<li><strong>Pouvez-vous me dire quand mon stock. sera vendu, et quand serai-je pay\u00e9 ?<\/strong><br \/>\nLes stocks inutilis\u00e9s ne vous rapportent pas d&#039;argent, et cela peut aussi vous co\u00fbter de l&#039;argent en stockage, en assurance, voire en amortissement. D\u00e9couvrez si votre stock sera vendu \u00e0 une date ferme convenue et si vous obtiendrez le produit dans un d\u00e9lai raisonnable. Si le temps n&#039;est pas un probl\u00e8me pour vous, l&#039;utilisation de notre plateforme en ligne libre-service signifie que vous \u00eates prot\u00e9g\u00e9 si un acheteur fait d\u00e9faut de paiement lorsque vos actions se vendent.<\/li>\n<li><strong>Pouvez-vous me montrer quel genre de r\u00e9sultats vous avez eu dans le pass\u00e9?<\/strong>Le succ\u00e8s se mesure par des chiffres, alors demandez \u00e0 les voir. Mais la r\u00e9putation compte aussi, c&#039;est pourquoi les r\u00e9f\u00e9rences et les noms d&#039;anciens clients doivent \u00eatre mis \u00e0 votre disposition. Consultez \u00e9galement notre section \u00e9tudes de cas.<\/li>\n<li><strong>Quelle exp\u00e9rience avez-vous avec l&#039;industrie dans laquelle je travaille?&nbsp;<\/strong>vous voulez une entreprise bien inform\u00e9e, qui comprend votre entreprise, vend une grande partie de votre type d&#039;actions et entretient de bonnes relations avec l&#039;industrie fera toute la diff\u00e9rence lorsqu&#039;il s&#039;agira d&#039;obtenir les retours que vous souhaitez et dont vous avez besoin, alors n&#039;h\u00e9sitez pas \u00e0 les interviewer largement.<\/li>\n<\/ol>\n<p>Vous ne trouvez pas ce que vous voulez? Contactez directement notre&nbsp;<a title=\"Nous contacter\" href=\"http:\/\/www.dabbid.com\/contact\/\">Nous contacter <\/a>ou Contactez-nous en toute confidentialit\u00e9 pour discuter de vos besoins en mati\u00e8re de restructuration strat\u00e9gique et de redressement d&#039;entreprise. Pour planifier une consultation avec nous, alors&nbsp;<a href=\"http:\/\/www.dabbid.com\/contact\/\">\u00e9crivez-nous<\/a>! \u00e0 info@denisbarrettcom ou pourquoi pas au +353 (0) 86 410 9848.<\/p>\n<p>Vous pouvez \u00e9galement rester en contact via&nbsp;<a href=\"https:\/\/ie.linkedin.com\/in\/denis-barrett-05675213\">LinkedIn<\/a>,&nbsp;<a href=\"http:\/\/dabbid%20auction%20specialists\/\">Facebook<\/a>&nbsp;et&nbsp;<a href=\"https:\/\/twitter.com\/dabbidauction\">Twitter<\/a>.<\/p>","protected":false},"excerpt":{"rendered":"<p>If you need to sell stock, there are a lot of options out there for disposal: auctions, online listing services, private sale, dealers, brokers and more. It can make deciding how to sell an overwhelming task. Asking these questions will help you decide which option will make it easiest for you, and get you the [&hellip;]<\/p>\n","protected":false},"author":1,"featured_media":0,"parent":0,"menu_order":0,"comment_status":"closed","ping_status":"closed","template":"","meta":{"_et_pb_use_builder":"","_et_pb_old_content":"","_et_gb_content_width":"1080","footnotes":""},"class_list":["post-575","page","type-page","status-publish","hentry"],"brizy_media":[],"_links":{"self":[{"href":"https:\/\/denisbarrett.com\/fr\/wp-json\/wp\/v2\/pages\/575","targetHints":{"allow":["GET"]}}],"collection":[{"href":"https:\/\/denisbarrett.com\/fr\/wp-json\/wp\/v2\/pages"}],"about":[{"href":"https:\/\/denisbarrett.com\/fr\/wp-json\/wp\/v2\/types\/page"}],"author":[{"embeddable":true,"href":"https:\/\/denisbarrett.com\/fr\/wp-json\/wp\/v2\/users\/1"}],"replies":[{"embeddable":true,"href":"https:\/\/denisbarrett.com\/fr\/wp-json\/wp\/v2\/comments?post=575"}],"version-history":[{"count":3,"href":"https:\/\/denisbarrett.com\/fr\/wp-json\/wp\/v2\/pages\/575\/revisions"}],"predecessor-version":[{"id":1433,"href":"https:\/\/denisbarrett.com\/fr\/wp-json\/wp\/v2\/pages\/575\/revisions\/1433"}],"wp:attachment":[{"href":"https:\/\/denisbarrett.com\/fr\/wp-json\/wp\/v2\/media?parent=575"}],"curies":[{"name":"wp","href":"https:\/\/api.w.org\/{rel}","templated":true}]}}