{"id":573,"date":"2018-11-17T18:24:52","date_gmt":"2018-11-17T18:24:52","guid":{"rendered":"https:\/\/denisbarrett.com\/?page_id=573"},"modified":"2020-12-19T20:18:43","modified_gmt":"2020-12-19T20:18:43","slug":"selling-process","status":"publish","type":"page","link":"https:\/\/denisbarrett.com\/fr\/selling-process\/","title":{"rendered":"Processus de vente"},"content":{"rendered":"<p>Processus - Comment nous vendons et les \u00e9tapes\u00a0:<\/p>\n<p>Du chantier \u00e0 la vente aux ench\u00e8res en passant par le chantier ! Comment Dabbid.com vend des actions.<\/p>\n<p>Chaque pi\u00e8ce de stock que nous vendons a une histoire derri\u00e8re elle, et probablement beaucoup plus \u00e0 venir. Passer par nos ventes aux ench\u00e8res sans r\u00e9serve n&#039;est qu&#039;un court chapitre dans la vie d&#039;un stock. Si vous vous \u00eates d\u00e9j\u00e0 demand\u00e9 ce qui se passe dans ce chapitre, voici un aper\u00e7u du stock de chemins. passe de la consignation par un vendeur \u00e0 la mise en service par un nouveau propri\u00e9taire.<\/p>\n<p>Il est temps de vendre<\/p>\n<p>\u00c0 un moment donn\u00e9, vous prenez la d\u00e9cision de vendre des actions plut\u00f4t que de les laisser inactives sans vous rapporter de l&#039;argent. Peut-\u00eatre avez-vous termin\u00e9 un gros travail, commenc\u00e9 un autre type de projet, ou peut-\u00eatre envisagez-vous de prendre votre retraite et de fermer votre entreprise. Quelles que soient vos raisons, apr\u00e8s avoir \u00e9valu\u00e9 vos options de vente d&#039;actions, vous d\u00e9cidez qu&#039;une ench\u00e8re sans r\u00e9serve Dabbid.com \u00e0 service complet est la meilleure solution.<\/p>\n<p>Discutez de vos options de vente.<\/p>\n<p>Votre repr\u00e9sentant Dabbid.com vous rencontrera pour discuter de ce que vous vendez et quand vous souhaitez le vendre. Ce sont des personnes exp\u00e9riment\u00e9es qui ont une connaissance et une perspective uniques de votre entreprise et du march\u00e9 mondial. Ils \u00e9valueront la valeur de vos actifs, discuteront de vos diff\u00e9rentes options et feront des recommandations qui r\u00e9pondent \u00e0 vos besoins et \u00e0 votre situation sp\u00e9cifiques. Une fois que vous avez un accord en place, vous partez pour les courses.<\/p>\n<p>Commercialisation dans le monde.<\/p>\n<p>Nous sommes une soci\u00e9t\u00e9 de vente aux ench\u00e8res \u00e0 service complet, ce qui signifie que nous nous occupons de tout pour vous\u00a0: stockage de votre stock, commercialisation, traitement de toutes les demandes et inspections des acheteurs, vente de votre stock le jour de la vente aux ench\u00e8res et collecte des b\u00e9n\u00e9fices pour vous.<\/p>\n<p>Le marketing commence imm\u00e9diatement et passe rapidement \u00e0 la vitesse sup\u00e9rieure. Le stock vendu est affich\u00e9 sur notre site Web multilingue. Les publicit\u00e9s imprim\u00e9es, le publipostage, les e-mails et autres m\u00e9dias exposent votre stock \u00e0 des acheteurs potentiels du monde entier et concentrez-vous sur les endroits o\u00f9 votre stock est en demande.<\/p>\n<p>Pr\u00e9parez votre stock \u00e0 vendre.<\/p>\n<p>Plus vite vous mettez votre stock sur nos sites d&#039;ench\u00e8res s\u00e9curis\u00e9s, plus vite vous aurez beaucoup moins \u00e0 vous soucier. Le stock est enregistr\u00e9 au bureau de triage. Si vous avez d\u00e9cid\u00e9 de faire terminer des travaux de nettoyage, de r\u00e9paration ou de peinture avant le jour de la vente aux ench\u00e8res, pas de probl\u00e8me, nous nous en occuperons.<\/p>\n<p>Nous collectons ensuite des photos haute r\u00e9solution et des informations d\u00e9taill\u00e9es sur les stocks - tout d\u00e9tail pouvant aider les acheteurs potentiels - et t\u00e9l\u00e9chargeons ces informations sur notre site Web (g\u00e9n\u00e9ralement dans les 24 \u00e0 48 heures). Savoir que le stock est livr\u00e9 avec un titre clair est important pour la plupart des acheteurs, nous v\u00e9rifions donc \u00e9galement cela, lorsque nous le pouvons.<\/p>\n<p>Les inspections des stocks commencent.<\/p>\n<p>Le stock est ensuite d\u00e9plac\u00e9 vers la \u00ab\u00a0ligne pr\u00eate\u00a0\u00bb dans la salle des ventes principale, o\u00f9 vous verrez des stocks similaires soigneusement align\u00e9s et regroup\u00e9s par cat\u00e9gorie. Cela permet aux acheteurs potentiels de tester, d&#039;inspecter et de comparer facilement des articles similaires dans un seul endroit pratique.<\/p>\n<p>La plupart des gens choisissent de tester le stock avant d&#039;ench\u00e9rir, en particulier sur les articles de grande valeur. Permettre ce type d&#039;acc\u00e8s ouvert et transparent profite aux deux parties \u2013 cela donne aux acheteurs confiance dans ce sur quoi ils ench\u00e9rissent, et les vendeurs b\u00e9n\u00e9ficient d&#039;un int\u00e9r\u00eat et d&#039;une demande accrus pour leurs articles.<\/p>\n<p>Jour de vente aux ench\u00e8res.<\/p>\n<p>Nos ventes aux ench\u00e8res sont de grands \u00e9v\u00e9nements passionnants qui attirent des centaines de personnes de partout au pays. Nous avons le stock dont les gens ont besoin et nous vendons le tout aux ench\u00e8res publiques sans r\u00e9serve, sans ench\u00e8re minimum ni prix de r\u00e9serve. Cet engagement fait toute la diff\u00e9rence le jour de la vente aux ench\u00e8res, comme vous pouvez le voir dans cette vid\u00e9o :<\/p>\n<p>Clip vid\u00e9o de John Berry et peut-\u00eatre quelques interviews :<\/p>\n<p>Nos ventes aux ench\u00e8res sont \u00e9galement men\u00e9es en direct, avec des ench\u00e8res sur place et en ligne. Il s&#039;agit d&#039;une op\u00e9ration hautement organis\u00e9e, et notre \u00e9quipe d\u00e9di\u00e9e de personnel du service client, de commissaires-priseurs, de collecteurs d&#039;ench\u00e8res, de services Internet et de personnel d&#039;assistance a un objectif en t\u00eate\u00a0: aider les gens \u00e0 acheter et \u00e0 vendre l&#039;\u00e9quipement dont ils ont besoin aussi facilement et efficacement que possible.<\/p>\n<p>Le stock fixe est vendu dans le hall principal \u00e0 l&#039;aide d&#039;\u00e9crans pour afficher des photos suppl\u00e9mentaires et les ench\u00e8res en ligne en direct. L&#039;objectif est de s&#039;assurer que les acheteurs sont \u00e0 l&#039;aise et capables de voir exactement sur quoi ils ench\u00e9rissent, qu&#039;ils ench\u00e9rissent sur place ou en ligne.<\/p>\n<p>Vendu!<\/p>\n<p>Les ench\u00e9risseurs se font concurrence en proposant des offres de plus en plus \u00e9lev\u00e9es pour chaque article. Lorsque l&#039;ench\u00e8re la plus \u00e9lev\u00e9e a \u00e9t\u00e9 plac\u00e9e, le commissaire-priseur annonce \u00ab Vendu ! et votre stock a officiellement un nouveau propri\u00e9taire. Le num\u00e9ro d&#039;ench\u00e9risseur de l&#039;acheteur et le prix de vente sont enregistr\u00e9s et mis en correspondance avec le num\u00e9ro de lot afin que les comptes puissent \u00eatre r\u00e9gl\u00e9s apr\u00e8s l&#039;ench\u00e8re, et que ce soit sur l&#039;article suivant.<\/p>\n<p>Vers un nouveau chapitre.<\/p>\n<p>Apr\u00e8s la vente aux ench\u00e8res, les acheteurs paient leurs achats et s&#039;arrangent pour r\u00e9cup\u00e9rer ou faire exp\u00e9dier leur nouveau stock hors de nos locaux et l\u00e0 o\u00f9 ils en ont besoin, et les vendeurs re\u00e7oivent le produit de la vente dans les trois semaines suivant la vente aux ench\u00e8res.<\/p>\n<p>Si vous avez besoin de vendre des actions, contactez votre repr\u00e9sentant Dabbid.com local et d\u00e9couvrez comment nous pouvons vous aider.<\/p>\n<p>Vous ne trouvez pas ce que vous voulez? Contactez directement notre&nbsp;<a title=\"Nous contacter\" href=\"http:\/\/www.dabbid.com\/contact\/\">Nous contacter <\/a>ou Contactez-nous en toute confidentialit\u00e9 pour discuter de vos besoins en mati\u00e8re de restructuration strat\u00e9gique et de redressement d&#039;entreprise. Pour planifier une consultation avec nous, alors&nbsp;<a href=\"http:\/\/www.dabbid.com\/contact\/\">\u00e9crivez-nous<\/a>! \u00e0 info@denisbarrett.com ou pourquoi pas au +353 (0) 86 410 9848<\/p>\n<p>Vous pouvez \u00e9galement rester en contact via&nbsp;<a href=\"https:\/\/ie.linkedin.com\/in\/denis-barrett-05675213\">LinkedIn<\/a>,&nbsp;<a href=\"http:\/\/dabbid%20auction%20specialists\/\">Facebook<\/a>&nbsp;et&nbsp;<a href=\"https:\/\/twitter.com\/dabbidauction\">Twitter<\/a>.<\/p>","protected":false},"excerpt":{"rendered":"<p>Process \u2013 How we sell &amp; The Steps: From job site to auction to job site! How Dabbid.com sells stock. Every piece of stock that we sell has a story behind it, and probably plenty more ahead of it. Passing through our unreserved auctions is just one short chapter in the life of a piece [&hellip;]<\/p>\n","protected":false},"author":1,"featured_media":0,"parent":0,"menu_order":0,"comment_status":"closed","ping_status":"closed","template":"","meta":{"_et_pb_use_builder":"","_et_pb_old_content":"","_et_gb_content_width":"1080","footnotes":""},"class_list":["post-573","page","type-page","status-publish","hentry"],"brizy_media":[],"_links":{"self":[{"href":"https:\/\/denisbarrett.com\/fr\/wp-json\/wp\/v2\/pages\/573","targetHints":{"allow":["GET"]}}],"collection":[{"href":"https:\/\/denisbarrett.com\/fr\/wp-json\/wp\/v2\/pages"}],"about":[{"href":"https:\/\/denisbarrett.com\/fr\/wp-json\/wp\/v2\/types\/page"}],"author":[{"embeddable":true,"href":"https:\/\/denisbarrett.com\/fr\/wp-json\/wp\/v2\/users\/1"}],"replies":[{"embeddable":true,"href":"https:\/\/denisbarrett.com\/fr\/wp-json\/wp\/v2\/comments?post=573"}],"version-history":[{"count":3,"href":"https:\/\/denisbarrett.com\/fr\/wp-json\/wp\/v2\/pages\/573\/revisions"}],"predecessor-version":[{"id":1431,"href":"https:\/\/denisbarrett.com\/fr\/wp-json\/wp\/v2\/pages\/573\/revisions\/1431"}],"wp:attachment":[{"href":"https:\/\/denisbarrett.com\/fr\/wp-json\/wp\/v2\/media?parent=573"}],"curies":[{"name":"wp","href":"https:\/\/api.w.org\/{rel}","templated":true}]}}