{"id":569,"date":"2018-11-17T18:22:01","date_gmt":"2018-11-17T18:22:01","guid":{"rendered":"https:\/\/denisbarrett.com\/?page_id=569"},"modified":"2020-12-19T20:17:50","modified_gmt":"2020-12-19T20:17:50","slug":"off-site-auction","status":"publish","type":"page","link":"https:\/\/denisbarrett.com\/fr\/off-site-auction\/","title":{"rendered":"Vente aux ench\u00e8res hors site"},"content":{"rendered":"<p>Laissez-nous vous proposer la vente aux ench\u00e8res\u2026<\/p>\n<p>C&#039;est une de nos sp\u00e9cialit\u00e9s.<\/p>\n<p>Si vous n&#039;\u00eates pas heureux de tenir la vente aux ench\u00e8res dans vos locaux, si vous ne voulez pas mettre dans notre site de vente aux ench\u00e8res permanent, pas de probl\u00e8me, nous pouvons louer une propri\u00e9t\u00e9 adapt\u00e9e au type hors stock. Rien n&#039;est un probl\u00e8me et nous sommes experts dans la recherche de solutions viables pour vous.<\/p>\n<p>Nous g\u00e9rons tout cela du d\u00e9but \u00e0 la fin. Que vous ayez une vente aux ench\u00e8res de retraite, d&#039;insolvabilit\u00e9 ou de cessation de n\u00e9gociation, nous pouvons adapter une solution adapt\u00e9e \u00e0 vos besoins.<\/p>\n<p>Avantages du service d&#039;ench\u00e8res hors site Dabbid.com:<\/p>\n<ul>\n<li>Publicit\u00e9 mondiale de votre stock. dans une gamme de supports, y compris des publications sp\u00e9cialis\u00e9es, des magazines, des journaux, des portails Web, des sites Web commerciaux ainsi que des brochures d&#039;ench\u00e8res envoy\u00e9es \u00e0 notre vaste liste de diffusion de clients \u00e0 travers le monde.<\/li>\n<li>Un service d&#039;ench\u00e8res professionnel comprenant des commissaires-priseurs, des attrapeurs d&#039;ench\u00e8res, le personnel administratif de Dabbid.com, un catalogue d&#039;ench\u00e8res et des ench\u00e8res Internet gratuites.<\/li>\n<li>Tout votre stock vendu dans un court laps de temps.<\/li>\n<li>\u00c9conomie sur les frais de transport car vos machines n&#039;ont pas \u00e0 \u00eatre transport\u00e9es jusqu&#039;au chantier de Dabbid.com.<\/li>\n<\/ul>\n<p>Si vous souhaitez vendre votre stock en utilisant le service hors site de Dabbid.com<br \/>\nappelez le +353 (0) 86410 9848.<\/p>\n<p>Vous pouvez \u00e9galement rester en contact via&nbsp;<a href=\"https:\/\/ie.linkedin.com\/in\/denis-barrett-05675213\">LinkedIn<\/a>,&nbsp;<a href=\"http:\/\/dabbid%20auction%20specialists\/\">Facebook<\/a>&nbsp;et&nbsp;<a href=\"https:\/\/twitter.com\/dabbidauction\">Twitter<\/a>.<\/p>\n<p><strong>&nbsp;<\/strong><strong>Aucun \u00e9v\u00e9nement grand ou petit<\/strong><\/p>","protected":false},"excerpt":{"rendered":"<p>Let us bring the auction to you\u2026 This is one of our specialities. If you\u2019re not happy to hold the auction on your premises, any don\u2019t want to put into our permanent auction site, no problem, we can lease a property suitable for type off stock. Nothing is a problem and we are experts at [&hellip;]<\/p>\n","protected":false},"author":1,"featured_media":0,"parent":0,"menu_order":0,"comment_status":"closed","ping_status":"closed","template":"","meta":{"_et_pb_use_builder":"","_et_pb_old_content":"","_et_gb_content_width":"1080","footnotes":""},"class_list":["post-569","page","type-page","status-publish","hentry"],"brizy_media":[],"_links":{"self":[{"href":"https:\/\/denisbarrett.com\/fr\/wp-json\/wp\/v2\/pages\/569","targetHints":{"allow":["GET"]}}],"collection":[{"href":"https:\/\/denisbarrett.com\/fr\/wp-json\/wp\/v2\/pages"}],"about":[{"href":"https:\/\/denisbarrett.com\/fr\/wp-json\/wp\/v2\/types\/page"}],"author":[{"embeddable":true,"href":"https:\/\/denisbarrett.com\/fr\/wp-json\/wp\/v2\/users\/1"}],"replies":[{"embeddable":true,"href":"https:\/\/denisbarrett.com\/fr\/wp-json\/wp\/v2\/comments?post=569"}],"version-history":[{"count":4,"href":"https:\/\/denisbarrett.com\/fr\/wp-json\/wp\/v2\/pages\/569\/revisions"}],"predecessor-version":[{"id":2965,"href":"https:\/\/denisbarrett.com\/fr\/wp-json\/wp\/v2\/pages\/569\/revisions\/2965"}],"wp:attachment":[{"href":"https:\/\/denisbarrett.com\/fr\/wp-json\/wp\/v2\/media?parent=569"}],"curies":[{"name":"wp","href":"https:\/\/api.w.org\/{rel}","templated":true}]}}