{"id":565,"date":"2018-11-17T18:20:26","date_gmt":"2018-11-17T18:20:26","guid":{"rendered":"https:\/\/denisbarrett.com\/?page_id=565"},"modified":"2020-12-19T20:16:59","modified_gmt":"2020-12-19T20:16:59","slug":"questions-answered","status":"publish","type":"page","link":"https:\/\/denisbarrett.com\/fr\/questions-answered\/","title":{"rendered":"Questions r\u00e9pondues"},"content":{"rendered":"<p>Que votre entreprise soit grande ou petite, ou que vous ayez un bulldozer d&#039;une flotte de camions, vous pouvez vendre avec Dabbid.com. commissaire-priseur de machines, de biens et de b\u00e9tail - aidant des milliers de vendeurs \u00e0 travers le monde chaque ann\u00e9e.<\/p>\n<p>6 faits sur nos ventes aux ench\u00e8res<\/p>\n<p>1. Nous vendons des actions pour chaque industrie.<\/p>\n<p>Nous vendons plus de mat\u00e9riel d&#039;occasion que toute autre entreprise, et il s&#039;agit en grande partie de machines et de mat\u00e9riel agricoles traditionnels. Mais nous vendons \u00e9galement des milliers d&#039;articles utilis\u00e9s dans d&#039;autres secteurs, ainsi que des terres agricoles, des terrains \u00e0 b\u00e2tir, des for\u00eats, des maisons et du b\u00e9tail.<\/p>\n<p>Si vous pouvez le voir, nous pouvons le vendre pour vous.<\/p>\n<p>2. Nous menons des ench\u00e8res publiques en direct et en ligne uniquement r\u00e9serv\u00e9es et non r\u00e9serv\u00e9es.<\/p>\n<p>Nous organisons des ventes aux ench\u00e8res publiques r\u00e9serv\u00e9es et non r\u00e9serv\u00e9es en direct avec des ench\u00e8res sur place et en ligne. Chaque vente aux ench\u00e8res Denis A. Barrett &amp; Dabbid.com est strictement trait\u00e9e s\u00e9par\u00e9ment.<\/p>\n<p>La plupart des ench\u00e8res g\u00e9r\u00e9es par Denis A. Barrett Auctions sont des ench\u00e8res \u00ab\u00a0sur le march\u00e9\u00a0\u00bb, ce qui signifie que l&#039;article n&#039;est vendu qu&#039;au plus offrant, mais le vendeur a le dernier mot \u00e0 dire oui\/non sur le \u00ab\u00a0prix atteint\u00a0\u00bb \u00e0 l&#039;automne du Marteau.&nbsp;<\/p>\n<p>Mais la plupart des ench\u00e8res g\u00e9r\u00e9es via Dabbid.com Auctions ne sont pas r\u00e9serv\u00e9es. Cela signifie qu&#039;il n&#039;y a pas d&#039;ench\u00e8res minimum ni de prix de r\u00e9serve, et chaque article est vendu au plus offrant le jour de l&#039;ench\u00e8re.<\/p>\n<p><strong>Les ench\u00e8res sans r\u00e9servation sont meilleures pour les acheteurs et les vendeurs\u00a0:<\/strong><\/p>\n<ul>\n<li>Attire plus d&#039;ench\u00e9risseurs<\/li>\n<li>Cr\u00e9e une juste valeur marchande mondiale<\/li>\n<li>Donne confiance aux acheteurs int\u00e9ress\u00e9s<\/li>\n<li>Cr\u00e9e plus de concurrence pour le stock.<\/li>\n<li>R\u00e9sultats dans de meilleurs rendements<\/li>\n<li>Offre une certitude de vente<\/li>\n<\/ul>\n<p>3. Nous avons utilis\u00e9 la technologie avant tout le monde.<\/p>\n<p>Denis A. Barrett Auctions et Dabbid.com utilisent la technologie des ench\u00e8res en ligne depuis 2004 et utilisent les ench\u00e8res en ligne pour toutes nos ventes de b\u00e9tail de race pure depuis 2013. - traditionnel, en ligne ou le meilleur des deux.<\/p>\n<p>4. Nous aidons les entreprises de toutes tailles.<\/p>\n<p>Denis A. Barrett Auctions et Dabbid.com peuvent vous aider \u00e0 vendre une ou 100 pi\u00e8ces. Nous aidons les entreprises de toutes tailles et nous traitons chaque client sur un pied d&#039;\u00e9galit\u00e9, des propri\u00e9taires-exploitants individuels aux grandes multinationales.<\/p>\n<p>5. Les ench\u00e8res sont le premier choix de nombreux vendeurs.<\/p>\n<p>La plupart des clients de Denis A. Barrett Auctions et Dabbid.com repr\u00e9sentent des entreprises en cours et florissantes - ils vendent lors de nos ventes aux ench\u00e8res lorsqu&#039;ils ont besoin de renouveler leurs stocks ou leurs flottes ou lorsqu&#039;ils changent de centre d&#039;activit\u00e9.<\/p>\n<p>6. Nous avons op\u00e9r\u00e9 dans le monde entier.<\/p>\n<p>Denis A. Barrett Auctions et Dabbid.com Auctions, \u00e0 travers leur fondateur Denis Barrett, a men\u00e9 des ventes aux ench\u00e8res dans le monde entier, y compris en Irlande et au Royaume-Uni, en Europe continentale, au Moyen-Orient, en Chine, aux Philippines et au Kowe\u00eft. Nous organisons \u00e9galement des ventes aux ench\u00e8res dans les fermes, sur place, ou nous louons une propri\u00e9t\u00e9 pour votre vente aux ench\u00e8res.<\/p>\n<p>Vous ne trouvez pas ce que vous voulez? Contactez directement notre&nbsp;<a href=\"https:\/\/denisbarrett.com\/fr\/contact-us\/\">Nous contacter<\/a>&nbsp;ou Contactez-nous en toute confidentialit\u00e9 pour discuter de vos besoins en mati\u00e8re de restructuration strat\u00e9gique et de redressement d&#039;entreprise.<\/p>\n<p>Pour planifier une consultation avec nous, alors&nbsp;<a href=\"https:\/\/denisbarrett.com\/fr\/contact-us\/\">\u00e9crivez-nous<\/a>! ou pourquoi ne pas appeler le +353 (0) 86 410 9848<\/p>\n<p>Vous pouvez \u00e9galement rester en contact via&nbsp;<a href=\"https:\/\/ie.linkedin.com\/in\/denis-barrett-05675213\">LinkedIn<\/a>,&nbsp;<a href=\"https:\/\/www.facebook.com\/DabbidOnlineAuctions\/\">Facebook<\/a>&nbsp;et&nbsp;<a href=\"https:\/\/twitter.com\/dabbidauction\">Twitter<\/a>.<\/p>\n<p style=\"text-align: center;\"><a href=\"https:\/\/denisbarrett.com\/fr\/further-information\/\">Retour \u00e0 la page d&#039;informations compl\u00e9mentaires\u00a0:<\/a><\/p>\n\n\n<p><\/p>","protected":false},"excerpt":{"rendered":"<p>Whether your company is big or small, or you have one dozer of a fleet of trucks \u2013 you can sell with Dabbid.com We\u2019ve been conducting live unreserved public auctions since 1998 and are recognised&nbsp;around the world as a leading industrial heavy plant &amp; machinery, property and livestock auctioneer \u2013 helping thousands of sellers around [&hellip;]<\/p>\n","protected":false},"author":1,"featured_media":0,"parent":0,"menu_order":0,"comment_status":"closed","ping_status":"closed","template":"","meta":{"_et_pb_use_builder":"","_et_pb_old_content":"","_et_gb_content_width":"1080","footnotes":""},"class_list":["post-565","page","type-page","status-publish","hentry"],"brizy_media":[],"_links":{"self":[{"href":"https:\/\/denisbarrett.com\/fr\/wp-json\/wp\/v2\/pages\/565","targetHints":{"allow":["GET"]}}],"collection":[{"href":"https:\/\/denisbarrett.com\/fr\/wp-json\/wp\/v2\/pages"}],"about":[{"href":"https:\/\/denisbarrett.com\/fr\/wp-json\/wp\/v2\/types\/page"}],"author":[{"embeddable":true,"href":"https:\/\/denisbarrett.com\/fr\/wp-json\/wp\/v2\/users\/1"}],"replies":[{"embeddable":true,"href":"https:\/\/denisbarrett.com\/fr\/wp-json\/wp\/v2\/comments?post=565"}],"version-history":[{"count":5,"href":"https:\/\/denisbarrett.com\/fr\/wp-json\/wp\/v2\/pages\/565\/revisions"}],"predecessor-version":[{"id":1714,"href":"https:\/\/denisbarrett.com\/fr\/wp-json\/wp\/v2\/pages\/565\/revisions\/1714"}],"wp:attachment":[{"href":"https:\/\/denisbarrett.com\/fr\/wp-json\/wp\/v2\/media?parent=565"}],"curies":[{"name":"wp","href":"https:\/\/api.w.org\/{rel}","templated":true}]}}