{"id":558,"date":"2018-11-17T18:10:11","date_gmt":"2018-11-17T18:10:11","guid":{"rendered":"https:\/\/denisbarrett.com\/?page_id=558"},"modified":"2020-12-19T20:18:15","modified_gmt":"2020-12-19T20:18:15","slug":"benefits-of-using-dabauction","status":"publish","type":"page","link":"https:\/\/denisbarrett.com\/fr\/benefits-of-using-dabauction\/","title":{"rendered":"Avantages de l&#039;utilisation de DABauction\u00a0:"},"content":{"rendered":"<p>Avantages de la vente avec DABauction\u00a0:<\/p>\n<p>Acheteurs du monde entier\u00a0: les ench\u00e8res attirent des acheteurs du monde entier.<\/p>\n<p>Ench\u00e8res Internet en direct\u00a0:&nbsp;<a href=\"http:\/\/live.dabbid.com\/\" target=\"_blank\" rel=\"noopener noreferrer\">live.dabbid.com<\/a>&nbsp;donne acc\u00e8s \u00e0 une base de donn\u00e9es mondiale de milliers de clients en ligne. Ce service gratuit d&#039;ench\u00e8res sur Internet permet aux acheteurs d&#039;ench\u00e9rir, en temps r\u00e9el, pendant toute vente Dabbid.com. En moyenne, les acheteurs en ligne repr\u00e9sentent plus de 15% de ventes \u00e0 chaque ench\u00e8re. Avec autant de clients en ligne int\u00e9ress\u00e9s, les vendeurs peuvent \u00eatre s\u00fbrs que leur stock atteindra la v\u00e9ritable valeur marchande mondiale.<\/p>\n<p>Publicit\u00e9 \u00e9tendue\u00a0: chaque vente aux ench\u00e8res est commercialis\u00e9e de mani\u00e8re experte et tous les lots sont annonc\u00e9s au public concern\u00e9 dans des revues sp\u00e9cialis\u00e9es et des magazines ainsi que sur divers 3<sup>rd<\/sup>&nbsp;sites Web des partis.<\/p>\n<p>Dabbid.com ne se concentre pas sur les acheteurs locaux\/nationaux. Notre connaissance approfondie de l&#039;industrie garantit que les articles des vendeurs sont annonc\u00e9s sur les march\u00e9s mondiaux o\u00f9 la demande est la plus \u00e9lev\u00e9e. Les alertes par e-mail envoy\u00e9es \u00e0 des milliers d&#039;acheteurs et tous les inventaires apparaissent sur le site Web Dabbid.com. Cela cr\u00e9e une demande optimale pour tous les lots en vente.<\/p>\n<p>Repr\u00e9sentants commerciaux experts : Les repr\u00e9sentants commerciaux sont disponibles pour offrir des conseils sur les envois car ils connaissent de premi\u00e8re main la demande pour les diff\u00e9rents types de stocks et peuvent facilement anticiper les march\u00e9s actuels.<\/p>\n<p>Excellentes installations\u00a0: installations confortables, propres et chauff\u00e9es.<\/p>\n<p>Exportation de ventes \u00e9lev\u00e9es\u00a0: les acheteurs internationaux de Dabbid.com garantissent que plus de 151\u00a0TP1T de lots sont export\u00e9s de chaque site apr\u00e8s chaque vente aux ench\u00e8res, \u00e9liminant ainsi les inconv\u00e9nients de la vente sur les march\u00e9s locaux uniquement.<\/p>\n<p>Acheteurs, pas navigateurs\u00a0: la politique sans r\u00e9serve de Dabbid.com attire de v\u00e9ritables acheteurs par opposition aux ench\u00e8res r\u00e9serv\u00e9es qui dissuadent les acheteurs d&#039;op\u00e9rer dans les limites d&#039;un budget.<\/p>\n<p>Tarifs comp\u00e9titifs\u00a0: Dabbid.com s&#039;efforce d&#039;avoir les frais de vente les plus comp\u00e9titifs pour permettre aux vendeurs de consigner tout type de stock ou de stock \u00e0 un prix abordable. aux ench\u00e8res maintes et maintes fois.<\/p>\n<p>Service logistique : Le service logistique de Dabbid.com peut organiser une collecte et un transport rapides et abordables directement vers le site de vente aux ench\u00e8res.<\/p>\n<p>Service de nettoyage\/r\u00e9paration : Dabbid.com propose un service de r\u00e9paration et de remise \u00e0 neuf sur chaque site d&#039;ench\u00e8res. De nombreux vendeurs profitent de ce service car des machines de bonne qualit\u00e9 peuvent atteindre des prix de marteau plus \u00e9lev\u00e9s.<\/p>\n<p>Paiement rapide : Dabbid.com peut transformer l&#039;usine et le stock. en esp\u00e8ces rapidement, avec un minimum d&#039;effort de la part des vendeurs.<\/p>\n<p>Vous ne trouvez pas ce que vous voulez? Contactez directement notre&nbsp;<a title=\"Nous contacter\" href=\"http:\/\/www.dabbid.com\/contact\/\">Nous contacter<\/a>ou Contactez-nous en toute confidentialit\u00e9 pour discuter de vos besoins en mati\u00e8re de restructuration strat\u00e9gique et de redressement d&#039;entreprise. Pour planifier une consultation avec nous, alors&nbsp;<a href=\"http:\/\/www.dabbid.com\/contact\/\">\u00e9crivez-nous<\/a>! ou pourquoi ne pas appeler le +353 (0) 86 410 9848<\/p>\n<p>Connectez-vous avec nous via&nbsp;<a href=\"https:\/\/ie.linkedin.com\/in\/denis-barrett-05675213\">LinkedIn<\/a>,&nbsp;<a href=\"https:\/\/www.facebook.com\/DabbidOnlineAuctions\/\">Facebook<\/a>&nbsp;et&nbsp;<a href=\"https:\/\/twitter.com\/dabbidauction\">Twitter<\/a>.<\/p>","protected":false},"excerpt":{"rendered":"<p>Benefits of Selling with DABauction: Worldwide Buyers: Auctions attracts Buyers from around the globe. Live Internet Bidding:&nbsp;live.dabbid.com&nbsp;provides access to a global database of thousands of online customers. This Free Internet Bidding Service allows buyers to bid, in real-time, during any Dabbid.com sale. On average, online buyers account for over 15% of sales at each Auction. [&hellip;]<\/p>\n","protected":false},"author":1,"featured_media":0,"parent":0,"menu_order":0,"comment_status":"closed","ping_status":"closed","template":"","meta":{"_et_pb_use_builder":"","_et_pb_old_content":"","_et_gb_content_width":"1080","footnotes":""},"class_list":["post-558","page","type-page","status-publish","hentry"],"brizy_media":[],"_links":{"self":[{"href":"https:\/\/denisbarrett.com\/fr\/wp-json\/wp\/v2\/pages\/558","targetHints":{"allow":["GET"]}}],"collection":[{"href":"https:\/\/denisbarrett.com\/fr\/wp-json\/wp\/v2\/pages"}],"about":[{"href":"https:\/\/denisbarrett.com\/fr\/wp-json\/wp\/v2\/types\/page"}],"author":[{"embeddable":true,"href":"https:\/\/denisbarrett.com\/fr\/wp-json\/wp\/v2\/users\/1"}],"replies":[{"embeddable":true,"href":"https:\/\/denisbarrett.com\/fr\/wp-json\/wp\/v2\/comments?post=558"}],"version-history":[{"count":2,"href":"https:\/\/denisbarrett.com\/fr\/wp-json\/wp\/v2\/pages\/558\/revisions"}],"predecessor-version":[{"id":1430,"href":"https:\/\/denisbarrett.com\/fr\/wp-json\/wp\/v2\/pages\/558\/revisions\/1430"}],"wp:attachment":[{"href":"https:\/\/denisbarrett.com\/fr\/wp-json\/wp\/v2\/media?parent=558"}],"curies":[{"name":"wp","href":"https:\/\/api.w.org\/{rel}","templated":true}]}}