{"id":552,"date":"2018-11-17T18:02:59","date_gmt":"2018-11-17T18:02:59","guid":{"rendered":"https:\/\/denisbarrett.com\/?page_id=552"},"modified":"2020-12-19T20:17:25","modified_gmt":"2020-12-19T20:17:25","slug":"what-we-do","status":"publish","type":"page","link":"https:\/\/denisbarrett.com\/fr\/what-we-do\/","title":{"rendered":"Ce que nous faisons"},"content":{"rendered":"<p>Notre processus d&#039;ench\u00e8res:<\/p>\n<p>Denis A. Barrett Auctions &amp; Dabbid.com vend plus de mat\u00e9riel d&#039;occasion que toute autre entreprise, y compris du mat\u00e9riel de construction, du mat\u00e9riel agricole, des machines et bien plus encore. Nous menons chaque ann\u00e9e des centaines d&#039;ench\u00e8res publiques sans r\u00e9serve, vendant des milliards de dollars d&#039;actions lourdes pour des particuliers et des entreprises de toutes tailles ; nous exploitons \u00e9galement un march\u00e9 en ligne s\u00e9curis\u00e9 appel\u00e9 Dabbid.com, pour les personnes qui pr\u00e9f\u00e8rent acheter et vendre en priv\u00e9.<\/p>\n<p><img loading=\"lazy\" decoding=\"async\" class=\"size-full wp-image-1703 aligncenter\" src=\"https:\/\/denisbarrett.com\/wp-content\/uploads\/2020\/04\/Dabbid.jpg\" alt=\"\" width=\"230\" height=\"174\"><\/p>\n<p><span style=\"font-size: inherit;\">En savoir plus sur la vente de votre <a href=\"https:\/\/denisbarrett.com\/fr\/selling-process\/\">Stock<\/a> via Denis A. Barrett Auctions et Dabbid.com, ou contactez-nous pour discuter de vos options.<\/span><\/p>\n<div class=\"entry-content\">\n<p><em><span style=\"color: #ff0000;\">Juste une note: <\/span><\/em><\/p>\n<p><em><span style=\"color: #ff0000;\"><span style=\"color: #000000;\">Bien que la soci\u00e9t\u00e9 soit \u00e9tablie depuis 2003, Denis Barrett, le fondateur de l&#039;entreprise, travaille dans le domaine des ench\u00e8res depuis plus de 22 ans et il a men\u00e9 plus de 1 100 ench\u00e8res dans le monde entier et il comprend votre entreprise. Nous avons de l&#039;exp\u00e9rience dans la vente de tous types d&#039;actifs\/actions et nous avons des relations exceptionnelles avec l&#039;industrie dans le monde entier qui feront toute la diff\u00e9rence lorsqu&#039;il s&#039;agira d&#039;obtenir les rendements que vous souhaitez et dont vous avez besoin -<\/span> Alors s&#039;il vous pla\u00eet nous interviewer longuement.<\/span><\/em><\/p>\n<p><strong>Nous nous occupons de tout.<\/strong><\/p>\n<p>Lorsque vous avez besoin de refaire le c\u00e2blage de votre maison ou de r\u00e9gler vos imp\u00f4ts, vous appelez un professionnel, car cela vous fait gagner du temps et de l&#039;argent \u00e0 long terme et vous donne le meilleur r\u00e9sultat.<\/p>\n<p>Il en va de m\u00eame pour la vente d&#039;actions. Nous le faisons depuis plus de 22 ans. Nous sommes connus comme les experts \u2013 et nous proposons des solutions de service complet qui aident les gens comme vous.<\/p>\n<p style=\"text-align: center;\">Moins de tracas, de meilleurs rendements.<\/p>\n<p>Lorsque vous vendez vos actions avec <span style=\"font-size: inherit;\">Denis A. Barrett Auctions et Dabbid<\/span>.com, vous avez toute une \u00e9quipe d&#039;experts qui travaillent pour vous - ventes, marketing, services Internet, service client, comptabilit\u00e9 et plus encore.<\/p>\n<p>Notre service tout compris vous fait gagner du temps et de l&#039;argent, vous pouvez donc vous concentrer sur la gestion de votre entreprise pendant que nous travaillons pour vous obtenir un rendement maximal.<\/p>\n<p>Le service sans tracas, permettant d&#039;\u00e9conomiser du temps et de l&#039;argent comprend\u00a0:<\/p>\n<ul>\n<li>Stockage s\u00e9curis\u00e9 gratuit<\/li>\n<li>Photos haute r\u00e9solution et listes en ligne d\u00e9taill\u00e9es<\/li>\n<li>Marketing multicanal et multilingue complet<\/li>\n<li>Soins, garde et contr\u00f4le<\/li>\n<li>Enqu\u00eates et inspections des acheteurs<\/li>\n<li>Organisation et conduite de la vente aux ench\u00e8res<\/li>\n<li>R\u00e8glements apr\u00e8s-vente<\/li>\n<\/ul>\n<p>Chaque client, qu&#039;il vende un ou une centaine d&#039;articles, b\u00e9n\u00e9ficie du m\u00eame service courtois et professionnel de la part de personnes qui comprennent votre industrie et votre entreprise.<\/p>\n<p><strong>Comment nous commercialisons vos actions.<\/strong><\/p>\n<p>Il y a une grande diff\u00e9rence entre une simple annonce en ligne et un marketing actif. Lorsque vous vendez avec <span style=\"font-size: inherit;\">Denis A. Barrett Auctions et Dabbid<\/span>.com, vous atteignez tous les acheteurs potentiels - locaux et internationaux, avertis en ligne et plus traditionnels - afin d&#039;obtenir les meilleurs r\u00e9sultats.<\/p>\n<p>Nous avons une \u00e9norme base de donn\u00e9es d&#039;acheteurs qualifi\u00e9s, et nous les ciblons avec un marketing multicanal et multilingue, notamment\u00a0:<\/p>\n<ul>\n<li>Listes d\u00e9taill\u00e9es sur dabbid.com - notre site Web multilingue leader sur le march\u00e9<\/li>\n<li>publicit\u00e9 sur Internet<\/li>\n<li>Courriel et publipostage<\/li>\n<li>Brochures d&#039;ench\u00e8res en couleur<\/li>\n<li>Publicit\u00e9 dans les publications de l&#039;industrie \u2013 imprim\u00e9es et en ligne<\/li>\n<li>Publicit\u00e9 locale \u2013 journaux et radio<\/li>\n<li>RP et r\u00e9seaux sociaux<\/li>\n<\/ul>\n<p><strong>Laissez Denis A. Barrett Auctions &amp; Dabbid.com vous amener les acheteurs<\/strong><\/p>\n<p>Lorsque vous vendez avec Denis A. Barrett Auctions et Dabbid.com, vous b\u00e9n\u00e9ficiez des services de l&#039;un des d\u00e9partements marketing les plus importants et les plus exp\u00e9riment\u00e9s de l&#039;industrie, donnant ainsi \u00e0 vos actions une exposition aux acheteurs du monde entier.<\/p>\n<p>Vous b\u00e9n\u00e9ficiez \u00e9galement de tout ce que nous faisons pour attirer les acheteurs :<\/p>\n<ul>\n<li>Ench\u00e8res strictement sans r\u00e9serve<\/li>\n<li>Site Web multilingue optimis\u00e9 pour les moteurs de recherche, avec des informations d\u00e9taill\u00e9es sur les stocks<\/li>\n<li>Sites d&#039;ench\u00e8res de premi\u00e8re classe, avec stock. disponible pour tester et inspecter<\/li>\n<li>Convivial en ligne \u00e0 la pointe de l&#039;industrie <a href=\"https:\/\/dabbid.hibid.com\/auctions\/\" target=\"_blank\" rel=\"noopener noreferrer\">plateforme d&#039;ench\u00e8res<\/a><\/li>\n<li>Effacer le titre, ou nous offrirons \u00e0 l&#039;acheteur un remboursement<\/li>\n<li>Jusqu&#039;\u00e0 100% de financement aux ench\u00e8res disponible<\/li>\n<li>Financement, exp\u00e9dition, assurance et autres services<\/li>\n<\/ul>\n<p>Vous ne trouvez pas ce que vous voulez? Contactez directement notre&nbsp;<a href=\"https:\/\/denisbarrett.com\/fr\/contact-us\/\">Nous contacter<\/a> ou Contactez-nous en toute confidentialit\u00e9 pour discuter de vos besoins en mati\u00e8re de restructuration strat\u00e9gique et de redressement d&#039;entreprise.<\/p>\n<p>Pour planifier une consultation avec nous, alors <a href=\"https:\/\/denisbarrett.com\/fr\/contact-us\/\">\u00e9crivez-nous<\/a>! ou pourquoi ne pas appeler le +353 (0) 86 410 9848<\/p>\n<p>Vous pouvez \u00e9galement rester en contact via&nbsp;<a href=\"https:\/\/ie.linkedin.com\/in\/denis-barrett-05675213\">LinkedIn<\/a>,&nbsp;<a href=\"https:\/\/www.facebook.com\/DabbidOnlineAuctions\/\">Facebook<\/a>&nbsp;et&nbsp;<a href=\"https:\/\/twitter.com\/dabbidauction\">Twitter<\/a>.<\/p>\n<p style=\"text-align: center;\"><a href=\"https:\/\/denisbarrett.com\/fr\/further-information\/\">Retour \u00e0 la page d&#039;informations compl\u00e9mentaires\u00a0:<\/a><\/p>\n<\/div>","protected":false},"excerpt":{"rendered":"<p>Our Auction Process: Denis A. Barrett Auctions &amp; Dabbid.com sells more used stock than any other company, including construction stock, farm stock, machinery and much more. We conduct hundreds of unreserved public auctions each year, selling billions of dollars of heavy stock for private individuals and companies of all sizes; we also operate a secure [&hellip;]<\/p>\n","protected":false},"author":1,"featured_media":0,"parent":0,"menu_order":0,"comment_status":"closed","ping_status":"closed","template":"","meta":{"_et_pb_use_builder":"","_et_pb_old_content":"","_et_gb_content_width":"1080","footnotes":""},"class_list":["post-552","page","type-page","status-publish","hentry"],"brizy_media":[],"_links":{"self":[{"href":"https:\/\/denisbarrett.com\/fr\/wp-json\/wp\/v2\/pages\/552","targetHints":{"allow":["GET"]}}],"collection":[{"href":"https:\/\/denisbarrett.com\/fr\/wp-json\/wp\/v2\/pages"}],"about":[{"href":"https:\/\/denisbarrett.com\/fr\/wp-json\/wp\/v2\/types\/page"}],"author":[{"embeddable":true,"href":"https:\/\/denisbarrett.com\/fr\/wp-json\/wp\/v2\/users\/1"}],"replies":[{"embeddable":true,"href":"https:\/\/denisbarrett.com\/fr\/wp-json\/wp\/v2\/comments?post=552"}],"version-history":[{"count":9,"href":"https:\/\/denisbarrett.com\/fr\/wp-json\/wp\/v2\/pages\/552\/revisions"}],"predecessor-version":[{"id":2964,"href":"https:\/\/denisbarrett.com\/fr\/wp-json\/wp\/v2\/pages\/552\/revisions\/2964"}],"wp:attachment":[{"href":"https:\/\/denisbarrett.com\/fr\/wp-json\/wp\/v2\/media?parent=552"}],"curies":[{"name":"wp","href":"https:\/\/api.w.org\/{rel}","templated":true}]}}