{"id":477,"date":"2018-02-20T08:23:34","date_gmt":"2018-02-20T08:23:34","guid":{"rendered":"https:\/\/denisbarrett.com\/?page_id=477"},"modified":"2020-12-19T20:13:30","modified_gmt":"2020-12-19T20:13:30","slug":"delicia-philanthropic-auctions","status":"publish","type":"page","link":"https:\/\/denisbarrett.com\/fr\/delicia-philanthropic-auctions\/","title":{"rendered":"Philanthropique"},"content":{"rendered":"<p>Delicia Philanthropic est notre division de conseil en avantages sociaux et d&#039;ench\u00e8res<\/p>\n\n\n\n<p>Delicia Philanthropic est la division du conseil en avantages sociaux et des ench\u00e8res du groupe Denis A. Barrett Auction. C&#039;est l\u00e0 que nous redonnons en veillant \u00e0 ce que les organisations pour lesquelles nous travaillons g\u00e9n\u00e8rent autant de revenus que possible pour assurer le financement de leurs besoins et de leurs d\u00e9sirs.<\/p>\n\n\n\n<p>\u00cates-vous pr\u00eat \u00e0 en r\u00e9colter davantage pour votre organisation \u00e0 but non lucratif?&nbsp;<\/p>\n\n\n\n<p>D\u00e9couvrez comment Delicia Philanthropic Services peut vous aider!<\/p>\n\n\n\n<p>Nous pouvons offrir des conseils et un soutien \u00e0 n&#039;importe quel stade, mais nous constatons que plus nous nous impliquons t\u00f4t, plus nous pouvons en tirer d&#039;avantages.<\/p>\n\n\n\n<p class=\"has-text-align-center has-background\" style=\"background-color:#d2b766\">\u00c0 propos de:<\/p>\n\n\n\n<p>Lorsque vous organisez un \u00e9v\u00e9nement qui n\u00e9cessite un commissaire-priseur, vous pouvez parfois gagner de l&#039;or avec l&#039;aide d&#039;individus bien intentionn\u00e9s, mais rappelez-vous que vous n&#039;obtenez qu&#039;un seul coup, votre r\u00e9putation est en jeu et \u00eatre franc `` parfois &#039;&#039; ne vaut jamais le pari.<\/p>\n\n\n\n<p>Avec plus de 22 ans d&#039;exp\u00e9rience dans ce domaine, laissez-moi prendre l&#039;incertitude et l&#039;inqui\u00e9tude de vos \u00e9paules et vous laisser profiter d&#039;une vente aux ench\u00e8res r\u00e9ussie. Si vous avez besoin de quelqu&#039;un pour se lever dans une pi\u00e8ce bond\u00e9e et extraire de l&#039;argent (de la mani\u00e8re la plus agr\u00e9able possible) de la foule rassembl\u00e9e\u2026 Denis Barrett est votre homme.<\/p>\n\n\n\n<p>Denis Barrett, un professionnel dynamique des ench\u00e8res, se nourrit des clients et des organismes de bienfaisance qu&#039;il soutient, du public et du frisson de la collecte de fonds. Denis est un homme dynamique dont la passion est de vivre pleinement sa vie et d&#039;apporter de la positivit\u00e9 \u00e0 tous ceux qu&#039;il rencontre. Son int\u00e9r\u00eat pour la collecte de fonds a commenc\u00e9 d\u00e8s son plus jeune \u00e2ge et n&#039;a cess\u00e9 de s&#039;\u00e9panouir tout au long de sa carri\u00e8re professionnelle.<\/p>\n\n\n\n<p>Dipl\u00f4m\u00e9 du World Wide College of Auctioneering, Denis a fait de son amour de parler de tout et de tout, un m\u00e9tier pleinement r\u00e9alis\u00e9. Passionn\u00e9 par chaque client et organisme de bienfaisance avec lequel il travaille, il fournira un service et une connaissance in\u00e9gal\u00e9s des articles et des organisations.<\/p>\n\n\n\n<p>Constamment qualifi\u00e9 de \u00abvibrant\u00bb et de v\u00e9ritable artiste, Denis illumine la foule par son \u00e9nergie positive, sa justesse et sa capacit\u00e9 \u00e0 garder le public, grand ou petit, totalement engag\u00e9.&nbsp;&nbsp;<\/p>\n\n\n\n<div class=\"wp-block-group is-layout-flow wp-block-group-is-layout-flow\"><div class=\"wp-block-group__inner-container\"><\/div><\/div>\n\n\n\n<div class=\"wp-block-group\"><div class=\"wp-block-group__inner-container is-layout-flow wp-block-group-is-layout-flow\">\n<div class=\"wp-block-group\"><div class=\"wp-block-group__inner-container is-layout-flow wp-block-group-is-layout-flow\">\n<div class=\"wp-block-group\"><div class=\"wp-block-group__inner-container is-layout-flow wp-block-group-is-layout-flow\">\n<div class=\"wp-block-group has-background\" style=\"background-color:#d2b766\"><div class=\"wp-block-group__inner-container is-layout-flow wp-block-group-is-layout-flow\">\n<p class=\"has-text-align-center\">Pourquoi?<\/p>\n\n\n\n<ul class=\"wp-block-list\"><li>Chez Delicia, nous aimons ce que nous faisons et nous le faisons bien!<\/li><li>Delicia organise des ench\u00e8res de b\u00e9n\u00e9fices de tous types, y compris en ligne.<\/li><li>Delicia rend vos ench\u00e8res amusantes!<\/li><li>Delicia croit en la valeur des ventes aux ench\u00e8res de financement.<\/li><li>Delicia honore votre organisation et la repr\u00e9sente professionnellement.<\/li><li>Delicia se comporte comme des professionnels.<\/li><li>Delicia participe \u00e0 la formation continue.<\/li><\/ul>\n\n\n\n<p>En tant que commissaire-priseur professionnel, Denis g\u00e9n\u00e8re plus de revenus et rend la soir\u00e9e agr\u00e9able et m\u00e9morable pour vos invit\u00e9s.<\/p>\n\n\n\n<p class=\"has-text-align-center\">Laissez-le vous aider \u00e0 faire de votre prochaine vente aux ench\u00e8res la plus rentable de tous les temps!<\/p>\n<\/div><\/div>\n<\/div><\/div>\n<\/div><\/div>\n\n\n\n<div class=\"wp-block-group is-layout-flow wp-block-group-is-layout-flow\"><div class=\"wp-block-group__inner-container\"><\/div><\/div>\n<\/div><\/div>\n\n\n\n<p><\/p>\n\n\n\n<p>Conseil en vente aux ench\u00e8res:<\/p>\n\n\n\n<p class=\"has-text-align-center\"><em>Votre planification doit \u00eatre consacr\u00e9e \u00e0 votre organisation \u00e0 but non lucratif.<\/em> <em>Laissez-nous vous montrer comment nous g\u00e9rons le reste.<\/em><\/p>\n\n\n\n<p>Traiter:<\/p>\n\n\n\n<p>Si vous vous demandez \u00abPar o\u00f9 commencer?\u00bb<\/p>\n\n\n\n<p>C&#039;est ici.<\/p>\n\n\n\n<p>Planifier un b\u00e9n\u00e9fice de collecte de fonds ou une vente aux ench\u00e8res silencieuse caritative peut \u00eatre accablant, et il est facile de s&#039;organiser \u00e0 peine avant d&#039;avoir l&#039;impression de jongler avec plus qu&#039;une pieuvre ne pourrait en supporter. Semble familier? Peut-\u00eatre pas la partie poulpe, mais le reste?<\/p>\n\n\n\n<p>Heureusement, il y a quelqu&#039;un qui peut vous soulager du stress de la planification d&#039;une vente aux ench\u00e8res de financement, et vous l&#039;avez trouv\u00e9. Delicia est plus qu&#039;un commissaire-priseur ou un organisateur d&#039;\u00e9v\u00e9nements caritatifs, mais aussi une ressource. Nous combinons le meilleur des ventes aux ench\u00e8res en direct et silencieuses et de la planification d&#039;\u00e9v\u00e9nements de collecte de fonds pour cr\u00e9er des \u00e9v\u00e9nements haut de gamme et un environnement qui laisse vos invit\u00e9s enthousiastes \u00e0 l&#039;id\u00e9e de soutenir votre cause chaque ann\u00e9e.<\/p>\n\n\n\n<p>Soir\u00e9e des ventes aux ench\u00e8res de financement<\/p>\n\n\n\n<p>En sachant comment cr\u00e9er la liste des invit\u00e9s de vos avantages caritatifs, formez vos b\u00e9n\u00e9voles et connectez-vous avec les donateurs les plus g\u00e9n\u00e9reux. Delicia met \u00e0 votre disposition des commissaires-priseurs et des assistants prim\u00e9s pour divertir vos invit\u00e9s pour tout le b\u00e9n\u00e9fice de la charit\u00e9. C&#039;est l\u00e0 que nous pourrions dire quelque chose comme nous avons mis le FUN dans la collecte de fonds, mais nous nous abstiendrons, car cela pourrait \u00eatre ringard. Au lieu de cela, nous promettons simplement de charmer et de divertir vos invit\u00e9s, en utilisant notre comp\u00e9tence strat\u00e9gique pour cr\u00e9er l&#039;ambiance pour les dons les plus g\u00e9n\u00e9reux.<\/p>\n\n\n\n<p>Engagez Delicia pour votre prochaine vente aux ench\u00e8res Nous serions ravis de travailler avec vous.<\/p>\n\n\n\n<p>Consultant:<\/p>\n\n\n\n<p>Nous sommes Delicia, votre premi\u00e8re consultation est gratuite. La collecte de fonds peut parfois sembler d\u00e9routante, voire effrayante\u2026 mais ce n&#039;est pas n\u00e9cessaire. Contactez l&#039;\u00e9quipe Delicia pour vous rencontrer et discuter de votre \u00e9v\u00e9nement et de vos besoins sp\u00e9cifiques. Vous apprendrez comment nos services vous aideront \u00e0 atteindre vos objectifs.<\/p>\n\n\n\n<p>Ne le faites pas seul - profitez de l&#039;exp\u00e9rience et de l&#039;expertise de Delicia. Ils faciliteront le d\u00e9roulement de votre \u00e9v\u00e9nement et augmenteront vos r\u00e9sultats.<\/p>\n\n\n\n<p>Lorsque vous embauchez Delicia pour organiser votre vente aux ench\u00e8res de financement, vous b\u00e9n\u00e9ficierez de conseils approfondis avant la vente aux ench\u00e8res. Que votre \u00e9v\u00e9nement soit une nouvelle entreprise ou une tradition communautaire, ils travaillent avec vous pour maximiser le potentiel de revenus de votre \u00e9v\u00e9nement tout en garantissant un \u00e9v\u00e9nement divertissant, amusant et passionnant.<\/p>\n\n\n\n<p>Vous pouvez vous attendre \u00e0 des solutions cr\u00e9atives aux d\u00e9fis auxquels votre comit\u00e9 de planification est confront\u00e9. Votre organisation recevra des conseils de la planification initiale \u00e0 la cl\u00f4ture de l&#039;\u00e9v\u00e9nement apr\u00e8s l&#039;\u00e9v\u00e9nement. Ils travaillent exclusivement avec des associations, fondations, associations caritatives et autres organisations \u00e0 but non lucratif. Ils travaillent avec vous pour que votre prochaine vente aux ench\u00e8res soit la plus r\u00e9ussie de tous les temps!<\/p>\n\n\n\n<p>Il faut entre 6 et 12 mois de travail acharn\u00e9 et de planification pour r\u00e9ussir une ench\u00e8re-b\u00e9n\u00e9fice. N&#039;est-il pas judicieux d&#039;embaucher une \u00e9quipe professionnelle de vente aux ench\u00e8res pour vous aider \u00e0 planifier l&#039;\u00e9v\u00e9nement et \u00e0 organiser la vente aux ench\u00e8res en direct?<\/p>\n\n\n\n<p>De nombreuses organisations travaillent toute une ann\u00e9e pour cr\u00e9er une soir\u00e9e magique. Ils obtiennent des articles de vente aux ench\u00e8res fantastiques, persuadent des personnalit\u00e9s importantes d&#039;assister \u00e0 leur \u00e9v\u00e9nement, puis confient la soir\u00e9e \u00e0 quelqu&#039;un qui n&#039;est pas qualifi\u00e9 pour diriger les ench\u00e8res.<\/p>\n\n\n\n<p>Ne faites pas cette erreur !! Votre organisation - et les clients qu&#039;elle sert - d\u00e9pendent du succ\u00e8s de votre ench\u00e8re. N&#039;attendez pas la derni\u00e8re minute pour contacter l&#039;\u00e9quipe Delicia! Le moment, la structure et le d\u00e9roulement de votre \u00e9v\u00e9nement sont extr\u00eamement importants. Chaque \u00e9v\u00e9nement marche sur la corde raide entre une \u00abf\u00eate\u00bb et une \u00abcollecte de fonds\u00bb. Trouver le bon \u00e9quilibre garantit que vos invit\u00e9s s&#039;amusent pendant que vous g\u00e9n\u00e9rez l&#039;euro dont votre organisation a besoin.<\/p>\n\n\n\n<p>Domaines de consultation:<\/p>\n\n\n\n<ul class=\"wp-block-list\"><li>Calendrier \/ d\u00e9lais de planification des ench\u00e8res<\/li><li>D\u00e9velopper votre th\u00e8me<\/li><li>Lieu de vente aux ench\u00e8res et de l&#039;espace dont vous avez besoin pour votre \u00e9v\u00e9nement<\/li><li>Nombre correct d&#039;articles d&#039;ench\u00e8res en direct et silencieuses<\/li><li>Jeux d&#039;ench\u00e8res et autres id\u00e9es pour augmenter les revenus<\/li><li>Id\u00e9es d&#039;acquisition d&#039;objets - Ce qui se vend - Partie d&#039;acquisition - Wow-Factor Items<\/li><li>D\u00e9veloppement d&#039;audience<\/li><li>Ench\u00e8re silencieuse<\/li><li>Articles<\/li><li>Afficher<\/li><li>Espace n\u00e9cessaire<\/li><li>Heure de fermeture et ordre appropri\u00e9s<\/li><li>Grand plateau<\/li><li>Configuration de la salle<\/li><\/ul>\n\n\n\n<p>Des services suppl\u00e9mentaires:<\/p>\n\n\n\n<p class=\"has-text-align-center\">&quot;LES ENCH\u00c8RES DE COLLECTE DE FONDS EN DIRECT NE SONT PAS COMPL\u00c8TES \u00c0 TOUT AUTRE \u00c9V\u00c9NEMENT CARITABLE&quot;<\/p>\n\n\n\n<p>Ils offrent des d\u00e9fis uniques, car l&#039;objectif n&#039;est pas simplement de vendre des articles, mais aussi de susciter l&#039;enthousiasme du public quant \u00e0 la mission de votre organisation. Nous inspirons le public afin qu&#039;il ench\u00e9risse plus haut et ench\u00e9risse souvent!<\/p>\n\n\n\n<p>Choisir la bonne \u00e9quipe pour motiver vos invit\u00e9s \u00e0 ouvrir leurs ch\u00e9quiers sera rentable! En tant que commissaires-priseurs professionnels, nous g\u00e9n\u00e9rerons plus de revenus, communiquerons votre mission et rendrons la soir\u00e9e plus agr\u00e9able pour vos invit\u00e9s. Les organisations pensent qu&#039;elles \u00e9conomiseront de l&#039;argent en faisant appel \u00e0 un b\u00e9n\u00e9vole ou \u00e0 une c\u00e9l\u00e9brit\u00e9 locale pour organiser la vente aux ench\u00e8res. Bien que le recours \u00e0 un b\u00e9n\u00e9vole plut\u00f4t qu&#039;\u00e0 un commissaire-priseur r\u00e9mun\u00e9r\u00e9 puisse sembler une option moins co\u00fbteuse, votre organisation perdra des revenus. Les novices laissent de l&#039;argent sur la table parce qu&#039;ils ne sont pas en mesure de maximiser les ench\u00e8res.<\/p>\n\n\n\n<p>De m\u00eame, Delicia fournit \u00e9galement des bagagistes professionnels (Assistants de Commissaire-priseur) au lieu de compter sur des b\u00e9n\u00e9voles. Les hommes de ring professionnels sont form\u00e9s sur la fa\u00e7on d&#039;aider et de communiquer correctement avec vos invit\u00e9s pendant la vente aux ench\u00e8res en direct. Ce sont des stimulateurs d&#039;ench\u00e8res et des membres pr\u00e9cieux de l&#039;\u00e9quipe d&#039;ench\u00e8res. Ils savent comment inciter l&#039;invit\u00e9 \u00e0 ench\u00e9rir encore quelques fois sur un objet, ce qui augmente consid\u00e9rablement l&#039;argent r\u00e9colt\u00e9 lors de l&#039;ench\u00e8re en direct. Pour ces raisons, les contributions faites par des hommes de ring professionnels lors d&#039;une vente aux ench\u00e8res-b\u00e9n\u00e9fice sont plus pr\u00e9cieuses pour les efforts de collecte de fonds qu&#039;un personnel b\u00e9n\u00e9vole d&#039;observateurs de soumissions lors de votre \u00e9v\u00e9nement.<\/p>\n\n\n\n<p>Les employ\u00e9s de Delicia sont des commissaires-priseurs et des hommes de bague efficaces. Nous comprenons mieux l&#039;environnement de la collecte de fonds qu&#039;un b\u00e9n\u00e9vole ou une c\u00e9l\u00e9brit\u00e9. <\/p>\n\n\n\n<p>Si vous souhaitez amener votre collecte de fonds \u00e0 un autre niveau, pensez \u00e0 ajouter une vente aux ench\u00e8res en ligne \u00e0 l&#039;\u00e9v\u00e9nement en direct.<\/p>\n\n\n\n<p>Ench\u00e8re en ligne:<\/p>\n\n\n\n<p>Avantages d&#039;ajouter une vente aux ench\u00e8res en ligne \u00e0 votre \u00e9v\u00e9nement!<\/p>\n\n\n\n<p>Lorsque vous ajoutez une vente aux ench\u00e8res en ligne \u00e0 votre \u00e9v\u00e9nement en direct, vous pouvez annoncer l&#039;\u00e9v\u00e9nement, honorer vos sponsors et accepter des offres par correspondance des semaines avant votre gala - augmentant ainsi la notori\u00e9t\u00e9 de votre organisation et collectant plus d&#039;argent! La plupart des ench\u00e9risseurs consid\u00e8rent leurs achats aux ench\u00e8res en ligne en dehors de leurs dons annuels habituels.<\/p>\n\n\n\n<p>Les ench\u00e8res de collecte de fonds en ligne profitent aux organismes de bienfaisance, aux soumissionnaires et aux sponsors:<\/p>\n\n\n\n<p>\u2022 Les organismes sans but lucratif \/ caritatifs en profitent parce qu&#039;ils atteignent un public plus large, recueillant plus d&#039;argent et de sensibilisation pour votre cause.<\/p>\n\n\n\n<p>\u2022 Les soumissionnaires en b\u00e9n\u00e9ficient en \u00e9tant en mesure de soumissionner et d&#039;acheter des articles \u00e0 leur convenance tout en soutenant leurs causes pr\u00e9f\u00e9r\u00e9es. L&#039;ench\u00e8re en ligne les connecte \u00e0 votre ench\u00e8re m\u00eame s&#039;ils ne peuvent pas assister \u00e0 votre f\u00eate!<\/p>\n\n\n\n<p>\u2022 Les sponsors b\u00e9n\u00e9ficient de la publicit\u00e9 sur votre site. Une vente aux ench\u00e8res en ligne g\u00e9n\u00e8re beaucoup de trafic vers le site Web et les entreprises b\u00e9n\u00e9ficient d&#039;une exposition positive en ligne.<\/p>\n\n\n\n<p>\u00c9v\u00e9nements en ligne uniquement<\/p>\n\n\n\n<p>Si votre organisation ne dispose pas des ressources n\u00e9cessaires pour organiser un gala, envisagez une vente aux ench\u00e8res en ligne uniquement. Mener une vente aux ench\u00e8res en ligne avec Delicia peut \u00eatre un m\u00e9canisme de collecte de fonds autonome qui attire des acheteurs du monde entier et \u00e9duque un large public sur votre cause.<\/p>","protected":false},"excerpt":{"rendered":"<p>Delicia Philanthropic is our Benefits Consulting &amp; Auction Division Delicia Philanthropic is the Benefits Consulting &amp; Auction Division of the Denis A. Barrett Auction Group. This is where we give back through ensuring the organisations we work for generate as much Revenue as possible to ensure fund there needs and desires. Are you ready to [&hellip;]<\/p>\n","protected":false},"author":1,"featured_media":0,"parent":0,"menu_order":0,"comment_status":"closed","ping_status":"closed","template":"","meta":{"_et_pb_use_builder":"","_et_pb_old_content":"","_et_gb_content_width":"1080","footnotes":""},"class_list":["post-477","page","type-page","status-publish","hentry"],"brizy_media":[],"_links":{"self":[{"href":"https:\/\/denisbarrett.com\/fr\/wp-json\/wp\/v2\/pages\/477","targetHints":{"allow":["GET"]}}],"collection":[{"href":"https:\/\/denisbarrett.com\/fr\/wp-json\/wp\/v2\/pages"}],"about":[{"href":"https:\/\/denisbarrett.com\/fr\/wp-json\/wp\/v2\/types\/page"}],"author":[{"embeddable":true,"href":"https:\/\/denisbarrett.com\/fr\/wp-json\/wp\/v2\/users\/1"}],"replies":[{"embeddable":true,"href":"https:\/\/denisbarrett.com\/fr\/wp-json\/wp\/v2\/comments?post=477"}],"version-history":[{"count":13,"href":"https:\/\/denisbarrett.com\/fr\/wp-json\/wp\/v2\/pages\/477\/revisions"}],"predecessor-version":[{"id":2962,"href":"https:\/\/denisbarrett.com\/fr\/wp-json\/wp\/v2\/pages\/477\/revisions\/2962"}],"wp:attachment":[{"href":"https:\/\/denisbarrett.com\/fr\/wp-json\/wp\/v2\/media?parent=477"}],"curies":[{"name":"wp","href":"https:\/\/api.w.org\/{rel}","templated":true}]}}