{"id":295,"date":"2016-11-07T10:50:31","date_gmt":"2016-11-07T10:50:31","guid":{"rendered":"https:\/\/denisbarrett.com\/?page_id=295"},"modified":"2020-12-19T20:20:55","modified_gmt":"2020-12-19T20:20:55","slug":"dabbid-com","status":"publish","type":"page","link":"https:\/\/denisbarrett.com\/fr\/dabbid-com\/","title":{"rendered":"Dabbid.com"},"content":{"rendered":"<div class=\"wp-block-image\"><figure class=\"aligncenter size-large\"><img loading=\"lazy\" decoding=\"async\" width=\"1024\" height=\"224\" src=\"https:\/\/denisbarrett.com\/wp-content\/uploads\/2020\/04\/Dabbid-online-1-1024x224.png\" alt=\"new-dabbid-logo\" class=\"wp-image-1678\" srcset=\"https:\/\/denisbarrett.com\/wp-content\/uploads\/2020\/04\/Dabbid-online-1-1024x224.png 1024w, https:\/\/denisbarrett.com\/wp-content\/uploads\/2020\/04\/Dabbid-online-1-300x66.png 300w, https:\/\/denisbarrett.com\/wp-content\/uploads\/2020\/04\/Dabbid-online-1-768x168.png 768w, https:\/\/denisbarrett.com\/wp-content\/uploads\/2020\/04\/Dabbid-online-1-1536x336.png 1536w, https:\/\/denisbarrett.com\/wp-content\/uploads\/2020\/04\/Dabbid-online-1-2048x448.png 2048w, https:\/\/denisbarrett.com\/wp-content\/uploads\/2020\/04\/Dabbid-online-1-1600x350.png 1600w\" sizes=\"(max-width: 1024px) 100vw, 1024px\" \/><\/figure><\/div>\n\n\n\n<p><strong>Dabbid.com<\/strong> est un nom commercial de Denis A. Barrett Property Solutions &amp; Auction Marketing Group. <strong>Dabbid.com <\/strong>a produit des r\u00e9sultats depuis notre ouverture en 2003. Notre objectif est de fournir \u00e0 la fois une exp\u00e9rience client sup\u00e9rieure et une valeur inestimable pour nos clients.<\/p>\n\n\n\n<p><strong>Dabbid.com&nbsp;<\/strong>est une maison de vente aux ench\u00e8res qui croit en la bonne ex\u00e9cution des ench\u00e8res. Nous utilisons une combinaison d&#039;outils marketing pour vous offrir le meilleur prix possible pour vos articles, y compris les ench\u00e8res au d\u00e9tail, en ligne et en direct. <\/p>\n\n\n\n<p><strong>Dabbid.com<\/strong> le fondateur Denis Barrett a plus de 22 ans d&#039;exp\u00e9rience dans <strong>L&#039;industrie des ench\u00e8res <\/strong>et avait conduit<strong> plus de 1100 ench\u00e8res dans le monde <\/strong>et est passionn\u00e9 par le d\u00e9passement de vos attentes.<\/p>\n\n\n\n<p>Nous sommes enti\u00e8rement agr\u00e9\u00e9s par le num\u00e9ro de licence 004098 de l&#039;Autorit\u00e9 de r\u00e9glementation des services immobiliers (PSRA). Nous sommes enti\u00e8rement assujettis et assur\u00e9s.<\/p>\n\n\n\n<p class=\"has-text-align-center\"><strong><em>Rendement des revenus pour les actifs exc\u00e9dentaires: Notre gamme de services offre une m\u00e9thode professionnelle et efficace de cession d&#039;actifs et de r\u00e9alisation de tr\u00e9sorerie:<\/em><\/strong><\/p>\n\n\n\n<p>Nous aimons nos clients et appr\u00e9cions vos commentaires et suggestions. Contactez-nous en toute confidentialit\u00e9 pour discuter de vos besoins en mati\u00e8re de restructuration strat\u00e9gique et de reprise d&#039;entreprise. <\/p>\n\n\n\n<figure class=\"wp-block-image size-large\"><img loading=\"lazy\" decoding=\"async\" width=\"1024\" height=\"224\" src=\"https:\/\/denisbarrett.com\/wp-content\/uploads\/2020\/04\/Dabbid-online-1-1024x224.png\" alt=\"\" class=\"wp-image-1678\" srcset=\"https:\/\/denisbarrett.com\/wp-content\/uploads\/2020\/04\/Dabbid-online-1-1024x224.png 1024w, https:\/\/denisbarrett.com\/wp-content\/uploads\/2020\/04\/Dabbid-online-1-300x66.png 300w, https:\/\/denisbarrett.com\/wp-content\/uploads\/2020\/04\/Dabbid-online-1-768x168.png 768w, https:\/\/denisbarrett.com\/wp-content\/uploads\/2020\/04\/Dabbid-online-1-1536x336.png 1536w, https:\/\/denisbarrett.com\/wp-content\/uploads\/2020\/04\/Dabbid-online-1-2048x448.png 2048w, https:\/\/denisbarrett.com\/wp-content\/uploads\/2020\/04\/Dabbid-online-1-1600x350.png 1600w\" sizes=\"(max-width: 1024px) 100vw, 1024px\" \/><\/figure>\n\n\n\n<p class=\"has-text-align-center\"><strong>Nous contacter:<\/strong><\/p>\n\n\n\n<p class=\"has-text-align-center\">Appel: +353 (0) 86410 9848<\/p>\n\n\n\n<p class=\"has-text-align-center\">Email:&nbsp;<a href=\"mailto:info@dabbid.com\">info@dabbid.com<\/a><\/p>\n\n\n\n<p class=\"has-text-align-center\">Vous pouvez \u00e9galement rester en contact via <a href=\"https:\/\/ie.linkedin.com\/in\/denis-barrett-05675213\">LinkedIn<\/a>, <a href=\"https:\/\/www.facebook.com\/DabbidOnlineAuctions\/\">Facebook<\/a> et <a href=\"https:\/\/twitter.com\/dabbidauction\">Twitter<\/a>.<\/p>\n\n\n\n<p>En savoir plus sur <a href=\"\/fr\/about-dabbid-com\/\">DABBID.com<\/a><\/p>","protected":false},"excerpt":{"rendered":"<p>Dabbid.com is a trading name of Denis A. Barrett Property Solutions &amp; Auction Marketing Group. Dabbid.com has been delivering results since we opened in 2003. Our goal is to provide both superior customer experience and tremendous value for our customers. Dabbid.com&nbsp;is an auction house that&nbsp;believes&nbsp;in doing auctions right. We use a combination of marketing tools, [&hellip;]<\/p>\n","protected":false},"author":1,"featured_media":0,"parent":0,"menu_order":3,"comment_status":"closed","ping_status":"closed","template":"","meta":{"_et_pb_use_builder":"","_et_pb_old_content":"","_et_gb_content_width":"1080","footnotes":""},"class_list":["post-295","page","type-page","status-publish","hentry"],"brizy_media":[],"_links":{"self":[{"href":"https:\/\/denisbarrett.com\/fr\/wp-json\/wp\/v2\/pages\/295","targetHints":{"allow":["GET"]}}],"collection":[{"href":"https:\/\/denisbarrett.com\/fr\/wp-json\/wp\/v2\/pages"}],"about":[{"href":"https:\/\/denisbarrett.com\/fr\/wp-json\/wp\/v2\/types\/page"}],"author":[{"embeddable":true,"href":"https:\/\/denisbarrett.com\/fr\/wp-json\/wp\/v2\/users\/1"}],"replies":[{"embeddable":true,"href":"https:\/\/denisbarrett.com\/fr\/wp-json\/wp\/v2\/comments?post=295"}],"version-history":[{"count":19,"href":"https:\/\/denisbarrett.com\/fr\/wp-json\/wp\/v2\/pages\/295\/revisions"}],"predecessor-version":[{"id":2967,"href":"https:\/\/denisbarrett.com\/fr\/wp-json\/wp\/v2\/pages\/295\/revisions\/2967"}],"wp:attachment":[{"href":"https:\/\/denisbarrett.com\/fr\/wp-json\/wp\/v2\/media?parent=295"}],"curies":[{"name":"wp","href":"https:\/\/api.w.org\/{rel}","templated":true}]}}