{"id":2565,"date":"2020-05-28T18:10:06","date_gmt":"2020-05-28T17:10:06","guid":{"rendered":"https:\/\/denisbarrett.com\/?page_id=2565"},"modified":"2020-12-25T14:07:27","modified_gmt":"2020-12-25T14:07:27","slug":"seller-information","status":"publish","type":"page","link":"https:\/\/denisbarrett.com\/fr\/seller-information\/","title":{"rendered":"Information du vendeur"},"content":{"rendered":"<p>Comment vendre \u00abLa m\u00e9thode DAB Livestock Auction Hub\u00bb<\/p>\n\n\n\n<p>Le DAB Livestock Auction Hub a cr\u00e9\u00e9 un march\u00e9 national du b\u00e9tail o\u00f9 les prix sont d\u00e9couverts, par le biais d&#039;appels d&#039;offres, ind\u00e9pendamment des conditions climatiques locales ou de la demande. Gr\u00e2ce \u00e0 son r\u00e9seau de marketing national, DAB Livestock Auction Hub peut servir les vendeurs et les acheteurs \u00e0 travers les \u00c9tats-Unis.<\/p>\n\n\n\n<p>Les bovins sont vendus sous contrat pour une livraison imm\u00e9diate ou future, selon ce qui r\u00e9pond \u00e0 vos besoins et aux attentes du march\u00e9. Contrairement aux m\u00e9thodes de commercialisation conventionnelles, vous avez la possibilit\u00e9 d&#039;offrir votre b\u00e9tail, aux ench\u00e8res, \u00e0 plus de 2 500 acheteurs enregistr\u00e9s tout en \u00e9tant encore \u00e0 votre ferme ou exploitation et expos\u00e9 dans leur environnement naturel.<\/p>\n\n\n\n<p>Pour commencer le processus, visitez notre&nbsp;<a href=\"https:\/\/denisbarrett.com\/fr\/find-a-representative\/\">Trouver une page de repr\u00e9sentant<\/a> et recherchez le ou les repr\u00e9sentants les plus proches de chez vous. Ou, vous pouvez nous appeler et nous vous aiderons \u00e0 trouver un repr\u00e9sentant pr\u00e8s de chez vous.<\/p>\n\n\n\n<p>Vous avez trois options en marketing gr\u00e2ce \u00e0 Denis A. Barrett Auctions &amp; Pedigree Sales.<\/p>\n\n\n\n<ul class=\"wp-block-list\"><li>Nos ench\u00e8res de production Pedigree:<ul><li>Ceci est pour enregistr\u00e9, non enregistr\u00e9 pour les animaux d&#039;\u00e9levage et de remplacement laitiers et bovins.&nbsp;<\/li><\/ul><\/li><\/ul>\n\n\n\n<ul class=\"wp-block-list\"><li>Ventes de b\u00e9tail en ligne: (OLA)<\/li><\/ul>\n\n\n\n<ul class=\"wp-block-list\"><li>Ceci est plus appropri\u00e9 pour ne pas reproduire les bovins - sevr\u00e9s, magasins, b\u0153ufs gras, vaches de r\u00e9forme, g\u00e9nisses sevr\u00e9es et boucheries.<\/li><\/ul>\n\n\n\n<ul class=\"wp-block-list\"><li>Charges individuelles et de groupe accept\u00e9es.<\/li><\/ul>\n\n\n\n<p>Toutes les informations sont corr\u00e9l\u00e9es \u00e0 partir de sources fiables - veuillez \u00e9galement consulter les directives que nos repr\u00e9sentants utilisent dans leurs inspections d&#039;animaux.<\/p>\n\n\n\n<p>Nous importons les donn\u00e9es animales de Animal Identification and Movements (AIM), Irish Cattle Breeding Federation (ICBF) vers la plate-forme DAB Livestock Hub.<\/p>\n\n\n\n<p>Les vid\u00e9os sont enregistr\u00e9es \u00e0 la ferme et t\u00e9l\u00e9charg\u00e9es sur le syst\u00e8me DAB Livestock Hub.<\/p>\n\n\n\n<p>Les poids confirm\u00e9s sont saisis, en utilisant les propres balances du vendeur, mais les poids confirm\u00e9s par un inspecteur du centre d&#039;\u00e9levage, un v\u00e9t\u00e9rinaire, un conseiller Teagasc, etc. Si aucune balance n&#039;est disponible \u00e0 la ferme, alors les poids certifi\u00e9s en collaboration avec les coop\u00e9ratives locales et les transporteurs agr\u00e9\u00e9s respect\u00e9s pourrait \u00e9galement \u00eatre utilis\u00e9.<\/p>\n\n\n\n<p>Les poids estim\u00e9s sont saisis, \u00e0 moins que le vendeur ne dispose d&#039;une balance.Si seuls les poids estim\u00e9s \u00e9taient fournis, les poids seraient d\u00e9termin\u00e9s via le syst\u00e8me ci-dessus ou via le FRS ou similaire et le prix au kilo modifi\u00e9 en fonction du poids r\u00e9el.<\/p>\n\n\n\n<p>Les acheteurs collectaient ensuite les animaux ou organisaient la collecte des animaux \u00e0 la ferme ou \u00e0 l&#039;exploitation. Le centre d&#039;\u00e9levage serait pr\u00e9sent pour le chargement ou pour un transporteur de b\u00e9tail de confiance. Les mouvements GMAO \/ AIM seraient trait\u00e9s \u00e0 ce stade.<\/p>\n\n\n\n<p>Le DAB Livestock Auction Hub organise des ench\u00e8res de production tout au long de l&#039;ann\u00e9e et de la ferme \u00e0 la ferme - Daily Marketplace \/ Buy Now ventes quotidiennes. Les ench\u00e8res vid\u00e9o sont diffus\u00e9es en direct sur Internet depuis le bureau et le studio du DAB Livestock Auction Hub.<\/p>\n\n\n\n<p>Les bovins sont propos\u00e9s \u00e0 la vente sur la page d&#039;achat du march\u00e9 de la ferme \u00e0 la ferme tous les jours et chaque semaine de l&#039;ann\u00e9e.<\/p>\n\n\n\n<p>Lorsque vous conservez votre b\u00e9tail, un repr\u00e9sentant du centre de vente aux ench\u00e8res de b\u00e9tail DAB se rendra dans votre ferme ou exploitation pour filmer votre b\u00e9tail et pr\u00e9parer un contrat de consignation d\u00e9crivant le b\u00e9tail et \u00e9non\u00e7ant les termes et conditions de la vente.<\/p>\n\n\n\n<p>Vous signez \u00e9galement un formulaire d&#039;autorisation pour nous permettre d&#039;importer les donn\u00e9es animales de Animal Identification and Movements (AIM), Irish Cattle Breeding Federation (ICBF) vers la plate-forme DAB Livestock Hub. Toutes les informations pertinentes sont imprim\u00e9es dans un catalogue de vente que les acheteurs peuvent consulter en version imprim\u00e9e ou en ligne.&nbsp;<\/p>\n\n\n\n<p>Si vous choisissez de vendre dans le cadre d&#039;une vente aux ench\u00e8res en direct et vid\u00e9o de production catalogu\u00e9e, le catalogue est post\u00e9 ou envoy\u00e9 par courrier \u00e9lectronique aux acheteurs potentiels au moins une semaine avant la vente aux ench\u00e8res. Il est \u00e9galement disponible sur Internet une semaine avant la vente aux ench\u00e8res. Le film est \u00e9dit\u00e9 pour \u00eatre diffus\u00e9 le jour de la vente et est \u00e9galement disponible sur Internet pour que les acheteurs puissent voir le b\u00e9tail avant la vente aux ench\u00e8res.&nbsp;<\/p>\n\n\n\n<p>Si vous choisissez de vendre sur notre <u><strong><a rel=\"noreferrer noopener\" href=\"https:\/\/livedenisbarrett.com\/\" target=\"_blank\">Plateforme de vente aux ench\u00e8res de b\u00e9tail<\/a><\/strong><\/u> le catalogue et la vid\u00e9o sont disponibles sur internet ou par email deux jours avant la vente aux ench\u00e8res.&nbsp;<\/p>\n\n\n\n<p>Si vous choisissez de vendre votre b\u00e9tail sur la page Farm to Farm - Daily Marketplace \/ Buy Now, le catalogue et la vid\u00e9o sont disponibles sur Internet pour les acheteurs le jour o\u00f9 vous les mettez en vente.<\/p>\n\n\n\n<p>Suite \u00e0 la vente de votre b\u00e9tail, le repr\u00e9sentant du DAB Livestock Auction Hub coordonnera les d\u00e9tails de livraison entre vous et l&#039;acheteur. Le repr\u00e9sentant de la plate-forme de vente aux ench\u00e8res de b\u00e9tail DAB sera \u00e0 la livraison pour superviser le tri et le chargement du b\u00e9tail.<\/p>\n\n\n\n<p>Une fois le paiement re\u00e7u, nous versons imm\u00e9diatement les fonds ETF sur le compte du vendeur.&nbsp;<\/p>\n\n\n\n<p>Avantages de la vente \u00ab\u00e0 la DAB Livestock Auction Hub\u00bb<\/p>\n\n\n\n<ul class=\"wp-block-list\"><li>Les bovins sont vendus alors qu&#039;ils sont encore \u00e0 la ferme ou \u00e0 l&#039;exploitation.<\/li><li>Les bovins sont montr\u00e9s aux acheteurs dans leur environnement naturel.<\/li><li>Il n&#039;y a pas de stress suppl\u00e9mentaire sur le b\u00e9tail, donc moins de r\u00e9tr\u00e9cissement.<\/li><li>Les bovins sont pr\u00e9sent\u00e9s \u00e0 plus de 8 500 acheteurs enregistr\u00e9s.<\/li><li>Les vendeurs peuvent \u00e9tablir une r\u00e9putation pour leur b\u00e9tail sur un march\u00e9 national.<\/li><li>Les vendeurs peuvent profiter de programmes \u00e0 \u00abvaleur ajout\u00e9e\u00bb qui g\u00e9n\u00e8rent des primes pour leur b\u00e9tail.<\/li><li>Les vendeurs n&#039;ont pas les frais de camionnage.<\/li><li>Les vendeurs d\u00e9terminent les conditions de pes\u00e9e.<\/li><li>Les vendeurs peuvent vendre sur contrat pour une livraison future et profiter des conditions actuelles du march\u00e9.<\/li><li>Les vendeurs traitent directement avec le repr\u00e9sentant du DAB Livestock Auction Hub.&nbsp;<\/li><li>Les vendeurs sont pay\u00e9s pour leur b\u00e9tail par le DAB Livestock Auction Hub via un compte client cautionn\u00e9.<\/li><\/ul>\n\n\n\n<p>Nous combinons un service traditionnel et professionnel avec les derni\u00e8res technologies et m\u00e9thodes de marketing modernes, donc, quels que soient vos besoins en b\u00e9tail ou nous pouvons vous aider.<\/p>\n\n\n\n<p>Denis A. Barrett Auctioneers est d\u00e9di\u00e9 au service \u00e0 la client\u00e8le et \u00e0 la satisfaction du client. Gr\u00e2ce \u00e0 nos diff\u00e9rentes divisions, nous offrons une gamme compl\u00e8te de services pour servir notre large \u00e9ventail de clients. vous avez des questions ou des commentaires ou si vous souhaitez discuter plus en d\u00e9tail de l&#039;un de nos services ou de la mani\u00e8re dont nous pouvons vous b\u00e9n\u00e9ficier, n&#039;h\u00e9sitez pas \u00e0 nous contacter en utilisant les coordonn\u00e9es ci-dessous.<\/p>\n\n\n\n<figure class=\"wp-block-image\"><img loading=\"lazy\" decoding=\"async\" width=\"1024\" height=\"134\" src=\"https:\/\/denisbarrett.com\/wp-content\/uploads\/2019\/09\/Logo-Jpeg-1024x134.jpg\" alt=\"\" class=\"wp-image-1229\"\/><\/figure>\n\n\n\n<p class=\"has-text-align-center\"><strong>Nous contacter:<\/strong><\/p>\n\n\n\n<p class=\"has-text-align-center\">Appel: +353 (0) 86410 9848<\/p>\n\n\n\n<p class=\"has-text-align-center\">Email:&nbsp;<a href=\"mailto:info@denisbarrett.com\">info@denisbarrett.com<\/a><\/p>\n\n\n\n<p class=\"has-text-align-center\">Vous pouvez \u00e9galement rester en contact via&nbsp;<a rel=\"noreferrer noopener\" href=\"https:\/\/ie.linkedin.com\/in\/denis-barrett-05675213\" target=\"_blank\">LinkedIn<\/a>,&nbsp;<a rel=\"noreferrer noopener\" href=\"https:\/\/www.facebook.com\/denis.barrett\" target=\"_blank\">Facebook<\/a>&nbsp;et&nbsp;<a rel=\"noreferrer noopener\" href=\"https:\/\/twitter.com\/DenisABarrett\" target=\"_blank\">Twitter.<\/a><\/p>","protected":false},"excerpt":{"rendered":"<p>How To Sell\u2028\u201cThe DAB Livestock Auction Hub Way\u201d DAB Livestock Auction Hub has created a national livestock market where prices are discovered, through competitive bidding, without regard to local climate conditions or demand. Through its nationwide marketing network, DAB Livestock Auction Hub can serve sellers and buyers throughout the United States. Cattle are sold on [&hellip;]<\/p>\n","protected":false},"author":1,"featured_media":0,"parent":0,"menu_order":0,"comment_status":"closed","ping_status":"closed","template":"","meta":{"_et_pb_use_builder":"","_et_pb_old_content":"","_et_gb_content_width":"1080","footnotes":""},"class_list":["post-2565","page","type-page","status-publish","hentry"],"brizy_media":[],"_links":{"self":[{"href":"https:\/\/denisbarrett.com\/fr\/wp-json\/wp\/v2\/pages\/2565","targetHints":{"allow":["GET"]}}],"collection":[{"href":"https:\/\/denisbarrett.com\/fr\/wp-json\/wp\/v2\/pages"}],"about":[{"href":"https:\/\/denisbarrett.com\/fr\/wp-json\/wp\/v2\/types\/page"}],"author":[{"embeddable":true,"href":"https:\/\/denisbarrett.com\/fr\/wp-json\/wp\/v2\/users\/1"}],"replies":[{"embeddable":true,"href":"https:\/\/denisbarrett.com\/fr\/wp-json\/wp\/v2\/comments?post=2565"}],"version-history":[{"count":3,"href":"https:\/\/denisbarrett.com\/fr\/wp-json\/wp\/v2\/pages\/2565\/revisions"}],"predecessor-version":[{"id":3440,"href":"https:\/\/denisbarrett.com\/fr\/wp-json\/wp\/v2\/pages\/2565\/revisions\/3440"}],"wp:attachment":[{"href":"https:\/\/denisbarrett.com\/fr\/wp-json\/wp\/v2\/media?parent=2565"}],"curies":[{"name":"wp","href":"https:\/\/api.w.org\/{rel}","templated":true}]}}