{"id":2563,"date":"2020-05-28T18:04:34","date_gmt":"2020-05-28T17:04:34","guid":{"rendered":"https:\/\/denisbarrett.com\/?page_id=2563"},"modified":"2020-12-19T19:54:06","modified_gmt":"2020-12-19T19:54:06","slug":"buyer-information","status":"publish","type":"page","link":"https:\/\/denisbarrett.com\/fr\/buyer-information\/","title":{"rendered":"Informations sur l&#039;acheteur"},"content":{"rendered":"<p>Comment acheter \u00abLe DAB Livestock Auction Hub Way\u00bb<\/p>\n\n\n\n<p>Gr\u00e2ce \u00e0 son r\u00e9seau de commercialisation national, DAB Livestock Auction Hub propose des lots de chargement et des lots individuels de b\u00e9tail aux ench\u00e8res et sur Internet. Des producteurs de toute l&#039;\u00eele d&#039;Irlande, du Royaume-Uni et de l&#039;Europe continentale aux acheteurs de toute l&#039;\u00eele d&#039;Irlande, du Royaume-Uni et de l&#039;Europe continentale.<\/p>\n\n\n\n<p>Les ench\u00e8res sont men\u00e9es en direct, avec un commissaire-priseur, car le b\u00e9tail est vendu \u00e0 des acheteurs ench\u00e9rissant sur le site de vente aux ench\u00e8res ou sur Internet. Les acheteurs peuvent soit \u00eatre pr\u00e9sents sur le site d&#039;ench\u00e8res (le cas \u00e9ch\u00e9ant), soit visionner l&#039;ench\u00e8re ou sur Internet depuis le confort de leur bureau, de leur domicile ou o\u00f9 qu&#039;ils se trouvent.<\/p>\n\n\n\n<p>Le DAB Livestock Auction Hub propose \u00e9galement des listes Internet quotidiennes de bovins \u00e0 vendre sur la \u00abDaily Market Place Page\u00bb.<\/p>\n\n\n\n<p>Contrairement aux m\u00e9thodes de marketing conventionnelles, les acheteurs ont la possibilit\u00e9 de voir et d&#039;acheter du b\u00e9tail, montr\u00e9 dans leur environnement naturel. Les bovins sont exp\u00e9di\u00e9s directement de la ferme ou de l&#039;exploitation du vendeur \u00e0 la destination de l&#039;acheteur, ce qui r\u00e9duit consid\u00e9rablement le stress et les probl\u00e8mes de sant\u00e9 potentiels.<\/p>\n\n\n\n<p>Pour commencer le processus, acc\u00e9dez \u00e0 la&nbsp;<a href=\"https:\/\/livedenisbarrett.com\/register.html\">Inscrivez-vous pour obtenir un num\u00e9ro d&#039;acheteur<\/a>&nbsp;ou appelez Laurelcrest House au +353 (0) 410 9848 et le personnel vous aidera \u00e0 vous inscrire pour un num\u00e9ro d&#039;acheteur.<\/p>\n\n\n\n<p>Vous avez trois options d&#039;achat<\/p>\n\n\n\n<p><strong>\u00abLa m\u00e9thode DAB Livestock Auction Hub\u00bb<\/strong><\/p>\n\n\n\n<ul class=\"wp-block-list\"><li>Nos ench\u00e8res de production Pedigree:<ul><li>Ceci est pour enregistr\u00e9, non enregistr\u00e9 pour les animaux d&#039;\u00e9levage et de remplacement laitiers et bovins.&nbsp;<\/li><\/ul><\/li><\/ul>\n\n\n\n<ul class=\"wp-block-list\"><li>Ventes de b\u00e9tail en ligne: (OLA)<\/li><\/ul>\n\n\n\n<ul class=\"wp-block-list\"><li>Ceci est plus appropri\u00e9 pour ne pas reproduire les bovins - sevr\u00e9s, magasins, b\u0153ufs gras, vaches de r\u00e9forme, g\u00e9nisses sevr\u00e9es et boucheries.<\/li><\/ul>\n\n\n\n<ul class=\"wp-block-list\"><li>Charges individuelles et de groupe accept\u00e9es.<\/li><\/ul>\n\n\n\n<p>Toutes les informations sont corr\u00e9l\u00e9es \u00e0 partir de sources fiables - veuillez \u00e9galement consulter les directives que nos repr\u00e9sentants utilisent dans leurs inspections d&#039;animaux.<\/p>\n\n\n\n<p>Nous importons les donn\u00e9es animales de Animal Identification and Movements (AIM), Irish Cattle Breeding Federation (ICBF) vers la plate-forme DAB Livestock Hub.<\/p>\n\n\n\n<p>Les vid\u00e9os sont enregistr\u00e9es \u00e0 la ferme et t\u00e9l\u00e9charg\u00e9es sur le syst\u00e8me DAB Livestock Hub.<\/p>\n\n\n\n<p>Les poids confirm\u00e9s sont saisis, en utilisant les propres balances du vendeur, mais les poids confirm\u00e9s par un inspecteur du centre d&#039;\u00e9levage, un v\u00e9t\u00e9rinaire, un conseiller Teagasc, etc. Si aucune balance n&#039;est disponible \u00e0 la ferme, alors les poids certifi\u00e9s en collaboration avec les coop\u00e9ratives locales et les transporteurs agr\u00e9\u00e9s respect\u00e9s pourrait \u00e9galement \u00eatre utilis\u00e9.<\/p>\n\n\n\n<p>Les poids estim\u00e9s sont saisis, \u00e0 moins que le vendeur ne dispose d&#039;une balance.Si seuls les poids estim\u00e9s \u00e9taient fournis, les poids seraient d\u00e9termin\u00e9s via le syst\u00e8me ci-dessus ou via le FRS ou similaire et le prix au kilo modifi\u00e9 en fonction du poids r\u00e9el.<\/p>\n\n\n\n<p>Les acheteurs collectaient ensuite les animaux ou organisaient la collecte des animaux \u00e0 la ferme ou \u00e0 l&#039;exploitation. Le centre d&#039;\u00e9levage serait pr\u00e9sent pour le chargement ou pour un transporteur de b\u00e9tail de confiance. Les mouvements GMAO \/ AIM seraient trait\u00e9s \u00e0 ce stade.<\/p>\n\n\n\n<p>Le DAB Livestock Auction Hub organise des ench\u00e8res de production tout au long de l&#039;ann\u00e9e et de la ferme \u00e0 la ferme - Daily Marketplace \/ Buy Now ventes quotidiennes. Les ench\u00e8res vid\u00e9o sont diffus\u00e9es en direct sur Internet depuis le bureau et le studio du DAB Livestock Auction Hub.<\/p>\n\n\n\n<p>Les bovins sont propos\u00e9s \u00e0 la vente sur la page d&#039;achat du march\u00e9 de la ferme \u00e0 la ferme tous les jours et chaque semaine de l&#039;ann\u00e9e.<\/p>\n\n\n\n<p>Les ench\u00e8res vid\u00e9o sont diffus\u00e9es en direct depuis le bureau et le studio du DAB Livestock Auction Hub, \u00e0 c\u00f4t\u00e9 de l&#039;a\u00e9roport international de Cork.<\/p>\n\n\n\n<p>Lorsque les bovins sont exp\u00e9di\u00e9s, un repr\u00e9sentant du centre de vente aux ench\u00e8res de b\u00e9tail DAB se rend dans la ferme ou l&#039;exploitation des producteurs pour filmer le b\u00e9tail et pr\u00e9parer un contrat de consignation d\u00e9crivant le b\u00e9tail et \u00e9non\u00e7ant les conditions de vente. Cela comprend la description, l&#039;emplacement actuel, la date de livraison, les conditions de pes\u00e9e, les programmes de vaccination, etc. Ces informations sont compil\u00e9es dans un catalogue mis \u00e0 la disposition des acheteurs potentiels.&nbsp;<\/p>\n\n\n\n<p><strong>La vente aux ench\u00e8res de vid\u00e9os de production&nbsp;<\/strong>Le catalogue est post\u00e9 ou envoy\u00e9 par courrier \u00e9lectronique (pr\u00e9f\u00e9rence de l&#039;acheteur) au moins une semaine avant la vente aux ench\u00e8res. Il est disponible sur Internet une semaine avant la vente aux ench\u00e8res. La vid\u00e9o du b\u00e9tail est \u00e9galement disponible sur Internet pour que les acheteurs puissent voir le b\u00e9tail avant la vente aux ench\u00e8res.<\/p>\n\n\n\n<p>Le&nbsp;<strong>Vente aux ench\u00e8res de b\u00e9tail<\/strong>&nbsp;Le catalogue et la vid\u00e9o du b\u00e9tail sont disponibles sur internet et par email deux jours avant la vente aux ench\u00e8res.<\/p>\n\n\n\n<p>Le&nbsp;<strong>March\u00e9 quotidien \/ Page d&#039;achat<\/strong>&nbsp;le catalogue et la vid\u00e9o sont disponibles sur Internet le jour o\u00f9 les bovins sont mis en vente.<\/p>\n\n\n\n<p>Une fois le b\u00e9tail vendu, un repr\u00e9sentant du centre d&#039;ench\u00e8res du b\u00e9tail DAB contacte toutes les parties pour organiser la pond\u00e9ration finale, les paiements et la livraison, etc.<\/p>\n\n\n\n<p>L&#039;acheteur est responsable de la location de camions pour transporter le b\u00e9tail jusqu&#039;\u00e0 sa destination.&nbsp;<\/p>\n\n\n\n<p>Avantages de l&#039;achat<\/p>\n\n\n\n<p>\u00abLa m\u00e9thode DAB Livestock Auction Hub\u00bb<\/p>\n\n\n\n<ul class=\"wp-block-list\"><li>Les acheteurs sont expos\u00e9s \u00e0 un grand nombre de bovins avec peu de temps et de d\u00e9penses.<\/li><li>Les acheteurs peuvent acheter du b\u00e9tail frais du pays, donc moins de stress et de probl\u00e8mes de sant\u00e9.<\/li><li>Les acheteurs peuvent voir les vaches et les taureaux dont les veaux sont produits.<\/li><li>Les parcs d&#039;engraissement peuvent acheter sur contrat pour une livraison imm\u00e9diate ou future, afin de combler l&#039;espace en enclos.<\/li><li>Une exploitation d&#039;un an peut vendre et remplacer par des veaux sur le m\u00eame march\u00e9.<\/li><li>Les conditions de pes\u00e9e sont pr\u00e9d\u00e9termin\u00e9es.<\/li><li>Les dates de livraison sont fix\u00e9es \u00e0 l&#039;avance, le camionnage est donc organis\u00e9 \u00e0 l&#039;avance.<\/li><li>Un repr\u00e9sentant du centre de vente aux ench\u00e8res de b\u00e9tail DAB est pr\u00e9sent \u00e0 chaque livraison. L&#039;acheteur est le bienvenu, mais n&#039;est pas oblig\u00e9 d&#039;\u00eatre l\u00e0, ce qui permet d&#039;\u00e9conomiser du temps et de l&#039;argent.<\/li><li>Les acheteurs peuvent voir et acheter un grand nombre de bovins dans le cadre de programmes \u00e0 \u00abvaleur ajout\u00e9e\u00bb, tels que les programmes de vaccination, de v\u00e9rification de la source et de l&#039;\u00e2ge et de WHPR. \u00a0<\/li><\/ul>\n\n\n\n<p>Enregistrement de l&#039;acheteur<\/p>\n\n\n\n<p>Utilisez le formulaire \u00abInscrivez-vous en ligne\u00bb ci-dessous pour remplir une demande. Votre acceptation de nos conditions g\u00e9n\u00e9rales constituera une signature en ligne et un num\u00e9ro d&#039;acheteur pourra \u00eatre \u00e9mis.<\/p>\n\n\n\n<p>Dans les deux cas, informez votre institution financi\u00e8re que Denis A. Barrett Auctions &amp; Pedigree sale ou Hub DAB Livestock Auction Hub Livestock vous appellera pour v\u00e9rifier votre r\u00e9f\u00e9rence et, surtout, autoriser votre personne de contact \u00e0 divulguer vos informations \u00e0 DAB Livestock Auction Hub. Pour plus d&#039;informations, veuillez appeler le +353 (0) 86410 9848.<\/p>\n\n\n\n<p><strong>Cliquez ici pour une copie de nos \u00abConditions g\u00e9n\u00e9rales standard\u00bb<\/strong><\/p>\n\n\n\n<p><a rel=\"noreferrer noopener\" href=\"https:\/\/livedenisbarrett.com\/\" target=\"_blank\"><strong>Cliquez ici pour vous enregistrer en ligne<\/strong><\/a><\/p>\n\n\n\n<p>Nous combinons un service traditionnel et professionnel avec les derni\u00e8res technologies et m\u00e9thodes de marketing modernes, donc, quels que soient vos besoins en b\u00e9tail ou nous pouvons vous aider.<\/p>\n\n\n\n<p>Denis A. Barrett Auctioneers est d\u00e9di\u00e9 au service \u00e0 la client\u00e8le et \u00e0 la satisfaction du client. Gr\u00e2ce \u00e0 nos diff\u00e9rentes divisions, nous offrons une gamme compl\u00e8te de services pour servir notre large \u00e9ventail de clients. vous avez des questions ou des commentaires ou si vous souhaitez discuter plus en d\u00e9tail de l&#039;un de nos services ou de la mani\u00e8re dont nous pouvons vous b\u00e9n\u00e9ficier, n&#039;h\u00e9sitez pas \u00e0 nous contacter en utilisant les coordonn\u00e9es ci-dessous.<\/p>\n\n\n\n<figure class=\"wp-block-image\"><img loading=\"lazy\" decoding=\"async\" width=\"1024\" height=\"134\" src=\"https:\/\/denisbarrett.com\/wp-content\/uploads\/2019\/09\/Logo-Jpeg-1024x134.jpg\" alt=\"\" class=\"wp-image-1229\"\/><\/figure>\n\n\n\n<p class=\"has-text-align-center\"><strong>Nous contacter:<\/strong><\/p>\n\n\n\n<p class=\"has-text-align-center\">Appel: +353 (0) 86410 9848<\/p>\n\n\n\n<p class=\"has-text-align-center\">Email:&nbsp;<a href=\"mailto:info@denisbarrett.com\">info@denisbarrett.com<\/a><\/p>\n\n\n\n<p class=\"has-text-align-center\">Vous pouvez \u00e9galement rester en contact via&nbsp;<a rel=\"noreferrer noopener\" href=\"https:\/\/ie.linkedin.com\/in\/denis-barrett-05675213\" target=\"_blank\">LinkedIn<\/a>,&nbsp;<a rel=\"noreferrer noopener\" href=\"https:\/\/www.facebook.com\/denis.barrett\" target=\"_blank\">Facebook<\/a>&nbsp;et&nbsp;<a rel=\"noreferrer noopener\" href=\"https:\/\/twitter.com\/DenisABarrett\" target=\"_blank\">Twitter.<\/a><\/p>","protected":false},"excerpt":{"rendered":"<p>How To Buy\u2028&nbsp;\u201cThe DAB Livestock Auction Hub Way\u201d Through its nationwide marketing network, DAB Livestock Auction Hub offers load lots and individual lots of cattle at auction and on the Internet. From producers throughout the Island of Ireland, The UK and mainland Europe to buyers throughout the Island of Ireland, The UK and mainland Europe. [&hellip;]<\/p>\n","protected":false},"author":1,"featured_media":0,"parent":0,"menu_order":0,"comment_status":"closed","ping_status":"closed","template":"","meta":{"_et_pb_use_builder":"","_et_pb_old_content":"","_et_gb_content_width":"1080","footnotes":""},"class_list":["post-2563","page","type-page","status-publish","hentry"],"brizy_media":[],"_links":{"self":[{"href":"https:\/\/denisbarrett.com\/fr\/wp-json\/wp\/v2\/pages\/2563","targetHints":{"allow":["GET"]}}],"collection":[{"href":"https:\/\/denisbarrett.com\/fr\/wp-json\/wp\/v2\/pages"}],"about":[{"href":"https:\/\/denisbarrett.com\/fr\/wp-json\/wp\/v2\/types\/page"}],"author":[{"embeddable":true,"href":"https:\/\/denisbarrett.com\/fr\/wp-json\/wp\/v2\/users\/1"}],"replies":[{"embeddable":true,"href":"https:\/\/denisbarrett.com\/fr\/wp-json\/wp\/v2\/comments?post=2563"}],"version-history":[{"count":2,"href":"https:\/\/denisbarrett.com\/fr\/wp-json\/wp\/v2\/pages\/2563\/revisions"}],"predecessor-version":[{"id":2941,"href":"https:\/\/denisbarrett.com\/fr\/wp-json\/wp\/v2\/pages\/2563\/revisions\/2941"}],"wp:attachment":[{"href":"https:\/\/denisbarrett.com\/fr\/wp-json\/wp\/v2\/media?parent=2563"}],"curies":[{"name":"wp","href":"https:\/\/api.w.org\/{rel}","templated":true}]}}