{"id":235,"date":"2016-11-07T08:13:01","date_gmt":"2016-11-07T08:13:01","guid":{"rendered":"https:\/\/denisbarrett.com\/?page_id=235"},"modified":"2016-11-07T08:13:02","modified_gmt":"2016-11-07T08:13:02","slug":"faq","status":"publish","type":"page","link":"https:\/\/denisbarrett.com\/fr\/faq\/","title":{"rendered":"Foire aux questions (FAQ)"},"content":{"rendered":"<p>C&#039;est ici que vous devez r\u00e9pondre aux questions les plus courantes que les clients potentiels pourraient avoir. C&#039;est une bonne id\u00e9e de couvrir des \u00e9l\u00e9ments tels que votre politique de retour, les informations sur la garantie du produit, l&#039;exp\u00e9dition et les retours, etc. Consultez les exemples ci-dessous.<\/p>\n<hr \/>\n<h3>Quelle est votre politique de retour\u00a0?<\/h3>\n<p>Retournez n&#039;importe lequel de nos produits sans poser de questions dans les 30 jours suivant l&#039;achat. Nous payons m\u00eame les frais de retour.<\/p>\n<hr \/>\n<h3>Exp\u00e9diez-vous outre-mer et vers des bo\u00eetes postales\u00a0?<\/h3>\n<p>Oui, nous exp\u00e9dierons votre colis partout o\u00f9 les livraisons peuvent \u00eatre accept\u00e9es.<\/p>\n<hr \/>\n<h3>Avez-vous un service client ?<\/h3>\n<p>Bien s\u00fbr! Nos repr\u00e9sentants amicaux et comp\u00e9tents du service client sont disponibles pour r\u00e9pondre \u00e0 vos questions 24\/7\/365.<\/p>","protected":false},"excerpt":{"rendered":"<p>This is where you should answer the most common questions prospective customers might have. It\u2019s a good idea to cover things like your return policy, product warranty info, shipping and returns, etc. Check out the examples below. What\u2019s your return policy? Return any of our products&#8211;no questions asked&#8211;within 30 days of purchase. We even pay [&hellip;]<\/p>\n","protected":false},"author":1,"featured_media":0,"parent":0,"menu_order":0,"comment_status":"closed","ping_status":"closed","template":"","meta":{"_et_pb_use_builder":"","_et_pb_old_content":"","_et_gb_content_width":"","footnotes":""},"class_list":["post-235","page","type-page","status-publish","hentry"],"brizy_media":[],"_links":{"self":[{"href":"https:\/\/denisbarrett.com\/fr\/wp-json\/wp\/v2\/pages\/235","targetHints":{"allow":["GET"]}}],"collection":[{"href":"https:\/\/denisbarrett.com\/fr\/wp-json\/wp\/v2\/pages"}],"about":[{"href":"https:\/\/denisbarrett.com\/fr\/wp-json\/wp\/v2\/types\/page"}],"author":[{"embeddable":true,"href":"https:\/\/denisbarrett.com\/fr\/wp-json\/wp\/v2\/users\/1"}],"replies":[{"embeddable":true,"href":"https:\/\/denisbarrett.com\/fr\/wp-json\/wp\/v2\/comments?post=235"}],"version-history":[{"count":1,"href":"https:\/\/denisbarrett.com\/fr\/wp-json\/wp\/v2\/pages\/235\/revisions"}],"predecessor-version":[{"id":279,"href":"https:\/\/denisbarrett.com\/fr\/wp-json\/wp\/v2\/pages\/235\/revisions\/279"}],"wp:attachment":[{"href":"https:\/\/denisbarrett.com\/fr\/wp-json\/wp\/v2\/media?parent=235"}],"curies":[{"name":"wp","href":"https:\/\/api.w.org\/{rel}","templated":true}]}}