{"id":2078,"date":"2020-04-17T08:15:55","date_gmt":"2020-04-17T07:15:55","guid":{"rendered":"https:\/\/denisbarrett.com\/?page_id=2078"},"modified":"2021-01-04T10:51:15","modified_gmt":"2021-01-04T10:51:15","slug":"about-our-rural-professional-services-department","status":"publish","type":"page","link":"https:\/\/denisbarrett.com\/fr\/about-our-rural-professional-services-department\/","title":{"rendered":"\u00c0 propos de DAB RPS"},"content":{"rendered":"<p>L&#039;\u00e9quipe de professionnels ruraux de Denis A. Barrett Auctions poss\u00e8de les connaissances et l&#039;exp\u00e9rience n\u00e9cessaires pour vous aider avec toutes les questions relatives \u00e0 votre propri\u00e9t\u00e9 rurale.<\/p>\n\n\n\n<div class=\"wp-block-image\"><figure class=\"aligncenter size-large\"><img loading=\"lazy\" decoding=\"async\" width=\"1024\" height=\"228\" src=\"https:\/\/denisbarrett.com\/wp-content\/uploads\/2020\/04\/agri-1-1024x228-1.jpg\" alt=\"Text Box: Picture\" class=\"wp-image-2083\" srcset=\"https:\/\/denisbarrett.com\/wp-content\/uploads\/2020\/04\/agri-1-1024x228-1.jpg 1024w, https:\/\/denisbarrett.com\/wp-content\/uploads\/2020\/04\/agri-1-1024x228-1-300x67.jpg 300w, https:\/\/denisbarrett.com\/wp-content\/uploads\/2020\/04\/agri-1-1024x228-1-768x171.jpg 768w\" sizes=\"(max-width: 1024px) 100vw, 1024px\" \/><\/figure><\/div>\n\n\n\n<p>Nos gammes de services comprennent:<\/p>\n\n\n\n<p>Ventes<\/p>\n\n\n\n<p>Lettres<\/p>\n\n\n\n<p>Propri\u00e9t\u00e9 rurale \/ gestion des terres<\/p>\n\n\n\n<p>Location r\u00e9sidentielle<\/p>\n\n\n\n<p>Contrats d&#039;agriculture contractuelle<\/p>\n\n\n\n<p>\u00c9valuations pour tous les types de propri\u00e9t\u00e9s rurales<\/p>\n\n\n\n<p>La planification et le d\u00e9veloppement sont importants<\/p>\n\n\n\n<p>\u00c9nergies renouvelables<\/p>\n\n\n\n<p>Denis A. Barrett Rural Professional Department poss\u00e8de l&#039;exp\u00e9rience et l&#039;expertise dont vous avez besoin pour toutes les questions relatives \u00e0 la propri\u00e9t\u00e9 rurale. Nous sommes fiers de fournir un niveau de service \u00e0 la client\u00e8le in\u00e9gal\u00e9, qui est au c\u0153ur de notre r\u00e9putation enviable d&#039;excellence.<\/p>\n\n\n\n<p>Avec une exp\u00e9rience \u00e9prouv\u00e9e, notre \u00e9quipe de professionnels ruraux est compos\u00e9e de v\u00e9ritables experts dans leurs domaines respectifs. Chaque membre de notre \u00e9quipe est hautement qualifi\u00e9 pour comprendre vos besoins et trouver les meilleurs moyens de vous aider \u00e0 atteindre vos objectifs. Nous pouvons offrir un service personnalis\u00e9 et personnalis\u00e9 d&#039;une qualit\u00e9 que vous ne trouverez nulle part ailleurs.<\/p>\n\n\n\n<div class=\"wp-block-columns is-layout-flex wp-container-core-columns-is-layout-9d6595d7 wp-block-columns-is-layout-flex\">\n<div class=\"wp-block-column is-layout-flow wp-block-column-is-layout-flow\">\n<p class=\"has-text-align-center has-background\" style=\"background-color:#d2b766\"><strong><a href=\"https:\/\/denisbarrett.com\/wp-admin\/post.php?post=941&amp;action=edit\">Propri\u00e9t\u00e9s de recherche<\/a><\/strong><\/p>\n<\/div>\n\n\n\n<div class=\"wp-block-column is-layout-flow wp-block-column-is-layout-flow\">\n<p class=\"has-text-align-center has-background\" style=\"background-color:#d2b766\"><strong><a href=\"https:\/\/denisbarrett.com\/fr\/contact-us\/\">Demander une \u00e9valuation<\/a><\/strong><\/p>\n<\/div>\n<\/div>\n\n\n\n<p><\/p>\n\n\n\n<p>Denis A. Barrett Auction Group est d\u00e9di\u00e9 \u00e0 la communaut\u00e9 rurale. Gr\u00e2ce \u00e0 nos diff\u00e9rentes divisions, nous offrons une gamme compl\u00e8te de services pour servir notre large \u00e9ventail de clients.<\/p>\n\n\n\n<div class=\"wp-block-image\"><figure class=\"aligncenter size-large\"><img loading=\"lazy\" decoding=\"async\" width=\"1024\" height=\"134\" src=\"https:\/\/denisbarrett.com\/wp-content\/uploads\/2019\/09\/Logo-Jpeg-1024x134.jpg\" alt=\"\" class=\"wp-image-1229\"\/><\/figure><\/div>\n\n\n\n<p class=\"has-text-align-center\"><strong>Nous contacter:<\/strong><\/p>\n\n\n\n<p class=\"has-text-align-center\">Appel: +353 (0) 86410 9848<\/p>\n\n\n\n<p class=\"has-text-align-center\">Email:&nbsp;<a href=\"mailto:info@denisbarrett.com\">info@denisbarrett.com<\/a><\/p>\n\n\n\n<p class=\"has-text-align-center\">Vous pouvez \u00e9galement rester en contact via&nbsp;<a rel=\"noreferrer noopener\" href=\"https:\/\/ie.linkedin.com\/in\/denis-barrett-05675213\" target=\"_blank\">LinkedIn<\/a>,&nbsp;<a rel=\"noreferrer noopener\" href=\"https:\/\/www.facebook.com\/denis.barrett\" target=\"_blank\">Facebook<\/a>&nbsp;et&nbsp;<a rel=\"noreferrer noopener\" href=\"https:\/\/twitter.com\/DenisABarrett\" target=\"_blank\">Twitter.<\/a><\/p>","protected":false},"excerpt":{"rendered":"<p>Denis A. Barrett Auctions Rural Professional team has the knowledge and experience to assist you with any and all issues relating to your rural property. Our ranges of services include: Sales Lettings Rural Property \/ Land management Residential Tenancies Contract Farming Agreements Valuations for all types of rural properties Planning &amp; development matters Renewables Denis [&hellip;]<\/p>\n","protected":false},"author":1,"featured_media":1001,"parent":0,"menu_order":0,"comment_status":"closed","ping_status":"closed","template":"","meta":{"_et_pb_use_builder":"","_et_pb_old_content":"","_et_gb_content_width":"1080","footnotes":""},"class_list":["post-2078","page","type-page","status-publish","has-post-thumbnail","hentry"],"brizy_media":[],"_links":{"self":[{"href":"https:\/\/denisbarrett.com\/fr\/wp-json\/wp\/v2\/pages\/2078","targetHints":{"allow":["GET"]}}],"collection":[{"href":"https:\/\/denisbarrett.com\/fr\/wp-json\/wp\/v2\/pages"}],"about":[{"href":"https:\/\/denisbarrett.com\/fr\/wp-json\/wp\/v2\/types\/page"}],"author":[{"embeddable":true,"href":"https:\/\/denisbarrett.com\/fr\/wp-json\/wp\/v2\/users\/1"}],"replies":[{"embeddable":true,"href":"https:\/\/denisbarrett.com\/fr\/wp-json\/wp\/v2\/comments?post=2078"}],"version-history":[{"count":6,"href":"https:\/\/denisbarrett.com\/fr\/wp-json\/wp\/v2\/pages\/2078\/revisions"}],"predecessor-version":[{"id":3689,"href":"https:\/\/denisbarrett.com\/fr\/wp-json\/wp\/v2\/pages\/2078\/revisions\/3689"}],"wp:featuredmedia":[{"embeddable":true,"href":"https:\/\/denisbarrett.com\/fr\/wp-json\/wp\/v2\/media\/1001"}],"wp:attachment":[{"href":"https:\/\/denisbarrett.com\/fr\/wp-json\/wp\/v2\/media?parent=2078"}],"curies":[{"name":"wp","href":"https:\/\/api.w.org\/{rel}","templated":true}]}}